{"id":3359,"date":"2015-05-08T18:16:11","date_gmt":"2015-05-08T16:16:11","guid":{"rendered":"http:\/\/www.mmlegnopiu.it\/porte-finestre-milano\/?page_id=3359"},"modified":"2015-05-27T14:57:28","modified_gmt":"2015-05-27T12:57:28","slug":"la-storia","status":"publish","type":"page","link":"https:\/\/www.mmlegnopiu.it\/porte-finestre-milano\/la-storia\/","title":{"rendered":"La storia"},"content":{"rendered":"\n  <div class=\"banner has-hover has-parallax\" id=\"banner-1590019322\">\n          <div class=\"banner-inner fill\">\n        <div class=\"banner-bg fill\" data-parallax=\"-3\" data-parallax-container=\".banner\" data-parallax-background>\n            <img loading=\"lazy\" decoding=\"async\" width=\"1020\" height=\"765\" src=\"https:\/\/www.mmlegnopiu.it\/porte-finestre-milano\/wp-content\/uploads\/2015\/05\/storia-mmlegnopiu-maltagliati-1024x768.jpg\" class=\"bg attachment-large size-large\" alt=\"\" \/>                                    \n                    <\/div>\n\t\t\n        <div class=\"banner-layers container\">\n            <div class=\"fill banner-link\"><\/div>               <div id=\"text-box-575070491\" class=\"text-box banner-layer x10 md-x10 lg-x10 y50 md-y50 lg-y50 res-text\">\n                     <div data-animate=\"flipInX\">           <div class=\"text-box-content text dark\">\n              \n              <div class=\"text-inner text-left\">\n                  \n<h2 class=\"uppercase\">RADICI LUNGHE OLTRE UN SECOLO<\/h2>\n<p>Imprenditori del legno, questa la caratteristica della famiglia Maltagliati, che comincia l&#8217;attivit\u00e0 nel mondo dei legnami nel 1865, anno in cui Giovanni Maltagliati fond\u00f2 la falegnameria. M&amp;M Legno Pi\u00f9 ne \u00e8 naturale discendente, affiancando alla commercializzazione del legname grezzo, la rivendita delle migliori marche dello stesso materiale trasformato in prodotti di pregio.<\/p>\n<div class=\"is-divider small\"><\/div>\n<h3><\/h3>\n              <\/div>\n           <\/div>\n       <\/div>                     \n<style>\n#text-box-575070491 {\n  width: 60%;\n}\n#text-box-575070491 .text-box-content {\n  font-size: 100%;\n}\n@media (min-width:550px) {\n  #text-box-575070491 {\n    width: 40%;\n  }\n}\n<\/style>\n    <\/div>\n         <\/div>\n      <\/div>\n\n            \n<style>\n#banner-1590019322 {\n  padding-top: 600px;\n}\n<\/style>\n  <\/div>\n\n\n\n  <div class=\"banner has-hover has-parallax\" id=\"banner-2059350830\">\n          <div class=\"banner-inner fill\">\n        <div class=\"banner-bg fill\" data-parallax=\"-5\" data-parallax-container=\".banner\" data-parallax-background>\n            <img loading=\"lazy\" decoding=\"async\" width=\"1020\" height=\"689\" src=\"https:\/\/www.mmlegnopiu.it\/porte-finestre-milano\/wp-content\/uploads\/2015\/05\/storia-mmlegnopiu-maltagliati-legnami-1024x692.jpg\" class=\"bg attachment-large size-large\" alt=\"\" \/>                                    \n                    <\/div>\n\t\t\n        <div class=\"banner-layers container\">\n            <div class=\"fill banner-link\"><\/div>               <div id=\"text-box-307104514\" class=\"text-box banner-layer x10 md-x10 lg-x10 y10 md-y10 lg-y10 res-text\">\n              <div data-parallax=\"2\" data-parallax-fade=\"true\">       <div data-animate=\"flipInX\">           <div class=\"text-box-content text box-shadow-1 dark\">\n              \n              <div class=\"text-inner text-left\">\n                  \n<h2 class=\"uppercase\">Dal 1865<\/h2>\n<p>La naturale predisposizione di Giovanni per l&#8217;impresa ha fatto s\u00ec che dopo\u00a0poco tempo dalla sua fondazione , la falegnameria occupi trenta dipendenti nella produzione di ruote per carri, carriole per muratori, mobili e serramenti<\/p>\n<h3><\/h3>\n              <\/div>\n           <\/div>\n       <\/div>       <\/div>              \n<style>\n#text-box-307104514 .text-box-content {\n  background-color: #000;\n  font-size: 100%;\n}\n#text-box-307104514 .text-inner {\n  padding: 10px;\n}\n#text-box-307104514 {\n  width: 60%;\n}\n@media (min-width:550px) {\n  #text-box-307104514 {\n    width: 40%;\n  }\n}\n<\/style>\n    <\/div>\n         <\/div>\n      <\/div>\n\n            \n<style>\n#banner-2059350830 {\n  padding-top: 600px;\n}\n<\/style>\n  <\/div>\n\n\n\n  <div class=\"banner has-hover bg-blur has-parallax\" id=\"banner-2079021527\">\n          <div class=\"banner-inner fill\">\n        <div class=\"banner-bg fill\" data-parallax=\"-3\" data-parallax-container=\".banner\" data-parallax-background>\n            <img loading=\"lazy\" decoding=\"async\" width=\"1020\" height=\"687\" src=\"https:\/\/www.mmlegnopiu.it\/porte-finestre-milano\/wp-content\/uploads\/2015\/05\/segheria2-1024x690.jpg\" class=\"bg attachment-large size-large\" alt=\"\" \/>                        <div class=\"overlay\"><\/div>            \n                    <\/div>\n\t\t\n        <div class=\"banner-layers container\">\n            <div class=\"fill banner-link\"><\/div>               <div id=\"text-box-1745421047\" class=\"text-box banner-layer x90 md-x90 lg-x90 y50 md-y50 lg-y50 res-text\">\n                     <div data-animate=\"flipInX\">           <div class=\"text-box-content text dark\">\n              \n              <div class=\"text-inner text-right\">\n                  \n<h2>Crescita e trasformazione dell&#8217;attivit\u00e0<\/h2>\n<p>Nel 1910 entrano in azienda i figli Primo e Attilio.\u00a0La ditta cresce ulteriormente, integra l&#8217;attivit\u00e0 con l&#8217;abbattimento di piante, la segagione e la rivendita del materiale.<br \/>\nNel 1935 la ditta prende il nome di &#8220;Maltagliati Primo e Attilio&#8221; e si dedica in modo esclusivo all&#8217;abbattimento e successivo taglio e rifilatura delle piante.<br \/>\nPi\u00f9 avanti, negli anni &#8217;50, subentra il figlio di Primo, Vincenzo, l&#8217;azienda concentra\u00a0l&#8217;attivit\u00e0 sulla segagione e sulla lavorazione e commercio di legnami, acquistati sia in Italia che all&#8217;estero.<\/p>\n              <\/div>\n           <\/div>\n       <\/div>                     \n<style>\n#text-box-1745421047 {\n  width: 60%;\n}\n#text-box-1745421047 .text-box-content {\n  font-size: 100%;\n}\n@media (min-width:550px) {\n  #text-box-1745421047 {\n    width: 40%;\n  }\n}\n<\/style>\n    <\/div>\n         <\/div>\n      <\/div>\n\n            \n<style>\n#banner-2079021527 {\n  padding-top: 600px;\n}\n#banner-2079021527 .overlay {\n  background-color: rgba(221,153,51,0.15);\n}\n<\/style>\n  <\/div>\n\n\n\n  <div class=\"banner has-hover bg-blur\" id=\"banner-948347204\">\n          <div class=\"banner-inner fill\">\n        <div class=\"banner-bg fill\" >\n            <img loading=\"lazy\" decoding=\"async\" width=\"1020\" height=\"753\" src=\"https:\/\/www.mmlegnopiu.it\/porte-finestre-milano\/wp-content\/uploads\/2015\/05\/DSCF1907b-1024x756.jpg\" class=\"bg attachment-large size-large\" alt=\"\" \/>                        <div class=\"overlay\"><\/div>            \n                    <\/div>\n\t\t\n        <div class=\"banner-layers container\">\n            <div class=\"fill banner-link\"><\/div>               <div id=\"text-box-1561511822\" class=\"text-box banner-layer x50 md-x50 lg-x50 y50 md-y50 lg-y50 res-text\">\n              <div data-parallax=\"1\" data-parallax-fade=\"true\">       <div data-animate=\"fadeInUp\">           <div class=\"text-box-content text dark\">\n              \n              <div class=\"text-inner text-left\">\n                  \n<h2>M&amp;M Legno\u00a0Pi\u00f9 by Maltagliati<\/h2>\n<p>Nel 1985 entrano a far parte dell&#8217;azienda la moglie e i figli di Vincenzo, Mauro e Monica, e la ditta prende il nome di<strong> &#8220;Maltagliati Legnami\u201d<\/strong>.<br \/>\nForti dell\u2019esperienza nel campo dei legnami, nel 1990 Mauro e Monica si cimentano in una nuova avventura imprenditoriale dando vita a\u00a0\u00a0&#8220;<strong>M&amp;M Legno Pi\u00f9<\/strong>&#8220;, che commercializza non solo il tavolame grezzo, ma anche quello finito e lavorato, quali porte, serramenti, scale e parquet.<br \/>\nIl 2012 rappresenta il vero anno di svolta, i titolari decidono di acquisire un immobile di circa 6000mq sito sulla S.S dei Giovi a Zibido San Giacomo, agglomerando in un&#8217;unica attivit\u00e0 le due societ\u00e0. Nasce cos\u00ec M&amp;M Legno Pi\u00f9 by Maltagliati, sinonimo di conoscenza intima del legno, delle sue infinite essenze e lavorazioni .<br \/>\nAttenzione verso nuovi materiali, verso le tecnologie pi\u00f9 avanzate, le tendenze delle mode, la funzionalit\u00e0, la sicurezza e il rispetto per l&#8217;ambiente sono gli elementi fondanti dell\u2019azienda.<\/p>\n<h5>Un\u2019azienda giovane, moderna e dinamica, ma il suo \u00e8 un cuore antico.<\/h5>\n              <\/div>\n           <\/div>\n       <\/div>       <\/div>              \n<style>\n#text-box-1561511822 {\n  width: 60%;\n}\n#text-box-1561511822 .text-box-content {\n  font-size: 100%;\n}\n@media (min-width:550px) {\n  #text-box-1561511822 {\n    width: 80%;\n  }\n}\n<\/style>\n    <\/div>\n         <\/div>\n      <\/div>\n\n            \n<style>\n#banner-948347204 {\n  padding-top: 600px;\n}\n#banner-948347204 .overlay {\n  background-color: rgba(221,153,51,0.15);\n}\n<\/style>\n  <\/div>\n\n\n","protected":false},"excerpt":{"rendered":"","protected":false},"author":1,"featured_media":0,"parent":0,"menu_order":0,"comment_status":"closed","ping_status":"open","template":"page-blank.php","meta":{"footnotes":""},"class_list":["post-3359","page","type-page","status-publish","hentry"],"yoast_head":"<!-- This site is optimized with the Yoast SEO plugin v26.8 - https:\/\/yoast.com\/product\/yoast-seo-wordpress\/ -->\n<title>La storia - M&amp;M Legno Pi\u00f9<\/title>\n<meta name=\"robots\" content=\"index, follow, max-snippet:-1, max-image-preview:large, max-video-preview:-1\" \/>\n<link rel=\"canonical\" href=\"https:\/\/www.mmlegnopiu.it\/porte-finestre-milano\/la-storia\/\" \/>\n<meta property=\"og:locale\" content=\"it_IT\" \/>\n<meta property=\"og:type\" content=\"article\" \/>\n<meta property=\"og:title\" content=\"La storia - M&amp;M Legno Pi\u00f9\" \/>\n<meta property=\"og:url\" content=\"https:\/\/www.mmlegnopiu.it\/porte-finestre-milano\/la-storia\/\" \/>\n<meta property=\"og:site_name\" content=\"M&amp;M Legno Pi\u00f9\" \/>\n<meta property=\"article:modified_time\" content=\"2015-05-27T12:57:28+00:00\" \/>\n<meta name=\"twitter:card\" content=\"summary_large_image\" \/>\n<meta name=\"twitter:label1\" content=\"Tempo di lettura stimato\" \/>\n\t<meta name=\"twitter:data1\" content=\"2 minuti\" \/>\n<script type=\"application\/ld+json\" class=\"yoast-schema-graph\">{\"@context\":\"https:\/\/schema.org\",\"@graph\":[{\"@type\":\"WebPage\",\"@id\":\"https:\/\/www.mmlegnopiu.it\/porte-finestre-milano\/la-storia\/\",\"url\":\"https:\/\/www.mmlegnopiu.it\/porte-finestre-milano\/la-storia\/\",\"name\":\"La storia - M&amp;M Legno Pi\u00f9\",\"isPartOf\":{\"@id\":\"https:\/\/www.mmlegnopiu.it\/porte-finestre-milano\/#website\"},\"datePublished\":\"2015-05-08T16:16:11+00:00\",\"dateModified\":\"2015-05-27T12:57:28+00:00\",\"breadcrumb\":{\"@id\":\"https:\/\/www.mmlegnopiu.it\/porte-finestre-milano\/la-storia\/#breadcrumb\"},\"inLanguage\":\"it-IT\",\"potentialAction\":[{\"@type\":\"ReadAction\",\"target\":[\"https:\/\/www.mmlegnopiu.it\/porte-finestre-milano\/la-storia\/\"]}]},{\"@type\":\"BreadcrumbList\",\"@id\":\"https:\/\/www.mmlegnopiu.it\/porte-finestre-milano\/la-storia\/#breadcrumb\",\"itemListElement\":[{\"@type\":\"ListItem\",\"position\":1,\"name\":\"Home\",\"item\":\"https:\/\/www.mmlegnopiu.it\/porte-finestre-milano\/\"},{\"@type\":\"ListItem\",\"position\":2,\"name\":\"La storia\"}]},{\"@type\":\"WebSite\",\"@id\":\"https:\/\/www.mmlegnopiu.it\/porte-finestre-milano\/#website\",\"url\":\"https:\/\/www.mmlegnopiu.it\/porte-finestre-milano\/\",\"name\":\"M&amp;M Legno Pi\u00f9\",\"description\":\"Finestre Milano, porte, scale.\",\"publisher\":{\"@id\":\"https:\/\/www.mmlegnopiu.it\/porte-finestre-milano\/#organization\"},\"potentialAction\":[{\"@type\":\"SearchAction\",\"target\":{\"@type\":\"EntryPoint\",\"urlTemplate\":\"https:\/\/www.mmlegnopiu.it\/porte-finestre-milano\/?s={search_term_string}\"},\"query-input\":{\"@type\":\"PropertyValueSpecification\",\"valueRequired\":true,\"valueName\":\"search_term_string\"}}],\"inLanguage\":\"it-IT\"},{\"@type\":\"Organization\",\"@id\":\"https:\/\/www.mmlegnopiu.it\/porte-finestre-milano\/#organization\",\"name\":\"M & M Legno Pi\u00f9\",\"url\":\"https:\/\/www.mmlegnopiu.it\/porte-finestre-milano\/\",\"logo\":{\"@type\":\"ImageObject\",\"inLanguage\":\"it-IT\",\"@id\":\"https:\/\/www.mmlegnopiu.it\/porte-finestre-milano\/#\/schema\/logo\/image\/\",\"url\":\"https:\/\/www.mmlegnopiu.it\/porte-finestre-milano\/wp-content\/uploads\/2015\/04\/logo.jpg\",\"contentUrl\":\"https:\/\/www.mmlegnopiu.it\/porte-finestre-milano\/wp-content\/uploads\/2015\/04\/logo.jpg\",\"width\":214,\"height\":219,\"caption\":\"M & M Legno Pi\u00f9\"},\"image\":{\"@id\":\"https:\/\/www.mmlegnopiu.it\/porte-finestre-milano\/#\/schema\/logo\/image\/\"}}]}<\/script>\n<!-- \/ Yoast SEO plugin. -->","yoast_head_json":{"title":"La storia - M&amp;M Legno Pi\u00f9","robots":{"index":"index","follow":"follow","max-snippet":"max-snippet:-1","max-image-preview":"max-image-preview:large","max-video-preview":"max-video-preview:-1"},"canonical":"https:\/\/www.mmlegnopiu.it\/porte-finestre-milano\/la-storia\/","og_locale":"it_IT","og_type":"article","og_title":"La storia - M&amp;M Legno Pi\u00f9","og_url":"https:\/\/www.mmlegnopiu.it\/porte-finestre-milano\/la-storia\/","og_site_name":"M&amp;M Legno Pi\u00f9","article_modified_time":"2015-05-27T12:57:28+00:00","twitter_card":"summary_large_image","twitter_misc":{"Tempo di lettura stimato":"2 minuti"},"schema":{"@context":"https:\/\/schema.org","@graph":[{"@type":"WebPage","@id":"https:\/\/www.mmlegnopiu.it\/porte-finestre-milano\/la-storia\/","url":"https:\/\/www.mmlegnopiu.it\/porte-finestre-milano\/la-storia\/","name":"La storia - M&amp;M Legno Pi\u00f9","isPartOf":{"@id":"https:\/\/www.mmlegnopiu.it\/porte-finestre-milano\/#website"},"datePublished":"2015-05-08T16:16:11+00:00","dateModified":"2015-05-27T12:57:28+00:00","breadcrumb":{"@id":"https:\/\/www.mmlegnopiu.it\/porte-finestre-milano\/la-storia\/#breadcrumb"},"inLanguage":"it-IT","potentialAction":[{"@type":"ReadAction","target":["https:\/\/www.mmlegnopiu.it\/porte-finestre-milano\/la-storia\/"]}]},{"@type":"BreadcrumbList","@id":"https:\/\/www.mmlegnopiu.it\/porte-finestre-milano\/la-storia\/#breadcrumb","itemListElement":[{"@type":"ListItem","position":1,"name":"Home","item":"https:\/\/www.mmlegnopiu.it\/porte-finestre-milano\/"},{"@type":"ListItem","position":2,"name":"La storia"}]},{"@type":"WebSite","@id":"https:\/\/www.mmlegnopiu.it\/porte-finestre-milano\/#website","url":"https:\/\/www.mmlegnopiu.it\/porte-finestre-milano\/","name":"M&amp;M Legno Pi\u00f9","description":"Finestre Milano, porte, scale.","publisher":{"@id":"https:\/\/www.mmlegnopiu.it\/porte-finestre-milano\/#organization"},"potentialAction":[{"@type":"SearchAction","target":{"@type":"EntryPoint","urlTemplate":"https:\/\/www.mmlegnopiu.it\/porte-finestre-milano\/?s={search_term_string}"},"query-input":{"@type":"PropertyValueSpecification","valueRequired":true,"valueName":"search_term_string"}}],"inLanguage":"it-IT"},{"@type":"Organization","@id":"https:\/\/www.mmlegnopiu.it\/porte-finestre-milano\/#organization","name":"M & M Legno Pi\u00f9","url":"https:\/\/www.mmlegnopiu.it\/porte-finestre-milano\/","logo":{"@type":"ImageObject","inLanguage":"it-IT","@id":"https:\/\/www.mmlegnopiu.it\/porte-finestre-milano\/#\/schema\/logo\/image\/","url":"https:\/\/www.mmlegnopiu.it\/porte-finestre-milano\/wp-content\/uploads\/2015\/04\/logo.jpg","contentUrl":"https:\/\/www.mmlegnopiu.it\/porte-finestre-milano\/wp-content\/uploads\/2015\/04\/logo.jpg","width":214,"height":219,"caption":"M & M Legno Pi\u00f9"},"image":{"@id":"https:\/\/www.mmlegnopiu.it\/porte-finestre-milano\/#\/schema\/logo\/image\/"}}]}},"_links":{"self":[{"href":"https:\/\/www.mmlegnopiu.it\/porte-finestre-milano\/wp-json\/wp\/v2\/pages\/3359","targetHints":{"allow":["GET"]}}],"collection":[{"href":"https:\/\/www.mmlegnopiu.it\/porte-finestre-milano\/wp-json\/wp\/v2\/pages"}],"about":[{"href":"https:\/\/www.mmlegnopiu.it\/porte-finestre-milano\/wp-json\/wp\/v2\/types\/page"}],"author":[{"embeddable":true,"href":"https:\/\/www.mmlegnopiu.it\/porte-finestre-milano\/wp-json\/wp\/v2\/users\/1"}],"replies":[{"embeddable":true,"href":"https:\/\/www.mmlegnopiu.it\/porte-finestre-milano\/wp-json\/wp\/v2\/comments?post=3359"}],"version-history":[{"count":37,"href":"https:\/\/www.mmlegnopiu.it\/porte-finestre-milano\/wp-json\/wp\/v2\/pages\/3359\/revisions"}],"predecessor-version":[{"id":4100,"href":"https:\/\/www.mmlegnopiu.it\/porte-finestre-milano\/wp-json\/wp\/v2\/pages\/3359\/revisions\/4100"}],"wp:attachment":[{"href":"https:\/\/www.mmlegnopiu.it\/porte-finestre-milano\/wp-json\/wp\/v2\/media?parent=3359"}],"curies":[{"name":"wp","href":"https:\/\/api.w.org\/{rel}","templated":true}]}}