{"id":4437,"date":"2015-06-09T17:06:40","date_gmt":"2015-06-09T15:06:40","guid":{"rendered":"http:\/\/www.mmlegnopiu.it\/porte-finestre-milano\/?page_id=4437"},"modified":"2015-06-09T17:10:01","modified_gmt":"2015-06-09T15:10:01","slug":"note-legali","status":"publish","type":"page","link":"https:\/\/www.mmlegnopiu.it\/porte-finestre-milano\/note-legali\/","title":{"rendered":"Note legali"},"content":{"rendered":"<p><strong>Copyright \u00a9 2007-2012 M&amp;M Legnopi\u00f9 S.r.l. <\/strong>&#8211; <strong>Tutti i diritti riservati<\/strong>.<strong>\u00a0<\/strong><\/p>\n<p><strong>Il dominio e il sito web \u201cwww.mmlegnopiu.it\u201d sono propriet\u00e0 della M&amp;M Legnopi\u00f9 S.r.l.<\/strong><br \/>\n<strong>sede legale e Showroom: s.s. 35 dei Giovi &#8211; Cap 20080 \u2013 Badile di Zibido San Giacomo (Mi) &#8211;<\/strong><br \/>\n<strong>Tel. +39 02 90 00 32 46\u2013 Fax +39 02 90 00 46 77<\/strong><br \/>\n<strong><br \/>\nUffici e magazzino: via dell\u2019Orto, n\u00b0 70 \u2013 27022 &#8211; Casorate\u00a0 Primo (Pv)<\/strong><br \/>\n<strong>Tel. +39 02 90 56 637\u2013 Fax +39 02 90 09 70 44<\/strong><br \/>\n<strong><br \/>\nP.Iva n\u00b0: 10091850155\u00a0 \u2013\u00a0 e_mail: info@mmlegnopiu.it<\/strong><\/p>\n<p>TERMINI E CONDIZIONI D\u2019USO DEL SITO WEB\u00a0\u00a0 www.mmlegnopiu.it<em>\u00a0 (\u201cIL SITO\u201d)<\/em><br \/>\nL\u2019UTENTE CHE NAVIGA NEL NOSTRO SITO E\u2019 PREGATO DI RISPETTARE LE REGOLE DI UTILIZZO QUI DI SEGUITO RIPORTATE.<\/p>\n<p><strong>Marchi e segni distintivi.<\/strong><br \/>\nTutti le immagini, i marchi e gli ulteriori segni distintivi eventualmente utilizzati o a cui \u00e8 fatto riferimento in questo sito web appartengono ai rispettivi proprietari.<br \/>\nL\u2019accesso al sito non fornisce al Navigatore il diritto di utilizzare tali marchi e segni distintivi senza l\u2019autorizzazione scritta dei rispettivi e legittimi titolari.<\/p>\n<p><strong>Propriet\u00e0 intellettuale<\/strong><br \/>\nE&#8217; vietata la riproduzione, distribuzione, pubblicazione, copia, trasmissione, vendita, adattamento ecc. dei contenuti del sito.<\/p>\n<p>Tutto il materiale pubblicato su questo Sito \u00e8 protetto dai diritti di propriet\u00e0 intellettuale e industriale, in conformit\u00e0 alla normativa vigente in materia. L\u2019utente riconosce che tutti i diritti in questione (compresi, ma senza limitazione, diritti d\u2019autore, brevetti, know-how, informazioni confidenziali, diritti di banche dati e diritti di marchio e design \u2013 a prescindere che siano registrati o meno) del Sito siano conferiti alla <strong>\u201cM&amp;M Legnopi\u00f9 S.r.l.\u201d (<\/strong>d\u2019ora in poi anche <strong>\u201cM&amp;M Legnopi\u00f9\u201d o \u201csociet\u00e0\u201d<\/strong>) o ai propri concessori di diritti. Tutti i diritti di propriet\u00e0 intellettuale ed avviamento derivanti dall\u2019uso dei medesimi conferiti alla Societ\u00e0 saranno a beneficio della medesima.<\/p>\n<p>La documentazione, le immagini, i caratteri, la grafica, il software e altri contenuti del sito, nonch\u00e9 la presentazione e l\u2019elaborazione degli stessi, e tutti i codici e format scripts per implementare il sito, sono di propriet\u00e0 della <strong>M&amp;M Legnopi\u00f9 <\/strong>oppure di terzi, e sono tutelati dalla normativa applicabile.<br \/>\nL\u2019accesso al Sito non fornisce al Navigatore il diritto di appropriarsi, n\u00e9 di riprodurre, di modificare, di distribuire, di ripubblicare, in alcuna forma anche parziale, le informazioni in esso contenute, senza l\u2019espressa autorizzazione scritta da parte della ditta\u00a0 e\/o del terzo titolare dei relativi diritti di sfruttamento e\/o di riproduzione.<\/p>\n<p><strong>Links<\/strong><br \/>\nEventuali link al Sito, da parte di siti di terzi, potranno essere effettuati esclusivamente previa autorizzazione scritta della <strong>M&amp;M Legnopi\u00f9 <\/strong>ed in ogni caso dovranno essere effettuati esclusivamente alla home del Sito. Il link a pagine interne, mediante tecniche, ad esempio, di framing o deep-linking, scraping,\u00a0 data mining, \u00e8 vietato e la violazione sar\u00e0 perseguita ai sensi di legge.<\/p>\n<p>I collegamenti interattivi\u00a0 presenti sul Sito verso siti gestiti da terzi, sono autorizzati da <strong>M&amp;M Legnopi\u00f9 <\/strong>che tuttavia non opera alcun controllo in merito alle informazioni, ai prodotti, ai servizi eventualmente offerti o alle politiche privacy adottate. Pertanto, la ditta, non assume alcuna responsabilit\u00e0 in merito al contenuto ed alle modalit\u00e0 tecnico-operative di tali siti esterni, in particolar modo per quanto riguarda gli aspetti di sicurezza informatica: a tale proposito l\u2019utente \u00e8 tenuto a cautelarsi con idonei sistemi anti-virus, nonch\u00e9 informandosi accuratamente sulle policy ivi stabilite in materia.<br \/>\nOgni sito Internet \u201clinkato\u201d ha infatti una propria privacy policy, diversa e autonoma rispetto a quella della Societ\u00e0, rispetto alla quale quest\u2019ultima non esercita alcuna verifica. I navigatori sono pregati quindi di visionare attentamente le politiche sulla riservatezza adottate nei siti \u201clinkati\u201d dai rispettivi Titolari di autonomo Trattamento.<\/p>\n<p>In ogni caso a fronte di eventuali comunicazioni da parte dei navigatori sulla non affidabilit\u00e0 o sulla illegittimit\u00e0 di tali siti, la <strong>M&amp;M Legnopi\u00f9 <\/strong>potr\u00e0, a proprio insindacabile giudizio, sospenderne il collegamento.<\/p>\n<p>&nbsp;<\/p>\n<h3><strong>Sicurezza<\/strong><\/h3>\n<p>Il Navigatore \u00e8 reso consapevole del fatto che la trasmissione di dati tramite Internet non pu\u00f2 raggiungere livelli di sicurezza assoluti. E\u2019 onere del Visitatore premunirsi di idonei meccanismi di protezione informatica, nonch\u00e9 verificare la correttezza dei dati eventualmente forniti. Gli indirizzi e-mail presenti nel Sito fanno capo alla <strong>M&amp;M Legnopi\u00f9 <\/strong>e sono gestiti in conformit\u00e0 alla policy privacy adottata.<br \/>\nLa ditta\u00a0 non pu\u00f2, in ogni caso, considerarsi tenuta ad altra prestazione oltre alla puntuale e corretta applicazione degli standards di sicurezza imposti dalla normativa in vigore, in particolare all\u2019applicazione delle misure di sicurezza di cui al D.Lgs. 196\/2003<\/p>\n<p><strong>Contenuti<\/strong><br \/>\nIl presente Sito non contiene prodotti editoriali n\u00e9 \u00e8 configurabile come testata giornalistica e la diffusione di eventuale materiale interno al Sito (in particolare per mezzo di \u201cNewsletter\u201d) non ha comunque carattere periodico, essendo condizionata alla disponibilit\u00e0 del materiale stesso. La <strong>M&amp;M Legnopi\u00f9 <\/strong>non si avvale, inoltre, delle provvidenze di cui alla Legge 7 marzo 2001, n. 62.<\/p>\n<p><strong>Disposizioni Varie<\/strong><br \/>\nLa limitazioni di responsabilit\u00e0 di cui sopra non hanno lo scopo di limitare la responsabilit\u00e0 della <strong>M&amp;M Legnopi\u00f9<\/strong> o di escluderla nei casi in cui non possa essere esclusa o limitata in forza della legge nazionale applicabile.<\/p>\n<p>Si ricorda che accedendo al presente Sito l\u2019utente acconsente che le leggi ed i regolamenti dello Stato italiano trovino applicazione per tutte le questioni relative all&#8217;utilizzo di questo Sito Web.<br \/>\n<strong>Copyright \u00a9 2007-2012 M&amp;M Legnopi\u00f9 S.r.l. <\/strong>&#8211; <strong>Tutti i diritti riservati<\/strong><\/p>\n","protected":false},"excerpt":{"rendered":"<p>Copyright \u00a9 2007-2012 M&amp;M Legnopi\u00f9 S.r.l. &#8211; Tutti i diritti riservati.\u00a0 Il dominio e il sito web \u201cwww.mmlegnopiu.it\u201d sono propriet\u00e0 della M&amp;M Legnopi\u00f9 S.r.l. sede legale e Showroom: s.s. 35 dei Giovi &#8211; Cap 20080 \u2013 Badile di Zibido San Giacomo (Mi) &#8211; Tel. +39 02 90 00 32 46\u2013 Fax +39 02 90 00 [&#8230;]\n","protected":false},"author":1,"featured_media":0,"parent":0,"menu_order":0,"comment_status":"closed","ping_status":"open","template":"page-blank-title-center.php","meta":{"footnotes":""},"class_list":["post-4437","page","type-page","status-publish","hentry"],"yoast_head":"<!-- This site is optimized with the Yoast SEO plugin v26.8 - https:\/\/yoast.com\/product\/yoast-seo-wordpress\/ -->\n<title>Note legali - M&amp;M Legno Pi\u00f9<\/title>\n<meta name=\"robots\" content=\"index, follow, max-snippet:-1, max-image-preview:large, max-video-preview:-1\" \/>\n<link rel=\"canonical\" href=\"https:\/\/www.mmlegnopiu.it\/porte-finestre-milano\/note-legali\/\" \/>\n<meta property=\"og:locale\" content=\"it_IT\" \/>\n<meta property=\"og:type\" content=\"article\" \/>\n<meta property=\"og:title\" content=\"Note legali - M&amp;M Legno Pi\u00f9\" \/>\n<meta property=\"og:description\" content=\"Copyright \u00a9 2007-2012 M&amp;M Legnopi\u00f9 S.r.l. &#8211; Tutti i diritti riservati.\u00a0 Il dominio e il sito web \u201cwww.mmlegnopiu.it\u201d sono propriet\u00e0 della M&amp;M Legnopi\u00f9 S.r.l. sede legale e Showroom: s.s. 35 dei Giovi &#8211; Cap 20080 \u2013 Badile di Zibido San Giacomo (Mi) &#8211; Tel. +39 02 90 00 32 46\u2013 Fax +39 02 90 00 [...]\" \/>\n<meta property=\"og:url\" content=\"https:\/\/www.mmlegnopiu.it\/porte-finestre-milano\/note-legali\/\" \/>\n<meta property=\"og:site_name\" content=\"M&amp;M Legno Pi\u00f9\" \/>\n<meta property=\"article:modified_time\" content=\"2015-06-09T15:10:01+00:00\" \/>\n<meta name=\"twitter:card\" content=\"summary_large_image\" \/>\n<meta name=\"twitter:label1\" content=\"Tempo di lettura stimato\" \/>\n\t<meta name=\"twitter:data1\" content=\"4 minuti\" \/>\n<script type=\"application\/ld+json\" class=\"yoast-schema-graph\">{\"@context\":\"https:\/\/schema.org\",\"@graph\":[{\"@type\":\"WebPage\",\"@id\":\"https:\/\/www.mmlegnopiu.it\/porte-finestre-milano\/note-legali\/\",\"url\":\"https:\/\/www.mmlegnopiu.it\/porte-finestre-milano\/note-legali\/\",\"name\":\"Note legali - M&amp;M Legno Pi\u00f9\",\"isPartOf\":{\"@id\":\"https:\/\/www.mmlegnopiu.it\/porte-finestre-milano\/#website\"},\"datePublished\":\"2015-06-09T15:06:40+00:00\",\"dateModified\":\"2015-06-09T15:10:01+00:00\",\"breadcrumb\":{\"@id\":\"https:\/\/www.mmlegnopiu.it\/porte-finestre-milano\/note-legali\/#breadcrumb\"},\"inLanguage\":\"it-IT\",\"potentialAction\":[{\"@type\":\"ReadAction\",\"target\":[\"https:\/\/www.mmlegnopiu.it\/porte-finestre-milano\/note-legali\/\"]}]},{\"@type\":\"BreadcrumbList\",\"@id\":\"https:\/\/www.mmlegnopiu.it\/porte-finestre-milano\/note-legali\/#breadcrumb\",\"itemListElement\":[{\"@type\":\"ListItem\",\"position\":1,\"name\":\"Home\",\"item\":\"https:\/\/www.mmlegnopiu.it\/porte-finestre-milano\/\"},{\"@type\":\"ListItem\",\"position\":2,\"name\":\"Note legali\"}]},{\"@type\":\"WebSite\",\"@id\":\"https:\/\/www.mmlegnopiu.it\/porte-finestre-milano\/#website\",\"url\":\"https:\/\/www.mmlegnopiu.it\/porte-finestre-milano\/\",\"name\":\"M&amp;M Legno Pi\u00f9\",\"description\":\"Finestre Milano, porte, scale.\",\"publisher\":{\"@id\":\"https:\/\/www.mmlegnopiu.it\/porte-finestre-milano\/#organization\"},\"potentialAction\":[{\"@type\":\"SearchAction\",\"target\":{\"@type\":\"EntryPoint\",\"urlTemplate\":\"https:\/\/www.mmlegnopiu.it\/porte-finestre-milano\/?s={search_term_string}\"},\"query-input\":{\"@type\":\"PropertyValueSpecification\",\"valueRequired\":true,\"valueName\":\"search_term_string\"}}],\"inLanguage\":\"it-IT\"},{\"@type\":\"Organization\",\"@id\":\"https:\/\/www.mmlegnopiu.it\/porte-finestre-milano\/#organization\",\"name\":\"M & M Legno Pi\u00f9\",\"url\":\"https:\/\/www.mmlegnopiu.it\/porte-finestre-milano\/\",\"logo\":{\"@type\":\"ImageObject\",\"inLanguage\":\"it-IT\",\"@id\":\"https:\/\/www.mmlegnopiu.it\/porte-finestre-milano\/#\/schema\/logo\/image\/\",\"url\":\"https:\/\/www.mmlegnopiu.it\/porte-finestre-milano\/wp-content\/uploads\/2015\/04\/logo.jpg\",\"contentUrl\":\"https:\/\/www.mmlegnopiu.it\/porte-finestre-milano\/wp-content\/uploads\/2015\/04\/logo.jpg\",\"width\":214,\"height\":219,\"caption\":\"M & M Legno Pi\u00f9\"},\"image\":{\"@id\":\"https:\/\/www.mmlegnopiu.it\/porte-finestre-milano\/#\/schema\/logo\/image\/\"}}]}<\/script>\n<!-- \/ Yoast SEO plugin. -->","yoast_head_json":{"title":"Note legali - M&amp;M Legno Pi\u00f9","robots":{"index":"index","follow":"follow","max-snippet":"max-snippet:-1","max-image-preview":"max-image-preview:large","max-video-preview":"max-video-preview:-1"},"canonical":"https:\/\/www.mmlegnopiu.it\/porte-finestre-milano\/note-legali\/","og_locale":"it_IT","og_type":"article","og_title":"Note legali - M&amp;M Legno Pi\u00f9","og_description":"Copyright \u00a9 2007-2012 M&amp;M Legnopi\u00f9 S.r.l. &#8211; Tutti i diritti riservati.\u00a0 Il dominio e il sito web \u201cwww.mmlegnopiu.it\u201d sono propriet\u00e0 della M&amp;M Legnopi\u00f9 S.r.l. sede legale e Showroom: s.s. 35 dei Giovi &#8211; Cap 20080 \u2013 Badile di Zibido San Giacomo (Mi) &#8211; Tel. +39 02 90 00 32 46\u2013 Fax +39 02 90 00 [...]","og_url":"https:\/\/www.mmlegnopiu.it\/porte-finestre-milano\/note-legali\/","og_site_name":"M&amp;M Legno Pi\u00f9","article_modified_time":"2015-06-09T15:10:01+00:00","twitter_card":"summary_large_image","twitter_misc":{"Tempo di lettura stimato":"4 minuti"},"schema":{"@context":"https:\/\/schema.org","@graph":[{"@type":"WebPage","@id":"https:\/\/www.mmlegnopiu.it\/porte-finestre-milano\/note-legali\/","url":"https:\/\/www.mmlegnopiu.it\/porte-finestre-milano\/note-legali\/","name":"Note legali - M&amp;M Legno Pi\u00f9","isPartOf":{"@id":"https:\/\/www.mmlegnopiu.it\/porte-finestre-milano\/#website"},"datePublished":"2015-06-09T15:06:40+00:00","dateModified":"2015-06-09T15:10:01+00:00","breadcrumb":{"@id":"https:\/\/www.mmlegnopiu.it\/porte-finestre-milano\/note-legali\/#breadcrumb"},"inLanguage":"it-IT","potentialAction":[{"@type":"ReadAction","target":["https:\/\/www.mmlegnopiu.it\/porte-finestre-milano\/note-legali\/"]}]},{"@type":"BreadcrumbList","@id":"https:\/\/www.mmlegnopiu.it\/porte-finestre-milano\/note-legali\/#breadcrumb","itemListElement":[{"@type":"ListItem","position":1,"name":"Home","item":"https:\/\/www.mmlegnopiu.it\/porte-finestre-milano\/"},{"@type":"ListItem","position":2,"name":"Note legali"}]},{"@type":"WebSite","@id":"https:\/\/www.mmlegnopiu.it\/porte-finestre-milano\/#website","url":"https:\/\/www.mmlegnopiu.it\/porte-finestre-milano\/","name":"M&amp;M Legno Pi\u00f9","description":"Finestre Milano, porte, scale.","publisher":{"@id":"https:\/\/www.mmlegnopiu.it\/porte-finestre-milano\/#organization"},"potentialAction":[{"@type":"SearchAction","target":{"@type":"EntryPoint","urlTemplate":"https:\/\/www.mmlegnopiu.it\/porte-finestre-milano\/?s={search_term_string}"},"query-input":{"@type":"PropertyValueSpecification","valueRequired":true,"valueName":"search_term_string"}}],"inLanguage":"it-IT"},{"@type":"Organization","@id":"https:\/\/www.mmlegnopiu.it\/porte-finestre-milano\/#organization","name":"M & M Legno Pi\u00f9","url":"https:\/\/www.mmlegnopiu.it\/porte-finestre-milano\/","logo":{"@type":"ImageObject","inLanguage":"it-IT","@id":"https:\/\/www.mmlegnopiu.it\/porte-finestre-milano\/#\/schema\/logo\/image\/","url":"https:\/\/www.mmlegnopiu.it\/porte-finestre-milano\/wp-content\/uploads\/2015\/04\/logo.jpg","contentUrl":"https:\/\/www.mmlegnopiu.it\/porte-finestre-milano\/wp-content\/uploads\/2015\/04\/logo.jpg","width":214,"height":219,"caption":"M & M Legno Pi\u00f9"},"image":{"@id":"https:\/\/www.mmlegnopiu.it\/porte-finestre-milano\/#\/schema\/logo\/image\/"}}]}},"_links":{"self":[{"href":"https:\/\/www.mmlegnopiu.it\/porte-finestre-milano\/wp-json\/wp\/v2\/pages\/4437","targetHints":{"allow":["GET"]}}],"collection":[{"href":"https:\/\/www.mmlegnopiu.it\/porte-finestre-milano\/wp-json\/wp\/v2\/pages"}],"about":[{"href":"https:\/\/www.mmlegnopiu.it\/porte-finestre-milano\/wp-json\/wp\/v2\/types\/page"}],"author":[{"embeddable":true,"href":"https:\/\/www.mmlegnopiu.it\/porte-finestre-milano\/wp-json\/wp\/v2\/users\/1"}],"replies":[{"embeddable":true,"href":"https:\/\/www.mmlegnopiu.it\/porte-finestre-milano\/wp-json\/wp\/v2\/comments?post=4437"}],"version-history":[{"count":2,"href":"https:\/\/www.mmlegnopiu.it\/porte-finestre-milano\/wp-json\/wp\/v2\/pages\/4437\/revisions"}],"predecessor-version":[{"id":4443,"href":"https:\/\/www.mmlegnopiu.it\/porte-finestre-milano\/wp-json\/wp\/v2\/pages\/4437\/revisions\/4443"}],"wp:attachment":[{"href":"https:\/\/www.mmlegnopiu.it\/porte-finestre-milano\/wp-json\/wp\/v2\/media?parent=4437"}],"curies":[{"name":"wp","href":"https:\/\/api.w.org\/{rel}","templated":true}]}}