{"id":10085,"date":"2022-07-14T15:04:17","date_gmt":"2022-07-14T13:04:17","guid":{"rendered":"https:\/\/www.mmlegnopiu.it\/porte-finestre-milano\/?post_type=product&#038;p=10085"},"modified":"2022-07-14T15:31:37","modified_gmt":"2022-07-14T13:31:37","slug":"controtelaio-eclisse-luce-milano","status":"publish","type":"product","link":"https:\/\/www.mmlegnopiu.it\/porte-finestre-milano\/prodotto\/controtelaio-eclisse-luce-milano\/","title":{"rendered":"Controtelaio ECLISSE SYNTESIS LINE LUCE"},"content":{"rendered":"<p><img loading=\"lazy\" decoding=\"async\" class=\"size-full wp-image-10088 aligncenter\" src=\"http:\/\/www.mmlegnopiu.it\/porte-finestre-milano\/wp-content\/uploads\/2022\/07\/eclisse-luce-2.jpg\" alt=\"\" width=\"1200\" height=\"600\" srcset=\"https:\/\/www.mmlegnopiu.it\/porte-finestre-milano\/wp-content\/uploads\/2022\/07\/eclisse-luce-2.jpg 1200w, https:\/\/www.mmlegnopiu.it\/porte-finestre-milano\/wp-content\/uploads\/2022\/07\/eclisse-luce-2-400x200.jpg 400w, https:\/\/www.mmlegnopiu.it\/porte-finestre-milano\/wp-content\/uploads\/2022\/07\/eclisse-luce-2-300x150.jpg 300w, https:\/\/www.mmlegnopiu.it\/porte-finestre-milano\/wp-content\/uploads\/2022\/07\/eclisse-luce-2-1024x512.jpg 1024w, https:\/\/www.mmlegnopiu.it\/porte-finestre-milano\/wp-content\/uploads\/2022\/07\/eclisse-luce-2-768x384.jpg 768w, https:\/\/www.mmlegnopiu.it\/porte-finestre-milano\/wp-content\/uploads\/2022\/07\/eclisse-luce-2-700x350.jpg 700w\" sizes=\"auto, (max-width: 1200px) 100vw, 1200px\" \/><\/p>\n<p>&nbsp;<\/p>\n<p>&nbsp;<\/p>\n<h1 style=\"text-align: center;\"><strong><span style=\"font-size: 120%;\">Controtelaio per porta a scomparsa filomuro Syntesis Luce.<\/span><\/strong><\/h1>\n<h1 style=\"text-align: center;\"><strong>Eleganza e funzionalit\u00e0 in un unico prodotto.<\/strong><\/h1>\n<p>&nbsp;<\/p>\n<p>&nbsp;<\/p>\n<h1><\/h1>\n<h1 style=\"text-align: center;\"><a href=\"https:\/\/www.eclisse.it\/it\/prodotti\/collezione\/syntesis-collection\/syntesis-luce\/\">ECLISSE Syntesis\u00ae Luce<\/a> \u00e8 il sistema scorrevole senza stipiti n\u00e9 coprifili che riesce a combinare estetica e praticit\u00e0. Si integra perfettamente con la parete nascondendo la porta alla vista, ed \u00e8 predisposto per l\u2019inserimento di cablaggi elettrici.<\/h1>\n<p>&nbsp;<\/p>\n<p>&nbsp;<\/p>\n<p>&nbsp;<\/p>\n<p><span style=\"color: #339966;\"><strong><a style=\"color: #339966;\" href=\"https:\/\/www.mmlegnopiu.it\/porte-finestre-milano\/contatti\/\">PER MAGGIORI INFORMAZIONI<\/a><\/strong><\/span><\/p>\n","protected":false},"excerpt":{"rendered":"<h1><span style=\"font-size: 100%;\"><strong>Controtelaio Eclisse Syntesis Luce<\/strong><\/span><\/h1>\n<h1 class=\"claim\">La praticit\u00e0 di una porta scorrevole senza rinunciare alla parete in cui \u00e8 posto il sistema scorrevole.<\/h1>\n","protected":false},"featured_media":10086,"template":"","meta":[],"product_brand":[],"product_cat":[663],"product_tag":[331,582,351,352],"class_list":{"0":"post-10085","1":"product","2":"type-product","3":"status-publish","4":"has-post-thumbnail","6":"product_cat-syntesis-collection-eclisse","7":"product_tag-controtelaio","8":"product_tag-eclisse","9":"product_tag-milano","10":"product_tag-pavia","12":"first","13":"instock","14":"shipping-taxable","15":"product-type-simple"},"yoast_head":"<!-- This site is optimized with the Yoast SEO plugin v26.8 - https:\/\/yoast.com\/product\/yoast-seo-wordpress\/ -->\n<title>ECLISSE SYNTESIS LINE a Milano. Controtelaio per porta filo muro<\/title>\n<meta name=\"description\" content=\"Controtelaio Eclisse SYNTESIS LINE a Milano. Il design minimal unito alla praticit\u00e0 di una porta scorrevole a scomparsa\" \/>\n<meta name=\"robots\" content=\"index, follow, max-snippet:-1, max-image-preview:large, max-video-preview:-1\" \/>\n<link rel=\"canonical\" href=\"https:\/\/www.mmlegnopiu.it\/porte-finestre-milano\/prodotto\/controtelaio-eclisse-luce-milano\/\" \/>\n<meta property=\"og:locale\" content=\"it_IT\" \/>\n<meta property=\"og:type\" content=\"article\" \/>\n<meta property=\"og:title\" content=\"ECLISSE SYNTESIS LINE a Milano. Controtelaio per porta filo muro\" \/>\n<meta property=\"og:description\" content=\"Controtelaio Eclisse SYNTESIS LINE a Milano. Il design minimal unito alla praticit\u00e0 di una porta scorrevole a scomparsa\" \/>\n<meta property=\"og:url\" content=\"https:\/\/www.mmlegnopiu.it\/porte-finestre-milano\/prodotto\/controtelaio-eclisse-luce-milano\/\" \/>\n<meta property=\"og:site_name\" content=\"M&amp;M Legno Pi\u00f9\" \/>\n<meta property=\"article:modified_time\" content=\"2022-07-14T13:31:37+00:00\" \/>\n<meta property=\"og:image\" content=\"http:\/\/www.mmlegnopiu.it\/porte-finestre-milano\/wp-content\/uploads\/2022\/07\/eclisse-luce-4.jpg\" \/>\n\t<meta property=\"og:image:width\" content=\"900\" \/>\n\t<meta property=\"og:image:height\" content=\"600\" \/>\n\t<meta property=\"og:image:type\" content=\"image\/jpeg\" \/>\n<meta name=\"twitter:card\" content=\"summary_large_image\" \/>\n<script type=\"application\/ld+json\" class=\"yoast-schema-graph\">{\"@context\":\"https:\/\/schema.org\",\"@graph\":[{\"@type\":\"WebPage\",\"@id\":\"https:\/\/www.mmlegnopiu.it\/porte-finestre-milano\/prodotto\/controtelaio-eclisse-luce-milano\/\",\"url\":\"https:\/\/www.mmlegnopiu.it\/porte-finestre-milano\/prodotto\/controtelaio-eclisse-luce-milano\/\",\"name\":\"ECLISSE SYNTESIS LINE a Milano. Controtelaio per porta filo muro\",\"isPartOf\":{\"@id\":\"https:\/\/www.mmlegnopiu.it\/porte-finestre-milano\/#website\"},\"primaryImageOfPage\":{\"@id\":\"https:\/\/www.mmlegnopiu.it\/porte-finestre-milano\/prodotto\/controtelaio-eclisse-luce-milano\/#primaryimage\"},\"image\":{\"@id\":\"https:\/\/www.mmlegnopiu.it\/porte-finestre-milano\/prodotto\/controtelaio-eclisse-luce-milano\/#primaryimage\"},\"thumbnailUrl\":\"https:\/\/www.mmlegnopiu.it\/porte-finestre-milano\/wp-content\/uploads\/2022\/07\/eclisse-luce-4.jpg\",\"datePublished\":\"2022-07-14T13:04:17+00:00\",\"dateModified\":\"2022-07-14T13:31:37+00:00\",\"description\":\"Controtelaio Eclisse SYNTESIS LINE a Milano. Il design minimal unito alla praticit\u00e0 di una porta scorrevole a scomparsa\",\"breadcrumb\":{\"@id\":\"https:\/\/www.mmlegnopiu.it\/porte-finestre-milano\/prodotto\/controtelaio-eclisse-luce-milano\/#breadcrumb\"},\"inLanguage\":\"it-IT\",\"potentialAction\":[{\"@type\":\"ReadAction\",\"target\":[\"https:\/\/www.mmlegnopiu.it\/porte-finestre-milano\/prodotto\/controtelaio-eclisse-luce-milano\/\"]}]},{\"@type\":\"ImageObject\",\"inLanguage\":\"it-IT\",\"@id\":\"https:\/\/www.mmlegnopiu.it\/porte-finestre-milano\/prodotto\/controtelaio-eclisse-luce-milano\/#primaryimage\",\"url\":\"https:\/\/www.mmlegnopiu.it\/porte-finestre-milano\/wp-content\/uploads\/2022\/07\/eclisse-luce-4.jpg\",\"contentUrl\":\"https:\/\/www.mmlegnopiu.it\/porte-finestre-milano\/wp-content\/uploads\/2022\/07\/eclisse-luce-4.jpg\",\"width\":900,\"height\":600},{\"@type\":\"BreadcrumbList\",\"@id\":\"https:\/\/www.mmlegnopiu.it\/porte-finestre-milano\/prodotto\/controtelaio-eclisse-luce-milano\/#breadcrumb\",\"itemListElement\":[{\"@type\":\"ListItem\",\"position\":1,\"name\":\"Home\",\"item\":\"https:\/\/www.mmlegnopiu.it\/porte-finestre-milano\/\"},{\"@type\":\"ListItem\",\"position\":2,\"name\":\"Shop\",\"item\":\"https:\/\/www.mmlegnopiu.it\/porte-finestre-milano\/shop\/\"},{\"@type\":\"ListItem\",\"position\":3,\"name\":\"Controtelaio ECLISSE SYNTESIS LINE LUCE\"}]},{\"@type\":\"WebSite\",\"@id\":\"https:\/\/www.mmlegnopiu.it\/porte-finestre-milano\/#website\",\"url\":\"https:\/\/www.mmlegnopiu.it\/porte-finestre-milano\/\",\"name\":\"M&amp;M Legno Pi\u00f9\",\"description\":\"Finestre Milano, porte, scale.\",\"publisher\":{\"@id\":\"https:\/\/www.mmlegnopiu.it\/porte-finestre-milano\/#organization\"},\"potentialAction\":[{\"@type\":\"SearchAction\",\"target\":{\"@type\":\"EntryPoint\",\"urlTemplate\":\"https:\/\/www.mmlegnopiu.it\/porte-finestre-milano\/?s={search_term_string}\"},\"query-input\":{\"@type\":\"PropertyValueSpecification\",\"valueRequired\":true,\"valueName\":\"search_term_string\"}}],\"inLanguage\":\"it-IT\"},{\"@type\":\"Organization\",\"@id\":\"https:\/\/www.mmlegnopiu.it\/porte-finestre-milano\/#organization\",\"name\":\"M & M Legno Pi\u00f9\",\"url\":\"https:\/\/www.mmlegnopiu.it\/porte-finestre-milano\/\",\"logo\":{\"@type\":\"ImageObject\",\"inLanguage\":\"it-IT\",\"@id\":\"https:\/\/www.mmlegnopiu.it\/porte-finestre-milano\/#\/schema\/logo\/image\/\",\"url\":\"https:\/\/www.mmlegnopiu.it\/porte-finestre-milano\/wp-content\/uploads\/2015\/04\/logo.jpg\",\"contentUrl\":\"https:\/\/www.mmlegnopiu.it\/porte-finestre-milano\/wp-content\/uploads\/2015\/04\/logo.jpg\",\"width\":214,\"height\":219,\"caption\":\"M & M Legno Pi\u00f9\"},\"image\":{\"@id\":\"https:\/\/www.mmlegnopiu.it\/porte-finestre-milano\/#\/schema\/logo\/image\/\"}}]}<\/script>\n<!-- \/ Yoast SEO plugin. -->","yoast_head_json":{"title":"ECLISSE SYNTESIS LINE a Milano. Controtelaio per porta filo muro","description":"Controtelaio Eclisse SYNTESIS LINE a Milano. Il design minimal unito alla praticit\u00e0 di una porta scorrevole a scomparsa","robots":{"index":"index","follow":"follow","max-snippet":"max-snippet:-1","max-image-preview":"max-image-preview:large","max-video-preview":"max-video-preview:-1"},"canonical":"https:\/\/www.mmlegnopiu.it\/porte-finestre-milano\/prodotto\/controtelaio-eclisse-luce-milano\/","og_locale":"it_IT","og_type":"article","og_title":"ECLISSE SYNTESIS LINE a Milano. Controtelaio per porta filo muro","og_description":"Controtelaio Eclisse SYNTESIS LINE a Milano. Il design minimal unito alla praticit\u00e0 di una porta scorrevole a scomparsa","og_url":"https:\/\/www.mmlegnopiu.it\/porte-finestre-milano\/prodotto\/controtelaio-eclisse-luce-milano\/","og_site_name":"M&amp;M Legno Pi\u00f9","article_modified_time":"2022-07-14T13:31:37+00:00","og_image":[{"width":900,"height":600,"url":"http:\/\/www.mmlegnopiu.it\/porte-finestre-milano\/wp-content\/uploads\/2022\/07\/eclisse-luce-4.jpg","type":"image\/jpeg"}],"twitter_card":"summary_large_image","schema":{"@context":"https:\/\/schema.org","@graph":[{"@type":"WebPage","@id":"https:\/\/www.mmlegnopiu.it\/porte-finestre-milano\/prodotto\/controtelaio-eclisse-luce-milano\/","url":"https:\/\/www.mmlegnopiu.it\/porte-finestre-milano\/prodotto\/controtelaio-eclisse-luce-milano\/","name":"ECLISSE SYNTESIS LINE a Milano. Controtelaio per porta filo muro","isPartOf":{"@id":"https:\/\/www.mmlegnopiu.it\/porte-finestre-milano\/#website"},"primaryImageOfPage":{"@id":"https:\/\/www.mmlegnopiu.it\/porte-finestre-milano\/prodotto\/controtelaio-eclisse-luce-milano\/#primaryimage"},"image":{"@id":"https:\/\/www.mmlegnopiu.it\/porte-finestre-milano\/prodotto\/controtelaio-eclisse-luce-milano\/#primaryimage"},"thumbnailUrl":"https:\/\/www.mmlegnopiu.it\/porte-finestre-milano\/wp-content\/uploads\/2022\/07\/eclisse-luce-4.jpg","datePublished":"2022-07-14T13:04:17+00:00","dateModified":"2022-07-14T13:31:37+00:00","description":"Controtelaio Eclisse SYNTESIS LINE a Milano. Il design minimal unito alla praticit\u00e0 di una porta scorrevole a scomparsa","breadcrumb":{"@id":"https:\/\/www.mmlegnopiu.it\/porte-finestre-milano\/prodotto\/controtelaio-eclisse-luce-milano\/#breadcrumb"},"inLanguage":"it-IT","potentialAction":[{"@type":"ReadAction","target":["https:\/\/www.mmlegnopiu.it\/porte-finestre-milano\/prodotto\/controtelaio-eclisse-luce-milano\/"]}]},{"@type":"ImageObject","inLanguage":"it-IT","@id":"https:\/\/www.mmlegnopiu.it\/porte-finestre-milano\/prodotto\/controtelaio-eclisse-luce-milano\/#primaryimage","url":"https:\/\/www.mmlegnopiu.it\/porte-finestre-milano\/wp-content\/uploads\/2022\/07\/eclisse-luce-4.jpg","contentUrl":"https:\/\/www.mmlegnopiu.it\/porte-finestre-milano\/wp-content\/uploads\/2022\/07\/eclisse-luce-4.jpg","width":900,"height":600},{"@type":"BreadcrumbList","@id":"https:\/\/www.mmlegnopiu.it\/porte-finestre-milano\/prodotto\/controtelaio-eclisse-luce-milano\/#breadcrumb","itemListElement":[{"@type":"ListItem","position":1,"name":"Home","item":"https:\/\/www.mmlegnopiu.it\/porte-finestre-milano\/"},{"@type":"ListItem","position":2,"name":"Shop","item":"https:\/\/www.mmlegnopiu.it\/porte-finestre-milano\/shop\/"},{"@type":"ListItem","position":3,"name":"Controtelaio ECLISSE SYNTESIS LINE LUCE"}]},{"@type":"WebSite","@id":"https:\/\/www.mmlegnopiu.it\/porte-finestre-milano\/#website","url":"https:\/\/www.mmlegnopiu.it\/porte-finestre-milano\/","name":"M&amp;M Legno Pi\u00f9","description":"Finestre Milano, porte, scale.","publisher":{"@id":"https:\/\/www.mmlegnopiu.it\/porte-finestre-milano\/#organization"},"potentialAction":[{"@type":"SearchAction","target":{"@type":"EntryPoint","urlTemplate":"https:\/\/www.mmlegnopiu.it\/porte-finestre-milano\/?s={search_term_string}"},"query-input":{"@type":"PropertyValueSpecification","valueRequired":true,"valueName":"search_term_string"}}],"inLanguage":"it-IT"},{"@type":"Organization","@id":"https:\/\/www.mmlegnopiu.it\/porte-finestre-milano\/#organization","name":"M & M Legno Pi\u00f9","url":"https:\/\/www.mmlegnopiu.it\/porte-finestre-milano\/","logo":{"@type":"ImageObject","inLanguage":"it-IT","@id":"https:\/\/www.mmlegnopiu.it\/porte-finestre-milano\/#\/schema\/logo\/image\/","url":"https:\/\/www.mmlegnopiu.it\/porte-finestre-milano\/wp-content\/uploads\/2015\/04\/logo.jpg","contentUrl":"https:\/\/www.mmlegnopiu.it\/porte-finestre-milano\/wp-content\/uploads\/2015\/04\/logo.jpg","width":214,"height":219,"caption":"M & M Legno Pi\u00f9"},"image":{"@id":"https:\/\/www.mmlegnopiu.it\/porte-finestre-milano\/#\/schema\/logo\/image\/"}}]}},"_links":{"self":[{"href":"https:\/\/www.mmlegnopiu.it\/porte-finestre-milano\/wp-json\/wp\/v2\/product\/10085","targetHints":{"allow":["GET"]}}],"collection":[{"href":"https:\/\/www.mmlegnopiu.it\/porte-finestre-milano\/wp-json\/wp\/v2\/product"}],"about":[{"href":"https:\/\/www.mmlegnopiu.it\/porte-finestre-milano\/wp-json\/wp\/v2\/types\/product"}],"wp:featuredmedia":[{"embeddable":true,"href":"https:\/\/www.mmlegnopiu.it\/porte-finestre-milano\/wp-json\/wp\/v2\/media\/10086"}],"wp:attachment":[{"href":"https:\/\/www.mmlegnopiu.it\/porte-finestre-milano\/wp-json\/wp\/v2\/media?parent=10085"}],"wp:term":[{"taxonomy":"product_brand","embeddable":true,"href":"https:\/\/www.mmlegnopiu.it\/porte-finestre-milano\/wp-json\/wp\/v2\/product_brand?post=10085"},{"taxonomy":"product_cat","embeddable":true,"href":"https:\/\/www.mmlegnopiu.it\/porte-finestre-milano\/wp-json\/wp\/v2\/product_cat?post=10085"},{"taxonomy":"product_tag","embeddable":true,"href":"https:\/\/www.mmlegnopiu.it\/porte-finestre-milano\/wp-json\/wp\/v2\/product_tag?post=10085"}],"curies":[{"name":"wp","href":"https:\/\/api.w.org\/{rel}","templated":true}]}}