{"id":10498,"date":"2022-10-05T09:40:26","date_gmt":"2022-10-05T07:40:26","guid":{"rendered":"https:\/\/www.mmlegnopiu.it\/porte-finestre-milano\/?post_type=product&#038;p=10498"},"modified":"2022-10-05T10:15:13","modified_gmt":"2022-10-05T08:15:13","slug":"porte-blindate-elettroniche","status":"publish","type":"product","link":"https:\/\/www.mmlegnopiu.it\/porte-finestre-milano\/prodotto\/porte-blindate-elettroniche\/","title":{"rendered":"CONFORT 09 PLUS X"},"content":{"rendered":"<p><img loading=\"lazy\" decoding=\"async\" class=\"alignnone size-full wp-image-10436\" src=\"http:\/\/www.mmlegnopiu.it\/porte-finestre-milano\/wp-content\/uploads\/2022\/09\/TR_Confort.jpg\" alt=\"\" width=\"2000\" height=\"950\" srcset=\"https:\/\/www.mmlegnopiu.it\/porte-finestre-milano\/wp-content\/uploads\/2022\/09\/TR_Confort.jpg 2000w, https:\/\/www.mmlegnopiu.it\/porte-finestre-milano\/wp-content\/uploads\/2022\/09\/TR_Confort-400x190.jpg 400w, https:\/\/www.mmlegnopiu.it\/porte-finestre-milano\/wp-content\/uploads\/2022\/09\/TR_Confort-300x143.jpg 300w, https:\/\/www.mmlegnopiu.it\/porte-finestre-milano\/wp-content\/uploads\/2022\/09\/TR_Confort-1024x486.jpg 1024w, https:\/\/www.mmlegnopiu.it\/porte-finestre-milano\/wp-content\/uploads\/2022\/09\/TR_Confort-768x365.jpg 768w, https:\/\/www.mmlegnopiu.it\/porte-finestre-milano\/wp-content\/uploads\/2022\/09\/TR_Confort-1536x730.jpg 1536w, https:\/\/www.mmlegnopiu.it\/porte-finestre-milano\/wp-content\/uploads\/2022\/09\/TR_Confort-700x333.jpg 700w\" sizes=\"auto, (max-width: 2000px) 100vw, 2000px\" \/><\/p>\n<h3>La gamma <a href=\"https:\/\/www.torteroloere.it\/prodotti\/confort\/?portfolioCats=57\">09Plus<\/a> rappresenta un\u2019evoluzione del concetto di comfort ambientale, perch\u00e9 offre un eccellente isolamento termico e riduce anche la possibilit\u00e0 di formazione di condensa.<\/h3>\n<h3>La struttura dell\u2019anta, in doppia lamiera rinforzata da speciali omega interni, oltre alla normale coibentazione in lana di roccia, \u00e8 dotata di un isolamento innovativo altamente performante per l\u2019eliminazione dei ponti termici lineari.<\/h3>\n<h3>Il rivoluzionario telaio ad alta prestazione energetica, brevetto esclusivo Torterolo &amp; Re, assolve una doppia funzione: la parte esterna, in acciaio, \u00e8 concepita per resistere ai tentativi di effrazione; quella interna, in polimero estruso, studiata per interrompere il ponte termico, permette un notevole innalzamento della temperatura superficiale e una riduzione del 40% della formazione di condensa.<\/h3>\n<h3>Agli elevati contenuti tecnici si abbina un\u2019estetica ricercata e ampiamente personalizzabile grazie alle cerniere nascoste e alla vastissima scelta di rivestimenti.<\/h3>\n<h2><\/h2>\n<p>&nbsp;<\/p>\n<p>&nbsp;<\/p>\n<p><span style=\"color: #339966;\"><strong><a style=\"color: #339966;\" href=\"https:\/\/www.mmlegnopiu.it\/porte-finestre-milano\/contatti\/\">PER MAGGIORI INFORMAZIONI<\/a><\/strong><\/span><\/p>\n","protected":false},"excerpt":{"rendered":"<h2>Serratura di sicurezza motorizzata a gestione elettronica grazie alla quale non \u00e8 pi\u00f9 necessaria nessuna manovra di chiusura dei chiavistelli perch\u00e9 la porta fa tutto da s\u00e9 grazie al movimento motorizzato.<br \/>\nIl comando pu\u00f2 essere impartito digitando il codice personale sulla tastiera numerica o accostando alla porta la speciale chiave trasponder. In diverse configurazioni \u00e8 possibile implementare il sistema con apertura tramite telecomando o con lettore d\u2019impronta digitale.<\/h2>\n<h2>Un ulteriore optional consente invece di interfacciare la porta con i pi\u00f9 moderni impianti domotici.<\/h2>\n<h2><\/h2>\n","protected":false},"featured_media":10500,"template":"","meta":[],"product_brand":[],"product_cat":[683],"product_tag":[680,61,679],"class_list":{"0":"post-10498","1":"product","2":"type-product","3":"status-publish","4":"has-post-thumbnail","6":"product_cat-porte-blindate-confort","7":"product_tag-porta-blindata","8":"product_tag-sicurezza-2","9":"product_tag-torteroloere","11":"first","12":"instock","13":"shipping-taxable","14":"product-type-simple"},"yoast_head":"<!-- This site is optimized with the Yoast SEO plugin v26.8 - https:\/\/yoast.com\/product\/yoast-seo-wordpress\/ -->\n<title>Porte blindate Torterolo&amp;Re elettroniche<\/title>\n<meta name=\"description\" content=\"Porte blindate Torterolo&amp;rE con serratura di sicurezza motorizzata a gestione elettronica, grazie alla quale non \u00e8 pi\u00f9 necessaria nessuna chiave.\" \/>\n<meta name=\"robots\" content=\"index, follow, max-snippet:-1, max-image-preview:large, max-video-preview:-1\" \/>\n<link rel=\"canonical\" href=\"https:\/\/www.mmlegnopiu.it\/porte-finestre-milano\/prodotto\/porte-blindate-elettroniche\/\" \/>\n<meta property=\"og:locale\" content=\"it_IT\" \/>\n<meta property=\"og:type\" content=\"article\" \/>\n<meta property=\"og:title\" content=\"Porte blindate Torterolo&amp;Re elettroniche\" \/>\n<meta property=\"og:description\" content=\"Porte blindate Torterolo&amp;rE con serratura di sicurezza motorizzata a gestione elettronica, grazie alla quale non \u00e8 pi\u00f9 necessaria nessuna chiave.\" \/>\n<meta property=\"og:url\" content=\"https:\/\/www.mmlegnopiu.it\/porte-finestre-milano\/prodotto\/porte-blindate-elettroniche\/\" \/>\n<meta property=\"og:site_name\" content=\"M&amp;M Legno Pi\u00f9\" \/>\n<meta property=\"article:modified_time\" content=\"2022-10-05T08:15:13+00:00\" \/>\n<meta property=\"og:image\" content=\"http:\/\/www.mmlegnopiu.it\/porte-finestre-milano\/wp-content\/uploads\/2022\/10\/TR_schema_CTR9PX-1.jpg\" \/>\n\t<meta property=\"og:image:width\" content=\"680\" \/>\n\t<meta property=\"og:image:height\" content=\"800\" \/>\n\t<meta property=\"og:image:type\" content=\"image\/jpeg\" \/>\n<meta name=\"twitter:card\" content=\"summary_large_image\" \/>\n<meta name=\"twitter:label1\" content=\"Tempo di lettura stimato\" \/>\n\t<meta name=\"twitter:data1\" content=\"1 minuto\" \/>\n<script type=\"application\/ld+json\" class=\"yoast-schema-graph\">{\"@context\":\"https:\/\/schema.org\",\"@graph\":[{\"@type\":\"WebPage\",\"@id\":\"https:\/\/www.mmlegnopiu.it\/porte-finestre-milano\/prodotto\/porte-blindate-elettroniche\/\",\"url\":\"https:\/\/www.mmlegnopiu.it\/porte-finestre-milano\/prodotto\/porte-blindate-elettroniche\/\",\"name\":\"Porte blindate Torterolo&Re elettroniche\",\"isPartOf\":{\"@id\":\"https:\/\/www.mmlegnopiu.it\/porte-finestre-milano\/#website\"},\"primaryImageOfPage\":{\"@id\":\"https:\/\/www.mmlegnopiu.it\/porte-finestre-milano\/prodotto\/porte-blindate-elettroniche\/#primaryimage\"},\"image\":{\"@id\":\"https:\/\/www.mmlegnopiu.it\/porte-finestre-milano\/prodotto\/porte-blindate-elettroniche\/#primaryimage\"},\"thumbnailUrl\":\"https:\/\/www.mmlegnopiu.it\/porte-finestre-milano\/wp-content\/uploads\/2022\/10\/TR_schema_CTR9PX-1.jpg\",\"datePublished\":\"2022-10-05T07:40:26+00:00\",\"dateModified\":\"2022-10-05T08:15:13+00:00\",\"description\":\"Porte blindate Torterolo&rE con serratura di sicurezza motorizzata a gestione elettronica, grazie alla quale non \u00e8 pi\u00f9 necessaria nessuna chiave.\",\"breadcrumb\":{\"@id\":\"https:\/\/www.mmlegnopiu.it\/porte-finestre-milano\/prodotto\/porte-blindate-elettroniche\/#breadcrumb\"},\"inLanguage\":\"it-IT\",\"potentialAction\":[{\"@type\":\"ReadAction\",\"target\":[\"https:\/\/www.mmlegnopiu.it\/porte-finestre-milano\/prodotto\/porte-blindate-elettroniche\/\"]}]},{\"@type\":\"ImageObject\",\"inLanguage\":\"it-IT\",\"@id\":\"https:\/\/www.mmlegnopiu.it\/porte-finestre-milano\/prodotto\/porte-blindate-elettroniche\/#primaryimage\",\"url\":\"https:\/\/www.mmlegnopiu.it\/porte-finestre-milano\/wp-content\/uploads\/2022\/10\/TR_schema_CTR9PX-1.jpg\",\"contentUrl\":\"https:\/\/www.mmlegnopiu.it\/porte-finestre-milano\/wp-content\/uploads\/2022\/10\/TR_schema_CTR9PX-1.jpg\",\"width\":680,\"height\":800},{\"@type\":\"BreadcrumbList\",\"@id\":\"https:\/\/www.mmlegnopiu.it\/porte-finestre-milano\/prodotto\/porte-blindate-elettroniche\/#breadcrumb\",\"itemListElement\":[{\"@type\":\"ListItem\",\"position\":1,\"name\":\"Home\",\"item\":\"https:\/\/www.mmlegnopiu.it\/porte-finestre-milano\/\"},{\"@type\":\"ListItem\",\"position\":2,\"name\":\"Shop\",\"item\":\"https:\/\/www.mmlegnopiu.it\/porte-finestre-milano\/shop\/\"},{\"@type\":\"ListItem\",\"position\":3,\"name\":\"CONFORT 09 PLUS X\"}]},{\"@type\":\"WebSite\",\"@id\":\"https:\/\/www.mmlegnopiu.it\/porte-finestre-milano\/#website\",\"url\":\"https:\/\/www.mmlegnopiu.it\/porte-finestre-milano\/\",\"name\":\"M&amp;M Legno Pi\u00f9\",\"description\":\"Finestre Milano, porte, scale.\",\"publisher\":{\"@id\":\"https:\/\/www.mmlegnopiu.it\/porte-finestre-milano\/#organization\"},\"potentialAction\":[{\"@type\":\"SearchAction\",\"target\":{\"@type\":\"EntryPoint\",\"urlTemplate\":\"https:\/\/www.mmlegnopiu.it\/porte-finestre-milano\/?s={search_term_string}\"},\"query-input\":{\"@type\":\"PropertyValueSpecification\",\"valueRequired\":true,\"valueName\":\"search_term_string\"}}],\"inLanguage\":\"it-IT\"},{\"@type\":\"Organization\",\"@id\":\"https:\/\/www.mmlegnopiu.it\/porte-finestre-milano\/#organization\",\"name\":\"M & M Legno Pi\u00f9\",\"url\":\"https:\/\/www.mmlegnopiu.it\/porte-finestre-milano\/\",\"logo\":{\"@type\":\"ImageObject\",\"inLanguage\":\"it-IT\",\"@id\":\"https:\/\/www.mmlegnopiu.it\/porte-finestre-milano\/#\/schema\/logo\/image\/\",\"url\":\"https:\/\/www.mmlegnopiu.it\/porte-finestre-milano\/wp-content\/uploads\/2015\/04\/logo.jpg\",\"contentUrl\":\"https:\/\/www.mmlegnopiu.it\/porte-finestre-milano\/wp-content\/uploads\/2015\/04\/logo.jpg\",\"width\":214,\"height\":219,\"caption\":\"M & M Legno Pi\u00f9\"},\"image\":{\"@id\":\"https:\/\/www.mmlegnopiu.it\/porte-finestre-milano\/#\/schema\/logo\/image\/\"}}]}<\/script>\n<!-- \/ Yoast SEO plugin. -->","yoast_head_json":{"title":"Porte blindate Torterolo&Re elettroniche","description":"Porte blindate Torterolo&rE con serratura di sicurezza motorizzata a gestione elettronica, grazie alla quale non \u00e8 pi\u00f9 necessaria nessuna chiave.","robots":{"index":"index","follow":"follow","max-snippet":"max-snippet:-1","max-image-preview":"max-image-preview:large","max-video-preview":"max-video-preview:-1"},"canonical":"https:\/\/www.mmlegnopiu.it\/porte-finestre-milano\/prodotto\/porte-blindate-elettroniche\/","og_locale":"it_IT","og_type":"article","og_title":"Porte blindate Torterolo&Re elettroniche","og_description":"Porte blindate Torterolo&rE con serratura di sicurezza motorizzata a gestione elettronica, grazie alla quale non \u00e8 pi\u00f9 necessaria nessuna chiave.","og_url":"https:\/\/www.mmlegnopiu.it\/porte-finestre-milano\/prodotto\/porte-blindate-elettroniche\/","og_site_name":"M&amp;M Legno Pi\u00f9","article_modified_time":"2022-10-05T08:15:13+00:00","og_image":[{"width":680,"height":800,"url":"http:\/\/www.mmlegnopiu.it\/porte-finestre-milano\/wp-content\/uploads\/2022\/10\/TR_schema_CTR9PX-1.jpg","type":"image\/jpeg"}],"twitter_card":"summary_large_image","twitter_misc":{"Tempo di lettura stimato":"1 minuto"},"schema":{"@context":"https:\/\/schema.org","@graph":[{"@type":"WebPage","@id":"https:\/\/www.mmlegnopiu.it\/porte-finestre-milano\/prodotto\/porte-blindate-elettroniche\/","url":"https:\/\/www.mmlegnopiu.it\/porte-finestre-milano\/prodotto\/porte-blindate-elettroniche\/","name":"Porte blindate Torterolo&Re elettroniche","isPartOf":{"@id":"https:\/\/www.mmlegnopiu.it\/porte-finestre-milano\/#website"},"primaryImageOfPage":{"@id":"https:\/\/www.mmlegnopiu.it\/porte-finestre-milano\/prodotto\/porte-blindate-elettroniche\/#primaryimage"},"image":{"@id":"https:\/\/www.mmlegnopiu.it\/porte-finestre-milano\/prodotto\/porte-blindate-elettroniche\/#primaryimage"},"thumbnailUrl":"https:\/\/www.mmlegnopiu.it\/porte-finestre-milano\/wp-content\/uploads\/2022\/10\/TR_schema_CTR9PX-1.jpg","datePublished":"2022-10-05T07:40:26+00:00","dateModified":"2022-10-05T08:15:13+00:00","description":"Porte blindate Torterolo&rE con serratura di sicurezza motorizzata a gestione elettronica, grazie alla quale non \u00e8 pi\u00f9 necessaria nessuna chiave.","breadcrumb":{"@id":"https:\/\/www.mmlegnopiu.it\/porte-finestre-milano\/prodotto\/porte-blindate-elettroniche\/#breadcrumb"},"inLanguage":"it-IT","potentialAction":[{"@type":"ReadAction","target":["https:\/\/www.mmlegnopiu.it\/porte-finestre-milano\/prodotto\/porte-blindate-elettroniche\/"]}]},{"@type":"ImageObject","inLanguage":"it-IT","@id":"https:\/\/www.mmlegnopiu.it\/porte-finestre-milano\/prodotto\/porte-blindate-elettroniche\/#primaryimage","url":"https:\/\/www.mmlegnopiu.it\/porte-finestre-milano\/wp-content\/uploads\/2022\/10\/TR_schema_CTR9PX-1.jpg","contentUrl":"https:\/\/www.mmlegnopiu.it\/porte-finestre-milano\/wp-content\/uploads\/2022\/10\/TR_schema_CTR9PX-1.jpg","width":680,"height":800},{"@type":"BreadcrumbList","@id":"https:\/\/www.mmlegnopiu.it\/porte-finestre-milano\/prodotto\/porte-blindate-elettroniche\/#breadcrumb","itemListElement":[{"@type":"ListItem","position":1,"name":"Home","item":"https:\/\/www.mmlegnopiu.it\/porte-finestre-milano\/"},{"@type":"ListItem","position":2,"name":"Shop","item":"https:\/\/www.mmlegnopiu.it\/porte-finestre-milano\/shop\/"},{"@type":"ListItem","position":3,"name":"CONFORT 09 PLUS X"}]},{"@type":"WebSite","@id":"https:\/\/www.mmlegnopiu.it\/porte-finestre-milano\/#website","url":"https:\/\/www.mmlegnopiu.it\/porte-finestre-milano\/","name":"M&amp;M Legno Pi\u00f9","description":"Finestre Milano, porte, scale.","publisher":{"@id":"https:\/\/www.mmlegnopiu.it\/porte-finestre-milano\/#organization"},"potentialAction":[{"@type":"SearchAction","target":{"@type":"EntryPoint","urlTemplate":"https:\/\/www.mmlegnopiu.it\/porte-finestre-milano\/?s={search_term_string}"},"query-input":{"@type":"PropertyValueSpecification","valueRequired":true,"valueName":"search_term_string"}}],"inLanguage":"it-IT"},{"@type":"Organization","@id":"https:\/\/www.mmlegnopiu.it\/porte-finestre-milano\/#organization","name":"M & M Legno Pi\u00f9","url":"https:\/\/www.mmlegnopiu.it\/porte-finestre-milano\/","logo":{"@type":"ImageObject","inLanguage":"it-IT","@id":"https:\/\/www.mmlegnopiu.it\/porte-finestre-milano\/#\/schema\/logo\/image\/","url":"https:\/\/www.mmlegnopiu.it\/porte-finestre-milano\/wp-content\/uploads\/2015\/04\/logo.jpg","contentUrl":"https:\/\/www.mmlegnopiu.it\/porte-finestre-milano\/wp-content\/uploads\/2015\/04\/logo.jpg","width":214,"height":219,"caption":"M & M Legno Pi\u00f9"},"image":{"@id":"https:\/\/www.mmlegnopiu.it\/porte-finestre-milano\/#\/schema\/logo\/image\/"}}]}},"_links":{"self":[{"href":"https:\/\/www.mmlegnopiu.it\/porte-finestre-milano\/wp-json\/wp\/v2\/product\/10498","targetHints":{"allow":["GET"]}}],"collection":[{"href":"https:\/\/www.mmlegnopiu.it\/porte-finestre-milano\/wp-json\/wp\/v2\/product"}],"about":[{"href":"https:\/\/www.mmlegnopiu.it\/porte-finestre-milano\/wp-json\/wp\/v2\/types\/product"}],"wp:featuredmedia":[{"embeddable":true,"href":"https:\/\/www.mmlegnopiu.it\/porte-finestre-milano\/wp-json\/wp\/v2\/media\/10500"}],"wp:attachment":[{"href":"https:\/\/www.mmlegnopiu.it\/porte-finestre-milano\/wp-json\/wp\/v2\/media?parent=10498"}],"wp:term":[{"taxonomy":"product_brand","embeddable":true,"href":"https:\/\/www.mmlegnopiu.it\/porte-finestre-milano\/wp-json\/wp\/v2\/product_brand?post=10498"},{"taxonomy":"product_cat","embeddable":true,"href":"https:\/\/www.mmlegnopiu.it\/porte-finestre-milano\/wp-json\/wp\/v2\/product_cat?post=10498"},{"taxonomy":"product_tag","embeddable":true,"href":"https:\/\/www.mmlegnopiu.it\/porte-finestre-milano\/wp-json\/wp\/v2\/product_tag?post=10498"}],"curies":[{"name":"wp","href":"https:\/\/api.w.org\/{rel}","templated":true}]}}