{"id":10682,"date":"2023-02-21T16:13:53","date_gmt":"2023-02-21T15:13:53","guid":{"rendered":"https:\/\/www.mmlegnopiu.it\/porte-finestre-milano\/?post_type=product&#038;p=10682"},"modified":"2023-02-21T16:31:27","modified_gmt":"2023-02-21T15:31:27","slug":"garofoli-porte-legno-massiccio-moderne","status":"publish","type":"product","link":"https:\/\/www.mmlegnopiu.it\/porte-finestre-milano\/prodotto\/garofoli-porte-legno-massiccio-moderne\/","title":{"rendered":"IO, le porte in legno massiccio moderne e raffinate"},"content":{"rendered":"<p>&nbsp;<\/p>\n<h1 style=\"text-align: center;\"><strong><span style=\"font-size: 130%;\">COLLEZIONE IO 2023<br \/>\nLE PORTE IN LEGNO MASSICCIO MODERNE E RAFFINATE<\/span><\/strong><\/h1>\n<p>&nbsp;<\/p>\n<p>&nbsp;<\/p>\n<p>&nbsp;<\/p>\n<h2>Con il restyling della collezione, le ante si arricchiscono di pantografature profonde, che creano incisioni 3D sulla superficie dell\u2019anta. Decori raffinati e contemporanei che sottolineano la modernit\u00e0 di <a href=\"https:\/\/www.garofoli.com\/it\/io\/\">Io 2023<\/a>.<\/h2>\n<h2>Impreziosita da accessori di ultima generazione (cerniere a scomparsa e serratura magnetica), la collezione \u00e8 disponibile in tutte le finiture in legno di rovere della gamma Garofoli, dalle pi\u00f9 chiare, come il Rovere Ice e il Rovere seta, alle pi\u00f9 decise e scure, come il Rovere Nero Profondo.<\/h2>\n<h2>Per gli amanti delle finiture laccate, I02023 \u00e8 ordinabile anche in tutte le finiture della gamma RAL.<\/h2>\n<h3><\/h3>\n<p><img loading=\"lazy\" decoding=\"async\" class=\"alignnone size-full wp-image-10686\" src=\"http:\/\/www.mmlegnopiu.it\/porte-finestre-milano\/wp-content\/uploads\/2023\/02\/porte-garofoli-legno-massiccio-2.jpg\" alt=\"\" width=\"1600\" height=\"1000\" srcset=\"https:\/\/www.mmlegnopiu.it\/porte-finestre-milano\/wp-content\/uploads\/2023\/02\/porte-garofoli-legno-massiccio-2.jpg 1600w, https:\/\/www.mmlegnopiu.it\/porte-finestre-milano\/wp-content\/uploads\/2023\/02\/porte-garofoli-legno-massiccio-2-400x250.jpg 400w, https:\/\/www.mmlegnopiu.it\/porte-finestre-milano\/wp-content\/uploads\/2023\/02\/porte-garofoli-legno-massiccio-2-300x188.jpg 300w, https:\/\/www.mmlegnopiu.it\/porte-finestre-milano\/wp-content\/uploads\/2023\/02\/porte-garofoli-legno-massiccio-2-1024x640.jpg 1024w, https:\/\/www.mmlegnopiu.it\/porte-finestre-milano\/wp-content\/uploads\/2023\/02\/porte-garofoli-legno-massiccio-2-768x480.jpg 768w, https:\/\/www.mmlegnopiu.it\/porte-finestre-milano\/wp-content\/uploads\/2023\/02\/porte-garofoli-legno-massiccio-2-1536x960.jpg 1536w\" sizes=\"auto, (max-width: 1600px) 100vw, 1600px\" \/><\/p>\n<h3><\/h3>\n<h3>LA BELLEZZA DEI DETTAGLI<\/h3>\n<h3>\nNella collezione Io2023, telaio e mostrine acquisiscono le linee dei prodotti Garofoli di maggior successo, lasciando l\u2019incarico di ricordare la sinuosit\u00e0 dell\u2019idea del prodotto originale alla sola anta, che si fa pi\u00f9 spessa (ben 46 mm rispetto ai precedenti 40) e si conclude con una curva delicata e morbida. Una traccia che trasforma il bordo in raffinatezza e design.<\/h3>\n<p>&nbsp;<\/p>\n<p><img loading=\"lazy\" decoding=\"async\" class=\"size-full wp-image-10687 aligncenter\" src=\"http:\/\/www.mmlegnopiu.it\/porte-finestre-milano\/wp-content\/uploads\/2023\/02\/porte-garofoli-legno-massiccio-1.jpg\" alt=\"\" width=\"1200\" height=\"1500\" srcset=\"https:\/\/www.mmlegnopiu.it\/porte-finestre-milano\/wp-content\/uploads\/2023\/02\/porte-garofoli-legno-massiccio-1.jpg 1200w, https:\/\/www.mmlegnopiu.it\/porte-finestre-milano\/wp-content\/uploads\/2023\/02\/porte-garofoli-legno-massiccio-1-400x500.jpg 400w, https:\/\/www.mmlegnopiu.it\/porte-finestre-milano\/wp-content\/uploads\/2023\/02\/porte-garofoli-legno-massiccio-1-240x300.jpg 240w, https:\/\/www.mmlegnopiu.it\/porte-finestre-milano\/wp-content\/uploads\/2023\/02\/porte-garofoli-legno-massiccio-1-819x1024.jpg 819w, https:\/\/www.mmlegnopiu.it\/porte-finestre-milano\/wp-content\/uploads\/2023\/02\/porte-garofoli-legno-massiccio-1-768x960.jpg 768w\" sizes=\"auto, (max-width: 1200px) 100vw, 1200px\" \/><\/p>\n<h3><\/h3>\n<p><a href=\"https:\/\/www.mmlegnopiu.it\/porte-finestre-milano\/contatti\/\">PER MAGGIORI INFORMAZIONI<\/a><\/p>\n<p>&nbsp;<\/p>\n<p>&nbsp;<\/p>\n<p>&nbsp;<\/p>\n<p>&nbsp;<\/p>\n","protected":false},"excerpt":{"rendered":"<h2>Con la nuova edizione della linea di porte da interni Io2023, Fernando Garofoli rinnova l\u2019estetica complessiva di una collezione che rappresenta una pietra miliare nella storia dell\u2019azienda.<\/h2>\n<h2>Nata nel 1998 per unire un materiale tradizionale come il\u00a0<strong>legno massiccio<\/strong>\u00a0a\u00a0<strong>forme e decori moderni<\/strong>, nel 2023 IO si attualizza con un restyling raffinato<\/h2>\n","protected":false},"featured_media":10683,"template":"","meta":[],"product_brand":[],"product_cat":[375],"product_tag":[30,37,362,307,47,34],"class_list":{"0":"post-10682","1":"product","2":"type-product","3":"status-publish","4":"has-post-thumbnail","6":"product_cat-porte-in-legno-pavia","7":"product_tag-garofoli","8":"product_tag-legno","9":"product_tag-porte","10":"product_tag-porte-garofoli","11":"product_tag-porte-in-legno-2","12":"product_tag-porte-interne","14":"first","15":"instock","16":"shipping-taxable","17":"product-type-simple"},"yoast_head":"<!-- This site is optimized with the Yoast SEO plugin v26.8 - https:\/\/yoast.com\/product\/yoast-seo-wordpress\/ -->\n<title>IO2023, le porte Garofoli in legno massiccio moderne e raffinate<\/title>\n<meta name=\"description\" content=\"Nel nostro showroom alle porte di Milano, potrai trovare una vasta esposizione di porte in legno massiccio moderne e raffinate Garofoli\" \/>\n<meta name=\"robots\" content=\"index, follow, max-snippet:-1, max-image-preview:large, max-video-preview:-1\" \/>\n<link rel=\"canonical\" href=\"https:\/\/www.mmlegnopiu.it\/porte-finestre-milano\/prodotto\/garofoli-porte-legno-massiccio-moderne\/\" \/>\n<meta property=\"og:locale\" content=\"it_IT\" \/>\n<meta property=\"og:type\" content=\"article\" \/>\n<meta property=\"og:title\" content=\"IO2023, le porte Garofoli in legno massiccio moderne e raffinate\" \/>\n<meta property=\"og:description\" content=\"Nel nostro showroom alle porte di Milano, potrai trovare una vasta esposizione di porte in legno massiccio moderne e raffinate Garofoli\" \/>\n<meta property=\"og:url\" content=\"https:\/\/www.mmlegnopiu.it\/porte-finestre-milano\/prodotto\/garofoli-porte-legno-massiccio-moderne\/\" \/>\n<meta property=\"og:site_name\" content=\"M&amp;M Legno Pi\u00f9\" \/>\n<meta property=\"article:modified_time\" content=\"2023-02-21T15:31:27+00:00\" \/>\n<meta property=\"og:image\" content=\"http:\/\/www.mmlegnopiu.it\/porte-finestre-milano\/wp-content\/uploads\/2023\/02\/porte-garofoli-legno-massiccio-5.jpg\" \/>\n\t<meta property=\"og:image:width\" content=\"1200\" \/>\n\t<meta property=\"og:image:height\" content=\"1500\" \/>\n\t<meta property=\"og:image:type\" content=\"image\/jpeg\" \/>\n<meta name=\"twitter:card\" content=\"summary_large_image\" \/>\n<meta name=\"twitter:label1\" content=\"Tempo di lettura stimato\" \/>\n\t<meta name=\"twitter:data1\" content=\"2 minuti\" \/>\n<script type=\"application\/ld+json\" class=\"yoast-schema-graph\">{\"@context\":\"https:\/\/schema.org\",\"@graph\":[{\"@type\":\"WebPage\",\"@id\":\"https:\/\/www.mmlegnopiu.it\/porte-finestre-milano\/prodotto\/garofoli-porte-legno-massiccio-moderne\/\",\"url\":\"https:\/\/www.mmlegnopiu.it\/porte-finestre-milano\/prodotto\/garofoli-porte-legno-massiccio-moderne\/\",\"name\":\"IO2023, le porte Garofoli in legno massiccio moderne e raffinate\",\"isPartOf\":{\"@id\":\"https:\/\/www.mmlegnopiu.it\/porte-finestre-milano\/#website\"},\"primaryImageOfPage\":{\"@id\":\"https:\/\/www.mmlegnopiu.it\/porte-finestre-milano\/prodotto\/garofoli-porte-legno-massiccio-moderne\/#primaryimage\"},\"image\":{\"@id\":\"https:\/\/www.mmlegnopiu.it\/porte-finestre-milano\/prodotto\/garofoli-porte-legno-massiccio-moderne\/#primaryimage\"},\"thumbnailUrl\":\"https:\/\/www.mmlegnopiu.it\/porte-finestre-milano\/wp-content\/uploads\/2023\/02\/porte-garofoli-legno-massiccio-5.jpg\",\"datePublished\":\"2023-02-21T15:13:53+00:00\",\"dateModified\":\"2023-02-21T15:31:27+00:00\",\"description\":\"Nel nostro showroom alle porte di Milano, potrai trovare una vasta esposizione di porte in legno massiccio moderne e raffinate Garofoli\",\"breadcrumb\":{\"@id\":\"https:\/\/www.mmlegnopiu.it\/porte-finestre-milano\/prodotto\/garofoli-porte-legno-massiccio-moderne\/#breadcrumb\"},\"inLanguage\":\"it-IT\",\"potentialAction\":[{\"@type\":\"ReadAction\",\"target\":[\"https:\/\/www.mmlegnopiu.it\/porte-finestre-milano\/prodotto\/garofoli-porte-legno-massiccio-moderne\/\"]}]},{\"@type\":\"ImageObject\",\"inLanguage\":\"it-IT\",\"@id\":\"https:\/\/www.mmlegnopiu.it\/porte-finestre-milano\/prodotto\/garofoli-porte-legno-massiccio-moderne\/#primaryimage\",\"url\":\"https:\/\/www.mmlegnopiu.it\/porte-finestre-milano\/wp-content\/uploads\/2023\/02\/porte-garofoli-legno-massiccio-5.jpg\",\"contentUrl\":\"https:\/\/www.mmlegnopiu.it\/porte-finestre-milano\/wp-content\/uploads\/2023\/02\/porte-garofoli-legno-massiccio-5.jpg\",\"width\":1200,\"height\":1500},{\"@type\":\"BreadcrumbList\",\"@id\":\"https:\/\/www.mmlegnopiu.it\/porte-finestre-milano\/prodotto\/garofoli-porte-legno-massiccio-moderne\/#breadcrumb\",\"itemListElement\":[{\"@type\":\"ListItem\",\"position\":1,\"name\":\"Home\",\"item\":\"https:\/\/www.mmlegnopiu.it\/porte-finestre-milano\/\"},{\"@type\":\"ListItem\",\"position\":2,\"name\":\"Shop\",\"item\":\"https:\/\/www.mmlegnopiu.it\/porte-finestre-milano\/shop\/\"},{\"@type\":\"ListItem\",\"position\":3,\"name\":\"IO, le porte in legno massiccio moderne e raffinate\"}]},{\"@type\":\"WebSite\",\"@id\":\"https:\/\/www.mmlegnopiu.it\/porte-finestre-milano\/#website\",\"url\":\"https:\/\/www.mmlegnopiu.it\/porte-finestre-milano\/\",\"name\":\"M&amp;M Legno Pi\u00f9\",\"description\":\"Finestre Milano, porte, scale.\",\"publisher\":{\"@id\":\"https:\/\/www.mmlegnopiu.it\/porte-finestre-milano\/#organization\"},\"potentialAction\":[{\"@type\":\"SearchAction\",\"target\":{\"@type\":\"EntryPoint\",\"urlTemplate\":\"https:\/\/www.mmlegnopiu.it\/porte-finestre-milano\/?s={search_term_string}\"},\"query-input\":{\"@type\":\"PropertyValueSpecification\",\"valueRequired\":true,\"valueName\":\"search_term_string\"}}],\"inLanguage\":\"it-IT\"},{\"@type\":\"Organization\",\"@id\":\"https:\/\/www.mmlegnopiu.it\/porte-finestre-milano\/#organization\",\"name\":\"M & M Legno Pi\u00f9\",\"url\":\"https:\/\/www.mmlegnopiu.it\/porte-finestre-milano\/\",\"logo\":{\"@type\":\"ImageObject\",\"inLanguage\":\"it-IT\",\"@id\":\"https:\/\/www.mmlegnopiu.it\/porte-finestre-milano\/#\/schema\/logo\/image\/\",\"url\":\"https:\/\/www.mmlegnopiu.it\/porte-finestre-milano\/wp-content\/uploads\/2015\/04\/logo.jpg\",\"contentUrl\":\"https:\/\/www.mmlegnopiu.it\/porte-finestre-milano\/wp-content\/uploads\/2015\/04\/logo.jpg\",\"width\":214,\"height\":219,\"caption\":\"M & M Legno Pi\u00f9\"},\"image\":{\"@id\":\"https:\/\/www.mmlegnopiu.it\/porte-finestre-milano\/#\/schema\/logo\/image\/\"}}]}<\/script>\n<!-- \/ Yoast SEO plugin. -->","yoast_head_json":{"title":"IO2023, le porte Garofoli in legno massiccio moderne e raffinate","description":"Nel nostro showroom alle porte di Milano, potrai trovare una vasta esposizione di porte in legno massiccio moderne e raffinate Garofoli","robots":{"index":"index","follow":"follow","max-snippet":"max-snippet:-1","max-image-preview":"max-image-preview:large","max-video-preview":"max-video-preview:-1"},"canonical":"https:\/\/www.mmlegnopiu.it\/porte-finestre-milano\/prodotto\/garofoli-porte-legno-massiccio-moderne\/","og_locale":"it_IT","og_type":"article","og_title":"IO2023, le porte Garofoli in legno massiccio moderne e raffinate","og_description":"Nel nostro showroom alle porte di Milano, potrai trovare una vasta esposizione di porte in legno massiccio moderne e raffinate Garofoli","og_url":"https:\/\/www.mmlegnopiu.it\/porte-finestre-milano\/prodotto\/garofoli-porte-legno-massiccio-moderne\/","og_site_name":"M&amp;M Legno Pi\u00f9","article_modified_time":"2023-02-21T15:31:27+00:00","og_image":[{"width":1200,"height":1500,"url":"http:\/\/www.mmlegnopiu.it\/porte-finestre-milano\/wp-content\/uploads\/2023\/02\/porte-garofoli-legno-massiccio-5.jpg","type":"image\/jpeg"}],"twitter_card":"summary_large_image","twitter_misc":{"Tempo di lettura stimato":"2 minuti"},"schema":{"@context":"https:\/\/schema.org","@graph":[{"@type":"WebPage","@id":"https:\/\/www.mmlegnopiu.it\/porte-finestre-milano\/prodotto\/garofoli-porte-legno-massiccio-moderne\/","url":"https:\/\/www.mmlegnopiu.it\/porte-finestre-milano\/prodotto\/garofoli-porte-legno-massiccio-moderne\/","name":"IO2023, le porte Garofoli in legno massiccio moderne e raffinate","isPartOf":{"@id":"https:\/\/www.mmlegnopiu.it\/porte-finestre-milano\/#website"},"primaryImageOfPage":{"@id":"https:\/\/www.mmlegnopiu.it\/porte-finestre-milano\/prodotto\/garofoli-porte-legno-massiccio-moderne\/#primaryimage"},"image":{"@id":"https:\/\/www.mmlegnopiu.it\/porte-finestre-milano\/prodotto\/garofoli-porte-legno-massiccio-moderne\/#primaryimage"},"thumbnailUrl":"https:\/\/www.mmlegnopiu.it\/porte-finestre-milano\/wp-content\/uploads\/2023\/02\/porte-garofoli-legno-massiccio-5.jpg","datePublished":"2023-02-21T15:13:53+00:00","dateModified":"2023-02-21T15:31:27+00:00","description":"Nel nostro showroom alle porte di Milano, potrai trovare una vasta esposizione di porte in legno massiccio moderne e raffinate Garofoli","breadcrumb":{"@id":"https:\/\/www.mmlegnopiu.it\/porte-finestre-milano\/prodotto\/garofoli-porte-legno-massiccio-moderne\/#breadcrumb"},"inLanguage":"it-IT","potentialAction":[{"@type":"ReadAction","target":["https:\/\/www.mmlegnopiu.it\/porte-finestre-milano\/prodotto\/garofoli-porte-legno-massiccio-moderne\/"]}]},{"@type":"ImageObject","inLanguage":"it-IT","@id":"https:\/\/www.mmlegnopiu.it\/porte-finestre-milano\/prodotto\/garofoli-porte-legno-massiccio-moderne\/#primaryimage","url":"https:\/\/www.mmlegnopiu.it\/porte-finestre-milano\/wp-content\/uploads\/2023\/02\/porte-garofoli-legno-massiccio-5.jpg","contentUrl":"https:\/\/www.mmlegnopiu.it\/porte-finestre-milano\/wp-content\/uploads\/2023\/02\/porte-garofoli-legno-massiccio-5.jpg","width":1200,"height":1500},{"@type":"BreadcrumbList","@id":"https:\/\/www.mmlegnopiu.it\/porte-finestre-milano\/prodotto\/garofoli-porte-legno-massiccio-moderne\/#breadcrumb","itemListElement":[{"@type":"ListItem","position":1,"name":"Home","item":"https:\/\/www.mmlegnopiu.it\/porte-finestre-milano\/"},{"@type":"ListItem","position":2,"name":"Shop","item":"https:\/\/www.mmlegnopiu.it\/porte-finestre-milano\/shop\/"},{"@type":"ListItem","position":3,"name":"IO, le porte in legno massiccio moderne e raffinate"}]},{"@type":"WebSite","@id":"https:\/\/www.mmlegnopiu.it\/porte-finestre-milano\/#website","url":"https:\/\/www.mmlegnopiu.it\/porte-finestre-milano\/","name":"M&amp;M Legno Pi\u00f9","description":"Finestre Milano, porte, scale.","publisher":{"@id":"https:\/\/www.mmlegnopiu.it\/porte-finestre-milano\/#organization"},"potentialAction":[{"@type":"SearchAction","target":{"@type":"EntryPoint","urlTemplate":"https:\/\/www.mmlegnopiu.it\/porte-finestre-milano\/?s={search_term_string}"},"query-input":{"@type":"PropertyValueSpecification","valueRequired":true,"valueName":"search_term_string"}}],"inLanguage":"it-IT"},{"@type":"Organization","@id":"https:\/\/www.mmlegnopiu.it\/porte-finestre-milano\/#organization","name":"M & M Legno Pi\u00f9","url":"https:\/\/www.mmlegnopiu.it\/porte-finestre-milano\/","logo":{"@type":"ImageObject","inLanguage":"it-IT","@id":"https:\/\/www.mmlegnopiu.it\/porte-finestre-milano\/#\/schema\/logo\/image\/","url":"https:\/\/www.mmlegnopiu.it\/porte-finestre-milano\/wp-content\/uploads\/2015\/04\/logo.jpg","contentUrl":"https:\/\/www.mmlegnopiu.it\/porte-finestre-milano\/wp-content\/uploads\/2015\/04\/logo.jpg","width":214,"height":219,"caption":"M & M Legno Pi\u00f9"},"image":{"@id":"https:\/\/www.mmlegnopiu.it\/porte-finestre-milano\/#\/schema\/logo\/image\/"}}]}},"_links":{"self":[{"href":"https:\/\/www.mmlegnopiu.it\/porte-finestre-milano\/wp-json\/wp\/v2\/product\/10682","targetHints":{"allow":["GET"]}}],"collection":[{"href":"https:\/\/www.mmlegnopiu.it\/porte-finestre-milano\/wp-json\/wp\/v2\/product"}],"about":[{"href":"https:\/\/www.mmlegnopiu.it\/porte-finestre-milano\/wp-json\/wp\/v2\/types\/product"}],"wp:featuredmedia":[{"embeddable":true,"href":"https:\/\/www.mmlegnopiu.it\/porte-finestre-milano\/wp-json\/wp\/v2\/media\/10683"}],"wp:attachment":[{"href":"https:\/\/www.mmlegnopiu.it\/porte-finestre-milano\/wp-json\/wp\/v2\/media?parent=10682"}],"wp:term":[{"taxonomy":"product_brand","embeddable":true,"href":"https:\/\/www.mmlegnopiu.it\/porte-finestre-milano\/wp-json\/wp\/v2\/product_brand?post=10682"},{"taxonomy":"product_cat","embeddable":true,"href":"https:\/\/www.mmlegnopiu.it\/porte-finestre-milano\/wp-json\/wp\/v2\/product_cat?post=10682"},{"taxonomy":"product_tag","embeddable":true,"href":"https:\/\/www.mmlegnopiu.it\/porte-finestre-milano\/wp-json\/wp\/v2\/product_tag?post=10682"}],"curies":[{"name":"wp","href":"https:\/\/api.w.org\/{rel}","templated":true}]}}