{"id":10711,"date":"2023-02-24T09:31:37","date_gmt":"2023-02-24T08:31:37","guid":{"rendered":"https:\/\/www.mmlegnopiu.it\/porte-finestre-milano\/?post_type=product&#038;p=10711"},"modified":"2023-02-24T09:40:32","modified_gmt":"2023-02-24T08:40:32","slug":"pergole-bioclimatiche-milano","status":"publish","type":"product","link":"https:\/\/www.mmlegnopiu.it\/porte-finestre-milano\/prodotto\/pergole-bioclimatiche-milano\/","title":{"rendered":"Pergole bioclimatiche"},"content":{"rendered":"<p>&nbsp;<\/p>\n<h1 style=\"text-align: center;\"><img loading=\"lazy\" decoding=\"async\" class=\"alignnone size-full wp-image-10717\" src=\"http:\/\/www.mmlegnopiu.it\/porte-finestre-milano\/wp-content\/uploads\/2023\/02\/mioclimatica.png\" alt=\"\" width=\"400\" height=\"50\" srcset=\"https:\/\/www.mmlegnopiu.it\/porte-finestre-milano\/wp-content\/uploads\/2023\/02\/mioclimatica.png 400w, https:\/\/www.mmlegnopiu.it\/porte-finestre-milano\/wp-content\/uploads\/2023\/02\/mioclimatica-300x38.png 300w\" sizes=\"auto, (max-width: 400px) 100vw, 400px\" \/><\/h1>\n<p>&nbsp;<\/p>\n<h2><\/h2>\n<p>&nbsp;<\/p>\n<h2><\/h2>\n<h2>Perch\u00e9 Mioclimatica?<\/h2>\n<h2>\nPerch\u00e9 \u00e8 l\u2019unica pergola bioclimatica realizzata esattamente per come la vuole il cliente, senza scendere a compromessi di forme, dimensioni, finiture o colori.<\/h2>\n<h2>E\u2019 la concretizzazione della filosofia di<a href=\"https:\/\/www.woodallgarden.it\/it\/prodotti\/pergole-bioclimatiche\"> WoodAllGarden (WAG)<\/a> che mette l\u2019uomo al centro della propria produzione: quindi non l\u2019uomo che adatta le sue scelte ai prodotti esistenti sul mercato ma i prodotti che si conformano alle scelte dell\u2019uomo. Quindi anche la pergola bioclimatica Mariposa si adatta a questa filosofia aziendale, trasformandosi da una comune pergola bioclimatica alla Mioclimatica di ciascun cliente.<\/h2>\n<h2>Mariposa rappresenta dunque l\u2019evoluzione dei sistemi bioclimatici realizzati sino ad oggi.<\/h2>\n<h2>Completamente in alluminio (zero manutenzione) con pale orientabili di due misure, da cm 16 e cm 19, \u00e8 costituita da un robusto telaio che alloggia un sistema di lamelle in alluminio orientabili e controllabili anche con sistemi domotici oltre che con un semplicissimo argano manuale. Naturalmente a tenuta stagna, permette di modulare a proprio piacimento la temperatura, la luminosita&#8217; e la ventilazione conferendole quel valore aggiunto che ne permette l&#8217;utilizzo sia nelle giornate di pioggia che sotto il caldo sole estivo.<\/h2>\n<p>&nbsp;<\/p>\n<p>&nbsp;<\/p>\n<p><img loading=\"lazy\" decoding=\"async\" class=\"size-full wp-image-10713 aligncenter\" src=\"http:\/\/www.mmlegnopiu.it\/porte-finestre-milano\/wp-content\/uploads\/2023\/02\/pergole-bioclimatiche-4.jpg\" alt=\"\" width=\"900\" height=\"598\" srcset=\"https:\/\/www.mmlegnopiu.it\/porte-finestre-milano\/wp-content\/uploads\/2023\/02\/pergole-bioclimatiche-4.jpg 900w, https:\/\/www.mmlegnopiu.it\/porte-finestre-milano\/wp-content\/uploads\/2023\/02\/pergole-bioclimatiche-4-400x266.jpg 400w, https:\/\/www.mmlegnopiu.it\/porte-finestre-milano\/wp-content\/uploads\/2023\/02\/pergole-bioclimatiche-4-300x199.jpg 300w, https:\/\/www.mmlegnopiu.it\/porte-finestre-milano\/wp-content\/uploads\/2023\/02\/pergole-bioclimatiche-4-768x510.jpg 768w\" sizes=\"auto, (max-width: 900px) 100vw, 900px\" \/><\/p>\n<p>&nbsp;<\/p>\n<p>&nbsp;<\/p>\n<h2>Tali caratteristiche aumentando l&#8217;efficenza energetica permettono a questa tipologia di copertura di usufruire di un ecobonus pari al 50% del costo.<\/h2>\n<h2>Disponibile con struttura di appoggio di varie forme e dimensioni, anche irregolari, pu\u00f2 essere realizzata autoportante, addossata a parete, solo tetto in appoggio e, ulteriore novit\u00e0, adattabile anche a strutture gi\u00e0 esistenti.<\/h2>\n<h2>Disponibile in tutte le colorazioni ral, \u00e8 realizzabile anche in finiture effetto legno e bicolore.<\/h2>\n<h2>Completano le caratteristiche di Mariposa la tenuta neve, modulabile in funzione delle esigenze climatiche sino ad arrivare a carichi molto elevati, e la classe 6 di resistenza al vento, la massima raggiungibile nel settore.<\/h2>\n<h2>Alluminio di elevato spessore, componenti meccaniche ed elettroniche testate da anni, garantiscono una durata sensibilmente superiore ai migliori prodotti del settore.<\/h2>\n<p>&nbsp;<\/p>\n<p>&nbsp;<\/p>\n<p><a href=\"https:\/\/www.mmlegnopiu.it\/porte-finestre-milano\/contatti\/\">PER MAGGIORI INFORMAZIONI<\/a><\/p>\n<p>&nbsp;<\/p>\n<p>&nbsp;<\/p>\n<p>&nbsp;<\/p>\n<p>&nbsp;<\/p>\n","protected":false},"excerpt":{"rendered":"<p>&nbsp;<\/p>\n<h1>WoodAllGarden (WAG) presenta la sua pergola bioclimatica denominata Mioclimatica MARIPOSA.<\/h1>\n","protected":false},"featured_media":10714,"template":"","meta":[],"product_brand":[],"product_cat":[743],"product_tag":[241,242,744],"class_list":{"0":"post-10711","1":"product","2":"type-product","3":"status-publish","4":"has-post-thumbnail","6":"product_cat-wood-all-garden-pergole-bioclimatiche","7":"product_tag-arredo-giardino","8":"product_tag-pergole","9":"product_tag-pergole-bioclimatiche","11":"first","12":"instock","13":"shipping-taxable","14":"product-type-simple"},"yoast_head":"<!-- This site is optimized with the Yoast SEO plugin v26.8 - https:\/\/yoast.com\/product\/yoast-seo-wordpress\/ -->\n<title>WOODALLGARDEN MARIPOSA. Pergole bioclimatiche a Milano<\/title>\n<meta name=\"description\" content=\"Pergole bioclimatiche MARIPOSA a Milano. L\u2019unica pergola bioclimatica realizzata esattamente per come la vuole il cliente, senza scendere a compromessi.\" \/>\n<meta name=\"robots\" content=\"index, follow, max-snippet:-1, max-image-preview:large, max-video-preview:-1\" \/>\n<link rel=\"canonical\" href=\"https:\/\/www.mmlegnopiu.it\/porte-finestre-milano\/prodotto\/pergole-bioclimatiche-milano\/\" \/>\n<meta property=\"og:locale\" content=\"it_IT\" \/>\n<meta property=\"og:type\" content=\"article\" \/>\n<meta property=\"og:title\" content=\"WOODALLGARDEN MARIPOSA. Pergole bioclimatiche a Milano\" \/>\n<meta property=\"og:description\" content=\"Pergole bioclimatiche MARIPOSA a Milano. L\u2019unica pergola bioclimatica realizzata esattamente per come la vuole il cliente, senza scendere a compromessi.\" \/>\n<meta property=\"og:url\" content=\"https:\/\/www.mmlegnopiu.it\/porte-finestre-milano\/prodotto\/pergole-bioclimatiche-milano\/\" \/>\n<meta property=\"og:site_name\" content=\"M&amp;M Legno Pi\u00f9\" \/>\n<meta property=\"article:modified_time\" content=\"2023-02-24T08:40:32+00:00\" \/>\n<meta property=\"og:image\" content=\"http:\/\/www.mmlegnopiu.it\/porte-finestre-milano\/wp-content\/uploads\/2023\/02\/pergole-bioclimatiche-3.jpg\" \/>\n\t<meta property=\"og:image:width\" content=\"1600\" \/>\n\t<meta property=\"og:image:height\" content=\"1200\" \/>\n\t<meta property=\"og:image:type\" content=\"image\/jpeg\" \/>\n<meta name=\"twitter:card\" content=\"summary_large_image\" \/>\n<meta name=\"twitter:label1\" content=\"Tempo di lettura stimato\" \/>\n\t<meta name=\"twitter:data1\" content=\"3 minuti\" \/>\n<script type=\"application\/ld+json\" class=\"yoast-schema-graph\">{\"@context\":\"https:\/\/schema.org\",\"@graph\":[{\"@type\":\"WebPage\",\"@id\":\"https:\/\/www.mmlegnopiu.it\/porte-finestre-milano\/prodotto\/pergole-bioclimatiche-milano\/\",\"url\":\"https:\/\/www.mmlegnopiu.it\/porte-finestre-milano\/prodotto\/pergole-bioclimatiche-milano\/\",\"name\":\"WOODALLGARDEN MARIPOSA. Pergole bioclimatiche a Milano\",\"isPartOf\":{\"@id\":\"https:\/\/www.mmlegnopiu.it\/porte-finestre-milano\/#website\"},\"primaryImageOfPage\":{\"@id\":\"https:\/\/www.mmlegnopiu.it\/porte-finestre-milano\/prodotto\/pergole-bioclimatiche-milano\/#primaryimage\"},\"image\":{\"@id\":\"https:\/\/www.mmlegnopiu.it\/porte-finestre-milano\/prodotto\/pergole-bioclimatiche-milano\/#primaryimage\"},\"thumbnailUrl\":\"https:\/\/www.mmlegnopiu.it\/porte-finestre-milano\/wp-content\/uploads\/2023\/02\/pergole-bioclimatiche-3.jpg\",\"datePublished\":\"2023-02-24T08:31:37+00:00\",\"dateModified\":\"2023-02-24T08:40:32+00:00\",\"description\":\"Pergole bioclimatiche MARIPOSA a Milano. L\u2019unica pergola bioclimatica realizzata esattamente per come la vuole il cliente, senza scendere a compromessi.\",\"breadcrumb\":{\"@id\":\"https:\/\/www.mmlegnopiu.it\/porte-finestre-milano\/prodotto\/pergole-bioclimatiche-milano\/#breadcrumb\"},\"inLanguage\":\"it-IT\",\"potentialAction\":[{\"@type\":\"ReadAction\",\"target\":[\"https:\/\/www.mmlegnopiu.it\/porte-finestre-milano\/prodotto\/pergole-bioclimatiche-milano\/\"]}]},{\"@type\":\"ImageObject\",\"inLanguage\":\"it-IT\",\"@id\":\"https:\/\/www.mmlegnopiu.it\/porte-finestre-milano\/prodotto\/pergole-bioclimatiche-milano\/#primaryimage\",\"url\":\"https:\/\/www.mmlegnopiu.it\/porte-finestre-milano\/wp-content\/uploads\/2023\/02\/pergole-bioclimatiche-3.jpg\",\"contentUrl\":\"https:\/\/www.mmlegnopiu.it\/porte-finestre-milano\/wp-content\/uploads\/2023\/02\/pergole-bioclimatiche-3.jpg\",\"width\":1600,\"height\":1200},{\"@type\":\"BreadcrumbList\",\"@id\":\"https:\/\/www.mmlegnopiu.it\/porte-finestre-milano\/prodotto\/pergole-bioclimatiche-milano\/#breadcrumb\",\"itemListElement\":[{\"@type\":\"ListItem\",\"position\":1,\"name\":\"Home\",\"item\":\"https:\/\/www.mmlegnopiu.it\/porte-finestre-milano\/\"},{\"@type\":\"ListItem\",\"position\":2,\"name\":\"Shop\",\"item\":\"https:\/\/www.mmlegnopiu.it\/porte-finestre-milano\/shop\/\"},{\"@type\":\"ListItem\",\"position\":3,\"name\":\"Pergole bioclimatiche\"}]},{\"@type\":\"WebSite\",\"@id\":\"https:\/\/www.mmlegnopiu.it\/porte-finestre-milano\/#website\",\"url\":\"https:\/\/www.mmlegnopiu.it\/porte-finestre-milano\/\",\"name\":\"M&amp;M Legno Pi\u00f9\",\"description\":\"Finestre Milano, porte, scale.\",\"publisher\":{\"@id\":\"https:\/\/www.mmlegnopiu.it\/porte-finestre-milano\/#organization\"},\"potentialAction\":[{\"@type\":\"SearchAction\",\"target\":{\"@type\":\"EntryPoint\",\"urlTemplate\":\"https:\/\/www.mmlegnopiu.it\/porte-finestre-milano\/?s={search_term_string}\"},\"query-input\":{\"@type\":\"PropertyValueSpecification\",\"valueRequired\":true,\"valueName\":\"search_term_string\"}}],\"inLanguage\":\"it-IT\"},{\"@type\":\"Organization\",\"@id\":\"https:\/\/www.mmlegnopiu.it\/porte-finestre-milano\/#organization\",\"name\":\"M & M Legno Pi\u00f9\",\"url\":\"https:\/\/www.mmlegnopiu.it\/porte-finestre-milano\/\",\"logo\":{\"@type\":\"ImageObject\",\"inLanguage\":\"it-IT\",\"@id\":\"https:\/\/www.mmlegnopiu.it\/porte-finestre-milano\/#\/schema\/logo\/image\/\",\"url\":\"https:\/\/www.mmlegnopiu.it\/porte-finestre-milano\/wp-content\/uploads\/2015\/04\/logo.jpg\",\"contentUrl\":\"https:\/\/www.mmlegnopiu.it\/porte-finestre-milano\/wp-content\/uploads\/2015\/04\/logo.jpg\",\"width\":214,\"height\":219,\"caption\":\"M & M Legno Pi\u00f9\"},\"image\":{\"@id\":\"https:\/\/www.mmlegnopiu.it\/porte-finestre-milano\/#\/schema\/logo\/image\/\"}}]}<\/script>\n<!-- \/ Yoast SEO plugin. -->","yoast_head_json":{"title":"WOODALLGARDEN MARIPOSA. Pergole bioclimatiche a Milano","description":"Pergole bioclimatiche MARIPOSA a Milano. L\u2019unica pergola bioclimatica realizzata esattamente per come la vuole il cliente, senza scendere a compromessi.","robots":{"index":"index","follow":"follow","max-snippet":"max-snippet:-1","max-image-preview":"max-image-preview:large","max-video-preview":"max-video-preview:-1"},"canonical":"https:\/\/www.mmlegnopiu.it\/porte-finestre-milano\/prodotto\/pergole-bioclimatiche-milano\/","og_locale":"it_IT","og_type":"article","og_title":"WOODALLGARDEN MARIPOSA. Pergole bioclimatiche a Milano","og_description":"Pergole bioclimatiche MARIPOSA a Milano. L\u2019unica pergola bioclimatica realizzata esattamente per come la vuole il cliente, senza scendere a compromessi.","og_url":"https:\/\/www.mmlegnopiu.it\/porte-finestre-milano\/prodotto\/pergole-bioclimatiche-milano\/","og_site_name":"M&amp;M Legno Pi\u00f9","article_modified_time":"2023-02-24T08:40:32+00:00","og_image":[{"width":1600,"height":1200,"url":"http:\/\/www.mmlegnopiu.it\/porte-finestre-milano\/wp-content\/uploads\/2023\/02\/pergole-bioclimatiche-3.jpg","type":"image\/jpeg"}],"twitter_card":"summary_large_image","twitter_misc":{"Tempo di lettura stimato":"3 minuti"},"schema":{"@context":"https:\/\/schema.org","@graph":[{"@type":"WebPage","@id":"https:\/\/www.mmlegnopiu.it\/porte-finestre-milano\/prodotto\/pergole-bioclimatiche-milano\/","url":"https:\/\/www.mmlegnopiu.it\/porte-finestre-milano\/prodotto\/pergole-bioclimatiche-milano\/","name":"WOODALLGARDEN MARIPOSA. Pergole bioclimatiche a Milano","isPartOf":{"@id":"https:\/\/www.mmlegnopiu.it\/porte-finestre-milano\/#website"},"primaryImageOfPage":{"@id":"https:\/\/www.mmlegnopiu.it\/porte-finestre-milano\/prodotto\/pergole-bioclimatiche-milano\/#primaryimage"},"image":{"@id":"https:\/\/www.mmlegnopiu.it\/porte-finestre-milano\/prodotto\/pergole-bioclimatiche-milano\/#primaryimage"},"thumbnailUrl":"https:\/\/www.mmlegnopiu.it\/porte-finestre-milano\/wp-content\/uploads\/2023\/02\/pergole-bioclimatiche-3.jpg","datePublished":"2023-02-24T08:31:37+00:00","dateModified":"2023-02-24T08:40:32+00:00","description":"Pergole bioclimatiche MARIPOSA a Milano. L\u2019unica pergola bioclimatica realizzata esattamente per come la vuole il cliente, senza scendere a compromessi.","breadcrumb":{"@id":"https:\/\/www.mmlegnopiu.it\/porte-finestre-milano\/prodotto\/pergole-bioclimatiche-milano\/#breadcrumb"},"inLanguage":"it-IT","potentialAction":[{"@type":"ReadAction","target":["https:\/\/www.mmlegnopiu.it\/porte-finestre-milano\/prodotto\/pergole-bioclimatiche-milano\/"]}]},{"@type":"ImageObject","inLanguage":"it-IT","@id":"https:\/\/www.mmlegnopiu.it\/porte-finestre-milano\/prodotto\/pergole-bioclimatiche-milano\/#primaryimage","url":"https:\/\/www.mmlegnopiu.it\/porte-finestre-milano\/wp-content\/uploads\/2023\/02\/pergole-bioclimatiche-3.jpg","contentUrl":"https:\/\/www.mmlegnopiu.it\/porte-finestre-milano\/wp-content\/uploads\/2023\/02\/pergole-bioclimatiche-3.jpg","width":1600,"height":1200},{"@type":"BreadcrumbList","@id":"https:\/\/www.mmlegnopiu.it\/porte-finestre-milano\/prodotto\/pergole-bioclimatiche-milano\/#breadcrumb","itemListElement":[{"@type":"ListItem","position":1,"name":"Home","item":"https:\/\/www.mmlegnopiu.it\/porte-finestre-milano\/"},{"@type":"ListItem","position":2,"name":"Shop","item":"https:\/\/www.mmlegnopiu.it\/porte-finestre-milano\/shop\/"},{"@type":"ListItem","position":3,"name":"Pergole bioclimatiche"}]},{"@type":"WebSite","@id":"https:\/\/www.mmlegnopiu.it\/porte-finestre-milano\/#website","url":"https:\/\/www.mmlegnopiu.it\/porte-finestre-milano\/","name":"M&amp;M Legno Pi\u00f9","description":"Finestre Milano, porte, scale.","publisher":{"@id":"https:\/\/www.mmlegnopiu.it\/porte-finestre-milano\/#organization"},"potentialAction":[{"@type":"SearchAction","target":{"@type":"EntryPoint","urlTemplate":"https:\/\/www.mmlegnopiu.it\/porte-finestre-milano\/?s={search_term_string}"},"query-input":{"@type":"PropertyValueSpecification","valueRequired":true,"valueName":"search_term_string"}}],"inLanguage":"it-IT"},{"@type":"Organization","@id":"https:\/\/www.mmlegnopiu.it\/porte-finestre-milano\/#organization","name":"M & M Legno Pi\u00f9","url":"https:\/\/www.mmlegnopiu.it\/porte-finestre-milano\/","logo":{"@type":"ImageObject","inLanguage":"it-IT","@id":"https:\/\/www.mmlegnopiu.it\/porte-finestre-milano\/#\/schema\/logo\/image\/","url":"https:\/\/www.mmlegnopiu.it\/porte-finestre-milano\/wp-content\/uploads\/2015\/04\/logo.jpg","contentUrl":"https:\/\/www.mmlegnopiu.it\/porte-finestre-milano\/wp-content\/uploads\/2015\/04\/logo.jpg","width":214,"height":219,"caption":"M & M Legno Pi\u00f9"},"image":{"@id":"https:\/\/www.mmlegnopiu.it\/porte-finestre-milano\/#\/schema\/logo\/image\/"}}]}},"_links":{"self":[{"href":"https:\/\/www.mmlegnopiu.it\/porte-finestre-milano\/wp-json\/wp\/v2\/product\/10711","targetHints":{"allow":["GET"]}}],"collection":[{"href":"https:\/\/www.mmlegnopiu.it\/porte-finestre-milano\/wp-json\/wp\/v2\/product"}],"about":[{"href":"https:\/\/www.mmlegnopiu.it\/porte-finestre-milano\/wp-json\/wp\/v2\/types\/product"}],"wp:featuredmedia":[{"embeddable":true,"href":"https:\/\/www.mmlegnopiu.it\/porte-finestre-milano\/wp-json\/wp\/v2\/media\/10714"}],"wp:attachment":[{"href":"https:\/\/www.mmlegnopiu.it\/porte-finestre-milano\/wp-json\/wp\/v2\/media?parent=10711"}],"wp:term":[{"taxonomy":"product_brand","embeddable":true,"href":"https:\/\/www.mmlegnopiu.it\/porte-finestre-milano\/wp-json\/wp\/v2\/product_brand?post=10711"},{"taxonomy":"product_cat","embeddable":true,"href":"https:\/\/www.mmlegnopiu.it\/porte-finestre-milano\/wp-json\/wp\/v2\/product_cat?post=10711"},{"taxonomy":"product_tag","embeddable":true,"href":"https:\/\/www.mmlegnopiu.it\/porte-finestre-milano\/wp-json\/wp\/v2\/product_tag?post=10711"}],"curies":[{"name":"wp","href":"https:\/\/api.w.org\/{rel}","templated":true}]}}