{"id":11392,"date":"2024-05-03T11:04:09","date_gmt":"2024-05-03T09:04:09","guid":{"rendered":"https:\/\/www.mmlegnopiu.it\/porte-finestre-milano\/?post_type=product&#038;p=11392"},"modified":"2024-06-04T10:36:34","modified_gmt":"2024-06-04T08:36:34","slug":"clip-iron-scale-di-design-milano","status":"publish","type":"product","link":"https:\/\/www.mmlegnopiu.it\/porte-finestre-milano\/prodotto\/clip-iron-scale-di-design-milano\/","title":{"rendered":"Clip Iron"},"content":{"rendered":"<h3>Lo stile di <a href=\"https:\/\/www.caststairs.com\/categorie-scala\/clip-iron\/\">Clip Iron <\/a>\u00e8 giovane e dinamico. La scala si presenta con strutture laterali a cremagliera realizzate con lamiera tagliata al laser e gradini fissati alla struttura da apposite staffe interne.<\/h3>\n<h3>I gradini sono in lamiera tagliata al laser dello spessore di 10 mm con motivo estetico che dona un tocco di originalit\u00e0.<\/h3>\n<h3>Le staffe di sostegno del gradino sono fissate internamente a mezzo di viti o saldature.<\/h3>\n<h3>Questa scala si presta a servire ambienti privati e le varie finiture disponibili delle parti in ferro possono offrire un ottimo risultato per ogni situazione di stile, moderno, sobrio ed elegante.<\/h3>\n<h3>La ringhiera S2800, fissata esternamente alla struttura \u00e8 di serie verniciata ma \u00e8 disponibile anche in acciaio inox.<\/h3>\n<h3>La ringhiera \u00e8 composta da colonne tubolari di \u00f8 20 mm, in numero da 4 o 6 tondini di \u00f8 8 mm e corrimano in ferro di \u00f8 42 mm.<\/h3>\n<h3>La scala \u00e8 fissata in partenza a pavimento e alla soletta nel punto di arrivo, ma in base alla conformazione si valutano sostegni supplementari.<\/h3>\n<p>&nbsp;<\/p>\n<h2><a href=\"https:\/\/www.mmlegnopiu.it\/porte-finestre-milano\/contatti\/\">Per maggiori informazioni<\/a><\/h2>\n","protected":false},"excerpt":{"rendered":"<h2>Le scale in ferro per interni appartenenti alla collezione Elegance di Cast Scale, sono scale convenienti e arredano con stile.<br \/>\nClip Iron \u00e8 una scala versatile e si adatta a tante soluzioni differenti e non necessita forzatamente di muri portanti laterali.<\/h2>\n","protected":false},"featured_media":11393,"template":"","meta":[],"product_brand":[],"product_cat":[770],"product_tag":[771,219,90],"class_list":{"0":"post-11392","1":"product","2":"type-product","3":"status-publish","4":"has-post-thumbnail","6":"product_cat-cast-scale-milano","7":"product_tag-cast","8":"product_tag-scale","9":"product_tag-scale-interne-2","11":"first","12":"instock","13":"shipping-taxable","14":"product-type-simple"},"yoast_head":"<!-- This site is optimized with the Yoast SEO plugin v26.8 - https:\/\/yoast.com\/product\/yoast-seo-wordpress\/ -->\n<title>Serie Clip Iron. Rivenditore scale Cast economiche a Milano<\/title>\n<meta name=\"description\" content=\"Soluzioni di design progettate e realizzate su misura. Vieni nel nostro showroom a scoprire tutte le scale economiche Cast a Milano\" \/>\n<meta name=\"robots\" content=\"index, follow, max-snippet:-1, max-image-preview:large, max-video-preview:-1\" \/>\n<link rel=\"canonical\" href=\"https:\/\/www.mmlegnopiu.it\/porte-finestre-milano\/prodotto\/clip-iron-scale-di-design-milano\/\" \/>\n<meta property=\"og:locale\" content=\"it_IT\" \/>\n<meta property=\"og:type\" content=\"article\" \/>\n<meta property=\"og:title\" content=\"Serie Clip Iron. Rivenditore scale Cast economiche a Milano\" \/>\n<meta property=\"og:description\" content=\"Soluzioni di design progettate e realizzate su misura. Vieni nel nostro showroom a scoprire tutte le scale economiche Cast a Milano\" \/>\n<meta property=\"og:url\" content=\"https:\/\/www.mmlegnopiu.it\/porte-finestre-milano\/prodotto\/clip-iron-scale-di-design-milano\/\" \/>\n<meta property=\"og:site_name\" content=\"M&amp;M Legno Pi\u00f9\" \/>\n<meta property=\"article:modified_time\" content=\"2024-06-04T08:36:34+00:00\" \/>\n<meta property=\"og:image\" content=\"http:\/\/www.mmlegnopiu.it\/porte-finestre-milano\/wp-content\/uploads\/2024\/05\/scale-in-ferro-per-interni-clip-iron-1.jpeg\" \/>\n\t<meta property=\"og:image:width\" content=\"2500\" \/>\n\t<meta property=\"og:image:height\" content=\"2200\" \/>\n\t<meta property=\"og:image:type\" content=\"image\/jpeg\" \/>\n<meta name=\"twitter:card\" content=\"summary_large_image\" \/>\n<meta name=\"twitter:label1\" content=\"Tempo di lettura stimato\" \/>\n\t<meta name=\"twitter:data1\" content=\"1 minuto\" \/>\n<script type=\"application\/ld+json\" class=\"yoast-schema-graph\">{\"@context\":\"https:\/\/schema.org\",\"@graph\":[{\"@type\":\"WebPage\",\"@id\":\"https:\/\/www.mmlegnopiu.it\/porte-finestre-milano\/prodotto\/clip-iron-scale-di-design-milano\/\",\"url\":\"https:\/\/www.mmlegnopiu.it\/porte-finestre-milano\/prodotto\/clip-iron-scale-di-design-milano\/\",\"name\":\"Serie Clip Iron. Rivenditore scale Cast economiche a Milano\",\"isPartOf\":{\"@id\":\"https:\/\/www.mmlegnopiu.it\/porte-finestre-milano\/#website\"},\"primaryImageOfPage\":{\"@id\":\"https:\/\/www.mmlegnopiu.it\/porte-finestre-milano\/prodotto\/clip-iron-scale-di-design-milano\/#primaryimage\"},\"image\":{\"@id\":\"https:\/\/www.mmlegnopiu.it\/porte-finestre-milano\/prodotto\/clip-iron-scale-di-design-milano\/#primaryimage\"},\"thumbnailUrl\":\"https:\/\/www.mmlegnopiu.it\/porte-finestre-milano\/wp-content\/uploads\/2024\/05\/scale-in-ferro-per-interni-clip-iron-1.jpeg\",\"datePublished\":\"2024-05-03T09:04:09+00:00\",\"dateModified\":\"2024-06-04T08:36:34+00:00\",\"description\":\"Soluzioni di design progettate e realizzate su misura. Vieni nel nostro showroom a scoprire tutte le scale economiche Cast a Milano\",\"breadcrumb\":{\"@id\":\"https:\/\/www.mmlegnopiu.it\/porte-finestre-milano\/prodotto\/clip-iron-scale-di-design-milano\/#breadcrumb\"},\"inLanguage\":\"it-IT\",\"potentialAction\":[{\"@type\":\"ReadAction\",\"target\":[\"https:\/\/www.mmlegnopiu.it\/porte-finestre-milano\/prodotto\/clip-iron-scale-di-design-milano\/\"]}]},{\"@type\":\"ImageObject\",\"inLanguage\":\"it-IT\",\"@id\":\"https:\/\/www.mmlegnopiu.it\/porte-finestre-milano\/prodotto\/clip-iron-scale-di-design-milano\/#primaryimage\",\"url\":\"https:\/\/www.mmlegnopiu.it\/porte-finestre-milano\/wp-content\/uploads\/2024\/05\/scale-in-ferro-per-interni-clip-iron-1.jpeg\",\"contentUrl\":\"https:\/\/www.mmlegnopiu.it\/porte-finestre-milano\/wp-content\/uploads\/2024\/05\/scale-in-ferro-per-interni-clip-iron-1.jpeg\",\"width\":2500,\"height\":2200},{\"@type\":\"BreadcrumbList\",\"@id\":\"https:\/\/www.mmlegnopiu.it\/porte-finestre-milano\/prodotto\/clip-iron-scale-di-design-milano\/#breadcrumb\",\"itemListElement\":[{\"@type\":\"ListItem\",\"position\":1,\"name\":\"Home\",\"item\":\"https:\/\/www.mmlegnopiu.it\/porte-finestre-milano\/\"},{\"@type\":\"ListItem\",\"position\":2,\"name\":\"Shop\",\"item\":\"https:\/\/www.mmlegnopiu.it\/porte-finestre-milano\/shop\/\"},{\"@type\":\"ListItem\",\"position\":3,\"name\":\"Clip Iron\"}]},{\"@type\":\"WebSite\",\"@id\":\"https:\/\/www.mmlegnopiu.it\/porte-finestre-milano\/#website\",\"url\":\"https:\/\/www.mmlegnopiu.it\/porte-finestre-milano\/\",\"name\":\"M&amp;M Legno Pi\u00f9\",\"description\":\"Finestre Milano, porte, scale.\",\"publisher\":{\"@id\":\"https:\/\/www.mmlegnopiu.it\/porte-finestre-milano\/#organization\"},\"potentialAction\":[{\"@type\":\"SearchAction\",\"target\":{\"@type\":\"EntryPoint\",\"urlTemplate\":\"https:\/\/www.mmlegnopiu.it\/porte-finestre-milano\/?s={search_term_string}\"},\"query-input\":{\"@type\":\"PropertyValueSpecification\",\"valueRequired\":true,\"valueName\":\"search_term_string\"}}],\"inLanguage\":\"it-IT\"},{\"@type\":\"Organization\",\"@id\":\"https:\/\/www.mmlegnopiu.it\/porte-finestre-milano\/#organization\",\"name\":\"M & M Legno Pi\u00f9\",\"url\":\"https:\/\/www.mmlegnopiu.it\/porte-finestre-milano\/\",\"logo\":{\"@type\":\"ImageObject\",\"inLanguage\":\"it-IT\",\"@id\":\"https:\/\/www.mmlegnopiu.it\/porte-finestre-milano\/#\/schema\/logo\/image\/\",\"url\":\"https:\/\/www.mmlegnopiu.it\/porte-finestre-milano\/wp-content\/uploads\/2015\/04\/logo.jpg\",\"contentUrl\":\"https:\/\/www.mmlegnopiu.it\/porte-finestre-milano\/wp-content\/uploads\/2015\/04\/logo.jpg\",\"width\":214,\"height\":219,\"caption\":\"M & M Legno Pi\u00f9\"},\"image\":{\"@id\":\"https:\/\/www.mmlegnopiu.it\/porte-finestre-milano\/#\/schema\/logo\/image\/\"}}]}<\/script>\n<!-- \/ Yoast SEO plugin. -->","yoast_head_json":{"title":"Serie Clip Iron. Rivenditore scale Cast economiche a Milano","description":"Soluzioni di design progettate e realizzate su misura. Vieni nel nostro showroom a scoprire tutte le scale economiche Cast a Milano","robots":{"index":"index","follow":"follow","max-snippet":"max-snippet:-1","max-image-preview":"max-image-preview:large","max-video-preview":"max-video-preview:-1"},"canonical":"https:\/\/www.mmlegnopiu.it\/porte-finestre-milano\/prodotto\/clip-iron-scale-di-design-milano\/","og_locale":"it_IT","og_type":"article","og_title":"Serie Clip Iron. Rivenditore scale Cast economiche a Milano","og_description":"Soluzioni di design progettate e realizzate su misura. Vieni nel nostro showroom a scoprire tutte le scale economiche Cast a Milano","og_url":"https:\/\/www.mmlegnopiu.it\/porte-finestre-milano\/prodotto\/clip-iron-scale-di-design-milano\/","og_site_name":"M&amp;M Legno Pi\u00f9","article_modified_time":"2024-06-04T08:36:34+00:00","og_image":[{"width":2500,"height":2200,"url":"http:\/\/www.mmlegnopiu.it\/porte-finestre-milano\/wp-content\/uploads\/2024\/05\/scale-in-ferro-per-interni-clip-iron-1.jpeg","type":"image\/jpeg"}],"twitter_card":"summary_large_image","twitter_misc":{"Tempo di lettura stimato":"1 minuto"},"schema":{"@context":"https:\/\/schema.org","@graph":[{"@type":"WebPage","@id":"https:\/\/www.mmlegnopiu.it\/porte-finestre-milano\/prodotto\/clip-iron-scale-di-design-milano\/","url":"https:\/\/www.mmlegnopiu.it\/porte-finestre-milano\/prodotto\/clip-iron-scale-di-design-milano\/","name":"Serie Clip Iron. Rivenditore scale Cast economiche a Milano","isPartOf":{"@id":"https:\/\/www.mmlegnopiu.it\/porte-finestre-milano\/#website"},"primaryImageOfPage":{"@id":"https:\/\/www.mmlegnopiu.it\/porte-finestre-milano\/prodotto\/clip-iron-scale-di-design-milano\/#primaryimage"},"image":{"@id":"https:\/\/www.mmlegnopiu.it\/porte-finestre-milano\/prodotto\/clip-iron-scale-di-design-milano\/#primaryimage"},"thumbnailUrl":"https:\/\/www.mmlegnopiu.it\/porte-finestre-milano\/wp-content\/uploads\/2024\/05\/scale-in-ferro-per-interni-clip-iron-1.jpeg","datePublished":"2024-05-03T09:04:09+00:00","dateModified":"2024-06-04T08:36:34+00:00","description":"Soluzioni di design progettate e realizzate su misura. Vieni nel nostro showroom a scoprire tutte le scale economiche Cast a Milano","breadcrumb":{"@id":"https:\/\/www.mmlegnopiu.it\/porte-finestre-milano\/prodotto\/clip-iron-scale-di-design-milano\/#breadcrumb"},"inLanguage":"it-IT","potentialAction":[{"@type":"ReadAction","target":["https:\/\/www.mmlegnopiu.it\/porte-finestre-milano\/prodotto\/clip-iron-scale-di-design-milano\/"]}]},{"@type":"ImageObject","inLanguage":"it-IT","@id":"https:\/\/www.mmlegnopiu.it\/porte-finestre-milano\/prodotto\/clip-iron-scale-di-design-milano\/#primaryimage","url":"https:\/\/www.mmlegnopiu.it\/porte-finestre-milano\/wp-content\/uploads\/2024\/05\/scale-in-ferro-per-interni-clip-iron-1.jpeg","contentUrl":"https:\/\/www.mmlegnopiu.it\/porte-finestre-milano\/wp-content\/uploads\/2024\/05\/scale-in-ferro-per-interni-clip-iron-1.jpeg","width":2500,"height":2200},{"@type":"BreadcrumbList","@id":"https:\/\/www.mmlegnopiu.it\/porte-finestre-milano\/prodotto\/clip-iron-scale-di-design-milano\/#breadcrumb","itemListElement":[{"@type":"ListItem","position":1,"name":"Home","item":"https:\/\/www.mmlegnopiu.it\/porte-finestre-milano\/"},{"@type":"ListItem","position":2,"name":"Shop","item":"https:\/\/www.mmlegnopiu.it\/porte-finestre-milano\/shop\/"},{"@type":"ListItem","position":3,"name":"Clip Iron"}]},{"@type":"WebSite","@id":"https:\/\/www.mmlegnopiu.it\/porte-finestre-milano\/#website","url":"https:\/\/www.mmlegnopiu.it\/porte-finestre-milano\/","name":"M&amp;M Legno Pi\u00f9","description":"Finestre Milano, porte, scale.","publisher":{"@id":"https:\/\/www.mmlegnopiu.it\/porte-finestre-milano\/#organization"},"potentialAction":[{"@type":"SearchAction","target":{"@type":"EntryPoint","urlTemplate":"https:\/\/www.mmlegnopiu.it\/porte-finestre-milano\/?s={search_term_string}"},"query-input":{"@type":"PropertyValueSpecification","valueRequired":true,"valueName":"search_term_string"}}],"inLanguage":"it-IT"},{"@type":"Organization","@id":"https:\/\/www.mmlegnopiu.it\/porte-finestre-milano\/#organization","name":"M & M Legno Pi\u00f9","url":"https:\/\/www.mmlegnopiu.it\/porte-finestre-milano\/","logo":{"@type":"ImageObject","inLanguage":"it-IT","@id":"https:\/\/www.mmlegnopiu.it\/porte-finestre-milano\/#\/schema\/logo\/image\/","url":"https:\/\/www.mmlegnopiu.it\/porte-finestre-milano\/wp-content\/uploads\/2015\/04\/logo.jpg","contentUrl":"https:\/\/www.mmlegnopiu.it\/porte-finestre-milano\/wp-content\/uploads\/2015\/04\/logo.jpg","width":214,"height":219,"caption":"M & M Legno Pi\u00f9"},"image":{"@id":"https:\/\/www.mmlegnopiu.it\/porte-finestre-milano\/#\/schema\/logo\/image\/"}}]}},"_links":{"self":[{"href":"https:\/\/www.mmlegnopiu.it\/porte-finestre-milano\/wp-json\/wp\/v2\/product\/11392","targetHints":{"allow":["GET"]}}],"collection":[{"href":"https:\/\/www.mmlegnopiu.it\/porte-finestre-milano\/wp-json\/wp\/v2\/product"}],"about":[{"href":"https:\/\/www.mmlegnopiu.it\/porte-finestre-milano\/wp-json\/wp\/v2\/types\/product"}],"wp:featuredmedia":[{"embeddable":true,"href":"https:\/\/www.mmlegnopiu.it\/porte-finestre-milano\/wp-json\/wp\/v2\/media\/11393"}],"wp:attachment":[{"href":"https:\/\/www.mmlegnopiu.it\/porte-finestre-milano\/wp-json\/wp\/v2\/media?parent=11392"}],"wp:term":[{"taxonomy":"product_brand","embeddable":true,"href":"https:\/\/www.mmlegnopiu.it\/porte-finestre-milano\/wp-json\/wp\/v2\/product_brand?post=11392"},{"taxonomy":"product_cat","embeddable":true,"href":"https:\/\/www.mmlegnopiu.it\/porte-finestre-milano\/wp-json\/wp\/v2\/product_cat?post=11392"},{"taxonomy":"product_tag","embeddable":true,"href":"https:\/\/www.mmlegnopiu.it\/porte-finestre-milano\/wp-json\/wp\/v2\/product_tag?post=11392"}],"curies":[{"name":"wp","href":"https:\/\/api.w.org\/{rel}","templated":true}]}}