{"id":11574,"date":"2024-11-26T11:33:09","date_gmt":"2024-11-26T10:33:09","guid":{"rendered":"https:\/\/www.mmlegnopiu.it\/porte-finestre-milano\/?post_type=product&#038;p=11574"},"modified":"2024-11-26T11:39:19","modified_gmt":"2024-11-26T10:39:19","slug":"cast-scala-a-chiocciola-quadrata-milano","status":"publish","type":"product","link":"https:\/\/www.mmlegnopiu.it\/porte-finestre-milano\/prodotto\/cast-scala-a-chiocciola-quadrata-milano\/","title":{"rendered":"K8Q"},"content":{"rendered":"<div class=\"elementor-widget-container\"><\/div>\n<h2>Il modello <a href=\"https:\/\/www.caststairs.com\/categorie-scala\/k8q\/\">K8Q<\/a> \u00e8 una scala a chiocciola a pianta quadra autoportante che la nostra a<\/h2>\n<h2>Il gradino della scala K8Q \u00e8 in legno di faggio massello verniciato in una vasta gamma di tinte all\u2019acqua.<\/h2>\n<h2>La ringhiera completamente in acciaio inox Aisi 304 \u00e8 composta da colonne tubolari verticali \u00f8 20 mm fissate sopra al gradino e 4 o 6 tondini \u00f8 8 mm e sormontate da corrimano in inox \u00f8 42 mm.<\/h2>\n<h2>Il corrimano \u00e8 pre-forato e dotato degli attacchi colonna gi\u00e0 avvitati.<\/h2>\n<h2>I diametri disponibili vanno dal minimo di 100 cm al massimo di 170 cm.<\/h2>\n<p>&nbsp;<\/p>\n<p>&nbsp;<\/p>\n<p><a href=\"https:\/\/www.mmlegnopiu.it\/porte-finestre-milano\/contatti\/\">Per maggiori informazioni<\/a><\/p>\n","protected":false},"excerpt":{"rendered":"<h2>La scala a chiocciola quadrata moderna della collezione Excellence di Cast Scale possono cambiare il volto della nostra casa.<\/h2>\n<h2>Le varie finiture disponibili del legno e l\u2019eleganza dell\u2019acciaio inox possono offrire un ottimo risultato per ogni situazione di stile.<\/h2>\n","protected":false},"featured_media":11575,"template":"","meta":[],"product_brand":[],"product_cat":[778],"product_tag":[771,351,396],"class_list":{"0":"post-11574","1":"product","2":"type-product","3":"status-publish","4":"has-post-thumbnail","6":"product_cat-cast-scale-a-chiocciola-milano-cast-scale-a-chiocciola-milano","7":"product_tag-cast","8":"product_tag-milano","9":"product_tag-scale-a-chiocciola","11":"first","12":"instock","13":"shipping-taxable","14":"product-type-simple"},"yoast_head":"<!-- This site is optimized with the Yoast SEO plugin v26.8 - https:\/\/yoast.com\/product\/yoast-seo-wordpress\/ -->\n<title>K8Q di Cast Stair. Scale a chiocciola quadrata a Milano<\/title>\n<meta name=\"description\" content=\"Soluzioni di design progettate e realizzate su misura. Vieni nel nostro showroom a scoprire tutte le soluzioni di scale a chiocciola quadrate a Milano.\" \/>\n<meta name=\"robots\" content=\"index, follow, max-snippet:-1, max-image-preview:large, max-video-preview:-1\" \/>\n<link rel=\"canonical\" href=\"https:\/\/www.mmlegnopiu.it\/porte-finestre-milano\/prodotto\/cast-scala-a-chiocciola-quadrata-milano\/\" \/>\n<meta property=\"og:locale\" content=\"it_IT\" \/>\n<meta property=\"og:type\" content=\"article\" \/>\n<meta property=\"og:title\" content=\"K8Q di Cast Stair. Scale a chiocciola quadrata a Milano\" \/>\n<meta property=\"og:description\" content=\"Soluzioni di design progettate e realizzate su misura. Vieni nel nostro showroom a scoprire tutte le soluzioni di scale a chiocciola quadrate a Milano.\" \/>\n<meta property=\"og:url\" content=\"https:\/\/www.mmlegnopiu.it\/porte-finestre-milano\/prodotto\/cast-scala-a-chiocciola-quadrata-milano\/\" \/>\n<meta property=\"og:site_name\" content=\"M&amp;M Legno Pi\u00f9\" \/>\n<meta property=\"article:modified_time\" content=\"2024-11-26T10:39:19+00:00\" \/>\n<meta property=\"og:image\" content=\"http:\/\/www.mmlegnopiu.it\/porte-finestre-milano\/wp-content\/uploads\/2024\/11\/K-8-Q-VERN.jpeg\" \/>\n\t<meta property=\"og:image:width\" content=\"1333\" \/>\n\t<meta property=\"og:image:height\" content=\"1000\" \/>\n\t<meta property=\"og:image:type\" content=\"image\/jpeg\" \/>\n<meta name=\"twitter:card\" content=\"summary_large_image\" \/>\n<meta name=\"twitter:label1\" content=\"Tempo di lettura stimato\" \/>\n\t<meta name=\"twitter:data1\" content=\"1 minuto\" \/>\n<script type=\"application\/ld+json\" class=\"yoast-schema-graph\">{\"@context\":\"https:\/\/schema.org\",\"@graph\":[{\"@type\":\"WebPage\",\"@id\":\"https:\/\/www.mmlegnopiu.it\/porte-finestre-milano\/prodotto\/cast-scala-a-chiocciola-quadrata-milano\/\",\"url\":\"https:\/\/www.mmlegnopiu.it\/porte-finestre-milano\/prodotto\/cast-scala-a-chiocciola-quadrata-milano\/\",\"name\":\"K8Q di Cast Stair. Scale a chiocciola quadrata a Milano\",\"isPartOf\":{\"@id\":\"https:\/\/www.mmlegnopiu.it\/porte-finestre-milano\/#website\"},\"primaryImageOfPage\":{\"@id\":\"https:\/\/www.mmlegnopiu.it\/porte-finestre-milano\/prodotto\/cast-scala-a-chiocciola-quadrata-milano\/#primaryimage\"},\"image\":{\"@id\":\"https:\/\/www.mmlegnopiu.it\/porte-finestre-milano\/prodotto\/cast-scala-a-chiocciola-quadrata-milano\/#primaryimage\"},\"thumbnailUrl\":\"https:\/\/www.mmlegnopiu.it\/porte-finestre-milano\/wp-content\/uploads\/2024\/11\/K-8-Q-VERN.jpeg\",\"datePublished\":\"2024-11-26T10:33:09+00:00\",\"dateModified\":\"2024-11-26T10:39:19+00:00\",\"description\":\"Soluzioni di design progettate e realizzate su misura. Vieni nel nostro showroom a scoprire tutte le soluzioni di scale a chiocciola quadrate a Milano.\",\"breadcrumb\":{\"@id\":\"https:\/\/www.mmlegnopiu.it\/porte-finestre-milano\/prodotto\/cast-scala-a-chiocciola-quadrata-milano\/#breadcrumb\"},\"inLanguage\":\"it-IT\",\"potentialAction\":[{\"@type\":\"ReadAction\",\"target\":[\"https:\/\/www.mmlegnopiu.it\/porte-finestre-milano\/prodotto\/cast-scala-a-chiocciola-quadrata-milano\/\"]}]},{\"@type\":\"ImageObject\",\"inLanguage\":\"it-IT\",\"@id\":\"https:\/\/www.mmlegnopiu.it\/porte-finestre-milano\/prodotto\/cast-scala-a-chiocciola-quadrata-milano\/#primaryimage\",\"url\":\"https:\/\/www.mmlegnopiu.it\/porte-finestre-milano\/wp-content\/uploads\/2024\/11\/K-8-Q-VERN.jpeg\",\"contentUrl\":\"https:\/\/www.mmlegnopiu.it\/porte-finestre-milano\/wp-content\/uploads\/2024\/11\/K-8-Q-VERN.jpeg\",\"width\":1333,\"height\":1000},{\"@type\":\"BreadcrumbList\",\"@id\":\"https:\/\/www.mmlegnopiu.it\/porte-finestre-milano\/prodotto\/cast-scala-a-chiocciola-quadrata-milano\/#breadcrumb\",\"itemListElement\":[{\"@type\":\"ListItem\",\"position\":1,\"name\":\"Home\",\"item\":\"https:\/\/www.mmlegnopiu.it\/porte-finestre-milano\/\"},{\"@type\":\"ListItem\",\"position\":2,\"name\":\"Shop\",\"item\":\"https:\/\/www.mmlegnopiu.it\/porte-finestre-milano\/shop\/\"},{\"@type\":\"ListItem\",\"position\":3,\"name\":\"K8Q\"}]},{\"@type\":\"WebSite\",\"@id\":\"https:\/\/www.mmlegnopiu.it\/porte-finestre-milano\/#website\",\"url\":\"https:\/\/www.mmlegnopiu.it\/porte-finestre-milano\/\",\"name\":\"M&amp;M Legno Pi\u00f9\",\"description\":\"Finestre Milano, porte, scale.\",\"publisher\":{\"@id\":\"https:\/\/www.mmlegnopiu.it\/porte-finestre-milano\/#organization\"},\"potentialAction\":[{\"@type\":\"SearchAction\",\"target\":{\"@type\":\"EntryPoint\",\"urlTemplate\":\"https:\/\/www.mmlegnopiu.it\/porte-finestre-milano\/?s={search_term_string}\"},\"query-input\":{\"@type\":\"PropertyValueSpecification\",\"valueRequired\":true,\"valueName\":\"search_term_string\"}}],\"inLanguage\":\"it-IT\"},{\"@type\":\"Organization\",\"@id\":\"https:\/\/www.mmlegnopiu.it\/porte-finestre-milano\/#organization\",\"name\":\"M & M Legno Pi\u00f9\",\"url\":\"https:\/\/www.mmlegnopiu.it\/porte-finestre-milano\/\",\"logo\":{\"@type\":\"ImageObject\",\"inLanguage\":\"it-IT\",\"@id\":\"https:\/\/www.mmlegnopiu.it\/porte-finestre-milano\/#\/schema\/logo\/image\/\",\"url\":\"https:\/\/www.mmlegnopiu.it\/porte-finestre-milano\/wp-content\/uploads\/2015\/04\/logo.jpg\",\"contentUrl\":\"https:\/\/www.mmlegnopiu.it\/porte-finestre-milano\/wp-content\/uploads\/2015\/04\/logo.jpg\",\"width\":214,\"height\":219,\"caption\":\"M & M Legno Pi\u00f9\"},\"image\":{\"@id\":\"https:\/\/www.mmlegnopiu.it\/porte-finestre-milano\/#\/schema\/logo\/image\/\"}}]}<\/script>\n<!-- \/ Yoast SEO plugin. -->","yoast_head_json":{"title":"K8Q di Cast Stair. Scale a chiocciola quadrata a Milano","description":"Soluzioni di design progettate e realizzate su misura. Vieni nel nostro showroom a scoprire tutte le soluzioni di scale a chiocciola quadrate a Milano.","robots":{"index":"index","follow":"follow","max-snippet":"max-snippet:-1","max-image-preview":"max-image-preview:large","max-video-preview":"max-video-preview:-1"},"canonical":"https:\/\/www.mmlegnopiu.it\/porte-finestre-milano\/prodotto\/cast-scala-a-chiocciola-quadrata-milano\/","og_locale":"it_IT","og_type":"article","og_title":"K8Q di Cast Stair. Scale a chiocciola quadrata a Milano","og_description":"Soluzioni di design progettate e realizzate su misura. Vieni nel nostro showroom a scoprire tutte le soluzioni di scale a chiocciola quadrate a Milano.","og_url":"https:\/\/www.mmlegnopiu.it\/porte-finestre-milano\/prodotto\/cast-scala-a-chiocciola-quadrata-milano\/","og_site_name":"M&amp;M Legno Pi\u00f9","article_modified_time":"2024-11-26T10:39:19+00:00","og_image":[{"width":1333,"height":1000,"url":"http:\/\/www.mmlegnopiu.it\/porte-finestre-milano\/wp-content\/uploads\/2024\/11\/K-8-Q-VERN.jpeg","type":"image\/jpeg"}],"twitter_card":"summary_large_image","twitter_misc":{"Tempo di lettura stimato":"1 minuto"},"schema":{"@context":"https:\/\/schema.org","@graph":[{"@type":"WebPage","@id":"https:\/\/www.mmlegnopiu.it\/porte-finestre-milano\/prodotto\/cast-scala-a-chiocciola-quadrata-milano\/","url":"https:\/\/www.mmlegnopiu.it\/porte-finestre-milano\/prodotto\/cast-scala-a-chiocciola-quadrata-milano\/","name":"K8Q di Cast Stair. Scale a chiocciola quadrata a Milano","isPartOf":{"@id":"https:\/\/www.mmlegnopiu.it\/porte-finestre-milano\/#website"},"primaryImageOfPage":{"@id":"https:\/\/www.mmlegnopiu.it\/porte-finestre-milano\/prodotto\/cast-scala-a-chiocciola-quadrata-milano\/#primaryimage"},"image":{"@id":"https:\/\/www.mmlegnopiu.it\/porte-finestre-milano\/prodotto\/cast-scala-a-chiocciola-quadrata-milano\/#primaryimage"},"thumbnailUrl":"https:\/\/www.mmlegnopiu.it\/porte-finestre-milano\/wp-content\/uploads\/2024\/11\/K-8-Q-VERN.jpeg","datePublished":"2024-11-26T10:33:09+00:00","dateModified":"2024-11-26T10:39:19+00:00","description":"Soluzioni di design progettate e realizzate su misura. Vieni nel nostro showroom a scoprire tutte le soluzioni di scale a chiocciola quadrate a Milano.","breadcrumb":{"@id":"https:\/\/www.mmlegnopiu.it\/porte-finestre-milano\/prodotto\/cast-scala-a-chiocciola-quadrata-milano\/#breadcrumb"},"inLanguage":"it-IT","potentialAction":[{"@type":"ReadAction","target":["https:\/\/www.mmlegnopiu.it\/porte-finestre-milano\/prodotto\/cast-scala-a-chiocciola-quadrata-milano\/"]}]},{"@type":"ImageObject","inLanguage":"it-IT","@id":"https:\/\/www.mmlegnopiu.it\/porte-finestre-milano\/prodotto\/cast-scala-a-chiocciola-quadrata-milano\/#primaryimage","url":"https:\/\/www.mmlegnopiu.it\/porte-finestre-milano\/wp-content\/uploads\/2024\/11\/K-8-Q-VERN.jpeg","contentUrl":"https:\/\/www.mmlegnopiu.it\/porte-finestre-milano\/wp-content\/uploads\/2024\/11\/K-8-Q-VERN.jpeg","width":1333,"height":1000},{"@type":"BreadcrumbList","@id":"https:\/\/www.mmlegnopiu.it\/porte-finestre-milano\/prodotto\/cast-scala-a-chiocciola-quadrata-milano\/#breadcrumb","itemListElement":[{"@type":"ListItem","position":1,"name":"Home","item":"https:\/\/www.mmlegnopiu.it\/porte-finestre-milano\/"},{"@type":"ListItem","position":2,"name":"Shop","item":"https:\/\/www.mmlegnopiu.it\/porte-finestre-milano\/shop\/"},{"@type":"ListItem","position":3,"name":"K8Q"}]},{"@type":"WebSite","@id":"https:\/\/www.mmlegnopiu.it\/porte-finestre-milano\/#website","url":"https:\/\/www.mmlegnopiu.it\/porte-finestre-milano\/","name":"M&amp;M Legno Pi\u00f9","description":"Finestre Milano, porte, scale.","publisher":{"@id":"https:\/\/www.mmlegnopiu.it\/porte-finestre-milano\/#organization"},"potentialAction":[{"@type":"SearchAction","target":{"@type":"EntryPoint","urlTemplate":"https:\/\/www.mmlegnopiu.it\/porte-finestre-milano\/?s={search_term_string}"},"query-input":{"@type":"PropertyValueSpecification","valueRequired":true,"valueName":"search_term_string"}}],"inLanguage":"it-IT"},{"@type":"Organization","@id":"https:\/\/www.mmlegnopiu.it\/porte-finestre-milano\/#organization","name":"M & M Legno Pi\u00f9","url":"https:\/\/www.mmlegnopiu.it\/porte-finestre-milano\/","logo":{"@type":"ImageObject","inLanguage":"it-IT","@id":"https:\/\/www.mmlegnopiu.it\/porte-finestre-milano\/#\/schema\/logo\/image\/","url":"https:\/\/www.mmlegnopiu.it\/porte-finestre-milano\/wp-content\/uploads\/2015\/04\/logo.jpg","contentUrl":"https:\/\/www.mmlegnopiu.it\/porte-finestre-milano\/wp-content\/uploads\/2015\/04\/logo.jpg","width":214,"height":219,"caption":"M & M Legno Pi\u00f9"},"image":{"@id":"https:\/\/www.mmlegnopiu.it\/porte-finestre-milano\/#\/schema\/logo\/image\/"}}]}},"_links":{"self":[{"href":"https:\/\/www.mmlegnopiu.it\/porte-finestre-milano\/wp-json\/wp\/v2\/product\/11574","targetHints":{"allow":["GET"]}}],"collection":[{"href":"https:\/\/www.mmlegnopiu.it\/porte-finestre-milano\/wp-json\/wp\/v2\/product"}],"about":[{"href":"https:\/\/www.mmlegnopiu.it\/porte-finestre-milano\/wp-json\/wp\/v2\/types\/product"}],"wp:featuredmedia":[{"embeddable":true,"href":"https:\/\/www.mmlegnopiu.it\/porte-finestre-milano\/wp-json\/wp\/v2\/media\/11575"}],"wp:attachment":[{"href":"https:\/\/www.mmlegnopiu.it\/porte-finestre-milano\/wp-json\/wp\/v2\/media?parent=11574"}],"wp:term":[{"taxonomy":"product_brand","embeddable":true,"href":"https:\/\/www.mmlegnopiu.it\/porte-finestre-milano\/wp-json\/wp\/v2\/product_brand?post=11574"},{"taxonomy":"product_cat","embeddable":true,"href":"https:\/\/www.mmlegnopiu.it\/porte-finestre-milano\/wp-json\/wp\/v2\/product_cat?post=11574"},{"taxonomy":"product_tag","embeddable":true,"href":"https:\/\/www.mmlegnopiu.it\/porte-finestre-milano\/wp-json\/wp\/v2\/product_tag?post=11574"}],"curies":[{"name":"wp","href":"https:\/\/api.w.org\/{rel}","templated":true}]}}