{"id":11698,"date":"2025-02-24T10:31:16","date_gmt":"2025-02-24T09:31:16","guid":{"rendered":"https:\/\/www.mmlegnopiu.it\/porte-finestre-milano\/?post_type=product&#038;p=11698"},"modified":"2026-01-23T11:03:36","modified_gmt":"2026-01-23T10:03:36","slug":"serramenti-legno-alluminio-costo","status":"publish","type":"product","link":"https:\/\/www.mmlegnopiu.it\/porte-finestre-milano\/prodotto\/serramenti-legno-alluminio-costo\/","title":{"rendered":"SMART WOOD, cambia le regole del gioco"},"content":{"rendered":"<h1><img loading=\"lazy\" decoding=\"async\" class=\"size-full wp-image-11849 aligncenter\" src=\"http:\/\/www.mmlegnopiu.it\/porte-finestre-milano\/wp-content\/uploads\/2025\/09\/SMART-WOOD.jpeg\" alt=\"\" width=\"819\" height=\"1024\" srcset=\"https:\/\/www.mmlegnopiu.it\/porte-finestre-milano\/wp-content\/uploads\/2025\/09\/SMART-WOOD.jpeg 819w, https:\/\/www.mmlegnopiu.it\/porte-finestre-milano\/wp-content\/uploads\/2025\/09\/SMART-WOOD-240x300.jpeg 240w, https:\/\/www.mmlegnopiu.it\/porte-finestre-milano\/wp-content\/uploads\/2025\/09\/SMART-WOOD-768x960.jpeg 768w, https:\/\/www.mmlegnopiu.it\/porte-finestre-milano\/wp-content\/uploads\/2025\/09\/SMART-WOOD-400x500.jpeg 400w\" sizes=\"auto, (max-width: 819px) 100vw, 819px\" \/><\/h1>\n<h2 style=\"text-align: center;\"><\/h2>\n<h2><\/h2>\n<p>&nbsp;<\/p>\n<h1 style=\"text-align: center;\"><\/h1>\n<h2><\/h2>\n<h2 style=\"text-align: left;\"><span style=\"font-size: 130%;\"><strong>Tutto quello di cui hai bisogno:<\/strong><\/span><\/h2>\n<ul>\n<li>\n<h2><strong>Isolamento termo-acustico<\/strong>: doppia guarnizione esterna e centrale per un comfort superiore.<\/h2>\n<\/li>\n<li>\n<h2><strong>Durata nel tempo<\/strong>: profili robusti e giuntati meccanicamente per massima stabilit\u00e0.<\/h2>\n<\/li>\n<li>\n<h2><strong>Elevata efficienza energetica<\/strong>: vetro camera idoneo alla zona climatica per un miglior isolamento<\/h2>\n<\/li>\n<li>\n<h2><strong>Sicurezza garantita:<\/strong> ferramenta a nastro antieffrazione con trattamento anticorrosione.<\/h2>\n<\/li>\n<li>\n<h2><strong>Materiali resistenti:<\/strong> legno trattato e tinteggiato per alta protezione dalla luce e alluminio verniciato secondo standard Qualicoat e Qualideco.<\/h2>\n<\/li>\n<\/ul>\n<h2><\/h2>\n<p>&nbsp;<\/p>\n<p>&nbsp;<\/p>\n<p>&nbsp;<\/p>\n<p><span style=\"color: #339966;\"><strong><a style=\"color: #339966;\" href=\"https:\/\/www.mmlegnopiu.it\/porte-finestre-milano\/contatti\/\">Contattaci per un preventivo gratuito<\/a><\/strong><\/span><\/p>\n<p><span style=\"color: #339966;\"><a style=\"color: #339966;\" href=\"https:\/\/cosmetgroup.it\/fideal\/smartwood\/\">Per maggiori informazioni<\/a><\/span><\/p>\n","protected":false},"excerpt":{"rendered":"<h3>SmartWood \u00e8 la nuova finestra in legno e alluminio che cambia le regole del mercato, offrendo la qualit\u00e0 di un prodotto di alta gamma a un prezzo estremamente competitivo, il pi\u00f9 basso del settore.<\/h3>\n<h3>Grazie a una configurazione intelligente di materiali e a tecniche produttive all\u2019avanguardia, SmartWood garantisce prestazioni eccellenti, un design raffinato e una durata senza compromessi, rendendo l\u2019alta qualit\u00e0 accessibile a tutti.<\/h3>\n","protected":false},"featured_media":11853,"template":"","meta":[],"product_brand":[],"product_cat":[665],"product_tag":[110,666],"class_list":{"0":"post-11698","1":"product","2":"type-product","3":"status-publish","4":"has-post-thumbnail","6":"product_cat-serramenti-legno-alluminio-cosmet","7":"product_tag-serramenti-2","8":"product_tag-serramenti-legno-alluminio","10":"first","11":"instock","12":"featured","13":"shipping-taxable","14":"product-type-simple"},"yoast_head":"<!-- This site is optimized with the Yoast SEO plugin v26.8 - https:\/\/yoast.com\/product\/yoast-seo-wordpress\/ -->\n<title>SMART WOOD serramento legno alluminio con costo contenuto<\/title>\n<meta name=\"description\" content=\"Serramenti minimal Cosmet serie SMART WOOD made in Italy. Il serramento con il costo pi\u00f9 basso del mercato. Vieni a scoprirlo nel nostro showroom!\" \/>\n<meta name=\"robots\" content=\"index, follow, max-snippet:-1, max-image-preview:large, max-video-preview:-1\" \/>\n<link rel=\"canonical\" href=\"https:\/\/www.mmlegnopiu.it\/porte-finestre-milano\/prodotto\/serramenti-legno-alluminio-costo\/\" \/>\n<meta property=\"og:locale\" content=\"it_IT\" \/>\n<meta property=\"og:type\" content=\"article\" \/>\n<meta property=\"og:title\" content=\"SMART WOOD serramento legno alluminio con costo contenuto\" \/>\n<meta property=\"og:description\" content=\"Serramenti minimal Cosmet serie SMART WOOD made in Italy. Il serramento con il costo pi\u00f9 basso del mercato. Vieni a scoprirlo nel nostro showroom!\" \/>\n<meta property=\"og:url\" content=\"https:\/\/www.mmlegnopiu.it\/porte-finestre-milano\/prodotto\/serramenti-legno-alluminio-costo\/\" \/>\n<meta property=\"og:site_name\" content=\"M&amp;M Legno Pi\u00f9\" \/>\n<meta property=\"article:modified_time\" content=\"2026-01-23T10:03:36+00:00\" \/>\n<meta property=\"og:image\" content=\"http:\/\/www.mmlegnopiu.it\/porte-finestre-milano\/wp-content\/uploads\/2025\/02\/SMART-WOOD-2.jpg\" \/>\n\t<meta property=\"og:image:width\" content=\"953\" \/>\n\t<meta property=\"og:image:height\" content=\"1024\" \/>\n\t<meta property=\"og:image:type\" content=\"image\/jpeg\" \/>\n<meta name=\"twitter:card\" content=\"summary_large_image\" \/>\n<meta name=\"twitter:label1\" content=\"Tempo di lettura stimato\" \/>\n\t<meta name=\"twitter:data1\" content=\"1 minuto\" \/>\n<script type=\"application\/ld+json\" class=\"yoast-schema-graph\">{\"@context\":\"https:\/\/schema.org\",\"@graph\":[{\"@type\":\"WebPage\",\"@id\":\"https:\/\/www.mmlegnopiu.it\/porte-finestre-milano\/prodotto\/serramenti-legno-alluminio-costo\/\",\"url\":\"https:\/\/www.mmlegnopiu.it\/porte-finestre-milano\/prodotto\/serramenti-legno-alluminio-costo\/\",\"name\":\"SMART WOOD serramento legno alluminio con costo contenuto\",\"isPartOf\":{\"@id\":\"https:\/\/www.mmlegnopiu.it\/porte-finestre-milano\/#website\"},\"primaryImageOfPage\":{\"@id\":\"https:\/\/www.mmlegnopiu.it\/porte-finestre-milano\/prodotto\/serramenti-legno-alluminio-costo\/#primaryimage\"},\"image\":{\"@id\":\"https:\/\/www.mmlegnopiu.it\/porte-finestre-milano\/prodotto\/serramenti-legno-alluminio-costo\/#primaryimage\"},\"thumbnailUrl\":\"https:\/\/www.mmlegnopiu.it\/porte-finestre-milano\/wp-content\/uploads\/2025\/02\/SMART-WOOD-2.jpg\",\"datePublished\":\"2025-02-24T09:31:16+00:00\",\"dateModified\":\"2026-01-23T10:03:36+00:00\",\"description\":\"Serramenti minimal Cosmet serie SMART WOOD made in Italy. Il serramento con il costo pi\u00f9 basso del mercato. Vieni a scoprirlo nel nostro showroom!\",\"breadcrumb\":{\"@id\":\"https:\/\/www.mmlegnopiu.it\/porte-finestre-milano\/prodotto\/serramenti-legno-alluminio-costo\/#breadcrumb\"},\"inLanguage\":\"it-IT\",\"potentialAction\":[{\"@type\":\"ReadAction\",\"target\":[\"https:\/\/www.mmlegnopiu.it\/porte-finestre-milano\/prodotto\/serramenti-legno-alluminio-costo\/\"]}]},{\"@type\":\"ImageObject\",\"inLanguage\":\"it-IT\",\"@id\":\"https:\/\/www.mmlegnopiu.it\/porte-finestre-milano\/prodotto\/serramenti-legno-alluminio-costo\/#primaryimage\",\"url\":\"https:\/\/www.mmlegnopiu.it\/porte-finestre-milano\/wp-content\/uploads\/2025\/02\/SMART-WOOD-2.jpg\",\"contentUrl\":\"https:\/\/www.mmlegnopiu.it\/porte-finestre-milano\/wp-content\/uploads\/2025\/02\/SMART-WOOD-2.jpg\",\"width\":953,\"height\":1024},{\"@type\":\"BreadcrumbList\",\"@id\":\"https:\/\/www.mmlegnopiu.it\/porte-finestre-milano\/prodotto\/serramenti-legno-alluminio-costo\/#breadcrumb\",\"itemListElement\":[{\"@type\":\"ListItem\",\"position\":1,\"name\":\"Home\",\"item\":\"https:\/\/www.mmlegnopiu.it\/porte-finestre-milano\/\"},{\"@type\":\"ListItem\",\"position\":2,\"name\":\"Shop\",\"item\":\"https:\/\/www.mmlegnopiu.it\/porte-finestre-milano\/shop\/\"},{\"@type\":\"ListItem\",\"position\":3,\"name\":\"SMART WOOD, cambia le regole del gioco\"}]},{\"@type\":\"WebSite\",\"@id\":\"https:\/\/www.mmlegnopiu.it\/porte-finestre-milano\/#website\",\"url\":\"https:\/\/www.mmlegnopiu.it\/porte-finestre-milano\/\",\"name\":\"M&amp;M Legno Pi\u00f9\",\"description\":\"Finestre Milano, porte, scale.\",\"publisher\":{\"@id\":\"https:\/\/www.mmlegnopiu.it\/porte-finestre-milano\/#organization\"},\"potentialAction\":[{\"@type\":\"SearchAction\",\"target\":{\"@type\":\"EntryPoint\",\"urlTemplate\":\"https:\/\/www.mmlegnopiu.it\/porte-finestre-milano\/?s={search_term_string}\"},\"query-input\":{\"@type\":\"PropertyValueSpecification\",\"valueRequired\":true,\"valueName\":\"search_term_string\"}}],\"inLanguage\":\"it-IT\"},{\"@type\":\"Organization\",\"@id\":\"https:\/\/www.mmlegnopiu.it\/porte-finestre-milano\/#organization\",\"name\":\"M & M Legno Pi\u00f9\",\"url\":\"https:\/\/www.mmlegnopiu.it\/porte-finestre-milano\/\",\"logo\":{\"@type\":\"ImageObject\",\"inLanguage\":\"it-IT\",\"@id\":\"https:\/\/www.mmlegnopiu.it\/porte-finestre-milano\/#\/schema\/logo\/image\/\",\"url\":\"https:\/\/www.mmlegnopiu.it\/porte-finestre-milano\/wp-content\/uploads\/2015\/04\/logo.jpg\",\"contentUrl\":\"https:\/\/www.mmlegnopiu.it\/porte-finestre-milano\/wp-content\/uploads\/2015\/04\/logo.jpg\",\"width\":214,\"height\":219,\"caption\":\"M & M Legno Pi\u00f9\"},\"image\":{\"@id\":\"https:\/\/www.mmlegnopiu.it\/porte-finestre-milano\/#\/schema\/logo\/image\/\"}}]}<\/script>\n<!-- \/ Yoast SEO plugin. -->","yoast_head_json":{"title":"SMART WOOD serramento legno alluminio con costo contenuto","description":"Serramenti minimal Cosmet serie SMART WOOD made in Italy. Il serramento con il costo pi\u00f9 basso del mercato. Vieni a scoprirlo nel nostro showroom!","robots":{"index":"index","follow":"follow","max-snippet":"max-snippet:-1","max-image-preview":"max-image-preview:large","max-video-preview":"max-video-preview:-1"},"canonical":"https:\/\/www.mmlegnopiu.it\/porte-finestre-milano\/prodotto\/serramenti-legno-alluminio-costo\/","og_locale":"it_IT","og_type":"article","og_title":"SMART WOOD serramento legno alluminio con costo contenuto","og_description":"Serramenti minimal Cosmet serie SMART WOOD made in Italy. Il serramento con il costo pi\u00f9 basso del mercato. Vieni a scoprirlo nel nostro showroom!","og_url":"https:\/\/www.mmlegnopiu.it\/porte-finestre-milano\/prodotto\/serramenti-legno-alluminio-costo\/","og_site_name":"M&amp;M Legno Pi\u00f9","article_modified_time":"2026-01-23T10:03:36+00:00","og_image":[{"width":953,"height":1024,"url":"http:\/\/www.mmlegnopiu.it\/porte-finestre-milano\/wp-content\/uploads\/2025\/02\/SMART-WOOD-2.jpg","type":"image\/jpeg"}],"twitter_card":"summary_large_image","twitter_misc":{"Tempo di lettura stimato":"1 minuto"},"schema":{"@context":"https:\/\/schema.org","@graph":[{"@type":"WebPage","@id":"https:\/\/www.mmlegnopiu.it\/porte-finestre-milano\/prodotto\/serramenti-legno-alluminio-costo\/","url":"https:\/\/www.mmlegnopiu.it\/porte-finestre-milano\/prodotto\/serramenti-legno-alluminio-costo\/","name":"SMART WOOD serramento legno alluminio con costo contenuto","isPartOf":{"@id":"https:\/\/www.mmlegnopiu.it\/porte-finestre-milano\/#website"},"primaryImageOfPage":{"@id":"https:\/\/www.mmlegnopiu.it\/porte-finestre-milano\/prodotto\/serramenti-legno-alluminio-costo\/#primaryimage"},"image":{"@id":"https:\/\/www.mmlegnopiu.it\/porte-finestre-milano\/prodotto\/serramenti-legno-alluminio-costo\/#primaryimage"},"thumbnailUrl":"https:\/\/www.mmlegnopiu.it\/porte-finestre-milano\/wp-content\/uploads\/2025\/02\/SMART-WOOD-2.jpg","datePublished":"2025-02-24T09:31:16+00:00","dateModified":"2026-01-23T10:03:36+00:00","description":"Serramenti minimal Cosmet serie SMART WOOD made in Italy. Il serramento con il costo pi\u00f9 basso del mercato. Vieni a scoprirlo nel nostro showroom!","breadcrumb":{"@id":"https:\/\/www.mmlegnopiu.it\/porte-finestre-milano\/prodotto\/serramenti-legno-alluminio-costo\/#breadcrumb"},"inLanguage":"it-IT","potentialAction":[{"@type":"ReadAction","target":["https:\/\/www.mmlegnopiu.it\/porte-finestre-milano\/prodotto\/serramenti-legno-alluminio-costo\/"]}]},{"@type":"ImageObject","inLanguage":"it-IT","@id":"https:\/\/www.mmlegnopiu.it\/porte-finestre-milano\/prodotto\/serramenti-legno-alluminio-costo\/#primaryimage","url":"https:\/\/www.mmlegnopiu.it\/porte-finestre-milano\/wp-content\/uploads\/2025\/02\/SMART-WOOD-2.jpg","contentUrl":"https:\/\/www.mmlegnopiu.it\/porte-finestre-milano\/wp-content\/uploads\/2025\/02\/SMART-WOOD-2.jpg","width":953,"height":1024},{"@type":"BreadcrumbList","@id":"https:\/\/www.mmlegnopiu.it\/porte-finestre-milano\/prodotto\/serramenti-legno-alluminio-costo\/#breadcrumb","itemListElement":[{"@type":"ListItem","position":1,"name":"Home","item":"https:\/\/www.mmlegnopiu.it\/porte-finestre-milano\/"},{"@type":"ListItem","position":2,"name":"Shop","item":"https:\/\/www.mmlegnopiu.it\/porte-finestre-milano\/shop\/"},{"@type":"ListItem","position":3,"name":"SMART WOOD, cambia le regole del gioco"}]},{"@type":"WebSite","@id":"https:\/\/www.mmlegnopiu.it\/porte-finestre-milano\/#website","url":"https:\/\/www.mmlegnopiu.it\/porte-finestre-milano\/","name":"M&amp;M Legno Pi\u00f9","description":"Finestre Milano, porte, scale.","publisher":{"@id":"https:\/\/www.mmlegnopiu.it\/porte-finestre-milano\/#organization"},"potentialAction":[{"@type":"SearchAction","target":{"@type":"EntryPoint","urlTemplate":"https:\/\/www.mmlegnopiu.it\/porte-finestre-milano\/?s={search_term_string}"},"query-input":{"@type":"PropertyValueSpecification","valueRequired":true,"valueName":"search_term_string"}}],"inLanguage":"it-IT"},{"@type":"Organization","@id":"https:\/\/www.mmlegnopiu.it\/porte-finestre-milano\/#organization","name":"M & M Legno Pi\u00f9","url":"https:\/\/www.mmlegnopiu.it\/porte-finestre-milano\/","logo":{"@type":"ImageObject","inLanguage":"it-IT","@id":"https:\/\/www.mmlegnopiu.it\/porte-finestre-milano\/#\/schema\/logo\/image\/","url":"https:\/\/www.mmlegnopiu.it\/porte-finestre-milano\/wp-content\/uploads\/2015\/04\/logo.jpg","contentUrl":"https:\/\/www.mmlegnopiu.it\/porte-finestre-milano\/wp-content\/uploads\/2015\/04\/logo.jpg","width":214,"height":219,"caption":"M & M Legno Pi\u00f9"},"image":{"@id":"https:\/\/www.mmlegnopiu.it\/porte-finestre-milano\/#\/schema\/logo\/image\/"}}]}},"_links":{"self":[{"href":"https:\/\/www.mmlegnopiu.it\/porte-finestre-milano\/wp-json\/wp\/v2\/product\/11698","targetHints":{"allow":["GET"]}}],"collection":[{"href":"https:\/\/www.mmlegnopiu.it\/porte-finestre-milano\/wp-json\/wp\/v2\/product"}],"about":[{"href":"https:\/\/www.mmlegnopiu.it\/porte-finestre-milano\/wp-json\/wp\/v2\/types\/product"}],"wp:featuredmedia":[{"embeddable":true,"href":"https:\/\/www.mmlegnopiu.it\/porte-finestre-milano\/wp-json\/wp\/v2\/media\/11853"}],"wp:attachment":[{"href":"https:\/\/www.mmlegnopiu.it\/porte-finestre-milano\/wp-json\/wp\/v2\/media?parent=11698"}],"wp:term":[{"taxonomy":"product_brand","embeddable":true,"href":"https:\/\/www.mmlegnopiu.it\/porte-finestre-milano\/wp-json\/wp\/v2\/product_brand?post=11698"},{"taxonomy":"product_cat","embeddable":true,"href":"https:\/\/www.mmlegnopiu.it\/porte-finestre-milano\/wp-json\/wp\/v2\/product_cat?post=11698"},{"taxonomy":"product_tag","embeddable":true,"href":"https:\/\/www.mmlegnopiu.it\/porte-finestre-milano\/wp-json\/wp\/v2\/product_tag?post=11698"}],"curies":[{"name":"wp","href":"https:\/\/api.w.org\/{rel}","templated":true}]}}