{"id":11730,"date":"2025-02-24T15:05:56","date_gmt":"2025-02-24T14:05:56","guid":{"rendered":"https:\/\/www.mmlegnopiu.it\/porte-finestre-milano\/?post_type=product&#038;p=11730"},"modified":"2025-02-24T15:16:16","modified_gmt":"2025-02-24T14:16:16","slug":"cassonetto-esterno-milano","status":"publish","type":"product","link":"https:\/\/www.mmlegnopiu.it\/porte-finestre-milano\/prodotto\/cassonetto-esterno-milano\/","title":{"rendered":"MINICASSONETTO ESTERNO, evitano ogni forma di ponte termico"},"content":{"rendered":"<h2>Tutti i <a href=\"https:\/\/www.sprilux.com\/avvolgibili-in-minicassonetto\/\">minicassonetti da esterno<\/a> soddisfano le esigenze sul risparmio energetico. Inoltre, grazie alla loro forma costruttiva, agevolano anche eventuali riparazioni che si effettuano dall\u2019esterno senza arrecare danni all\u2019interno dell\u2019abitazione.<\/h2>\n<h2>Tutti i cassonetti a vista Sprilux sono realizzati in alluminio estruso e risultano, quindi, pi\u00f9 stabili. Un ulteriore vantaggio degli elementi in estruso \u00e8 la possibilit\u00e0 di verniciarli a polvere in molte tonalit\u00e0. I profili in alluminio degli avvolgibili sono a doppia parete e, grazie alla schiumatura ecologica, estremamente stabili e duraturi.<\/h2>\n<h2>La possibilit\u00e0 di scelta dei diversi profili \u00e8 completata da una vasta gamma di colori disponibili per conferire un carattere di individualit\u00e0 all\u2019immobile. I minicassonetti possono essere equipaggiati opzionalmente con zanzariera integrata ISG o protezione solare in tessuto o con motore radio con la possibilit\u00e0 di gestire gli oscuranti da remoto.<\/h2>\n<p>&nbsp;<\/p>\n<p>&nbsp;<\/p>\n<p><span style=\"color: #008000;\"><a style=\"color: #008000;\" href=\"https:\/\/www.mmlegnopiu.it\/porte-finestre-milano\/contatti\/\">PER MAGGIORI INFORMAZIONI<\/a><\/span><\/p>\n","protected":false},"excerpt":{"rendered":"<h3>Minicassonetti a vista che si distinguono per l\u2019enorme potenziale di creativit\u00e0 e la pregiata lavorazione di profili e cassonetto.<\/h3>\n<h3>Montati dinanzi la finestra evitano ogni forma di ponte termico in quanto l\u2019involucro dell\u2019edificio non viene intaccato.<\/h3>\n<h3>Un vantaggio che si traduce in un abbattimento dei consumi energetici, minore carico ambientale, costi ridotti e migliore comfort abitativo grazie ad un clima migliore.<\/h3>\n<p>&nbsp;<\/p>\n","protected":false},"featured_media":11731,"template":"","meta":[],"product_brand":[],"product_cat":[209],"product_tag":[166,174],"class_list":{"0":"post-11730","1":"product","2":"type-product","3":"status-publish","4":"has-post-thumbnail","6":"product_cat-cassonetti-accessori-serramenti","7":"product_tag-accessori-2","8":"product_tag-cassonetti","10":"first","11":"instock","12":"shipping-taxable","13":"product-type-simple"},"yoast_head":"<!-- This site is optimized with the Yoast SEO plugin v26.8 - https:\/\/yoast.com\/product\/yoast-seo-wordpress\/ -->\n<title>MINI CASSONETTO esterno by Sprilux a Milano<\/title>\n<meta name=\"description\" content=\"Cassonetto esterno a Milano. Montati dinanzi la finestra evitano ogni forma di ponte termico in quanto l\u2019involucro dell\u2019edificio non viene intaccato.\" \/>\n<meta name=\"robots\" content=\"index, follow, max-snippet:-1, max-image-preview:large, max-video-preview:-1\" \/>\n<link rel=\"canonical\" href=\"https:\/\/www.mmlegnopiu.it\/porte-finestre-milano\/prodotto\/cassonetto-esterno-milano\/\" \/>\n<meta property=\"og:locale\" content=\"it_IT\" \/>\n<meta property=\"og:type\" content=\"article\" \/>\n<meta property=\"og:title\" content=\"MINI CASSONETTO esterno by Sprilux a Milano\" \/>\n<meta property=\"og:description\" content=\"Cassonetto esterno a Milano. Montati dinanzi la finestra evitano ogni forma di ponte termico in quanto l\u2019involucro dell\u2019edificio non viene intaccato.\" \/>\n<meta property=\"og:url\" content=\"https:\/\/www.mmlegnopiu.it\/porte-finestre-milano\/prodotto\/cassonetto-esterno-milano\/\" \/>\n<meta property=\"og:site_name\" content=\"M&amp;M Legno Pi\u00f9\" \/>\n<meta property=\"article:modified_time\" content=\"2025-02-24T14:16:16+00:00\" \/>\n<meta property=\"og:image\" content=\"http:\/\/www.mmlegnopiu.it\/porte-finestre-milano\/wp-content\/uploads\/2025\/02\/cassonetto-esterno.jpg\" \/>\n\t<meta property=\"og:image:width\" content=\"872\" \/>\n\t<meta property=\"og:image:height\" content=\"640\" \/>\n\t<meta property=\"og:image:type\" content=\"image\/jpeg\" \/>\n<meta name=\"twitter:card\" content=\"summary_large_image\" \/>\n<meta name=\"twitter:label1\" content=\"Tempo di lettura stimato\" \/>\n\t<meta name=\"twitter:data1\" content=\"1 minuto\" \/>\n<script type=\"application\/ld+json\" class=\"yoast-schema-graph\">{\"@context\":\"https:\/\/schema.org\",\"@graph\":[{\"@type\":\"WebPage\",\"@id\":\"https:\/\/www.mmlegnopiu.it\/porte-finestre-milano\/prodotto\/cassonetto-esterno-milano\/\",\"url\":\"https:\/\/www.mmlegnopiu.it\/porte-finestre-milano\/prodotto\/cassonetto-esterno-milano\/\",\"name\":\"MINI CASSONETTO esterno by Sprilux a Milano\",\"isPartOf\":{\"@id\":\"https:\/\/www.mmlegnopiu.it\/porte-finestre-milano\/#website\"},\"primaryImageOfPage\":{\"@id\":\"https:\/\/www.mmlegnopiu.it\/porte-finestre-milano\/prodotto\/cassonetto-esterno-milano\/#primaryimage\"},\"image\":{\"@id\":\"https:\/\/www.mmlegnopiu.it\/porte-finestre-milano\/prodotto\/cassonetto-esterno-milano\/#primaryimage\"},\"thumbnailUrl\":\"https:\/\/www.mmlegnopiu.it\/porte-finestre-milano\/wp-content\/uploads\/2025\/02\/cassonetto-esterno.jpg\",\"datePublished\":\"2025-02-24T14:05:56+00:00\",\"dateModified\":\"2025-02-24T14:16:16+00:00\",\"description\":\"Cassonetto esterno a Milano. Montati dinanzi la finestra evitano ogni forma di ponte termico in quanto l\u2019involucro dell\u2019edificio non viene intaccato.\",\"breadcrumb\":{\"@id\":\"https:\/\/www.mmlegnopiu.it\/porte-finestre-milano\/prodotto\/cassonetto-esterno-milano\/#breadcrumb\"},\"inLanguage\":\"it-IT\",\"potentialAction\":[{\"@type\":\"ReadAction\",\"target\":[\"https:\/\/www.mmlegnopiu.it\/porte-finestre-milano\/prodotto\/cassonetto-esterno-milano\/\"]}]},{\"@type\":\"ImageObject\",\"inLanguage\":\"it-IT\",\"@id\":\"https:\/\/www.mmlegnopiu.it\/porte-finestre-milano\/prodotto\/cassonetto-esterno-milano\/#primaryimage\",\"url\":\"https:\/\/www.mmlegnopiu.it\/porte-finestre-milano\/wp-content\/uploads\/2025\/02\/cassonetto-esterno.jpg\",\"contentUrl\":\"https:\/\/www.mmlegnopiu.it\/porte-finestre-milano\/wp-content\/uploads\/2025\/02\/cassonetto-esterno.jpg\",\"width\":872,\"height\":640},{\"@type\":\"BreadcrumbList\",\"@id\":\"https:\/\/www.mmlegnopiu.it\/porte-finestre-milano\/prodotto\/cassonetto-esterno-milano\/#breadcrumb\",\"itemListElement\":[{\"@type\":\"ListItem\",\"position\":1,\"name\":\"Home\",\"item\":\"https:\/\/www.mmlegnopiu.it\/porte-finestre-milano\/\"},{\"@type\":\"ListItem\",\"position\":2,\"name\":\"Shop\",\"item\":\"https:\/\/www.mmlegnopiu.it\/porte-finestre-milano\/shop\/\"},{\"@type\":\"ListItem\",\"position\":3,\"name\":\"MINICASSONETTO ESTERNO, evitano ogni forma di ponte termico\"}]},{\"@type\":\"WebSite\",\"@id\":\"https:\/\/www.mmlegnopiu.it\/porte-finestre-milano\/#website\",\"url\":\"https:\/\/www.mmlegnopiu.it\/porte-finestre-milano\/\",\"name\":\"M&amp;M Legno Pi\u00f9\",\"description\":\"Finestre Milano, porte, scale.\",\"publisher\":{\"@id\":\"https:\/\/www.mmlegnopiu.it\/porte-finestre-milano\/#organization\"},\"potentialAction\":[{\"@type\":\"SearchAction\",\"target\":{\"@type\":\"EntryPoint\",\"urlTemplate\":\"https:\/\/www.mmlegnopiu.it\/porte-finestre-milano\/?s={search_term_string}\"},\"query-input\":{\"@type\":\"PropertyValueSpecification\",\"valueRequired\":true,\"valueName\":\"search_term_string\"}}],\"inLanguage\":\"it-IT\"},{\"@type\":\"Organization\",\"@id\":\"https:\/\/www.mmlegnopiu.it\/porte-finestre-milano\/#organization\",\"name\":\"M & M Legno Pi\u00f9\",\"url\":\"https:\/\/www.mmlegnopiu.it\/porte-finestre-milano\/\",\"logo\":{\"@type\":\"ImageObject\",\"inLanguage\":\"it-IT\",\"@id\":\"https:\/\/www.mmlegnopiu.it\/porte-finestre-milano\/#\/schema\/logo\/image\/\",\"url\":\"https:\/\/www.mmlegnopiu.it\/porte-finestre-milano\/wp-content\/uploads\/2015\/04\/logo.jpg\",\"contentUrl\":\"https:\/\/www.mmlegnopiu.it\/porte-finestre-milano\/wp-content\/uploads\/2015\/04\/logo.jpg\",\"width\":214,\"height\":219,\"caption\":\"M & M Legno Pi\u00f9\"},\"image\":{\"@id\":\"https:\/\/www.mmlegnopiu.it\/porte-finestre-milano\/#\/schema\/logo\/image\/\"}}]}<\/script>\n<!-- \/ Yoast SEO plugin. -->","yoast_head_json":{"title":"MINI CASSONETTO esterno by Sprilux a Milano","description":"Cassonetto esterno a Milano. Montati dinanzi la finestra evitano ogni forma di ponte termico in quanto l\u2019involucro dell\u2019edificio non viene intaccato.","robots":{"index":"index","follow":"follow","max-snippet":"max-snippet:-1","max-image-preview":"max-image-preview:large","max-video-preview":"max-video-preview:-1"},"canonical":"https:\/\/www.mmlegnopiu.it\/porte-finestre-milano\/prodotto\/cassonetto-esterno-milano\/","og_locale":"it_IT","og_type":"article","og_title":"MINI CASSONETTO esterno by Sprilux a Milano","og_description":"Cassonetto esterno a Milano. Montati dinanzi la finestra evitano ogni forma di ponte termico in quanto l\u2019involucro dell\u2019edificio non viene intaccato.","og_url":"https:\/\/www.mmlegnopiu.it\/porte-finestre-milano\/prodotto\/cassonetto-esterno-milano\/","og_site_name":"M&amp;M Legno Pi\u00f9","article_modified_time":"2025-02-24T14:16:16+00:00","og_image":[{"width":872,"height":640,"url":"http:\/\/www.mmlegnopiu.it\/porte-finestre-milano\/wp-content\/uploads\/2025\/02\/cassonetto-esterno.jpg","type":"image\/jpeg"}],"twitter_card":"summary_large_image","twitter_misc":{"Tempo di lettura stimato":"1 minuto"},"schema":{"@context":"https:\/\/schema.org","@graph":[{"@type":"WebPage","@id":"https:\/\/www.mmlegnopiu.it\/porte-finestre-milano\/prodotto\/cassonetto-esterno-milano\/","url":"https:\/\/www.mmlegnopiu.it\/porte-finestre-milano\/prodotto\/cassonetto-esterno-milano\/","name":"MINI CASSONETTO esterno by Sprilux a Milano","isPartOf":{"@id":"https:\/\/www.mmlegnopiu.it\/porte-finestre-milano\/#website"},"primaryImageOfPage":{"@id":"https:\/\/www.mmlegnopiu.it\/porte-finestre-milano\/prodotto\/cassonetto-esterno-milano\/#primaryimage"},"image":{"@id":"https:\/\/www.mmlegnopiu.it\/porte-finestre-milano\/prodotto\/cassonetto-esterno-milano\/#primaryimage"},"thumbnailUrl":"https:\/\/www.mmlegnopiu.it\/porte-finestre-milano\/wp-content\/uploads\/2025\/02\/cassonetto-esterno.jpg","datePublished":"2025-02-24T14:05:56+00:00","dateModified":"2025-02-24T14:16:16+00:00","description":"Cassonetto esterno a Milano. Montati dinanzi la finestra evitano ogni forma di ponte termico in quanto l\u2019involucro dell\u2019edificio non viene intaccato.","breadcrumb":{"@id":"https:\/\/www.mmlegnopiu.it\/porte-finestre-milano\/prodotto\/cassonetto-esterno-milano\/#breadcrumb"},"inLanguage":"it-IT","potentialAction":[{"@type":"ReadAction","target":["https:\/\/www.mmlegnopiu.it\/porte-finestre-milano\/prodotto\/cassonetto-esterno-milano\/"]}]},{"@type":"ImageObject","inLanguage":"it-IT","@id":"https:\/\/www.mmlegnopiu.it\/porte-finestre-milano\/prodotto\/cassonetto-esterno-milano\/#primaryimage","url":"https:\/\/www.mmlegnopiu.it\/porte-finestre-milano\/wp-content\/uploads\/2025\/02\/cassonetto-esterno.jpg","contentUrl":"https:\/\/www.mmlegnopiu.it\/porte-finestre-milano\/wp-content\/uploads\/2025\/02\/cassonetto-esterno.jpg","width":872,"height":640},{"@type":"BreadcrumbList","@id":"https:\/\/www.mmlegnopiu.it\/porte-finestre-milano\/prodotto\/cassonetto-esterno-milano\/#breadcrumb","itemListElement":[{"@type":"ListItem","position":1,"name":"Home","item":"https:\/\/www.mmlegnopiu.it\/porte-finestre-milano\/"},{"@type":"ListItem","position":2,"name":"Shop","item":"https:\/\/www.mmlegnopiu.it\/porte-finestre-milano\/shop\/"},{"@type":"ListItem","position":3,"name":"MINICASSONETTO ESTERNO, evitano ogni forma di ponte termico"}]},{"@type":"WebSite","@id":"https:\/\/www.mmlegnopiu.it\/porte-finestre-milano\/#website","url":"https:\/\/www.mmlegnopiu.it\/porte-finestre-milano\/","name":"M&amp;M Legno Pi\u00f9","description":"Finestre Milano, porte, scale.","publisher":{"@id":"https:\/\/www.mmlegnopiu.it\/porte-finestre-milano\/#organization"},"potentialAction":[{"@type":"SearchAction","target":{"@type":"EntryPoint","urlTemplate":"https:\/\/www.mmlegnopiu.it\/porte-finestre-milano\/?s={search_term_string}"},"query-input":{"@type":"PropertyValueSpecification","valueRequired":true,"valueName":"search_term_string"}}],"inLanguage":"it-IT"},{"@type":"Organization","@id":"https:\/\/www.mmlegnopiu.it\/porte-finestre-milano\/#organization","name":"M & M Legno Pi\u00f9","url":"https:\/\/www.mmlegnopiu.it\/porte-finestre-milano\/","logo":{"@type":"ImageObject","inLanguage":"it-IT","@id":"https:\/\/www.mmlegnopiu.it\/porte-finestre-milano\/#\/schema\/logo\/image\/","url":"https:\/\/www.mmlegnopiu.it\/porte-finestre-milano\/wp-content\/uploads\/2015\/04\/logo.jpg","contentUrl":"https:\/\/www.mmlegnopiu.it\/porte-finestre-milano\/wp-content\/uploads\/2015\/04\/logo.jpg","width":214,"height":219,"caption":"M & M Legno Pi\u00f9"},"image":{"@id":"https:\/\/www.mmlegnopiu.it\/porte-finestre-milano\/#\/schema\/logo\/image\/"}}]}},"_links":{"self":[{"href":"https:\/\/www.mmlegnopiu.it\/porte-finestre-milano\/wp-json\/wp\/v2\/product\/11730","targetHints":{"allow":["GET"]}}],"collection":[{"href":"https:\/\/www.mmlegnopiu.it\/porte-finestre-milano\/wp-json\/wp\/v2\/product"}],"about":[{"href":"https:\/\/www.mmlegnopiu.it\/porte-finestre-milano\/wp-json\/wp\/v2\/types\/product"}],"wp:featuredmedia":[{"embeddable":true,"href":"https:\/\/www.mmlegnopiu.it\/porte-finestre-milano\/wp-json\/wp\/v2\/media\/11731"}],"wp:attachment":[{"href":"https:\/\/www.mmlegnopiu.it\/porte-finestre-milano\/wp-json\/wp\/v2\/media?parent=11730"}],"wp:term":[{"taxonomy":"product_brand","embeddable":true,"href":"https:\/\/www.mmlegnopiu.it\/porte-finestre-milano\/wp-json\/wp\/v2\/product_brand?post=11730"},{"taxonomy":"product_cat","embeddable":true,"href":"https:\/\/www.mmlegnopiu.it\/porte-finestre-milano\/wp-json\/wp\/v2\/product_cat?post=11730"},{"taxonomy":"product_tag","embeddable":true,"href":"https:\/\/www.mmlegnopiu.it\/porte-finestre-milano\/wp-json\/wp\/v2\/product_tag?post=11730"}],"curies":[{"name":"wp","href":"https:\/\/api.w.org\/{rel}","templated":true}]}}