{"id":12068,"date":"2026-03-26T10:32:36","date_gmt":"2026-03-26T09:32:36","guid":{"rendered":"https:\/\/www.mmlegnopiu.it\/porte-finestre-milano\/?post_type=product&#038;p=12068"},"modified":"2026-03-26T11:13:54","modified_gmt":"2026-03-26T10:13:54","slug":"tende-filtranti-plissettate-velux-milano","status":"publish","type":"product","link":"https:\/\/www.mmlegnopiu.it\/porte-finestre-milano\/prodotto\/tende-filtranti-plissettate-velux-milano\/","title":{"rendered":"Tende filtranti plissettate Velux"},"content":{"rendered":"<h1><a href=\"https:\/\/www.velux.it\/prodotto\/tende-tapparelle\/plissettate\/filtranti-plissettate\">La tenda plissettata filtrante VELUX<\/a> \u00e8 progettata per offrire un perfetto equilibrio tra luce naturale e comfort abitativo. Il tessuto filtrante attenua i raggi solari rendendo la luce pi\u00f9 morbida e piacevole, proteggendo allo stesso tempo la privacy degli ambienti.<\/h1>\n<h1>Grazie alla regolazione dall\u2019alto e dal basso, pu\u00f2 essere posizionata in qualsiasi punto della finestra, offrendo grande flessibilit\u00e0 nella gestione della luminosit\u00e0.<\/h1>\n<h1>Disponibile in numerosi colori e finiture, si integra perfettamente con qualsiasi stile di arredamento ed \u00e8 ideale per soggiorni, studi e ambienti dove \u00e8 importante mantenere luce naturale senza abbagliamento.<\/h1>\n<h1><\/h1>\n<p>&nbsp;<\/p>\n<h1><\/h1>\n<p><img loading=\"lazy\" decoding=\"async\" class=\"size-full wp-image-12070 aligncenter\" src=\"http:\/\/www.mmlegnopiu.it\/porte-finestre-milano\/wp-content\/uploads\/2026\/03\/tende-3.webp\" alt=\"\" width=\"1280\" height=\"960\" srcset=\"https:\/\/www.mmlegnopiu.it\/porte-finestre-milano\/wp-content\/uploads\/2026\/03\/tende-3.webp 1280w, https:\/\/www.mmlegnopiu.it\/porte-finestre-milano\/wp-content\/uploads\/2026\/03\/tende-3-300x225.webp 300w, https:\/\/www.mmlegnopiu.it\/porte-finestre-milano\/wp-content\/uploads\/2026\/03\/tende-3-1024x768.webp 1024w, https:\/\/www.mmlegnopiu.it\/porte-finestre-milano\/wp-content\/uploads\/2026\/03\/tende-3-768x576.webp 768w, https:\/\/www.mmlegnopiu.it\/porte-finestre-milano\/wp-content\/uploads\/2026\/03\/tende-3-400x300.webp 400w\" sizes=\"auto, (max-width: 1280px) 100vw, 1280px\" \/><\/p>\n<p>&nbsp;<\/p>\n<p>&nbsp;<\/p>\n<p>&nbsp;<\/p>\n<h1>&#x1f449; <strong>Operiamo a Milano e provincia<\/strong> offrendo consulenza, vendita e posa in opera di finestre e tende Velux.<\/h1>\n<h1>&#x1f4cc; <strong data-start=\"3489\" data-end=\"3559\">Richiedi un preventivo gratuito per i tuoi serramenti Velux\u00a0<\/strong><br data-start=\"3559\" data-end=\"3562\" \/><a href=\"https:\/\/www.mmlegnopiu.it\/porte-finestre-milano\/#\">Compila il modul<\/a>o oppure <a href=\"https:\/\/www.mmlegnopiu.it\/porte-finestre-milano\/contatti\/\">chiama il nostro showroom<\/a> a Milano per una consulenza personalizzata.<\/h1>\n<p>&nbsp;<\/p>\n<p>&nbsp;<\/p>\n<p>&nbsp;<\/p>\n<p>&nbsp;<\/p>\n","protected":false},"excerpt":{"rendered":"<h1>La tenda plissettata filtrante VELUX diffonde la luce naturale creando un ambiente luminoso e confortevole, garantendo allo stesso tempo privacy ed eleganza.<\/h1>\n<p>&nbsp;<\/p>\n<h2>&#x1f449; Installiamo finestre e tende Velux a Milano, Brianza e Pavia con soluzioni su misura.<\/h2>\n","protected":false},"featured_media":12069,"template":"","meta":[],"product_brand":[],"product_cat":[794],"product_tag":[190,109],"class_list":{"0":"post-12068","1":"product","2":"type-product","3":"status-publish","4":"has-post-thumbnail","6":"product_cat-tende-plissettate-velux-milano","7":"product_tag-tende","8":"product_tag-velux","10":"first","11":"instock","12":"shipping-taxable","13":"product-type-simple"},"yoast_head":"<!-- This site is optimized with the Yoast SEO plugin v26.8 - https:\/\/yoast.com\/product\/yoast-seo-wordpress\/ -->\n<title>Tenda Plissettata Filtrante VELUX Milano | Luce e Privacy<\/title>\n<meta name=\"description\" content=\"Scopri la tenda plissettata filtrante VELUX a Milano: luce soffusa, privacy e design elegante per finestre da tetto. Contattaci per maggiori informazioni\" \/>\n<meta name=\"robots\" content=\"index, follow, max-snippet:-1, max-image-preview:large, max-video-preview:-1\" \/>\n<link rel=\"canonical\" href=\"https:\/\/www.mmlegnopiu.it\/porte-finestre-milano\/prodotto\/tende-filtranti-plissettate-velux-milano\/\" \/>\n<meta property=\"og:locale\" content=\"it_IT\" \/>\n<meta property=\"og:type\" content=\"article\" \/>\n<meta property=\"og:title\" content=\"Tenda Plissettata Filtrante VELUX Milano | Luce e Privacy\" \/>\n<meta property=\"og:description\" content=\"Scopri la tenda plissettata filtrante VELUX a Milano: luce soffusa, privacy e design elegante per finestre da tetto. Contattaci per maggiori informazioni\" \/>\n<meta property=\"og:url\" content=\"https:\/\/www.mmlegnopiu.it\/porte-finestre-milano\/prodotto\/tende-filtranti-plissettate-velux-milano\/\" \/>\n<meta property=\"og:site_name\" content=\"M&amp;M Legno Pi\u00f9\" \/>\n<meta property=\"article:modified_time\" content=\"2026-03-26T10:13:54+00:00\" \/>\n<meta property=\"og:image\" content=\"http:\/\/www.mmlegnopiu.it\/porte-finestre-milano\/wp-content\/uploads\/2026\/03\/tende-4-1.jpg\" \/>\n\t<meta property=\"og:image:width\" content=\"1280\" \/>\n\t<meta property=\"og:image:height\" content=\"853\" \/>\n\t<meta property=\"og:image:type\" content=\"image\/jpeg\" \/>\n<meta name=\"twitter:card\" content=\"summary_large_image\" \/>\n<meta name=\"twitter:label1\" content=\"Tempo di lettura stimato\" \/>\n\t<meta name=\"twitter:data1\" content=\"2 minuti\" \/>\n<script type=\"application\/ld+json\" class=\"yoast-schema-graph\">{\"@context\":\"https:\/\/schema.org\",\"@graph\":[{\"@type\":\"WebPage\",\"@id\":\"https:\/\/www.mmlegnopiu.it\/porte-finestre-milano\/prodotto\/tende-filtranti-plissettate-velux-milano\/\",\"url\":\"https:\/\/www.mmlegnopiu.it\/porte-finestre-milano\/prodotto\/tende-filtranti-plissettate-velux-milano\/\",\"name\":\"Tenda Plissettata Filtrante VELUX Milano | Luce e Privacy\",\"isPartOf\":{\"@id\":\"https:\/\/www.mmlegnopiu.it\/porte-finestre-milano\/#website\"},\"primaryImageOfPage\":{\"@id\":\"https:\/\/www.mmlegnopiu.it\/porte-finestre-milano\/prodotto\/tende-filtranti-plissettate-velux-milano\/#primaryimage\"},\"image\":{\"@id\":\"https:\/\/www.mmlegnopiu.it\/porte-finestre-milano\/prodotto\/tende-filtranti-plissettate-velux-milano\/#primaryimage\"},\"thumbnailUrl\":\"https:\/\/www.mmlegnopiu.it\/porte-finestre-milano\/wp-content\/uploads\/2026\/03\/tende-4-1.jpg\",\"datePublished\":\"2026-03-26T09:32:36+00:00\",\"dateModified\":\"2026-03-26T10:13:54+00:00\",\"description\":\"Scopri la tenda plissettata filtrante VELUX a Milano: luce soffusa, privacy e design elegante per finestre da tetto. Contattaci per maggiori informazioni\",\"breadcrumb\":{\"@id\":\"https:\/\/www.mmlegnopiu.it\/porte-finestre-milano\/prodotto\/tende-filtranti-plissettate-velux-milano\/#breadcrumb\"},\"inLanguage\":\"it-IT\",\"potentialAction\":[{\"@type\":\"ReadAction\",\"target\":[\"https:\/\/www.mmlegnopiu.it\/porte-finestre-milano\/prodotto\/tende-filtranti-plissettate-velux-milano\/\"]}]},{\"@type\":\"ImageObject\",\"inLanguage\":\"it-IT\",\"@id\":\"https:\/\/www.mmlegnopiu.it\/porte-finestre-milano\/prodotto\/tende-filtranti-plissettate-velux-milano\/#primaryimage\",\"url\":\"https:\/\/www.mmlegnopiu.it\/porte-finestre-milano\/wp-content\/uploads\/2026\/03\/tende-4-1.jpg\",\"contentUrl\":\"https:\/\/www.mmlegnopiu.it\/porte-finestre-milano\/wp-content\/uploads\/2026\/03\/tende-4-1.jpg\",\"width\":1280,\"height\":853},{\"@type\":\"BreadcrumbList\",\"@id\":\"https:\/\/www.mmlegnopiu.it\/porte-finestre-milano\/prodotto\/tende-filtranti-plissettate-velux-milano\/#breadcrumb\",\"itemListElement\":[{\"@type\":\"ListItem\",\"position\":1,\"name\":\"Home\",\"item\":\"https:\/\/www.mmlegnopiu.it\/porte-finestre-milano\/\"},{\"@type\":\"ListItem\",\"position\":2,\"name\":\"Shop\",\"item\":\"https:\/\/www.mmlegnopiu.it\/porte-finestre-milano\/shop\/\"},{\"@type\":\"ListItem\",\"position\":3,\"name\":\"Tende filtranti plissettate Velux\"}]},{\"@type\":\"WebSite\",\"@id\":\"https:\/\/www.mmlegnopiu.it\/porte-finestre-milano\/#website\",\"url\":\"https:\/\/www.mmlegnopiu.it\/porte-finestre-milano\/\",\"name\":\"M&amp;M Legno Pi\u00f9\",\"description\":\"Finestre Milano, porte, scale.\",\"publisher\":{\"@id\":\"https:\/\/www.mmlegnopiu.it\/porte-finestre-milano\/#organization\"},\"potentialAction\":[{\"@type\":\"SearchAction\",\"target\":{\"@type\":\"EntryPoint\",\"urlTemplate\":\"https:\/\/www.mmlegnopiu.it\/porte-finestre-milano\/?s={search_term_string}\"},\"query-input\":{\"@type\":\"PropertyValueSpecification\",\"valueRequired\":true,\"valueName\":\"search_term_string\"}}],\"inLanguage\":\"it-IT\"},{\"@type\":\"Organization\",\"@id\":\"https:\/\/www.mmlegnopiu.it\/porte-finestre-milano\/#organization\",\"name\":\"M & M Legno Pi\u00f9\",\"url\":\"https:\/\/www.mmlegnopiu.it\/porte-finestre-milano\/\",\"logo\":{\"@type\":\"ImageObject\",\"inLanguage\":\"it-IT\",\"@id\":\"https:\/\/www.mmlegnopiu.it\/porte-finestre-milano\/#\/schema\/logo\/image\/\",\"url\":\"https:\/\/www.mmlegnopiu.it\/porte-finestre-milano\/wp-content\/uploads\/2015\/04\/logo.jpg\",\"contentUrl\":\"https:\/\/www.mmlegnopiu.it\/porte-finestre-milano\/wp-content\/uploads\/2015\/04\/logo.jpg\",\"width\":214,\"height\":219,\"caption\":\"M & M Legno Pi\u00f9\"},\"image\":{\"@id\":\"https:\/\/www.mmlegnopiu.it\/porte-finestre-milano\/#\/schema\/logo\/image\/\"}}]}<\/script>\n<!-- \/ Yoast SEO plugin. -->","yoast_head_json":{"title":"Tenda Plissettata Filtrante VELUX Milano | Luce e Privacy","description":"Scopri la tenda plissettata filtrante VELUX a Milano: luce soffusa, privacy e design elegante per finestre da tetto. Contattaci per maggiori informazioni","robots":{"index":"index","follow":"follow","max-snippet":"max-snippet:-1","max-image-preview":"max-image-preview:large","max-video-preview":"max-video-preview:-1"},"canonical":"https:\/\/www.mmlegnopiu.it\/porte-finestre-milano\/prodotto\/tende-filtranti-plissettate-velux-milano\/","og_locale":"it_IT","og_type":"article","og_title":"Tenda Plissettata Filtrante VELUX Milano | Luce e Privacy","og_description":"Scopri la tenda plissettata filtrante VELUX a Milano: luce soffusa, privacy e design elegante per finestre da tetto. Contattaci per maggiori informazioni","og_url":"https:\/\/www.mmlegnopiu.it\/porte-finestre-milano\/prodotto\/tende-filtranti-plissettate-velux-milano\/","og_site_name":"M&amp;M Legno Pi\u00f9","article_modified_time":"2026-03-26T10:13:54+00:00","og_image":[{"width":1280,"height":853,"url":"http:\/\/www.mmlegnopiu.it\/porte-finestre-milano\/wp-content\/uploads\/2026\/03\/tende-4-1.jpg","type":"image\/jpeg"}],"twitter_card":"summary_large_image","twitter_misc":{"Tempo di lettura stimato":"2 minuti"},"schema":{"@context":"https:\/\/schema.org","@graph":[{"@type":"WebPage","@id":"https:\/\/www.mmlegnopiu.it\/porte-finestre-milano\/prodotto\/tende-filtranti-plissettate-velux-milano\/","url":"https:\/\/www.mmlegnopiu.it\/porte-finestre-milano\/prodotto\/tende-filtranti-plissettate-velux-milano\/","name":"Tenda Plissettata Filtrante VELUX Milano | Luce e Privacy","isPartOf":{"@id":"https:\/\/www.mmlegnopiu.it\/porte-finestre-milano\/#website"},"primaryImageOfPage":{"@id":"https:\/\/www.mmlegnopiu.it\/porte-finestre-milano\/prodotto\/tende-filtranti-plissettate-velux-milano\/#primaryimage"},"image":{"@id":"https:\/\/www.mmlegnopiu.it\/porte-finestre-milano\/prodotto\/tende-filtranti-plissettate-velux-milano\/#primaryimage"},"thumbnailUrl":"https:\/\/www.mmlegnopiu.it\/porte-finestre-milano\/wp-content\/uploads\/2026\/03\/tende-4-1.jpg","datePublished":"2026-03-26T09:32:36+00:00","dateModified":"2026-03-26T10:13:54+00:00","description":"Scopri la tenda plissettata filtrante VELUX a Milano: luce soffusa, privacy e design elegante per finestre da tetto. Contattaci per maggiori informazioni","breadcrumb":{"@id":"https:\/\/www.mmlegnopiu.it\/porte-finestre-milano\/prodotto\/tende-filtranti-plissettate-velux-milano\/#breadcrumb"},"inLanguage":"it-IT","potentialAction":[{"@type":"ReadAction","target":["https:\/\/www.mmlegnopiu.it\/porte-finestre-milano\/prodotto\/tende-filtranti-plissettate-velux-milano\/"]}]},{"@type":"ImageObject","inLanguage":"it-IT","@id":"https:\/\/www.mmlegnopiu.it\/porte-finestre-milano\/prodotto\/tende-filtranti-plissettate-velux-milano\/#primaryimage","url":"https:\/\/www.mmlegnopiu.it\/porte-finestre-milano\/wp-content\/uploads\/2026\/03\/tende-4-1.jpg","contentUrl":"https:\/\/www.mmlegnopiu.it\/porte-finestre-milano\/wp-content\/uploads\/2026\/03\/tende-4-1.jpg","width":1280,"height":853},{"@type":"BreadcrumbList","@id":"https:\/\/www.mmlegnopiu.it\/porte-finestre-milano\/prodotto\/tende-filtranti-plissettate-velux-milano\/#breadcrumb","itemListElement":[{"@type":"ListItem","position":1,"name":"Home","item":"https:\/\/www.mmlegnopiu.it\/porte-finestre-milano\/"},{"@type":"ListItem","position":2,"name":"Shop","item":"https:\/\/www.mmlegnopiu.it\/porte-finestre-milano\/shop\/"},{"@type":"ListItem","position":3,"name":"Tende filtranti plissettate Velux"}]},{"@type":"WebSite","@id":"https:\/\/www.mmlegnopiu.it\/porte-finestre-milano\/#website","url":"https:\/\/www.mmlegnopiu.it\/porte-finestre-milano\/","name":"M&amp;M Legno Pi\u00f9","description":"Finestre Milano, porte, scale.","publisher":{"@id":"https:\/\/www.mmlegnopiu.it\/porte-finestre-milano\/#organization"},"potentialAction":[{"@type":"SearchAction","target":{"@type":"EntryPoint","urlTemplate":"https:\/\/www.mmlegnopiu.it\/porte-finestre-milano\/?s={search_term_string}"},"query-input":{"@type":"PropertyValueSpecification","valueRequired":true,"valueName":"search_term_string"}}],"inLanguage":"it-IT"},{"@type":"Organization","@id":"https:\/\/www.mmlegnopiu.it\/porte-finestre-milano\/#organization","name":"M & M Legno Pi\u00f9","url":"https:\/\/www.mmlegnopiu.it\/porte-finestre-milano\/","logo":{"@type":"ImageObject","inLanguage":"it-IT","@id":"https:\/\/www.mmlegnopiu.it\/porte-finestre-milano\/#\/schema\/logo\/image\/","url":"https:\/\/www.mmlegnopiu.it\/porte-finestre-milano\/wp-content\/uploads\/2015\/04\/logo.jpg","contentUrl":"https:\/\/www.mmlegnopiu.it\/porte-finestre-milano\/wp-content\/uploads\/2015\/04\/logo.jpg","width":214,"height":219,"caption":"M & M Legno Pi\u00f9"},"image":{"@id":"https:\/\/www.mmlegnopiu.it\/porte-finestre-milano\/#\/schema\/logo\/image\/"}}]}},"_links":{"self":[{"href":"https:\/\/www.mmlegnopiu.it\/porte-finestre-milano\/wp-json\/wp\/v2\/product\/12068","targetHints":{"allow":["GET"]}}],"collection":[{"href":"https:\/\/www.mmlegnopiu.it\/porte-finestre-milano\/wp-json\/wp\/v2\/product"}],"about":[{"href":"https:\/\/www.mmlegnopiu.it\/porte-finestre-milano\/wp-json\/wp\/v2\/types\/product"}],"wp:featuredmedia":[{"embeddable":true,"href":"https:\/\/www.mmlegnopiu.it\/porte-finestre-milano\/wp-json\/wp\/v2\/media\/12069"}],"wp:attachment":[{"href":"https:\/\/www.mmlegnopiu.it\/porte-finestre-milano\/wp-json\/wp\/v2\/media?parent=12068"}],"wp:term":[{"taxonomy":"product_brand","embeddable":true,"href":"https:\/\/www.mmlegnopiu.it\/porte-finestre-milano\/wp-json\/wp\/v2\/product_brand?post=12068"},{"taxonomy":"product_cat","embeddable":true,"href":"https:\/\/www.mmlegnopiu.it\/porte-finestre-milano\/wp-json\/wp\/v2\/product_cat?post=12068"},{"taxonomy":"product_tag","embeddable":true,"href":"https:\/\/www.mmlegnopiu.it\/porte-finestre-milano\/wp-json\/wp\/v2\/product_tag?post=12068"}],"curies":[{"name":"wp","href":"https:\/\/api.w.org\/{rel}","templated":true}]}}