{"id":3067,"date":"2015-05-04T17:46:12","date_gmt":"2015-05-04T15:46:12","guid":{"rendered":"http:\/\/www.mmlegnopiu.it\/porte-finestre-milano\/?post_type=product&#038;p=3067"},"modified":"2015-05-14T11:27:40","modified_gmt":"2015-05-14T09:27:40","slug":"sistemi-di-chiusura-by-rimadesio","status":"publish","type":"product","link":"https:\/\/www.mmlegnopiu.it\/porte-finestre-milano\/prodotto\/sistemi-di-chiusura-by-rimadesio\/","title":{"rendered":"SISTEMI DI CHIUSURA By Rimadesio"},"content":{"rendered":"<div class=\"row\"  id=\"row-24715087\">\n\n\t<div id=\"col-1015592204\" class=\"col medium-1\/4 large-3\"  >\n\t\t\t\t<div class=\"col-inner\"  >\n\t\t\t\n\t\t\t\n<p><a href=\"http:\/\/www.mmlegnopiu.it\/porte-finestre-milano\/wp-content\/uploads\/2015\/05\/16.jpg\"><img loading=\"lazy\" decoding=\"async\" class=\"alignnone size-medium wp-image-3068\" src=\"http:\/\/www.mmlegnopiu.it\/porte-finestre-milano\/wp-content\/uploads\/2015\/05\/16-300x178.jpg\" alt=\"1\" width=\"300\" height=\"178\" srcset=\"https:\/\/www.mmlegnopiu.it\/porte-finestre-milano\/wp-content\/uploads\/2015\/05\/16-300x178.jpg 300w, https:\/\/www.mmlegnopiu.it\/porte-finestre-milano\/wp-content\/uploads\/2015\/05\/16-400x238.jpg 400w, https:\/\/www.mmlegnopiu.it\/porte-finestre-milano\/wp-content\/uploads\/2015\/05\/16-600x357.jpg 600w, https:\/\/www.mmlegnopiu.it\/porte-finestre-milano\/wp-content\/uploads\/2015\/05\/16.jpg 803w\" sizes=\"auto, (max-width: 300px) 100vw, 300px\" \/><\/a><\/p>\n<p>In foto: GRAPHIS, struttura in alluminio e vetro laccato nero lucido.<\/p>\n<p>La porta scorrevole in totale libert\u00e0 progettuale, defi nita dall\u2019eccezionale variet\u00e0 cromatica ed estetica del vetro Rimadesio.<br \/>\nI pannelli del sistema Graphis, sempre realizzati su misura, sono costituiti da un profi lo strutturale d\u2019alluminio di minimo spessore, caratterizzato dal traverso orizzontale con maniglia integrata, e da un vetro doppio temperato disponibile nell\u2019esclusiva gamma dei 30 colori laccati Ecolorsystem lucidi e opachi, in sei tinte refl ex con effetto metallizzato rifl ettente e nelle fi niture riflettente grigio, acidato e acidato grigio.<br \/>\nUn\u2019esplorazione completa delle possibilit\u00e0 stilistiche del vetro, per un progetto in grado di declinarsi sia in ambienti domestici che professionali.<\/p>\n<p><a href=\"http:\/\/www.rimadesio.it\/ita\/catalogo_porte-scorrevoli\/graphis.php\" target=\"_blank\">Per maggiori informazioni.<\/a><\/p>\n<p>&nbsp;<\/p>\n<p>&nbsp;<\/p>\n\t\t<\/div>\n\t\t\t\t\t<\/div>\n\n\t\n\n\t<div id=\"col-181244023\" class=\"col medium-1\/4 large-3\"  >\n\t\t\t\t<div class=\"col-inner\"  >\n\t\t\t\n\t\t\t\n<p>&nbsp;<\/p>\n<p><a href=\"http:\/\/www.mmlegnopiu.it\/porte-finestre-milano\/wp-content\/uploads\/2015\/05\/26.jpg\"><img loading=\"lazy\" decoding=\"async\" class=\"alignnone size-medium wp-image-3069\" src=\"http:\/\/www.mmlegnopiu.it\/porte-finestre-milano\/wp-content\/uploads\/2015\/05\/26-300x185.jpg\" alt=\"2\" width=\"300\" height=\"185\" srcset=\"https:\/\/www.mmlegnopiu.it\/porte-finestre-milano\/wp-content\/uploads\/2015\/05\/26-300x185.jpg 300w, https:\/\/www.mmlegnopiu.it\/porte-finestre-milano\/wp-content\/uploads\/2015\/05\/26-400x248.jpg 400w, https:\/\/www.mmlegnopiu.it\/porte-finestre-milano\/wp-content\/uploads\/2015\/05\/26-600x372.jpg 600w, https:\/\/www.mmlegnopiu.it\/porte-finestre-milano\/wp-content\/uploads\/2015\/05\/26.jpg 772w\" sizes=\"auto, (max-width: 300px) 100vw, 300px\" \/><\/a><\/p>\n<p>In foto: STRIPE, struttura alluminio brown e vetro trasparente grigio<\/p>\n<p>Stripe \u00e8 il sistema di porte scorrevoli caratterizzato dal disegno dei traversi in alluminio, presenti su entrambe le facciate delle porte, rendendo cos\u00ec perfettamente bifacciali le composizioni.<br \/>\nDalla zona giorno alla zona notte, Stripe \u00e8 un progetto pensato per ogni area della casa, cos\u00ec come per ambienti professionali e aree pubbliche.<br \/>\nUna nuova interpretazione della luce come elemento fondamentale degli interni contemporanei, in cui un forte valore grafi co si associa alla massima qualit\u00e0 tecnologica.<\/p>\n<p><a href=\"http:\/\/www.rimadesio.it\/ita\/catalogo_porte-scorrevoli\/stripe.php\" target=\"_blank\">\u00a0Per maggiori informazioni.<\/a><\/p>\n<p>&nbsp;<\/p>\n\t\t<\/div>\n\t\t\t\t\t<\/div>\n\n\t\n\n\t<div id=\"col-1843308122\" class=\"col medium-1\/4 large-3\"  >\n\t\t\t\t<div class=\"col-inner\"  >\n\t\t\t\n\t\t\t\n<p>&nbsp;<\/p>\n<p><a href=\"http:\/\/www.mmlegnopiu.it\/porte-finestre-milano\/wp-content\/uploads\/2015\/05\/71.jpg\"><img loading=\"lazy\" decoding=\"async\" class=\"alignnone size-medium wp-image-3083\" src=\"http:\/\/www.mmlegnopiu.it\/porte-finestre-milano\/wp-content\/uploads\/2015\/05\/71-300x179.jpg\" alt=\"7\" width=\"300\" height=\"179\" srcset=\"https:\/\/www.mmlegnopiu.it\/porte-finestre-milano\/wp-content\/uploads\/2015\/05\/71-300x179.jpg 300w, https:\/\/www.mmlegnopiu.it\/porte-finestre-milano\/wp-content\/uploads\/2015\/05\/71-400x240.jpg 400w, https:\/\/www.mmlegnopiu.it\/porte-finestre-milano\/wp-content\/uploads\/2015\/05\/71-600x360.jpg 600w, https:\/\/www.mmlegnopiu.it\/porte-finestre-milano\/wp-content\/uploads\/2015\/05\/71.jpg 797w\" sizes=\"auto, (max-width: 300px) 100vw, 300px\" \/><\/a><\/p>\n<p>In foto: VELARIA, struttura piombo spazzolato e vetro trasparente grigio<\/p>\n<p>L\u2019interpretazione della porta scorrevole all\u2019insegna del massimo rigore geometrico.<br \/>\nUn progetto in cui i pannelli vengono realizzati sempre su misura, con un profi lo strutturale in alluminio di minimo spessore che valorizza al massimo le qualit\u00e0 estetiche esclusive del vetro Rimadesio.<br \/>\nUn sistema dotato di innovative soluzioni tecniche brevettate, per garantire la pi\u00f9 ampia libert\u00e0 progettuale, associata<br \/>\nalla semplicit\u00e0 di installazione e ad un\u2019eccezionale affi dabilit\u00e0 nel tempo.<\/p>\n<p><a href=\"http:\/\/www.rimadesio.it\/ita\/catalogo_porte-scorrevoli\/velaria.php\" target=\"_blank\">Per maggiori informazioni.<\/a><\/p>\n<p>&nbsp;<\/p>\n\t\t<\/div>\n\t\t\t\t\t<\/div>\n\n\t\n\n\t<div id=\"col-711212696\" class=\"col medium-1\/4 large-3\"  >\n\t\t\t\t<div class=\"col-inner\"  >\n\t\t\t\n\t\t\t\n<p><a href=\"http:\/\/www.mmlegnopiu.it\/porte-finestre-milano\/wp-content\/uploads\/2015\/05\/52.jpg\"><img loading=\"lazy\" decoding=\"async\" class=\"alignnone size-medium wp-image-3072\" src=\"http:\/\/www.mmlegnopiu.it\/porte-finestre-milano\/wp-content\/uploads\/2015\/05\/52-300x150.jpg\" alt=\"5\" width=\"300\" height=\"150\" srcset=\"https:\/\/www.mmlegnopiu.it\/porte-finestre-milano\/wp-content\/uploads\/2015\/05\/52-300x150.jpg 300w, https:\/\/www.mmlegnopiu.it\/porte-finestre-milano\/wp-content\/uploads\/2015\/05\/52-400x200.jpg 400w, https:\/\/www.mmlegnopiu.it\/porte-finestre-milano\/wp-content\/uploads\/2015\/05\/52-600x300.jpg 600w, https:\/\/www.mmlegnopiu.it\/porte-finestre-milano\/wp-content\/uploads\/2015\/05\/52.jpg 956w\" sizes=\"auto, (max-width: 300px) 100vw, 300px\" \/><\/a><\/p>\n<p>In foto: SIPARIUM, struttura alluminio anodizzato e vetro acidato grigio.<\/p>\n<p>Il sistema di porte scorrevoli che riassume la concezione Rimadesio dell\u2019interior design, con la massima versatilit\u00e0 progettuale, garantita dalla realizzazione sempre su misura, e l\u2019eccezionale gamma di fi niture disponibili, sia per la struttura che per i vetri.<br \/>\nSiparium prevede inoltre la possibilit\u00e0 di apertura a libro e battente: un\u2019ampiezza di utilizzo che comprende spazi pubblici e professionali cos\u00ec come ogni tipo di ambiente domestico.<br \/>\nTutti i modelli Siparium sono brevettati e depositati.<\/p>\n<p><a href=\"http:\/\/www.rimadesio.it\/ita\/catalogo_porte-scorrevoli\/siparium.php\" target=\"_blank\">Per maggiori informazioni.<\/a><\/p>\n<p>&nbsp;<\/p>\n<p>&nbsp;<\/p>\n\t\t<\/div>\n\t\t\t\t\t<\/div>\n\n\t\n<\/div>\n","protected":false},"excerpt":{"rendered":"<p>Per Rimadesio il custom made \u00e8 di serie: la realizzazione esclusivamente su misura \u00e8 gi\u00e0 prevista per molte delle proposte della collezione, per esempio le porte scorrevoli Siparium, Graphis e Velaria. Un approccio progettuale a cui fa riscontro una metodologia produttiva evoluta, in grado di misurarsi con le esigenze di customizzazione dei professionisti del contract. Alla versatilit\u00e0 dimensionale si associa la pi\u00f9 assoluta variet\u00e0 estetica: la continua sperimentazione dell\u2019azienda nell\u2019ambito dei colori, dei materiali e delle finiture superficiali garantisce la possibilit\u00e0 di personalizzare al massimo grado ogni progetto.<\/p>\n<p><a href=\"http:\/\/www.rimadesio.it\/ita\/\" target=\"_blank\">Per maggiori informazioni.<\/a><\/p>\n","protected":false},"featured_media":3071,"template":"","meta":[],"product_brand":[],"product_cat":[21,79],"product_tag":[362,364,80,81,55],"class_list":{"0":"post-3067","1":"product","2":"type-product","3":"status-publish","4":"has-post-thumbnail","6":"product_cat-porte","7":"product_cat-sistemi-di-chiusura-e-vetrate","8":"product_tag-porte","9":"product_tag-rimadesio","10":"product_tag-sistemi-di-chiusura","11":"product_tag-vetrate","12":"product_tag-vetro","14":"first","15":"instock","16":"shipping-taxable","17":"product-type-simple"},"yoast_head":"<!-- This site is optimized with the Yoast SEO plugin v26.8 - https:\/\/yoast.com\/product\/yoast-seo-wordpress\/ -->\n<title>SISTEMI DI CHIUSURA By Rimadesio - M&amp;M Legno Pi\u00f9<\/title>\n<meta name=\"robots\" content=\"index, follow, max-snippet:-1, max-image-preview:large, max-video-preview:-1\" \/>\n<link rel=\"canonical\" href=\"https:\/\/www.mmlegnopiu.it\/porte-finestre-milano\/prodotto\/sistemi-di-chiusura-by-rimadesio\/\" \/>\n<meta property=\"og:locale\" content=\"it_IT\" \/>\n<meta property=\"og:type\" content=\"article\" \/>\n<meta property=\"og:title\" content=\"SISTEMI DI CHIUSURA By Rimadesio - M&amp;M Legno Pi\u00f9\" \/>\n<meta property=\"og:description\" content=\"Per Rimadesio il custom made \u00e8 di serie: la realizzazione esclusivamente su misura \u00e8 gi\u00e0 prevista per molte delle proposte della collezione, per esempio le porte scorrevoli Siparium, Graphis e Velaria. Un approccio progettuale a cui fa riscontro una metodologia produttiva evoluta, in grado di misurarsi con le esigenze di customizzazione dei professionisti del contract. Alla versatilit\u00e0 dimensionale si associa la pi\u00f9 assoluta variet\u00e0 estetica: la continua sperimentazione dell\u2019azienda nell\u2019ambito dei colori, dei materiali e delle finiture superficiali garantisce la possibilit\u00e0 di personalizzare al massimo grado ogni progetto.  Per maggiori informazioni.\" \/>\n<meta property=\"og:url\" content=\"https:\/\/www.mmlegnopiu.it\/porte-finestre-milano\/prodotto\/sistemi-di-chiusura-by-rimadesio\/\" \/>\n<meta property=\"og:site_name\" content=\"M&amp;M Legno Pi\u00f9\" \/>\n<meta property=\"article:modified_time\" content=\"2015-05-14T09:27:40+00:00\" \/>\n<meta property=\"og:image\" content=\"https:\/\/www.mmlegnopiu.it\/porte-finestre-milano\/wp-content\/uploads\/2015\/05\/42.jpg\" \/>\n\t<meta property=\"og:image:width\" content=\"478\" \/>\n\t<meta property=\"og:image:height\" content=\"478\" \/>\n\t<meta property=\"og:image:type\" content=\"image\/jpeg\" \/>\n<meta name=\"twitter:card\" content=\"summary_large_image\" \/>\n<meta name=\"twitter:label1\" content=\"Tempo di lettura stimato\" \/>\n\t<meta name=\"twitter:data1\" content=\"2 minuti\" \/>\n<script type=\"application\/ld+json\" class=\"yoast-schema-graph\">{\"@context\":\"https:\/\/schema.org\",\"@graph\":[{\"@type\":\"WebPage\",\"@id\":\"https:\/\/www.mmlegnopiu.it\/porte-finestre-milano\/prodotto\/sistemi-di-chiusura-by-rimadesio\/\",\"url\":\"https:\/\/www.mmlegnopiu.it\/porte-finestre-milano\/prodotto\/sistemi-di-chiusura-by-rimadesio\/\",\"name\":\"SISTEMI DI CHIUSURA By Rimadesio - M&amp;M Legno Pi\u00f9\",\"isPartOf\":{\"@id\":\"https:\/\/www.mmlegnopiu.it\/porte-finestre-milano\/#website\"},\"primaryImageOfPage\":{\"@id\":\"https:\/\/www.mmlegnopiu.it\/porte-finestre-milano\/prodotto\/sistemi-di-chiusura-by-rimadesio\/#primaryimage\"},\"image\":{\"@id\":\"https:\/\/www.mmlegnopiu.it\/porte-finestre-milano\/prodotto\/sistemi-di-chiusura-by-rimadesio\/#primaryimage\"},\"thumbnailUrl\":\"https:\/\/www.mmlegnopiu.it\/porte-finestre-milano\/wp-content\/uploads\/2015\/05\/42.jpg\",\"datePublished\":\"2015-05-04T15:46:12+00:00\",\"dateModified\":\"2015-05-14T09:27:40+00:00\",\"breadcrumb\":{\"@id\":\"https:\/\/www.mmlegnopiu.it\/porte-finestre-milano\/prodotto\/sistemi-di-chiusura-by-rimadesio\/#breadcrumb\"},\"inLanguage\":\"it-IT\",\"potentialAction\":[{\"@type\":\"ReadAction\",\"target\":[\"https:\/\/www.mmlegnopiu.it\/porte-finestre-milano\/prodotto\/sistemi-di-chiusura-by-rimadesio\/\"]}]},{\"@type\":\"ImageObject\",\"inLanguage\":\"it-IT\",\"@id\":\"https:\/\/www.mmlegnopiu.it\/porte-finestre-milano\/prodotto\/sistemi-di-chiusura-by-rimadesio\/#primaryimage\",\"url\":\"https:\/\/www.mmlegnopiu.it\/porte-finestre-milano\/wp-content\/uploads\/2015\/05\/42.jpg\",\"contentUrl\":\"https:\/\/www.mmlegnopiu.it\/porte-finestre-milano\/wp-content\/uploads\/2015\/05\/42.jpg\",\"width\":478,\"height\":478},{\"@type\":\"BreadcrumbList\",\"@id\":\"https:\/\/www.mmlegnopiu.it\/porte-finestre-milano\/prodotto\/sistemi-di-chiusura-by-rimadesio\/#breadcrumb\",\"itemListElement\":[{\"@type\":\"ListItem\",\"position\":1,\"name\":\"Home\",\"item\":\"https:\/\/www.mmlegnopiu.it\/porte-finestre-milano\/\"},{\"@type\":\"ListItem\",\"position\":2,\"name\":\"Shop\",\"item\":\"https:\/\/www.mmlegnopiu.it\/porte-finestre-milano\/shop\/\"},{\"@type\":\"ListItem\",\"position\":3,\"name\":\"SISTEMI DI CHIUSURA By Rimadesio\"}]},{\"@type\":\"WebSite\",\"@id\":\"https:\/\/www.mmlegnopiu.it\/porte-finestre-milano\/#website\",\"url\":\"https:\/\/www.mmlegnopiu.it\/porte-finestre-milano\/\",\"name\":\"M&amp;M Legno Pi\u00f9\",\"description\":\"Finestre Milano, porte, scale.\",\"publisher\":{\"@id\":\"https:\/\/www.mmlegnopiu.it\/porte-finestre-milano\/#organization\"},\"potentialAction\":[{\"@type\":\"SearchAction\",\"target\":{\"@type\":\"EntryPoint\",\"urlTemplate\":\"https:\/\/www.mmlegnopiu.it\/porte-finestre-milano\/?s={search_term_string}\"},\"query-input\":{\"@type\":\"PropertyValueSpecification\",\"valueRequired\":true,\"valueName\":\"search_term_string\"}}],\"inLanguage\":\"it-IT\"},{\"@type\":\"Organization\",\"@id\":\"https:\/\/www.mmlegnopiu.it\/porte-finestre-milano\/#organization\",\"name\":\"M & M Legno Pi\u00f9\",\"url\":\"https:\/\/www.mmlegnopiu.it\/porte-finestre-milano\/\",\"logo\":{\"@type\":\"ImageObject\",\"inLanguage\":\"it-IT\",\"@id\":\"https:\/\/www.mmlegnopiu.it\/porte-finestre-milano\/#\/schema\/logo\/image\/\",\"url\":\"https:\/\/www.mmlegnopiu.it\/porte-finestre-milano\/wp-content\/uploads\/2015\/04\/logo.jpg\",\"contentUrl\":\"https:\/\/www.mmlegnopiu.it\/porte-finestre-milano\/wp-content\/uploads\/2015\/04\/logo.jpg\",\"width\":214,\"height\":219,\"caption\":\"M & M Legno Pi\u00f9\"},\"image\":{\"@id\":\"https:\/\/www.mmlegnopiu.it\/porte-finestre-milano\/#\/schema\/logo\/image\/\"}}]}<\/script>\n<!-- \/ Yoast SEO plugin. -->","yoast_head_json":{"title":"SISTEMI DI CHIUSURA By Rimadesio - M&amp;M Legno Pi\u00f9","robots":{"index":"index","follow":"follow","max-snippet":"max-snippet:-1","max-image-preview":"max-image-preview:large","max-video-preview":"max-video-preview:-1"},"canonical":"https:\/\/www.mmlegnopiu.it\/porte-finestre-milano\/prodotto\/sistemi-di-chiusura-by-rimadesio\/","og_locale":"it_IT","og_type":"article","og_title":"SISTEMI DI CHIUSURA By Rimadesio - M&amp;M Legno Pi\u00f9","og_description":"Per Rimadesio il custom made \u00e8 di serie: la realizzazione esclusivamente su misura \u00e8 gi\u00e0 prevista per molte delle proposte della collezione, per esempio le porte scorrevoli Siparium, Graphis e Velaria. Un approccio progettuale a cui fa riscontro una metodologia produttiva evoluta, in grado di misurarsi con le esigenze di customizzazione dei professionisti del contract. Alla versatilit\u00e0 dimensionale si associa la pi\u00f9 assoluta variet\u00e0 estetica: la continua sperimentazione dell\u2019azienda nell\u2019ambito dei colori, dei materiali e delle finiture superficiali garantisce la possibilit\u00e0 di personalizzare al massimo grado ogni progetto.  Per maggiori informazioni.","og_url":"https:\/\/www.mmlegnopiu.it\/porte-finestre-milano\/prodotto\/sistemi-di-chiusura-by-rimadesio\/","og_site_name":"M&amp;M Legno Pi\u00f9","article_modified_time":"2015-05-14T09:27:40+00:00","og_image":[{"width":478,"height":478,"url":"https:\/\/www.mmlegnopiu.it\/porte-finestre-milano\/wp-content\/uploads\/2015\/05\/42.jpg","type":"image\/jpeg"}],"twitter_card":"summary_large_image","twitter_misc":{"Tempo di lettura stimato":"2 minuti"},"schema":{"@context":"https:\/\/schema.org","@graph":[{"@type":"WebPage","@id":"https:\/\/www.mmlegnopiu.it\/porte-finestre-milano\/prodotto\/sistemi-di-chiusura-by-rimadesio\/","url":"https:\/\/www.mmlegnopiu.it\/porte-finestre-milano\/prodotto\/sistemi-di-chiusura-by-rimadesio\/","name":"SISTEMI DI CHIUSURA By Rimadesio - M&amp;M Legno Pi\u00f9","isPartOf":{"@id":"https:\/\/www.mmlegnopiu.it\/porte-finestre-milano\/#website"},"primaryImageOfPage":{"@id":"https:\/\/www.mmlegnopiu.it\/porte-finestre-milano\/prodotto\/sistemi-di-chiusura-by-rimadesio\/#primaryimage"},"image":{"@id":"https:\/\/www.mmlegnopiu.it\/porte-finestre-milano\/prodotto\/sistemi-di-chiusura-by-rimadesio\/#primaryimage"},"thumbnailUrl":"https:\/\/www.mmlegnopiu.it\/porte-finestre-milano\/wp-content\/uploads\/2015\/05\/42.jpg","datePublished":"2015-05-04T15:46:12+00:00","dateModified":"2015-05-14T09:27:40+00:00","breadcrumb":{"@id":"https:\/\/www.mmlegnopiu.it\/porte-finestre-milano\/prodotto\/sistemi-di-chiusura-by-rimadesio\/#breadcrumb"},"inLanguage":"it-IT","potentialAction":[{"@type":"ReadAction","target":["https:\/\/www.mmlegnopiu.it\/porte-finestre-milano\/prodotto\/sistemi-di-chiusura-by-rimadesio\/"]}]},{"@type":"ImageObject","inLanguage":"it-IT","@id":"https:\/\/www.mmlegnopiu.it\/porte-finestre-milano\/prodotto\/sistemi-di-chiusura-by-rimadesio\/#primaryimage","url":"https:\/\/www.mmlegnopiu.it\/porte-finestre-milano\/wp-content\/uploads\/2015\/05\/42.jpg","contentUrl":"https:\/\/www.mmlegnopiu.it\/porte-finestre-milano\/wp-content\/uploads\/2015\/05\/42.jpg","width":478,"height":478},{"@type":"BreadcrumbList","@id":"https:\/\/www.mmlegnopiu.it\/porte-finestre-milano\/prodotto\/sistemi-di-chiusura-by-rimadesio\/#breadcrumb","itemListElement":[{"@type":"ListItem","position":1,"name":"Home","item":"https:\/\/www.mmlegnopiu.it\/porte-finestre-milano\/"},{"@type":"ListItem","position":2,"name":"Shop","item":"https:\/\/www.mmlegnopiu.it\/porte-finestre-milano\/shop\/"},{"@type":"ListItem","position":3,"name":"SISTEMI DI CHIUSURA By Rimadesio"}]},{"@type":"WebSite","@id":"https:\/\/www.mmlegnopiu.it\/porte-finestre-milano\/#website","url":"https:\/\/www.mmlegnopiu.it\/porte-finestre-milano\/","name":"M&amp;M Legno Pi\u00f9","description":"Finestre Milano, porte, scale.","publisher":{"@id":"https:\/\/www.mmlegnopiu.it\/porte-finestre-milano\/#organization"},"potentialAction":[{"@type":"SearchAction","target":{"@type":"EntryPoint","urlTemplate":"https:\/\/www.mmlegnopiu.it\/porte-finestre-milano\/?s={search_term_string}"},"query-input":{"@type":"PropertyValueSpecification","valueRequired":true,"valueName":"search_term_string"}}],"inLanguage":"it-IT"},{"@type":"Organization","@id":"https:\/\/www.mmlegnopiu.it\/porte-finestre-milano\/#organization","name":"M & M Legno Pi\u00f9","url":"https:\/\/www.mmlegnopiu.it\/porte-finestre-milano\/","logo":{"@type":"ImageObject","inLanguage":"it-IT","@id":"https:\/\/www.mmlegnopiu.it\/porte-finestre-milano\/#\/schema\/logo\/image\/","url":"https:\/\/www.mmlegnopiu.it\/porte-finestre-milano\/wp-content\/uploads\/2015\/04\/logo.jpg","contentUrl":"https:\/\/www.mmlegnopiu.it\/porte-finestre-milano\/wp-content\/uploads\/2015\/04\/logo.jpg","width":214,"height":219,"caption":"M & M Legno Pi\u00f9"},"image":{"@id":"https:\/\/www.mmlegnopiu.it\/porte-finestre-milano\/#\/schema\/logo\/image\/"}}]}},"_links":{"self":[{"href":"https:\/\/www.mmlegnopiu.it\/porte-finestre-milano\/wp-json\/wp\/v2\/product\/3067","targetHints":{"allow":["GET"]}}],"collection":[{"href":"https:\/\/www.mmlegnopiu.it\/porte-finestre-milano\/wp-json\/wp\/v2\/product"}],"about":[{"href":"https:\/\/www.mmlegnopiu.it\/porte-finestre-milano\/wp-json\/wp\/v2\/types\/product"}],"wp:featuredmedia":[{"embeddable":true,"href":"https:\/\/www.mmlegnopiu.it\/porte-finestre-milano\/wp-json\/wp\/v2\/media\/3071"}],"wp:attachment":[{"href":"https:\/\/www.mmlegnopiu.it\/porte-finestre-milano\/wp-json\/wp\/v2\/media?parent=3067"}],"wp:term":[{"taxonomy":"product_brand","embeddable":true,"href":"https:\/\/www.mmlegnopiu.it\/porte-finestre-milano\/wp-json\/wp\/v2\/product_brand?post=3067"},{"taxonomy":"product_cat","embeddable":true,"href":"https:\/\/www.mmlegnopiu.it\/porte-finestre-milano\/wp-json\/wp\/v2\/product_cat?post=3067"},{"taxonomy":"product_tag","embeddable":true,"href":"https:\/\/www.mmlegnopiu.it\/porte-finestre-milano\/wp-json\/wp\/v2\/product_tag?post=3067"}],"curies":[{"name":"wp","href":"https:\/\/api.w.org\/{rel}","templated":true}]}}