{"id":3189,"date":"2015-05-06T16:13:18","date_gmt":"2015-05-06T14:13:18","guid":{"rendered":"http:\/\/www.mmlegnopiu.it\/porte-finestre-milano\/?post_type=product&#038;p=3189"},"modified":"2019-05-15T11:51:30","modified_gmt":"2019-05-15T09:51:30","slug":"boiserie-garofoli-milano-2","status":"publish","type":"product","link":"https:\/\/www.mmlegnopiu.it\/porte-finestre-milano\/prodotto\/boiserie-garofoli-milano-2\/","title":{"rendered":"BOISERIE By Garofoli"},"content":{"rendered":"<p>&nbsp;<\/p>\n<h1><strong><span style=\"font-size: 140%;\">BOISERIE<\/span><\/strong><br \/>\n<strong><span style=\"font-size: 140%;\">IL RIVESTIMENTO IN LEGNO CHE RENDE UNICA LA TUA CASA<\/span><\/strong><\/h1>\n<p>&nbsp;<\/p>\n<p><a href=\"http:\/\/www.mmlegnopiu.it\/porte-finestre-milano\/wp-content\/uploads\/2015\/05\/BOISERIE-MILANO.jpg\"><img loading=\"lazy\" decoding=\"async\" class=\"size-full wp-image-8497 aligncenter\" src=\"http:\/\/www.mmlegnopiu.it\/porte-finestre-milano\/wp-content\/uploads\/2015\/05\/BOISERIE-MILANO.jpg\" alt=\"\" width=\"1500\" height=\"938\" srcset=\"https:\/\/www.mmlegnopiu.it\/porte-finestre-milano\/wp-content\/uploads\/2015\/05\/BOISERIE-MILANO.jpg 1500w, https:\/\/www.mmlegnopiu.it\/porte-finestre-milano\/wp-content\/uploads\/2015\/05\/BOISERIE-MILANO-400x250.jpg 400w, https:\/\/www.mmlegnopiu.it\/porte-finestre-milano\/wp-content\/uploads\/2015\/05\/BOISERIE-MILANO-300x188.jpg 300w, https:\/\/www.mmlegnopiu.it\/porte-finestre-milano\/wp-content\/uploads\/2015\/05\/BOISERIE-MILANO-768x480.jpg 768w, https:\/\/www.mmlegnopiu.it\/porte-finestre-milano\/wp-content\/uploads\/2015\/05\/BOISERIE-MILANO-1024x640.jpg 1024w, https:\/\/www.mmlegnopiu.it\/porte-finestre-milano\/wp-content\/uploads\/2015\/05\/BOISERIE-MILANO-600x375.jpg 600w\" sizes=\"auto, (max-width: 1500px) 100vw, 1500px\" \/><\/a><\/p>\n<p>&nbsp;<\/p>\n<h2><strong>MOLTO PI\u00d9 CHE UN SEMPLICE DECORO<\/strong><\/h2>\n<h2>\nPerch\u00e9 scegliere i pannelli in legno per decorare una stanza?<\/h2>\n<h2>Perch\u00e9 la Boiserie \u00e8 il prodotto ideale per chi vuole differenziare gli ambienti oppure ristrutturare una stanza senza doverla stravolgere.<\/h2>\n<h2>Con il rivestimento in legno puoi infatti cambiare il look di una stanza in poche mosse scegliendo tra la versione a mezza altezza e quella a tutta altezza.<\/h2>\n<p>&nbsp;<\/p>\n<p><a href=\"http:\/\/www.mmlegnopiu.it\/porte-finestre-milano\/wp-content\/uploads\/2015\/05\/BOISERIE-MILANO-2.jpg\"><img loading=\"lazy\" decoding=\"async\" class=\"size-full wp-image-8496 aligncenter\" src=\"http:\/\/www.mmlegnopiu.it\/porte-finestre-milano\/wp-content\/uploads\/2015\/05\/BOISERIE-MILANO-2.jpg\" alt=\"\" width=\"1300\" height=\"835\" srcset=\"https:\/\/www.mmlegnopiu.it\/porte-finestre-milano\/wp-content\/uploads\/2015\/05\/BOISERIE-MILANO-2.jpg 1300w, https:\/\/www.mmlegnopiu.it\/porte-finestre-milano\/wp-content\/uploads\/2015\/05\/BOISERIE-MILANO-2-400x257.jpg 400w, https:\/\/www.mmlegnopiu.it\/porte-finestre-milano\/wp-content\/uploads\/2015\/05\/BOISERIE-MILANO-2-300x193.jpg 300w, https:\/\/www.mmlegnopiu.it\/porte-finestre-milano\/wp-content\/uploads\/2015\/05\/BOISERIE-MILANO-2-768x493.jpg 768w, https:\/\/www.mmlegnopiu.it\/porte-finestre-milano\/wp-content\/uploads\/2015\/05\/BOISERIE-MILANO-2-1024x658.jpg 1024w, https:\/\/www.mmlegnopiu.it\/porte-finestre-milano\/wp-content\/uploads\/2015\/05\/BOISERIE-MILANO-2-600x385.jpg 600w\" sizes=\"auto, (max-width: 1300px) 100vw, 1300px\" \/><\/a><\/p>\n<p>&nbsp;<\/p>\n<h2><\/h2>\n<h2>VANTAGGI<\/h2>\n<ul>\n<li>\n<h2>Perfetta per rivestire porte e armadi filomuro<\/h2>\n<\/li>\n<li>\n<h2>Facile da installare<\/h2>\n<\/li>\n<li>\n<h2>Numerosi accessori disponibili per un\u2019elevata personalizzazione<\/h2>\n<\/li>\n<li>\n<h2>Coordinabile a porte, armadi Miria, mensole, parquet<\/h2>\n<\/li>\n<\/ul>\n<p>&nbsp;<\/p>\n<p>&nbsp;<\/p>\n<p>&nbsp;<\/p>\n<p><a href=\"http:\/\/www.mmlegnopiu.it\/porte-finestre-milano\/wp-content\/uploads\/2015\/05\/BOISERIE-MILANO-3.jpg\"><img loading=\"lazy\" decoding=\"async\" class=\"size-full wp-image-8495 aligncenter\" src=\"http:\/\/www.mmlegnopiu.it\/porte-finestre-milano\/wp-content\/uploads\/2015\/05\/BOISERIE-MILANO-3.jpg\" alt=\"\" width=\"1400\" height=\"875\" srcset=\"https:\/\/www.mmlegnopiu.it\/porte-finestre-milano\/wp-content\/uploads\/2015\/05\/BOISERIE-MILANO-3.jpg 1400w, https:\/\/www.mmlegnopiu.it\/porte-finestre-milano\/wp-content\/uploads\/2015\/05\/BOISERIE-MILANO-3-400x250.jpg 400w, https:\/\/www.mmlegnopiu.it\/porte-finestre-milano\/wp-content\/uploads\/2015\/05\/BOISERIE-MILANO-3-300x188.jpg 300w, https:\/\/www.mmlegnopiu.it\/porte-finestre-milano\/wp-content\/uploads\/2015\/05\/BOISERIE-MILANO-3-768x480.jpg 768w, https:\/\/www.mmlegnopiu.it\/porte-finestre-milano\/wp-content\/uploads\/2015\/05\/BOISERIE-MILANO-3-1024x640.jpg 1024w, https:\/\/www.mmlegnopiu.it\/porte-finestre-milano\/wp-content\/uploads\/2015\/05\/BOISERIE-MILANO-3-600x375.jpg 600w\" sizes=\"auto, (max-width: 1400px) 100vw, 1400px\" \/><\/a><\/p>\n<p>&nbsp;<\/p>\n<h2><strong>TIPOLOGIE DI BOISERIE<\/strong><\/h2>\n<h2>\nLa scelta dell\u2019altezza delle boiserie \u00e8 fondamentale per ottenere l\u2019effetto desiderato.<\/h2>\n<h2>Si pu\u00f2 optare infatti per un rivestimento di altezza media con una cornice a chiusura, oppure si pu\u00f2 decidere di coprire completamente la parete, per ottenere un effetto di estrema omogeneit\u00e0.<\/h2>\n<p>&nbsp;<\/p>\n<p>&nbsp;<\/p>\n<p><a href=\"http:\/\/www.mmlegnopiu.it\/porte-finestre-milano\/wp-content\/uploads\/2015\/05\/BOISERIE-MILANO-4.jpg\"><img loading=\"lazy\" decoding=\"async\" class=\"size-full wp-image-8494 aligncenter\" src=\"http:\/\/www.mmlegnopiu.it\/porte-finestre-milano\/wp-content\/uploads\/2015\/05\/BOISERIE-MILANO-4.jpg\" alt=\"\" width=\"1300\" height=\"813\" srcset=\"https:\/\/www.mmlegnopiu.it\/porte-finestre-milano\/wp-content\/uploads\/2015\/05\/BOISERIE-MILANO-4.jpg 1300w, https:\/\/www.mmlegnopiu.it\/porte-finestre-milano\/wp-content\/uploads\/2015\/05\/BOISERIE-MILANO-4-400x250.jpg 400w, https:\/\/www.mmlegnopiu.it\/porte-finestre-milano\/wp-content\/uploads\/2015\/05\/BOISERIE-MILANO-4-300x188.jpg 300w, https:\/\/www.mmlegnopiu.it\/porte-finestre-milano\/wp-content\/uploads\/2015\/05\/BOISERIE-MILANO-4-768x480.jpg 768w, https:\/\/www.mmlegnopiu.it\/porte-finestre-milano\/wp-content\/uploads\/2015\/05\/BOISERIE-MILANO-4-1024x640.jpg 1024w, https:\/\/www.mmlegnopiu.it\/porte-finestre-milano\/wp-content\/uploads\/2015\/05\/BOISERIE-MILANO-4-600x375.jpg 600w\" sizes=\"auto, (max-width: 1300px) 100vw, 1300px\" \/><\/a><\/p>\n<p>&nbsp;<\/p>\n<h2><strong>STILI E MATERIALI<\/strong><\/h2>\n<h2>\nLiscia o pantografata, in stile classico o moderno, in legno o laccata: la boiserie rappresenta una straordinaria possibilit\u00e0 di scelta per progetti di design d\u2019interni che puntano a creare soluzioni personalizzate e raffinate.<\/h2>\n","protected":false},"excerpt":{"rendered":"<h2>Proposta in una incredibile variet\u00e0 di finiture e combinazioni differenti, la boiserie si rivela ideale sia nella creazione di ambienti nuovi, belli e funzionali, che per il restyling e la trasformazione di spazi esistenti.<\/h2>\n<h2>\nLiscia o pantografata, in stile classico o moderno: la boiserie rappresenta una straordinaria possibilit\u00e0 di scelta per progetti di design d&#8217;interni che puntano a creare soluzioni personalizzate e raffinate.<\/h2>\n<p><a href=\"http:\/\/www.garofoli.com\/it\/prodotti\/altri-prodotti\/1-boiserie\/\" target=\"_blank\" rel=\"noopener\">Per maggiori informazioni<\/a><\/p>\n","protected":false},"featured_media":3190,"template":"","meta":[],"product_brand":[],"product_cat":[389],"product_tag":[41,30,37,363],"class_list":{"0":"post-3189","1":"product","2":"type-product","3":"status-publish","4":"has-post-thumbnail","6":"product_cat-boiserie-milano","7":"product_tag-boiserie","8":"product_tag-garofoli","9":"product_tag-legno","10":"product_tag-parquet","12":"first","13":"instock","14":"shipping-taxable","15":"product-type-simple"},"yoast_head":"<!-- This site is optimized with the Yoast SEO plugin v26.8 - https:\/\/yoast.com\/product\/yoast-seo-wordpress\/ -->\n<title>Boiserie garofoli milano. Rivenditore Garofoli Milano<\/title>\n<meta name=\"description\" content=\"Nel nostro showroom alle porte di Milano potrete trovare una vasta esposizione di prodotti Garofoli, tra cui porte, parquet e boiserie Garofoli Milano\" \/>\n<meta name=\"robots\" content=\"index, follow, max-snippet:-1, max-image-preview:large, max-video-preview:-1\" \/>\n<link rel=\"canonical\" href=\"https:\/\/www.mmlegnopiu.it\/porte-finestre-milano\/prodotto\/boiserie-garofoli-milano-2\/\" \/>\n<meta property=\"og:locale\" content=\"it_IT\" \/>\n<meta property=\"og:type\" content=\"article\" \/>\n<meta property=\"og:title\" content=\"Boiserie garofoli milano. Rivenditore Garofoli Milano\" \/>\n<meta property=\"og:description\" content=\"Nel nostro showroom alle porte di Milano potrete trovare una vasta esposizione di prodotti Garofoli, tra cui porte, parquet e boiserie Garofoli Milano\" \/>\n<meta property=\"og:url\" content=\"https:\/\/www.mmlegnopiu.it\/porte-finestre-milano\/prodotto\/boiserie-garofoli-milano-2\/\" \/>\n<meta property=\"og:site_name\" content=\"M&amp;M Legno Pi\u00f9\" \/>\n<meta property=\"article:modified_time\" content=\"2019-05-15T09:51:30+00:00\" \/>\n<meta property=\"og:image\" content=\"https:\/\/www.mmlegnopiu.it\/porte-finestre-milano\/wp-content\/uploads\/2015\/05\/123.jpg\" \/>\n\t<meta property=\"og:image:width\" content=\"480\" \/>\n\t<meta property=\"og:image:height\" content=\"430\" \/>\n\t<meta property=\"og:image:type\" content=\"image\/jpeg\" \/>\n<meta name=\"twitter:card\" content=\"summary_large_image\" \/>\n<meta name=\"twitter:label1\" content=\"Tempo di lettura stimato\" \/>\n\t<meta name=\"twitter:data1\" content=\"1 minuto\" \/>\n<script type=\"application\/ld+json\" class=\"yoast-schema-graph\">{\"@context\":\"https:\/\/schema.org\",\"@graph\":[{\"@type\":\"WebPage\",\"@id\":\"https:\/\/www.mmlegnopiu.it\/porte-finestre-milano\/prodotto\/boiserie-garofoli-milano-2\/\",\"url\":\"https:\/\/www.mmlegnopiu.it\/porte-finestre-milano\/prodotto\/boiserie-garofoli-milano-2\/\",\"name\":\"Boiserie garofoli milano. Rivenditore Garofoli Milano\",\"isPartOf\":{\"@id\":\"https:\/\/www.mmlegnopiu.it\/porte-finestre-milano\/#website\"},\"primaryImageOfPage\":{\"@id\":\"https:\/\/www.mmlegnopiu.it\/porte-finestre-milano\/prodotto\/boiserie-garofoli-milano-2\/#primaryimage\"},\"image\":{\"@id\":\"https:\/\/www.mmlegnopiu.it\/porte-finestre-milano\/prodotto\/boiserie-garofoli-milano-2\/#primaryimage\"},\"thumbnailUrl\":\"https:\/\/www.mmlegnopiu.it\/porte-finestre-milano\/wp-content\/uploads\/2015\/05\/123.jpg\",\"datePublished\":\"2015-05-06T14:13:18+00:00\",\"dateModified\":\"2019-05-15T09:51:30+00:00\",\"description\":\"Nel nostro showroom alle porte di Milano potrete trovare una vasta esposizione di prodotti Garofoli, tra cui porte, parquet e boiserie Garofoli Milano\",\"breadcrumb\":{\"@id\":\"https:\/\/www.mmlegnopiu.it\/porte-finestre-milano\/prodotto\/boiserie-garofoli-milano-2\/#breadcrumb\"},\"inLanguage\":\"it-IT\",\"potentialAction\":[{\"@type\":\"ReadAction\",\"target\":[\"https:\/\/www.mmlegnopiu.it\/porte-finestre-milano\/prodotto\/boiserie-garofoli-milano-2\/\"]}]},{\"@type\":\"ImageObject\",\"inLanguage\":\"it-IT\",\"@id\":\"https:\/\/www.mmlegnopiu.it\/porte-finestre-milano\/prodotto\/boiserie-garofoli-milano-2\/#primaryimage\",\"url\":\"https:\/\/www.mmlegnopiu.it\/porte-finestre-milano\/wp-content\/uploads\/2015\/05\/123.jpg\",\"contentUrl\":\"https:\/\/www.mmlegnopiu.it\/porte-finestre-milano\/wp-content\/uploads\/2015\/05\/123.jpg\",\"width\":480,\"height\":430},{\"@type\":\"BreadcrumbList\",\"@id\":\"https:\/\/www.mmlegnopiu.it\/porte-finestre-milano\/prodotto\/boiserie-garofoli-milano-2\/#breadcrumb\",\"itemListElement\":[{\"@type\":\"ListItem\",\"position\":1,\"name\":\"Home\",\"item\":\"https:\/\/www.mmlegnopiu.it\/porte-finestre-milano\/\"},{\"@type\":\"ListItem\",\"position\":2,\"name\":\"Shop\",\"item\":\"https:\/\/www.mmlegnopiu.it\/porte-finestre-milano\/shop\/\"},{\"@type\":\"ListItem\",\"position\":3,\"name\":\"BOISERIE By Garofoli\"}]},{\"@type\":\"WebSite\",\"@id\":\"https:\/\/www.mmlegnopiu.it\/porte-finestre-milano\/#website\",\"url\":\"https:\/\/www.mmlegnopiu.it\/porte-finestre-milano\/\",\"name\":\"M&amp;M Legno Pi\u00f9\",\"description\":\"Finestre Milano, porte, scale.\",\"publisher\":{\"@id\":\"https:\/\/www.mmlegnopiu.it\/porte-finestre-milano\/#organization\"},\"potentialAction\":[{\"@type\":\"SearchAction\",\"target\":{\"@type\":\"EntryPoint\",\"urlTemplate\":\"https:\/\/www.mmlegnopiu.it\/porte-finestre-milano\/?s={search_term_string}\"},\"query-input\":{\"@type\":\"PropertyValueSpecification\",\"valueRequired\":true,\"valueName\":\"search_term_string\"}}],\"inLanguage\":\"it-IT\"},{\"@type\":\"Organization\",\"@id\":\"https:\/\/www.mmlegnopiu.it\/porte-finestre-milano\/#organization\",\"name\":\"M & M Legno Pi\u00f9\",\"url\":\"https:\/\/www.mmlegnopiu.it\/porte-finestre-milano\/\",\"logo\":{\"@type\":\"ImageObject\",\"inLanguage\":\"it-IT\",\"@id\":\"https:\/\/www.mmlegnopiu.it\/porte-finestre-milano\/#\/schema\/logo\/image\/\",\"url\":\"https:\/\/www.mmlegnopiu.it\/porte-finestre-milano\/wp-content\/uploads\/2015\/04\/logo.jpg\",\"contentUrl\":\"https:\/\/www.mmlegnopiu.it\/porte-finestre-milano\/wp-content\/uploads\/2015\/04\/logo.jpg\",\"width\":214,\"height\":219,\"caption\":\"M & M Legno Pi\u00f9\"},\"image\":{\"@id\":\"https:\/\/www.mmlegnopiu.it\/porte-finestre-milano\/#\/schema\/logo\/image\/\"}}]}<\/script>\n<!-- \/ Yoast SEO plugin. -->","yoast_head_json":{"title":"Boiserie garofoli milano. Rivenditore Garofoli Milano","description":"Nel nostro showroom alle porte di Milano potrete trovare una vasta esposizione di prodotti Garofoli, tra cui porte, parquet e boiserie Garofoli Milano","robots":{"index":"index","follow":"follow","max-snippet":"max-snippet:-1","max-image-preview":"max-image-preview:large","max-video-preview":"max-video-preview:-1"},"canonical":"https:\/\/www.mmlegnopiu.it\/porte-finestre-milano\/prodotto\/boiserie-garofoli-milano-2\/","og_locale":"it_IT","og_type":"article","og_title":"Boiserie garofoli milano. Rivenditore Garofoli Milano","og_description":"Nel nostro showroom alle porte di Milano potrete trovare una vasta esposizione di prodotti Garofoli, tra cui porte, parquet e boiserie Garofoli Milano","og_url":"https:\/\/www.mmlegnopiu.it\/porte-finestre-milano\/prodotto\/boiserie-garofoli-milano-2\/","og_site_name":"M&amp;M Legno Pi\u00f9","article_modified_time":"2019-05-15T09:51:30+00:00","og_image":[{"width":480,"height":430,"url":"https:\/\/www.mmlegnopiu.it\/porte-finestre-milano\/wp-content\/uploads\/2015\/05\/123.jpg","type":"image\/jpeg"}],"twitter_card":"summary_large_image","twitter_misc":{"Tempo di lettura stimato":"1 minuto"},"schema":{"@context":"https:\/\/schema.org","@graph":[{"@type":"WebPage","@id":"https:\/\/www.mmlegnopiu.it\/porte-finestre-milano\/prodotto\/boiserie-garofoli-milano-2\/","url":"https:\/\/www.mmlegnopiu.it\/porte-finestre-milano\/prodotto\/boiserie-garofoli-milano-2\/","name":"Boiserie garofoli milano. Rivenditore Garofoli Milano","isPartOf":{"@id":"https:\/\/www.mmlegnopiu.it\/porte-finestre-milano\/#website"},"primaryImageOfPage":{"@id":"https:\/\/www.mmlegnopiu.it\/porte-finestre-milano\/prodotto\/boiserie-garofoli-milano-2\/#primaryimage"},"image":{"@id":"https:\/\/www.mmlegnopiu.it\/porte-finestre-milano\/prodotto\/boiserie-garofoli-milano-2\/#primaryimage"},"thumbnailUrl":"https:\/\/www.mmlegnopiu.it\/porte-finestre-milano\/wp-content\/uploads\/2015\/05\/123.jpg","datePublished":"2015-05-06T14:13:18+00:00","dateModified":"2019-05-15T09:51:30+00:00","description":"Nel nostro showroom alle porte di Milano potrete trovare una vasta esposizione di prodotti Garofoli, tra cui porte, parquet e boiserie Garofoli Milano","breadcrumb":{"@id":"https:\/\/www.mmlegnopiu.it\/porte-finestre-milano\/prodotto\/boiserie-garofoli-milano-2\/#breadcrumb"},"inLanguage":"it-IT","potentialAction":[{"@type":"ReadAction","target":["https:\/\/www.mmlegnopiu.it\/porte-finestre-milano\/prodotto\/boiserie-garofoli-milano-2\/"]}]},{"@type":"ImageObject","inLanguage":"it-IT","@id":"https:\/\/www.mmlegnopiu.it\/porte-finestre-milano\/prodotto\/boiserie-garofoli-milano-2\/#primaryimage","url":"https:\/\/www.mmlegnopiu.it\/porte-finestre-milano\/wp-content\/uploads\/2015\/05\/123.jpg","contentUrl":"https:\/\/www.mmlegnopiu.it\/porte-finestre-milano\/wp-content\/uploads\/2015\/05\/123.jpg","width":480,"height":430},{"@type":"BreadcrumbList","@id":"https:\/\/www.mmlegnopiu.it\/porte-finestre-milano\/prodotto\/boiserie-garofoli-milano-2\/#breadcrumb","itemListElement":[{"@type":"ListItem","position":1,"name":"Home","item":"https:\/\/www.mmlegnopiu.it\/porte-finestre-milano\/"},{"@type":"ListItem","position":2,"name":"Shop","item":"https:\/\/www.mmlegnopiu.it\/porte-finestre-milano\/shop\/"},{"@type":"ListItem","position":3,"name":"BOISERIE By Garofoli"}]},{"@type":"WebSite","@id":"https:\/\/www.mmlegnopiu.it\/porte-finestre-milano\/#website","url":"https:\/\/www.mmlegnopiu.it\/porte-finestre-milano\/","name":"M&amp;M Legno Pi\u00f9","description":"Finestre Milano, porte, scale.","publisher":{"@id":"https:\/\/www.mmlegnopiu.it\/porte-finestre-milano\/#organization"},"potentialAction":[{"@type":"SearchAction","target":{"@type":"EntryPoint","urlTemplate":"https:\/\/www.mmlegnopiu.it\/porte-finestre-milano\/?s={search_term_string}"},"query-input":{"@type":"PropertyValueSpecification","valueRequired":true,"valueName":"search_term_string"}}],"inLanguage":"it-IT"},{"@type":"Organization","@id":"https:\/\/www.mmlegnopiu.it\/porte-finestre-milano\/#organization","name":"M & M Legno Pi\u00f9","url":"https:\/\/www.mmlegnopiu.it\/porte-finestre-milano\/","logo":{"@type":"ImageObject","inLanguage":"it-IT","@id":"https:\/\/www.mmlegnopiu.it\/porte-finestre-milano\/#\/schema\/logo\/image\/","url":"https:\/\/www.mmlegnopiu.it\/porte-finestre-milano\/wp-content\/uploads\/2015\/04\/logo.jpg","contentUrl":"https:\/\/www.mmlegnopiu.it\/porte-finestre-milano\/wp-content\/uploads\/2015\/04\/logo.jpg","width":214,"height":219,"caption":"M & M Legno Pi\u00f9"},"image":{"@id":"https:\/\/www.mmlegnopiu.it\/porte-finestre-milano\/#\/schema\/logo\/image\/"}}]}},"_links":{"self":[{"href":"https:\/\/www.mmlegnopiu.it\/porte-finestre-milano\/wp-json\/wp\/v2\/product\/3189","targetHints":{"allow":["GET"]}}],"collection":[{"href":"https:\/\/www.mmlegnopiu.it\/porte-finestre-milano\/wp-json\/wp\/v2\/product"}],"about":[{"href":"https:\/\/www.mmlegnopiu.it\/porte-finestre-milano\/wp-json\/wp\/v2\/types\/product"}],"wp:featuredmedia":[{"embeddable":true,"href":"https:\/\/www.mmlegnopiu.it\/porte-finestre-milano\/wp-json\/wp\/v2\/media\/3190"}],"wp:attachment":[{"href":"https:\/\/www.mmlegnopiu.it\/porte-finestre-milano\/wp-json\/wp\/v2\/media?parent=3189"}],"wp:term":[{"taxonomy":"product_brand","embeddable":true,"href":"https:\/\/www.mmlegnopiu.it\/porte-finestre-milano\/wp-json\/wp\/v2\/product_brand?post=3189"},{"taxonomy":"product_cat","embeddable":true,"href":"https:\/\/www.mmlegnopiu.it\/porte-finestre-milano\/wp-json\/wp\/v2\/product_cat?post=3189"},{"taxonomy":"product_tag","embeddable":true,"href":"https:\/\/www.mmlegnopiu.it\/porte-finestre-milano\/wp-json\/wp\/v2\/product_tag?post=3189"}],"curies":[{"name":"wp","href":"https:\/\/api.w.org\/{rel}","templated":true}]}}