{"id":3589,"date":"2015-05-12T17:26:10","date_gmt":"2015-05-12T15:26:10","guid":{"rendered":"http:\/\/www.mmlegnopiu.it\/porte-finestre-milano\/?post_type=product&#038;p=3589"},"modified":"2019-06-28T16:20:54","modified_gmt":"2019-06-28T14:20:54","slug":"classic-sidel-finestre-in-legno-milano","status":"publish","type":"product","link":"https:\/\/www.mmlegnopiu.it\/porte-finestre-milano\/prodotto\/classic-sidel-finestre-in-legno-milano\/","title":{"rendered":"FINESTRE IN LEGNO CLASSIC By Sidel"},"content":{"rendered":"<h1 style=\"text-align: center;\"><span style=\"color: #ed1c24;\"><strong><span style=\"font-size: 160%;\">Finestre in legno CLASSIC<\/span><\/strong><\/span><br \/>\n<span style=\"color: #ed1c24;\"><strong><span style=\"font-size: 160%;\">Uno sguardo al passato con occhi moderni<\/span><\/strong><\/span><\/h1>\n<p>&nbsp;<\/p>\n<p>&nbsp;<\/p>\n<p><img loading=\"lazy\" decoding=\"async\" class=\"size-full wp-image-8660 aligncenter\" src=\"http:\/\/www.mmlegnopiu.it\/porte-finestre-milano\/wp-content\/uploads\/2015\/05\/classic-2.jpg\" alt=\"\" width=\"1280\" height=\"907\" srcset=\"https:\/\/www.mmlegnopiu.it\/porte-finestre-milano\/wp-content\/uploads\/2015\/05\/classic-2.jpg 1280w, https:\/\/www.mmlegnopiu.it\/porte-finestre-milano\/wp-content\/uploads\/2015\/05\/classic-2-400x283.jpg 400w, https:\/\/www.mmlegnopiu.it\/porte-finestre-milano\/wp-content\/uploads\/2015\/05\/classic-2-300x213.jpg 300w, https:\/\/www.mmlegnopiu.it\/porte-finestre-milano\/wp-content\/uploads\/2015\/05\/classic-2-768x544.jpg 768w, https:\/\/www.mmlegnopiu.it\/porte-finestre-milano\/wp-content\/uploads\/2015\/05\/classic-2-1024x726.jpg 1024w, https:\/\/www.mmlegnopiu.it\/porte-finestre-milano\/wp-content\/uploads\/2015\/05\/classic-2-600x425.jpg 600w\" sizes=\"auto, (max-width: 1280px) 100vw, 1280px\" \/><\/p>\n<p>&nbsp;<\/p>\n<h2><\/h2>\n<h2>La <a href=\"https:\/\/www.sidelsrl.it\/finestra-classic-in-legno\/\">Finestra Classic<\/a> presenta un movimento scorniciato sia lato interno che lato esterno, comunemente definito barocco.<\/h2>\n<h2>\u00c8 una finestra progettata per adattarsi in ambienti raffinati e classici, ma rivistati in chiave moderna. Infatti la finestra \u00e8 costruita per rispondere a tutte le esigenze prestazionali di una finestra attuale.<\/h2>\n<h2>Questa linea di finestra \u00e8 stata pensata in chiave moderna per rispondere alle sempre pi\u00f9 ricorrenti richieste di arredamento classico rivisitato ed attualizzato; in realt\u00e0 molti designer e progettisti sono riusciti ad attuare un restyling dei classici in abbinamento al design moderno, lanciando cos\u00ec la moda dello stile barocco moderno.<\/h2>\n<p>&nbsp;<\/p>\n","protected":false},"excerpt":{"rendered":"<p><img loading=\"lazy\" decoding=\"async\" class=\"size-full wp-image-8658 aligncenter\" src=\"http:\/\/www.mmlegnopiu.it\/porte-finestre-milano\/wp-content\/uploads\/2015\/05\/Sidel-serie-classic-titolo.jpg\" alt=\"\" width=\"321\" height=\"99\" srcset=\"https:\/\/www.mmlegnopiu.it\/porte-finestre-milano\/wp-content\/uploads\/2015\/05\/Sidel-serie-classic-titolo.jpg 321w, https:\/\/www.mmlegnopiu.it\/porte-finestre-milano\/wp-content\/uploads\/2015\/05\/Sidel-serie-classic-titolo-300x93.jpg 300w\" sizes=\"auto, (max-width: 321px) 100vw, 321px\" \/><\/p>\n<p>&nbsp;<\/p>\n<h3>La versione Classic della finestra <a href=\"http:\/\/www.mmlegnopiu.it\/porte-finestre-milano\/prodotto\/finestre-in-legno-sidel-milano\/\">Leader<\/a> \u00e8 studiata per chi ama uno stile classico e raffinato e ha scelto un arredo barocco o modern vintage.<\/h3>\n<h3>I dettagli classici, sia interni che esterni, e l\u2019ampia gamma di laccature e effetti esaltano la bellezza del nostro infisso in legno e il pregio dell\u2019intero serramento.<\/h3>\n<h3>Un prodotto classico che si fa moderno nelle prestazioni in termini di isolamento.<\/h3>\n<p>&nbsp;<\/p>\n","protected":false},"featured_media":8657,"template":"","meta":[],"product_brand":[],"product_cat":[197],"product_tag":[155,37,110,141],"class_list":{"0":"post-3589","1":"product","2":"type-product","3":"status-publish","4":"has-post-thumbnail","6":"product_cat-sidel-serramenti-in-legno-alluminio-serramenti-in-legno","7":"product_tag-leader-classic","8":"product_tag-legno","9":"product_tag-serramenti-2","10":"product_tag-sidel","12":"first","13":"instock","14":"shipping-taxable","15":"product-type-simple"},"yoast_head":"<!-- This site is optimized with the Yoast SEO plugin v26.8 - https:\/\/yoast.com\/product\/yoast-seo-wordpress\/ -->\n<title>Finestre in legno Classic by SIdel a Milano - M&amp;M Legno Pi\u00f9<\/title>\n<meta name=\"description\" content=\"Finestre in legno lamellare Classic Sidel a Milano. Uno sguardo al passato, ma con occhi moderni. Siamo rivenditori Sidel Milano\" \/>\n<meta name=\"robots\" content=\"index, follow, max-snippet:-1, max-image-preview:large, max-video-preview:-1\" \/>\n<link rel=\"canonical\" href=\"https:\/\/www.mmlegnopiu.it\/porte-finestre-milano\/prodotto\/classic-sidel-finestre-in-legno-milano\/\" \/>\n<meta property=\"og:locale\" content=\"it_IT\" \/>\n<meta property=\"og:type\" content=\"article\" \/>\n<meta property=\"og:title\" content=\"Finestre in legno Classic by SIdel a Milano - M&amp;M Legno Pi\u00f9\" \/>\n<meta property=\"og:description\" content=\"Finestre in legno lamellare Classic Sidel a Milano. Uno sguardo al passato, ma con occhi moderni. Siamo rivenditori Sidel Milano\" \/>\n<meta property=\"og:url\" content=\"https:\/\/www.mmlegnopiu.it\/porte-finestre-milano\/prodotto\/classic-sidel-finestre-in-legno-milano\/\" \/>\n<meta property=\"og:site_name\" content=\"M&amp;M Legno Pi\u00f9\" \/>\n<meta property=\"article:modified_time\" content=\"2019-06-28T14:20:54+00:00\" \/>\n<meta property=\"og:image\" content=\"https:\/\/www.mmlegnopiu.it\/porte-finestre-milano\/wp-content\/uploads\/2015\/05\/leader-classic.jpg\" \/>\n\t<meta property=\"og:image:width\" content=\"600\" \/>\n\t<meta property=\"og:image:height\" content=\"900\" \/>\n\t<meta property=\"og:image:type\" content=\"image\/jpeg\" \/>\n<meta name=\"twitter:card\" content=\"summary_large_image\" \/>\n<meta name=\"twitter:label1\" content=\"Tempo di lettura stimato\" \/>\n\t<meta name=\"twitter:data1\" content=\"1 minuto\" \/>\n<script type=\"application\/ld+json\" class=\"yoast-schema-graph\">{\"@context\":\"https:\/\/schema.org\",\"@graph\":[{\"@type\":\"WebPage\",\"@id\":\"https:\/\/www.mmlegnopiu.it\/porte-finestre-milano\/prodotto\/classic-sidel-finestre-in-legno-milano\/\",\"url\":\"https:\/\/www.mmlegnopiu.it\/porte-finestre-milano\/prodotto\/classic-sidel-finestre-in-legno-milano\/\",\"name\":\"Finestre in legno Classic by SIdel a Milano - M&amp;M Legno Pi\u00f9\",\"isPartOf\":{\"@id\":\"https:\/\/www.mmlegnopiu.it\/porte-finestre-milano\/#website\"},\"primaryImageOfPage\":{\"@id\":\"https:\/\/www.mmlegnopiu.it\/porte-finestre-milano\/prodotto\/classic-sidel-finestre-in-legno-milano\/#primaryimage\"},\"image\":{\"@id\":\"https:\/\/www.mmlegnopiu.it\/porte-finestre-milano\/prodotto\/classic-sidel-finestre-in-legno-milano\/#primaryimage\"},\"thumbnailUrl\":\"https:\/\/www.mmlegnopiu.it\/porte-finestre-milano\/wp-content\/uploads\/2015\/05\/leader-classic.jpg\",\"datePublished\":\"2015-05-12T15:26:10+00:00\",\"dateModified\":\"2019-06-28T14:20:54+00:00\",\"description\":\"Finestre in legno lamellare Classic Sidel a Milano. Uno sguardo al passato, ma con occhi moderni. Siamo rivenditori Sidel Milano\",\"breadcrumb\":{\"@id\":\"https:\/\/www.mmlegnopiu.it\/porte-finestre-milano\/prodotto\/classic-sidel-finestre-in-legno-milano\/#breadcrumb\"},\"inLanguage\":\"it-IT\",\"potentialAction\":[{\"@type\":\"ReadAction\",\"target\":[\"https:\/\/www.mmlegnopiu.it\/porte-finestre-milano\/prodotto\/classic-sidel-finestre-in-legno-milano\/\"]}]},{\"@type\":\"ImageObject\",\"inLanguage\":\"it-IT\",\"@id\":\"https:\/\/www.mmlegnopiu.it\/porte-finestre-milano\/prodotto\/classic-sidel-finestre-in-legno-milano\/#primaryimage\",\"url\":\"https:\/\/www.mmlegnopiu.it\/porte-finestre-milano\/wp-content\/uploads\/2015\/05\/leader-classic.jpg\",\"contentUrl\":\"https:\/\/www.mmlegnopiu.it\/porte-finestre-milano\/wp-content\/uploads\/2015\/05\/leader-classic.jpg\",\"width\":600,\"height\":900},{\"@type\":\"BreadcrumbList\",\"@id\":\"https:\/\/www.mmlegnopiu.it\/porte-finestre-milano\/prodotto\/classic-sidel-finestre-in-legno-milano\/#breadcrumb\",\"itemListElement\":[{\"@type\":\"ListItem\",\"position\":1,\"name\":\"Home\",\"item\":\"https:\/\/www.mmlegnopiu.it\/porte-finestre-milano\/\"},{\"@type\":\"ListItem\",\"position\":2,\"name\":\"Shop\",\"item\":\"https:\/\/www.mmlegnopiu.it\/porte-finestre-milano\/shop\/\"},{\"@type\":\"ListItem\",\"position\":3,\"name\":\"FINESTRE IN LEGNO CLASSIC By Sidel\"}]},{\"@type\":\"WebSite\",\"@id\":\"https:\/\/www.mmlegnopiu.it\/porte-finestre-milano\/#website\",\"url\":\"https:\/\/www.mmlegnopiu.it\/porte-finestre-milano\/\",\"name\":\"M&amp;M Legno Pi\u00f9\",\"description\":\"Finestre Milano, porte, scale.\",\"publisher\":{\"@id\":\"https:\/\/www.mmlegnopiu.it\/porte-finestre-milano\/#organization\"},\"potentialAction\":[{\"@type\":\"SearchAction\",\"target\":{\"@type\":\"EntryPoint\",\"urlTemplate\":\"https:\/\/www.mmlegnopiu.it\/porte-finestre-milano\/?s={search_term_string}\"},\"query-input\":{\"@type\":\"PropertyValueSpecification\",\"valueRequired\":true,\"valueName\":\"search_term_string\"}}],\"inLanguage\":\"it-IT\"},{\"@type\":\"Organization\",\"@id\":\"https:\/\/www.mmlegnopiu.it\/porte-finestre-milano\/#organization\",\"name\":\"M & M Legno Pi\u00f9\",\"url\":\"https:\/\/www.mmlegnopiu.it\/porte-finestre-milano\/\",\"logo\":{\"@type\":\"ImageObject\",\"inLanguage\":\"it-IT\",\"@id\":\"https:\/\/www.mmlegnopiu.it\/porte-finestre-milano\/#\/schema\/logo\/image\/\",\"url\":\"https:\/\/www.mmlegnopiu.it\/porte-finestre-milano\/wp-content\/uploads\/2015\/04\/logo.jpg\",\"contentUrl\":\"https:\/\/www.mmlegnopiu.it\/porte-finestre-milano\/wp-content\/uploads\/2015\/04\/logo.jpg\",\"width\":214,\"height\":219,\"caption\":\"M & M Legno Pi\u00f9\"},\"image\":{\"@id\":\"https:\/\/www.mmlegnopiu.it\/porte-finestre-milano\/#\/schema\/logo\/image\/\"}}]}<\/script>\n<!-- \/ Yoast SEO plugin. -->","yoast_head_json":{"title":"Finestre in legno Classic by SIdel a Milano - M&amp;M Legno Pi\u00f9","description":"Finestre in legno lamellare Classic Sidel a Milano. Uno sguardo al passato, ma con occhi moderni. Siamo rivenditori Sidel Milano","robots":{"index":"index","follow":"follow","max-snippet":"max-snippet:-1","max-image-preview":"max-image-preview:large","max-video-preview":"max-video-preview:-1"},"canonical":"https:\/\/www.mmlegnopiu.it\/porte-finestre-milano\/prodotto\/classic-sidel-finestre-in-legno-milano\/","og_locale":"it_IT","og_type":"article","og_title":"Finestre in legno Classic by SIdel a Milano - M&amp;M Legno Pi\u00f9","og_description":"Finestre in legno lamellare Classic Sidel a Milano. Uno sguardo al passato, ma con occhi moderni. Siamo rivenditori Sidel Milano","og_url":"https:\/\/www.mmlegnopiu.it\/porte-finestre-milano\/prodotto\/classic-sidel-finestre-in-legno-milano\/","og_site_name":"M&amp;M Legno Pi\u00f9","article_modified_time":"2019-06-28T14:20:54+00:00","og_image":[{"width":600,"height":900,"url":"https:\/\/www.mmlegnopiu.it\/porte-finestre-milano\/wp-content\/uploads\/2015\/05\/leader-classic.jpg","type":"image\/jpeg"}],"twitter_card":"summary_large_image","twitter_misc":{"Tempo di lettura stimato":"1 minuto"},"schema":{"@context":"https:\/\/schema.org","@graph":[{"@type":"WebPage","@id":"https:\/\/www.mmlegnopiu.it\/porte-finestre-milano\/prodotto\/classic-sidel-finestre-in-legno-milano\/","url":"https:\/\/www.mmlegnopiu.it\/porte-finestre-milano\/prodotto\/classic-sidel-finestre-in-legno-milano\/","name":"Finestre in legno Classic by SIdel a Milano - M&amp;M Legno Pi\u00f9","isPartOf":{"@id":"https:\/\/www.mmlegnopiu.it\/porte-finestre-milano\/#website"},"primaryImageOfPage":{"@id":"https:\/\/www.mmlegnopiu.it\/porte-finestre-milano\/prodotto\/classic-sidel-finestre-in-legno-milano\/#primaryimage"},"image":{"@id":"https:\/\/www.mmlegnopiu.it\/porte-finestre-milano\/prodotto\/classic-sidel-finestre-in-legno-milano\/#primaryimage"},"thumbnailUrl":"https:\/\/www.mmlegnopiu.it\/porte-finestre-milano\/wp-content\/uploads\/2015\/05\/leader-classic.jpg","datePublished":"2015-05-12T15:26:10+00:00","dateModified":"2019-06-28T14:20:54+00:00","description":"Finestre in legno lamellare Classic Sidel a Milano. Uno sguardo al passato, ma con occhi moderni. Siamo rivenditori Sidel Milano","breadcrumb":{"@id":"https:\/\/www.mmlegnopiu.it\/porte-finestre-milano\/prodotto\/classic-sidel-finestre-in-legno-milano\/#breadcrumb"},"inLanguage":"it-IT","potentialAction":[{"@type":"ReadAction","target":["https:\/\/www.mmlegnopiu.it\/porte-finestre-milano\/prodotto\/classic-sidel-finestre-in-legno-milano\/"]}]},{"@type":"ImageObject","inLanguage":"it-IT","@id":"https:\/\/www.mmlegnopiu.it\/porte-finestre-milano\/prodotto\/classic-sidel-finestre-in-legno-milano\/#primaryimage","url":"https:\/\/www.mmlegnopiu.it\/porte-finestre-milano\/wp-content\/uploads\/2015\/05\/leader-classic.jpg","contentUrl":"https:\/\/www.mmlegnopiu.it\/porte-finestre-milano\/wp-content\/uploads\/2015\/05\/leader-classic.jpg","width":600,"height":900},{"@type":"BreadcrumbList","@id":"https:\/\/www.mmlegnopiu.it\/porte-finestre-milano\/prodotto\/classic-sidel-finestre-in-legno-milano\/#breadcrumb","itemListElement":[{"@type":"ListItem","position":1,"name":"Home","item":"https:\/\/www.mmlegnopiu.it\/porte-finestre-milano\/"},{"@type":"ListItem","position":2,"name":"Shop","item":"https:\/\/www.mmlegnopiu.it\/porte-finestre-milano\/shop\/"},{"@type":"ListItem","position":3,"name":"FINESTRE IN LEGNO CLASSIC By Sidel"}]},{"@type":"WebSite","@id":"https:\/\/www.mmlegnopiu.it\/porte-finestre-milano\/#website","url":"https:\/\/www.mmlegnopiu.it\/porte-finestre-milano\/","name":"M&amp;M Legno Pi\u00f9","description":"Finestre Milano, porte, scale.","publisher":{"@id":"https:\/\/www.mmlegnopiu.it\/porte-finestre-milano\/#organization"},"potentialAction":[{"@type":"SearchAction","target":{"@type":"EntryPoint","urlTemplate":"https:\/\/www.mmlegnopiu.it\/porte-finestre-milano\/?s={search_term_string}"},"query-input":{"@type":"PropertyValueSpecification","valueRequired":true,"valueName":"search_term_string"}}],"inLanguage":"it-IT"},{"@type":"Organization","@id":"https:\/\/www.mmlegnopiu.it\/porte-finestre-milano\/#organization","name":"M & M Legno Pi\u00f9","url":"https:\/\/www.mmlegnopiu.it\/porte-finestre-milano\/","logo":{"@type":"ImageObject","inLanguage":"it-IT","@id":"https:\/\/www.mmlegnopiu.it\/porte-finestre-milano\/#\/schema\/logo\/image\/","url":"https:\/\/www.mmlegnopiu.it\/porte-finestre-milano\/wp-content\/uploads\/2015\/04\/logo.jpg","contentUrl":"https:\/\/www.mmlegnopiu.it\/porte-finestre-milano\/wp-content\/uploads\/2015\/04\/logo.jpg","width":214,"height":219,"caption":"M & M Legno Pi\u00f9"},"image":{"@id":"https:\/\/www.mmlegnopiu.it\/porte-finestre-milano\/#\/schema\/logo\/image\/"}}]}},"_links":{"self":[{"href":"https:\/\/www.mmlegnopiu.it\/porte-finestre-milano\/wp-json\/wp\/v2\/product\/3589","targetHints":{"allow":["GET"]}}],"collection":[{"href":"https:\/\/www.mmlegnopiu.it\/porte-finestre-milano\/wp-json\/wp\/v2\/product"}],"about":[{"href":"https:\/\/www.mmlegnopiu.it\/porte-finestre-milano\/wp-json\/wp\/v2\/types\/product"}],"wp:featuredmedia":[{"embeddable":true,"href":"https:\/\/www.mmlegnopiu.it\/porte-finestre-milano\/wp-json\/wp\/v2\/media\/8657"}],"wp:attachment":[{"href":"https:\/\/www.mmlegnopiu.it\/porte-finestre-milano\/wp-json\/wp\/v2\/media?parent=3589"}],"wp:term":[{"taxonomy":"product_brand","embeddable":true,"href":"https:\/\/www.mmlegnopiu.it\/porte-finestre-milano\/wp-json\/wp\/v2\/product_brand?post=3589"},{"taxonomy":"product_cat","embeddable":true,"href":"https:\/\/www.mmlegnopiu.it\/porte-finestre-milano\/wp-json\/wp\/v2\/product_cat?post=3589"},{"taxonomy":"product_tag","embeddable":true,"href":"https:\/\/www.mmlegnopiu.it\/porte-finestre-milano\/wp-json\/wp\/v2\/product_tag?post=3589"}],"curies":[{"name":"wp","href":"https:\/\/api.w.org\/{rel}","templated":true}]}}