{"id":3661,"date":"2015-05-15T15:21:00","date_gmt":"2015-05-15T13:21:00","guid":{"rendered":"http:\/\/www.mmlegnopiu.it\/porte-finestre-milano\/?post_type=product&#038;p=3661"},"modified":"2015-05-22T15:46:18","modified_gmt":"2015-05-22T13:46:18","slug":"finestra-in-legnoalluminio-exquadra-by-sidel","status":"publish","type":"product","link":"https:\/\/www.mmlegnopiu.it\/porte-finestre-milano\/prodotto\/finestra-in-legnoalluminio-exquadra-by-sidel\/","title":{"rendered":"FINESTRA IN LEGNO\/ALLUMINIO EXQUADRA  By Sidel"},"content":{"rendered":"\n\t<section class=\"section\" id=\"section_1442011114\">\n\t\t<div class=\"section-bg fill\" 0>\n\t\t\t\t\t\t\t\t\t\n\t\t\t\n\n\t\t<\/div>\n\n\t\t\n\n\t\t<div class=\"section-content relative\">\n\t\t\t\n<p>SIDEL. Dal 1950 apriamo un mondo.<\/p>\n\t\t<\/div>\n\n\t\t\n<style>\n#section_1442011114 {\n  padding-top: 60px;\n  padding-bottom: 60px;\n  margin-bottom: 0px;\n}\n<\/style>\n\t<\/section>\n\t\n","protected":false},"excerpt":{"rendered":"<p>Le alte prestazioni nei risultati di prova e lo stile moderno, esclusivo e molto contemporaneo, fanno della serie Exquadra la massima espressione di design e funzionalit\u00e0 nel settore dei serramenti in legno\/alluminio.<\/p>\n<p>I serramenti in legno\/alluminio sono all\u2019avanguardia per tecnica e prestazioni. Alla Sidel uniscono anche unicit\u00e0 ed originalit\u00e0 delle linee, perch\u00e9 espressione di un ufficio ricerca e sviluppo che ne ha progettato e poi realizzato i principali componenti. In particolare il rivestimento esterno realizzato in lega Alluminio di prima scelta ed estruso direttamente su matrici progettate in Sidel.<\/p>\n<p>Exquadra permette di essere personalizzata nelle dimensioni, nelle tipologie e nell\u2019estetica, grazie ad una cartella colori molto ampia sia per la scelta delle finiture e dei trattamenti sul legno e sia per la scelta delle colorazioni dell\u2019alluminio.<\/p>\n<p><a href=\"http:\/\/sidelsrl.it\/infissi\/prodotti\/exquadra\/\" target=\"_blank\">Per maggiori informazioni<\/a><\/p>\n","protected":false},"featured_media":3662,"template":"","meta":[],"product_brand":[],"product_cat":[188],"product_tag":[130,157,110,141],"class_list":{"0":"post-3661","1":"product","2":"type-product","3":"status-publish","4":"has-post-thumbnail","6":"product_cat-sidel-serramenti-in-legno-alluminio","7":"product_tag-legno-alluminio","8":"product_tag-prestige","9":"product_tag-serramenti-2","10":"product_tag-sidel","12":"first","13":"instock","14":"shipping-taxable","15":"product-type-simple"},"yoast_head":"<!-- This site is optimized with the Yoast SEO plugin v26.8 - https:\/\/yoast.com\/product\/yoast-seo-wordpress\/ -->\n<title>FINESTRA IN LEGNO\/ALLUMINIO EXQUADRA By Sidel - M&amp;M Legno Pi\u00f9<\/title>\n<meta name=\"robots\" content=\"index, follow, max-snippet:-1, max-image-preview:large, max-video-preview:-1\" \/>\n<link rel=\"canonical\" href=\"https:\/\/www.mmlegnopiu.it\/porte-finestre-milano\/prodotto\/finestra-in-legnoalluminio-exquadra-by-sidel\/\" \/>\n<meta property=\"og:locale\" content=\"it_IT\" \/>\n<meta property=\"og:type\" content=\"article\" \/>\n<meta property=\"og:title\" content=\"FINESTRA IN LEGNO\/ALLUMINIO EXQUADRA By Sidel - M&amp;M Legno Pi\u00f9\" \/>\n<meta property=\"og:description\" content=\"Le alte prestazioni nei risultati di prova e lo stile moderno, esclusivo e molto contemporaneo, fanno della serie Exquadra la massima espressione di design e funzionalit\u00e0 nel settore dei serramenti in legno\/alluminio.  I serramenti in legno\/alluminio sono all\u2019avanguardia per tecnica e prestazioni. Alla Sidel uniscono anche unicit\u00e0 ed originalit\u00e0 delle linee, perch\u00e9 espressione di un ufficio ricerca e sviluppo che ne ha progettato e poi realizzato i principali componenti. In particolare il rivestimento esterno realizzato in lega Alluminio di prima scelta ed estruso direttamente su matrici progettate in Sidel.  Exquadra permette di essere personalizzata nelle dimensioni, nelle tipologie e nell\u2019estetica, grazie ad una cartella colori molto ampia sia per la scelta delle finiture e dei trattamenti sul legno e sia per la scelta delle colorazioni dell\u2019alluminio.  Per maggiori informazioni\" \/>\n<meta property=\"og:url\" content=\"https:\/\/www.mmlegnopiu.it\/porte-finestre-milano\/prodotto\/finestra-in-legnoalluminio-exquadra-by-sidel\/\" \/>\n<meta property=\"og:site_name\" content=\"M&amp;M Legno Pi\u00f9\" \/>\n<meta property=\"article:modified_time\" content=\"2015-05-22T13:46:18+00:00\" \/>\n<meta property=\"og:image\" content=\"https:\/\/www.mmlegnopiu.it\/porte-finestre-milano\/wp-content\/uploads\/2015\/05\/01_angolare-EXQ.jpg\" \/>\n\t<meta property=\"og:image:width\" content=\"498\" \/>\n\t<meta property=\"og:image:height\" content=\"729\" \/>\n\t<meta property=\"og:image:type\" content=\"image\/jpeg\" \/>\n<meta name=\"twitter:card\" content=\"summary_large_image\" \/>\n<script type=\"application\/ld+json\" class=\"yoast-schema-graph\">{\"@context\":\"https:\/\/schema.org\",\"@graph\":[{\"@type\":\"WebPage\",\"@id\":\"https:\/\/www.mmlegnopiu.it\/porte-finestre-milano\/prodotto\/finestra-in-legnoalluminio-exquadra-by-sidel\/\",\"url\":\"https:\/\/www.mmlegnopiu.it\/porte-finestre-milano\/prodotto\/finestra-in-legnoalluminio-exquadra-by-sidel\/\",\"name\":\"FINESTRA IN LEGNO\/ALLUMINIO EXQUADRA By Sidel - M&amp;M Legno Pi\u00f9\",\"isPartOf\":{\"@id\":\"https:\/\/www.mmlegnopiu.it\/porte-finestre-milano\/#website\"},\"primaryImageOfPage\":{\"@id\":\"https:\/\/www.mmlegnopiu.it\/porte-finestre-milano\/prodotto\/finestra-in-legnoalluminio-exquadra-by-sidel\/#primaryimage\"},\"image\":{\"@id\":\"https:\/\/www.mmlegnopiu.it\/porte-finestre-milano\/prodotto\/finestra-in-legnoalluminio-exquadra-by-sidel\/#primaryimage\"},\"thumbnailUrl\":\"https:\/\/www.mmlegnopiu.it\/porte-finestre-milano\/wp-content\/uploads\/2015\/05\/01_angolare-EXQ.jpg\",\"datePublished\":\"2015-05-15T13:21:00+00:00\",\"dateModified\":\"2015-05-22T13:46:18+00:00\",\"breadcrumb\":{\"@id\":\"https:\/\/www.mmlegnopiu.it\/porte-finestre-milano\/prodotto\/finestra-in-legnoalluminio-exquadra-by-sidel\/#breadcrumb\"},\"inLanguage\":\"it-IT\",\"potentialAction\":[{\"@type\":\"ReadAction\",\"target\":[\"https:\/\/www.mmlegnopiu.it\/porte-finestre-milano\/prodotto\/finestra-in-legnoalluminio-exquadra-by-sidel\/\"]}]},{\"@type\":\"ImageObject\",\"inLanguage\":\"it-IT\",\"@id\":\"https:\/\/www.mmlegnopiu.it\/porte-finestre-milano\/prodotto\/finestra-in-legnoalluminio-exquadra-by-sidel\/#primaryimage\",\"url\":\"https:\/\/www.mmlegnopiu.it\/porte-finestre-milano\/wp-content\/uploads\/2015\/05\/01_angolare-EXQ.jpg\",\"contentUrl\":\"https:\/\/www.mmlegnopiu.it\/porte-finestre-milano\/wp-content\/uploads\/2015\/05\/01_angolare-EXQ.jpg\",\"width\":498,\"height\":729},{\"@type\":\"BreadcrumbList\",\"@id\":\"https:\/\/www.mmlegnopiu.it\/porte-finestre-milano\/prodotto\/finestra-in-legnoalluminio-exquadra-by-sidel\/#breadcrumb\",\"itemListElement\":[{\"@type\":\"ListItem\",\"position\":1,\"name\":\"Home\",\"item\":\"https:\/\/www.mmlegnopiu.it\/porte-finestre-milano\/\"},{\"@type\":\"ListItem\",\"position\":2,\"name\":\"Shop\",\"item\":\"https:\/\/www.mmlegnopiu.it\/porte-finestre-milano\/shop\/\"},{\"@type\":\"ListItem\",\"position\":3,\"name\":\"FINESTRA IN LEGNO\/ALLUMINIO EXQUADRA By Sidel\"}]},{\"@type\":\"WebSite\",\"@id\":\"https:\/\/www.mmlegnopiu.it\/porte-finestre-milano\/#website\",\"url\":\"https:\/\/www.mmlegnopiu.it\/porte-finestre-milano\/\",\"name\":\"M&amp;M Legno Pi\u00f9\",\"description\":\"Finestre Milano, porte, scale.\",\"publisher\":{\"@id\":\"https:\/\/www.mmlegnopiu.it\/porte-finestre-milano\/#organization\"},\"potentialAction\":[{\"@type\":\"SearchAction\",\"target\":{\"@type\":\"EntryPoint\",\"urlTemplate\":\"https:\/\/www.mmlegnopiu.it\/porte-finestre-milano\/?s={search_term_string}\"},\"query-input\":{\"@type\":\"PropertyValueSpecification\",\"valueRequired\":true,\"valueName\":\"search_term_string\"}}],\"inLanguage\":\"it-IT\"},{\"@type\":\"Organization\",\"@id\":\"https:\/\/www.mmlegnopiu.it\/porte-finestre-milano\/#organization\",\"name\":\"M & M Legno Pi\u00f9\",\"url\":\"https:\/\/www.mmlegnopiu.it\/porte-finestre-milano\/\",\"logo\":{\"@type\":\"ImageObject\",\"inLanguage\":\"it-IT\",\"@id\":\"https:\/\/www.mmlegnopiu.it\/porte-finestre-milano\/#\/schema\/logo\/image\/\",\"url\":\"https:\/\/www.mmlegnopiu.it\/porte-finestre-milano\/wp-content\/uploads\/2015\/04\/logo.jpg\",\"contentUrl\":\"https:\/\/www.mmlegnopiu.it\/porte-finestre-milano\/wp-content\/uploads\/2015\/04\/logo.jpg\",\"width\":214,\"height\":219,\"caption\":\"M & M Legno Pi\u00f9\"},\"image\":{\"@id\":\"https:\/\/www.mmlegnopiu.it\/porte-finestre-milano\/#\/schema\/logo\/image\/\"}}]}<\/script>\n<!-- \/ Yoast SEO plugin. -->","yoast_head_json":{"title":"FINESTRA IN LEGNO\/ALLUMINIO EXQUADRA By Sidel - M&amp;M Legno Pi\u00f9","robots":{"index":"index","follow":"follow","max-snippet":"max-snippet:-1","max-image-preview":"max-image-preview:large","max-video-preview":"max-video-preview:-1"},"canonical":"https:\/\/www.mmlegnopiu.it\/porte-finestre-milano\/prodotto\/finestra-in-legnoalluminio-exquadra-by-sidel\/","og_locale":"it_IT","og_type":"article","og_title":"FINESTRA IN LEGNO\/ALLUMINIO EXQUADRA By Sidel - M&amp;M Legno Pi\u00f9","og_description":"Le alte prestazioni nei risultati di prova e lo stile moderno, esclusivo e molto contemporaneo, fanno della serie Exquadra la massima espressione di design e funzionalit\u00e0 nel settore dei serramenti in legno\/alluminio.  I serramenti in legno\/alluminio sono all\u2019avanguardia per tecnica e prestazioni. Alla Sidel uniscono anche unicit\u00e0 ed originalit\u00e0 delle linee, perch\u00e9 espressione di un ufficio ricerca e sviluppo che ne ha progettato e poi realizzato i principali componenti. In particolare il rivestimento esterno realizzato in lega Alluminio di prima scelta ed estruso direttamente su matrici progettate in Sidel.  Exquadra permette di essere personalizzata nelle dimensioni, nelle tipologie e nell\u2019estetica, grazie ad una cartella colori molto ampia sia per la scelta delle finiture e dei trattamenti sul legno e sia per la scelta delle colorazioni dell\u2019alluminio.  Per maggiori informazioni","og_url":"https:\/\/www.mmlegnopiu.it\/porte-finestre-milano\/prodotto\/finestra-in-legnoalluminio-exquadra-by-sidel\/","og_site_name":"M&amp;M Legno Pi\u00f9","article_modified_time":"2015-05-22T13:46:18+00:00","og_image":[{"width":498,"height":729,"url":"https:\/\/www.mmlegnopiu.it\/porte-finestre-milano\/wp-content\/uploads\/2015\/05\/01_angolare-EXQ.jpg","type":"image\/jpeg"}],"twitter_card":"summary_large_image","schema":{"@context":"https:\/\/schema.org","@graph":[{"@type":"WebPage","@id":"https:\/\/www.mmlegnopiu.it\/porte-finestre-milano\/prodotto\/finestra-in-legnoalluminio-exquadra-by-sidel\/","url":"https:\/\/www.mmlegnopiu.it\/porte-finestre-milano\/prodotto\/finestra-in-legnoalluminio-exquadra-by-sidel\/","name":"FINESTRA IN LEGNO\/ALLUMINIO EXQUADRA By Sidel - M&amp;M Legno Pi\u00f9","isPartOf":{"@id":"https:\/\/www.mmlegnopiu.it\/porte-finestre-milano\/#website"},"primaryImageOfPage":{"@id":"https:\/\/www.mmlegnopiu.it\/porte-finestre-milano\/prodotto\/finestra-in-legnoalluminio-exquadra-by-sidel\/#primaryimage"},"image":{"@id":"https:\/\/www.mmlegnopiu.it\/porte-finestre-milano\/prodotto\/finestra-in-legnoalluminio-exquadra-by-sidel\/#primaryimage"},"thumbnailUrl":"https:\/\/www.mmlegnopiu.it\/porte-finestre-milano\/wp-content\/uploads\/2015\/05\/01_angolare-EXQ.jpg","datePublished":"2015-05-15T13:21:00+00:00","dateModified":"2015-05-22T13:46:18+00:00","breadcrumb":{"@id":"https:\/\/www.mmlegnopiu.it\/porte-finestre-milano\/prodotto\/finestra-in-legnoalluminio-exquadra-by-sidel\/#breadcrumb"},"inLanguage":"it-IT","potentialAction":[{"@type":"ReadAction","target":["https:\/\/www.mmlegnopiu.it\/porte-finestre-milano\/prodotto\/finestra-in-legnoalluminio-exquadra-by-sidel\/"]}]},{"@type":"ImageObject","inLanguage":"it-IT","@id":"https:\/\/www.mmlegnopiu.it\/porte-finestre-milano\/prodotto\/finestra-in-legnoalluminio-exquadra-by-sidel\/#primaryimage","url":"https:\/\/www.mmlegnopiu.it\/porte-finestre-milano\/wp-content\/uploads\/2015\/05\/01_angolare-EXQ.jpg","contentUrl":"https:\/\/www.mmlegnopiu.it\/porte-finestre-milano\/wp-content\/uploads\/2015\/05\/01_angolare-EXQ.jpg","width":498,"height":729},{"@type":"BreadcrumbList","@id":"https:\/\/www.mmlegnopiu.it\/porte-finestre-milano\/prodotto\/finestra-in-legnoalluminio-exquadra-by-sidel\/#breadcrumb","itemListElement":[{"@type":"ListItem","position":1,"name":"Home","item":"https:\/\/www.mmlegnopiu.it\/porte-finestre-milano\/"},{"@type":"ListItem","position":2,"name":"Shop","item":"https:\/\/www.mmlegnopiu.it\/porte-finestre-milano\/shop\/"},{"@type":"ListItem","position":3,"name":"FINESTRA IN LEGNO\/ALLUMINIO EXQUADRA By Sidel"}]},{"@type":"WebSite","@id":"https:\/\/www.mmlegnopiu.it\/porte-finestre-milano\/#website","url":"https:\/\/www.mmlegnopiu.it\/porte-finestre-milano\/","name":"M&amp;M Legno Pi\u00f9","description":"Finestre Milano, porte, scale.","publisher":{"@id":"https:\/\/www.mmlegnopiu.it\/porte-finestre-milano\/#organization"},"potentialAction":[{"@type":"SearchAction","target":{"@type":"EntryPoint","urlTemplate":"https:\/\/www.mmlegnopiu.it\/porte-finestre-milano\/?s={search_term_string}"},"query-input":{"@type":"PropertyValueSpecification","valueRequired":true,"valueName":"search_term_string"}}],"inLanguage":"it-IT"},{"@type":"Organization","@id":"https:\/\/www.mmlegnopiu.it\/porte-finestre-milano\/#organization","name":"M & M Legno Pi\u00f9","url":"https:\/\/www.mmlegnopiu.it\/porte-finestre-milano\/","logo":{"@type":"ImageObject","inLanguage":"it-IT","@id":"https:\/\/www.mmlegnopiu.it\/porte-finestre-milano\/#\/schema\/logo\/image\/","url":"https:\/\/www.mmlegnopiu.it\/porte-finestre-milano\/wp-content\/uploads\/2015\/04\/logo.jpg","contentUrl":"https:\/\/www.mmlegnopiu.it\/porte-finestre-milano\/wp-content\/uploads\/2015\/04\/logo.jpg","width":214,"height":219,"caption":"M & M Legno Pi\u00f9"},"image":{"@id":"https:\/\/www.mmlegnopiu.it\/porte-finestre-milano\/#\/schema\/logo\/image\/"}}]}},"_links":{"self":[{"href":"https:\/\/www.mmlegnopiu.it\/porte-finestre-milano\/wp-json\/wp\/v2\/product\/3661","targetHints":{"allow":["GET"]}}],"collection":[{"href":"https:\/\/www.mmlegnopiu.it\/porte-finestre-milano\/wp-json\/wp\/v2\/product"}],"about":[{"href":"https:\/\/www.mmlegnopiu.it\/porte-finestre-milano\/wp-json\/wp\/v2\/types\/product"}],"wp:featuredmedia":[{"embeddable":true,"href":"https:\/\/www.mmlegnopiu.it\/porte-finestre-milano\/wp-json\/wp\/v2\/media\/3662"}],"wp:attachment":[{"href":"https:\/\/www.mmlegnopiu.it\/porte-finestre-milano\/wp-json\/wp\/v2\/media?parent=3661"}],"wp:term":[{"taxonomy":"product_brand","embeddable":true,"href":"https:\/\/www.mmlegnopiu.it\/porte-finestre-milano\/wp-json\/wp\/v2\/product_brand?post=3661"},{"taxonomy":"product_cat","embeddable":true,"href":"https:\/\/www.mmlegnopiu.it\/porte-finestre-milano\/wp-json\/wp\/v2\/product_cat?post=3661"},{"taxonomy":"product_tag","embeddable":true,"href":"https:\/\/www.mmlegnopiu.it\/porte-finestre-milano\/wp-json\/wp\/v2\/product_tag?post=3661"}],"curies":[{"name":"wp","href":"https:\/\/api.w.org\/{rel}","templated":true}]}}