{"id":4389,"date":"2015-06-06T09:45:07","date_gmt":"2015-06-06T07:45:07","guid":{"rendered":"http:\/\/www.mmlegnopiu.it\/porte-finestre-milano\/?post_type=product&#038;p=4389"},"modified":"2015-06-08T17:08:07","modified_gmt":"2015-06-08T15:08:07","slug":"vernici-per-proteggere-e-rinnovare-il-legno","status":"publish","type":"product","link":"https:\/\/www.mmlegnopiu.it\/porte-finestre-milano\/prodotto\/vernici-per-proteggere-e-rinnovare-il-legno\/","title":{"rendered":"VERNICI PER PROTEGGERE E RINNOVARE IL LEGNO"},"content":{"rendered":"","protected":false},"excerpt":{"rendered":"<p>La linea GORI Professionale oggi sul mercato \u00e8 uno dei marchi pi\u00f9 pregiati in Europa, per quanto riguarda la protezione del legno all&#8217;esterno. La gamma offre diversi prodotti specifici di qualit\u00e0 per avere la soluzione giusta per qualsiasi problematica del legno all&#8217;esterno ed interno. Adatto per il trattamento del legno nuovo ma anche per il restauro e il rinnovo del legno vecchio che ora pi\u00f9 che mai \u00e8 importante per essere competitivi sul mercato.<\/p>\n<p><a href=\"http:\/\/www.jota.it\/company-profile\/gori-professionale-proteggere-e-rinnovare-il-legno\/\" target=\"_blank\">Per maggiori informazioni<\/a><\/p>\n<p>&nbsp;<\/p>\n","protected":false},"featured_media":4393,"template":"","meta":[],"product_brand":[],"product_cat":[267],"product_tag":[270,37,273],"class_list":{"0":"post-4389","1":"product","2":"type-product","3":"status-publish","4":"has-post-thumbnail","6":"product_cat-fai-da-te","7":"product_tag-fai-da-te-2","8":"product_tag-legno","9":"product_tag-vernici","11":"first","12":"instock","13":"shipping-taxable","14":"product-type-simple"},"yoast_head":"<!-- This site is optimized with the Yoast SEO plugin v26.8 - https:\/\/yoast.com\/product\/yoast-seo-wordpress\/ -->\n<title>VERNICI PER PROTEGGERE E RINNOVARE IL LEGNO - M&amp;M Legno Pi\u00f9<\/title>\n<meta name=\"robots\" content=\"index, follow, max-snippet:-1, max-image-preview:large, max-video-preview:-1\" \/>\n<link rel=\"canonical\" href=\"https:\/\/www.mmlegnopiu.it\/porte-finestre-milano\/prodotto\/vernici-per-proteggere-e-rinnovare-il-legno\/\" \/>\n<meta property=\"og:locale\" content=\"it_IT\" \/>\n<meta property=\"og:type\" content=\"article\" \/>\n<meta property=\"og:title\" content=\"VERNICI PER PROTEGGERE E RINNOVARE IL LEGNO - M&amp;M Legno Pi\u00f9\" \/>\n<meta property=\"og:description\" content=\"La linea GORI Professionale oggi sul mercato \u00e8 uno dei marchi pi\u00f9 pregiati in Europa, per quanto riguarda la protezione del legno all&#039;esterno. La gamma offre diversi prodotti specifici di qualit\u00e0 per avere la soluzione giusta per qualsiasi problematica del legno all&#039;esterno ed interno. Adatto per il trattamento del legno nuovo ma anche per il restauro e il rinnovo del legno vecchio che ora pi\u00f9 che mai \u00e8 importante per essere competitivi sul mercato.  Per maggiori informazioni  &nbsp;\" \/>\n<meta property=\"og:url\" content=\"https:\/\/www.mmlegnopiu.it\/porte-finestre-milano\/prodotto\/vernici-per-proteggere-e-rinnovare-il-legno\/\" \/>\n<meta property=\"og:site_name\" content=\"M&amp;M Legno Pi\u00f9\" \/>\n<meta property=\"article:modified_time\" content=\"2015-06-08T15:08:07+00:00\" \/>\n<meta property=\"og:image\" content=\"https:\/\/www.mmlegnopiu.it\/porte-finestre-milano\/wp-content\/uploads\/2015\/06\/copertina_colori_e_vernici.jpg\" \/>\n\t<meta property=\"og:image:width\" content=\"415\" \/>\n\t<meta property=\"og:image:height\" content=\"415\" \/>\n\t<meta property=\"og:image:type\" content=\"image\/jpeg\" \/>\n<meta name=\"twitter:card\" content=\"summary_large_image\" \/>\n<script type=\"application\/ld+json\" class=\"yoast-schema-graph\">{\"@context\":\"https:\/\/schema.org\",\"@graph\":[{\"@type\":\"WebPage\",\"@id\":\"https:\/\/www.mmlegnopiu.it\/porte-finestre-milano\/prodotto\/vernici-per-proteggere-e-rinnovare-il-legno\/\",\"url\":\"https:\/\/www.mmlegnopiu.it\/porte-finestre-milano\/prodotto\/vernici-per-proteggere-e-rinnovare-il-legno\/\",\"name\":\"VERNICI PER PROTEGGERE E RINNOVARE IL LEGNO - M&amp;M Legno Pi\u00f9\",\"isPartOf\":{\"@id\":\"https:\/\/www.mmlegnopiu.it\/porte-finestre-milano\/#website\"},\"primaryImageOfPage\":{\"@id\":\"https:\/\/www.mmlegnopiu.it\/porte-finestre-milano\/prodotto\/vernici-per-proteggere-e-rinnovare-il-legno\/#primaryimage\"},\"image\":{\"@id\":\"https:\/\/www.mmlegnopiu.it\/porte-finestre-milano\/prodotto\/vernici-per-proteggere-e-rinnovare-il-legno\/#primaryimage\"},\"thumbnailUrl\":\"https:\/\/www.mmlegnopiu.it\/porte-finestre-milano\/wp-content\/uploads\/2015\/06\/copertina_colori_e_vernici.jpg\",\"datePublished\":\"2015-06-06T07:45:07+00:00\",\"dateModified\":\"2015-06-08T15:08:07+00:00\",\"breadcrumb\":{\"@id\":\"https:\/\/www.mmlegnopiu.it\/porte-finestre-milano\/prodotto\/vernici-per-proteggere-e-rinnovare-il-legno\/#breadcrumb\"},\"inLanguage\":\"it-IT\",\"potentialAction\":[{\"@type\":\"ReadAction\",\"target\":[\"https:\/\/www.mmlegnopiu.it\/porte-finestre-milano\/prodotto\/vernici-per-proteggere-e-rinnovare-il-legno\/\"]}]},{\"@type\":\"ImageObject\",\"inLanguage\":\"it-IT\",\"@id\":\"https:\/\/www.mmlegnopiu.it\/porte-finestre-milano\/prodotto\/vernici-per-proteggere-e-rinnovare-il-legno\/#primaryimage\",\"url\":\"https:\/\/www.mmlegnopiu.it\/porte-finestre-milano\/wp-content\/uploads\/2015\/06\/copertina_colori_e_vernici.jpg\",\"contentUrl\":\"https:\/\/www.mmlegnopiu.it\/porte-finestre-milano\/wp-content\/uploads\/2015\/06\/copertina_colori_e_vernici.jpg\",\"width\":415,\"height\":415},{\"@type\":\"BreadcrumbList\",\"@id\":\"https:\/\/www.mmlegnopiu.it\/porte-finestre-milano\/prodotto\/vernici-per-proteggere-e-rinnovare-il-legno\/#breadcrumb\",\"itemListElement\":[{\"@type\":\"ListItem\",\"position\":1,\"name\":\"Home\",\"item\":\"https:\/\/www.mmlegnopiu.it\/porte-finestre-milano\/\"},{\"@type\":\"ListItem\",\"position\":2,\"name\":\"Shop\",\"item\":\"https:\/\/www.mmlegnopiu.it\/porte-finestre-milano\/shop\/\"},{\"@type\":\"ListItem\",\"position\":3,\"name\":\"VERNICI PER PROTEGGERE E RINNOVARE IL LEGNO\"}]},{\"@type\":\"WebSite\",\"@id\":\"https:\/\/www.mmlegnopiu.it\/porte-finestre-milano\/#website\",\"url\":\"https:\/\/www.mmlegnopiu.it\/porte-finestre-milano\/\",\"name\":\"M&amp;M Legno Pi\u00f9\",\"description\":\"Finestre Milano, porte, scale.\",\"publisher\":{\"@id\":\"https:\/\/www.mmlegnopiu.it\/porte-finestre-milano\/#organization\"},\"potentialAction\":[{\"@type\":\"SearchAction\",\"target\":{\"@type\":\"EntryPoint\",\"urlTemplate\":\"https:\/\/www.mmlegnopiu.it\/porte-finestre-milano\/?s={search_term_string}\"},\"query-input\":{\"@type\":\"PropertyValueSpecification\",\"valueRequired\":true,\"valueName\":\"search_term_string\"}}],\"inLanguage\":\"it-IT\"},{\"@type\":\"Organization\",\"@id\":\"https:\/\/www.mmlegnopiu.it\/porte-finestre-milano\/#organization\",\"name\":\"M & M Legno Pi\u00f9\",\"url\":\"https:\/\/www.mmlegnopiu.it\/porte-finestre-milano\/\",\"logo\":{\"@type\":\"ImageObject\",\"inLanguage\":\"it-IT\",\"@id\":\"https:\/\/www.mmlegnopiu.it\/porte-finestre-milano\/#\/schema\/logo\/image\/\",\"url\":\"https:\/\/www.mmlegnopiu.it\/porte-finestre-milano\/wp-content\/uploads\/2015\/04\/logo.jpg\",\"contentUrl\":\"https:\/\/www.mmlegnopiu.it\/porte-finestre-milano\/wp-content\/uploads\/2015\/04\/logo.jpg\",\"width\":214,\"height\":219,\"caption\":\"M & M Legno Pi\u00f9\"},\"image\":{\"@id\":\"https:\/\/www.mmlegnopiu.it\/porte-finestre-milano\/#\/schema\/logo\/image\/\"}}]}<\/script>\n<!-- \/ Yoast SEO plugin. -->","yoast_head_json":{"title":"VERNICI PER PROTEGGERE E RINNOVARE IL LEGNO - M&amp;M Legno Pi\u00f9","robots":{"index":"index","follow":"follow","max-snippet":"max-snippet:-1","max-image-preview":"max-image-preview:large","max-video-preview":"max-video-preview:-1"},"canonical":"https:\/\/www.mmlegnopiu.it\/porte-finestre-milano\/prodotto\/vernici-per-proteggere-e-rinnovare-il-legno\/","og_locale":"it_IT","og_type":"article","og_title":"VERNICI PER PROTEGGERE E RINNOVARE IL LEGNO - M&amp;M Legno Pi\u00f9","og_description":"La linea GORI Professionale oggi sul mercato \u00e8 uno dei marchi pi\u00f9 pregiati in Europa, per quanto riguarda la protezione del legno all'esterno. La gamma offre diversi prodotti specifici di qualit\u00e0 per avere la soluzione giusta per qualsiasi problematica del legno all'esterno ed interno. Adatto per il trattamento del legno nuovo ma anche per il restauro e il rinnovo del legno vecchio che ora pi\u00f9 che mai \u00e8 importante per essere competitivi sul mercato.  Per maggiori informazioni  &nbsp;","og_url":"https:\/\/www.mmlegnopiu.it\/porte-finestre-milano\/prodotto\/vernici-per-proteggere-e-rinnovare-il-legno\/","og_site_name":"M&amp;M Legno Pi\u00f9","article_modified_time":"2015-06-08T15:08:07+00:00","og_image":[{"width":415,"height":415,"url":"https:\/\/www.mmlegnopiu.it\/porte-finestre-milano\/wp-content\/uploads\/2015\/06\/copertina_colori_e_vernici.jpg","type":"image\/jpeg"}],"twitter_card":"summary_large_image","schema":{"@context":"https:\/\/schema.org","@graph":[{"@type":"WebPage","@id":"https:\/\/www.mmlegnopiu.it\/porte-finestre-milano\/prodotto\/vernici-per-proteggere-e-rinnovare-il-legno\/","url":"https:\/\/www.mmlegnopiu.it\/porte-finestre-milano\/prodotto\/vernici-per-proteggere-e-rinnovare-il-legno\/","name":"VERNICI PER PROTEGGERE E RINNOVARE IL LEGNO - M&amp;M Legno Pi\u00f9","isPartOf":{"@id":"https:\/\/www.mmlegnopiu.it\/porte-finestre-milano\/#website"},"primaryImageOfPage":{"@id":"https:\/\/www.mmlegnopiu.it\/porte-finestre-milano\/prodotto\/vernici-per-proteggere-e-rinnovare-il-legno\/#primaryimage"},"image":{"@id":"https:\/\/www.mmlegnopiu.it\/porte-finestre-milano\/prodotto\/vernici-per-proteggere-e-rinnovare-il-legno\/#primaryimage"},"thumbnailUrl":"https:\/\/www.mmlegnopiu.it\/porte-finestre-milano\/wp-content\/uploads\/2015\/06\/copertina_colori_e_vernici.jpg","datePublished":"2015-06-06T07:45:07+00:00","dateModified":"2015-06-08T15:08:07+00:00","breadcrumb":{"@id":"https:\/\/www.mmlegnopiu.it\/porte-finestre-milano\/prodotto\/vernici-per-proteggere-e-rinnovare-il-legno\/#breadcrumb"},"inLanguage":"it-IT","potentialAction":[{"@type":"ReadAction","target":["https:\/\/www.mmlegnopiu.it\/porte-finestre-milano\/prodotto\/vernici-per-proteggere-e-rinnovare-il-legno\/"]}]},{"@type":"ImageObject","inLanguage":"it-IT","@id":"https:\/\/www.mmlegnopiu.it\/porte-finestre-milano\/prodotto\/vernici-per-proteggere-e-rinnovare-il-legno\/#primaryimage","url":"https:\/\/www.mmlegnopiu.it\/porte-finestre-milano\/wp-content\/uploads\/2015\/06\/copertina_colori_e_vernici.jpg","contentUrl":"https:\/\/www.mmlegnopiu.it\/porte-finestre-milano\/wp-content\/uploads\/2015\/06\/copertina_colori_e_vernici.jpg","width":415,"height":415},{"@type":"BreadcrumbList","@id":"https:\/\/www.mmlegnopiu.it\/porte-finestre-milano\/prodotto\/vernici-per-proteggere-e-rinnovare-il-legno\/#breadcrumb","itemListElement":[{"@type":"ListItem","position":1,"name":"Home","item":"https:\/\/www.mmlegnopiu.it\/porte-finestre-milano\/"},{"@type":"ListItem","position":2,"name":"Shop","item":"https:\/\/www.mmlegnopiu.it\/porte-finestre-milano\/shop\/"},{"@type":"ListItem","position":3,"name":"VERNICI PER PROTEGGERE E RINNOVARE IL LEGNO"}]},{"@type":"WebSite","@id":"https:\/\/www.mmlegnopiu.it\/porte-finestre-milano\/#website","url":"https:\/\/www.mmlegnopiu.it\/porte-finestre-milano\/","name":"M&amp;M Legno Pi\u00f9","description":"Finestre Milano, porte, scale.","publisher":{"@id":"https:\/\/www.mmlegnopiu.it\/porte-finestre-milano\/#organization"},"potentialAction":[{"@type":"SearchAction","target":{"@type":"EntryPoint","urlTemplate":"https:\/\/www.mmlegnopiu.it\/porte-finestre-milano\/?s={search_term_string}"},"query-input":{"@type":"PropertyValueSpecification","valueRequired":true,"valueName":"search_term_string"}}],"inLanguage":"it-IT"},{"@type":"Organization","@id":"https:\/\/www.mmlegnopiu.it\/porte-finestre-milano\/#organization","name":"M & M Legno Pi\u00f9","url":"https:\/\/www.mmlegnopiu.it\/porte-finestre-milano\/","logo":{"@type":"ImageObject","inLanguage":"it-IT","@id":"https:\/\/www.mmlegnopiu.it\/porte-finestre-milano\/#\/schema\/logo\/image\/","url":"https:\/\/www.mmlegnopiu.it\/porte-finestre-milano\/wp-content\/uploads\/2015\/04\/logo.jpg","contentUrl":"https:\/\/www.mmlegnopiu.it\/porte-finestre-milano\/wp-content\/uploads\/2015\/04\/logo.jpg","width":214,"height":219,"caption":"M & M Legno Pi\u00f9"},"image":{"@id":"https:\/\/www.mmlegnopiu.it\/porte-finestre-milano\/#\/schema\/logo\/image\/"}}]}},"_links":{"self":[{"href":"https:\/\/www.mmlegnopiu.it\/porte-finestre-milano\/wp-json\/wp\/v2\/product\/4389","targetHints":{"allow":["GET"]}}],"collection":[{"href":"https:\/\/www.mmlegnopiu.it\/porte-finestre-milano\/wp-json\/wp\/v2\/product"}],"about":[{"href":"https:\/\/www.mmlegnopiu.it\/porte-finestre-milano\/wp-json\/wp\/v2\/types\/product"}],"wp:featuredmedia":[{"embeddable":true,"href":"https:\/\/www.mmlegnopiu.it\/porte-finestre-milano\/wp-json\/wp\/v2\/media\/4393"}],"wp:attachment":[{"href":"https:\/\/www.mmlegnopiu.it\/porte-finestre-milano\/wp-json\/wp\/v2\/media?parent=4389"}],"wp:term":[{"taxonomy":"product_brand","embeddable":true,"href":"https:\/\/www.mmlegnopiu.it\/porte-finestre-milano\/wp-json\/wp\/v2\/product_brand?post=4389"},{"taxonomy":"product_cat","embeddable":true,"href":"https:\/\/www.mmlegnopiu.it\/porte-finestre-milano\/wp-json\/wp\/v2\/product_cat?post=4389"},{"taxonomy":"product_tag","embeddable":true,"href":"https:\/\/www.mmlegnopiu.it\/porte-finestre-milano\/wp-json\/wp\/v2\/product_tag?post=4389"}],"curies":[{"name":"wp","href":"https:\/\/api.w.org\/{rel}","templated":true}]}}