{"id":4482,"date":"2015-06-11T14:50:54","date_gmt":"2015-06-11T12:50:54","guid":{"rendered":"http:\/\/www.mmlegnopiu.it\/porte-finestre-milano\/?post_type=product&#038;p=4482"},"modified":"2015-06-11T15:00:25","modified_gmt":"2015-06-11T13:00:25","slug":"isolanti-termici-e-acustici-by-3therm","status":"publish","type":"product","link":"https:\/\/www.mmlegnopiu.it\/porte-finestre-milano\/prodotto\/isolanti-termici-e-acustici-by-3therm\/","title":{"rendered":"ISOLANTI TERMICI E ACUSTICI By 3Therm"},"content":{"rendered":"<p>Il problema dell\u2019isolamento termico purtroppo tende ancora ad essere visto con riferimento quasi esclusivamente alla protezione dal freddo e al conseguente risparmio sulle spese di riscaldamento invernale. Molto meno ci si preoccupa del problema opposto, cio\u00e8 di garantire un buon funzionamento dell\u2019edificio anche nella stagione estiva, quando le spese per il raffrescamento degli ambienti sono uguali o superiori a quelle per il riscaldamento. Si trascura inoltre che all\u2019involucro edilizio sono richieste anche altre funzioni, come per esempio una buona protezione acustica, un corretto comfort termo igrometrico in tutte le stagioni dell\u2019anno e una lunga durabilit\u00e0.<\/p>\n","protected":false},"excerpt":{"rendered":"<p>Pannelli in fibra di legno per l&#8217;isolamento termico e acustico.<\/p>\n<p>La fibra di legno \u00e8 un materiale POLIVALENTE, poich\u00e9 offre ottime prestazioni riguardo i 4 princ\u00ecpi del comfort:<br \/>\n&#8211; Comfort invernale (valori lambda a partire da 0.037 W\/mK)<br \/>\n&#8211; Comfort estivo (elevata densit\u00e0 ed elevata capacit\u00e0 termica)<br \/>\n&#8211; Comfort acustico (materiale fibroso)<br \/>\n&#8211; Traspirabilit\u00e0 (valore \u03bc=3)<br \/>\nIl processo produttivo \u201ca secco\u201d, permette di ottenere prodotti di elevato standard qualitativo, con migliori prestazioni e caratteristiche tecniche rispetto alla fibra di legno tradizionale prodotta \u201ca umido\u201d.<\/p>\n<p>Grazie alla disponibilit\u00e0 di spessori da 4 a 24 cm MONOSTRATO, si riducono drasticamente le fasi di montaggio, con notevole risparmio di tempo e denaro.<\/p>\n<p>Tutti i prodotti in fibra di legno best Wood Schneider, sono idrofughi in ogni loro parte! Perch\u00e9? Contrariamente a molti prodotti presenti sul mercato, che vengono resi idrofughi tramite la spalmatura di prodotti repellenti sulle facce, MULTITHERM ed i prodotti in fibra di legno best Wood Schneider sfruttano il principio della TENSIONE SUPERFICIALE.<\/p>\n<p>&nbsp;<\/p>\n<p>&nbsp;<\/p>\n<p>&nbsp;<\/p>\n","protected":false},"featured_media":4483,"template":"","meta":[],"product_brand":[],"product_cat":[266],"product_tag":[282,264],"class_list":{"0":"post-4482","1":"product","2":"type-product","3":"status-publish","4":"has-post-thumbnail","6":"product_cat-tetti-legnami","7":"product_tag-isolanti","8":"product_tag-tetti","10":"first","11":"instock","12":"shipping-taxable","13":"product-type-simple"},"yoast_head":"<!-- This site is optimized with the Yoast SEO plugin v26.8 - https:\/\/yoast.com\/product\/yoast-seo-wordpress\/ -->\n<title>ISOLANTI TERMICI E ACUSTICI By 3Therm - M&amp;M Legno Pi\u00f9<\/title>\n<meta name=\"robots\" content=\"index, follow, max-snippet:-1, max-image-preview:large, max-video-preview:-1\" \/>\n<link rel=\"canonical\" href=\"https:\/\/www.mmlegnopiu.it\/porte-finestre-milano\/prodotto\/isolanti-termici-e-acustici-by-3therm\/\" \/>\n<meta property=\"og:locale\" content=\"it_IT\" \/>\n<meta property=\"og:type\" content=\"article\" \/>\n<meta property=\"og:title\" content=\"ISOLANTI TERMICI E ACUSTICI By 3Therm - M&amp;M Legno Pi\u00f9\" \/>\n<meta property=\"og:description\" content=\"Pannelli in fibra di legno per l&#039;isolamento termico e acustico.  La fibra di legno \u00e8 un materiale POLIVALENTE, poich\u00e9 offre ottime prestazioni riguardo i 4 princ\u00ecpi del comfort: - Comfort invernale (valori lambda a partire da 0.037 W\/mK) - Comfort estivo (elevata densit\u00e0 ed elevata capacit\u00e0 termica) - Comfort acustico (materiale fibroso) - Traspirabilit\u00e0 (valore \u03bc=3) Il processo produttivo \u201ca secco\u201d, permette di ottenere prodotti di elevato standard qualitativo, con migliori prestazioni e caratteristiche tecniche rispetto alla fibra di legno tradizionale prodotta \u201ca umido\u201d.  Grazie alla disponibilit\u00e0 di spessori da 4 a 24 cm MONOSTRATO, si riducono drasticamente le fasi di montaggio, con notevole risparmio di tempo e denaro.  Tutti i prodotti in fibra di legno best Wood Schneider, sono idrofughi in ogni loro parte! Perch\u00e9? Contrariamente a molti prodotti presenti sul mercato, che vengono resi idrofughi tramite la spalmatura di prodotti repellenti sulle facce, MULTITHERM ed i prodotti in fibra di legno best Wood Schneider sfruttano il principio della TENSIONE SUPERFICIALE.  &nbsp;  &nbsp;  &nbsp;\" \/>\n<meta property=\"og:url\" content=\"https:\/\/www.mmlegnopiu.it\/porte-finestre-milano\/prodotto\/isolanti-termici-e-acustici-by-3therm\/\" \/>\n<meta property=\"og:site_name\" content=\"M&amp;M Legno Pi\u00f9\" \/>\n<meta property=\"article:modified_time\" content=\"2015-06-11T13:00:25+00:00\" \/>\n<meta property=\"og:image\" content=\"https:\/\/www.mmlegnopiu.it\/porte-finestre-milano\/wp-content\/uploads\/2015\/06\/multitherm-110.jpg\" \/>\n\t<meta property=\"og:image:width\" content=\"800\" \/>\n\t<meta property=\"og:image:height\" content=\"800\" \/>\n\t<meta property=\"og:image:type\" content=\"image\/jpeg\" \/>\n<meta name=\"twitter:card\" content=\"summary_large_image\" \/>\n<script type=\"application\/ld+json\" class=\"yoast-schema-graph\">{\"@context\":\"https:\/\/schema.org\",\"@graph\":[{\"@type\":\"WebPage\",\"@id\":\"https:\/\/www.mmlegnopiu.it\/porte-finestre-milano\/prodotto\/isolanti-termici-e-acustici-by-3therm\/\",\"url\":\"https:\/\/www.mmlegnopiu.it\/porte-finestre-milano\/prodotto\/isolanti-termici-e-acustici-by-3therm\/\",\"name\":\"ISOLANTI TERMICI E ACUSTICI By 3Therm - M&amp;M Legno Pi\u00f9\",\"isPartOf\":{\"@id\":\"https:\/\/www.mmlegnopiu.it\/porte-finestre-milano\/#website\"},\"primaryImageOfPage\":{\"@id\":\"https:\/\/www.mmlegnopiu.it\/porte-finestre-milano\/prodotto\/isolanti-termici-e-acustici-by-3therm\/#primaryimage\"},\"image\":{\"@id\":\"https:\/\/www.mmlegnopiu.it\/porte-finestre-milano\/prodotto\/isolanti-termici-e-acustici-by-3therm\/#primaryimage\"},\"thumbnailUrl\":\"https:\/\/www.mmlegnopiu.it\/porte-finestre-milano\/wp-content\/uploads\/2015\/06\/multitherm-110.jpg\",\"datePublished\":\"2015-06-11T12:50:54+00:00\",\"dateModified\":\"2015-06-11T13:00:25+00:00\",\"breadcrumb\":{\"@id\":\"https:\/\/www.mmlegnopiu.it\/porte-finestre-milano\/prodotto\/isolanti-termici-e-acustici-by-3therm\/#breadcrumb\"},\"inLanguage\":\"it-IT\",\"potentialAction\":[{\"@type\":\"ReadAction\",\"target\":[\"https:\/\/www.mmlegnopiu.it\/porte-finestre-milano\/prodotto\/isolanti-termici-e-acustici-by-3therm\/\"]}]},{\"@type\":\"ImageObject\",\"inLanguage\":\"it-IT\",\"@id\":\"https:\/\/www.mmlegnopiu.it\/porte-finestre-milano\/prodotto\/isolanti-termici-e-acustici-by-3therm\/#primaryimage\",\"url\":\"https:\/\/www.mmlegnopiu.it\/porte-finestre-milano\/wp-content\/uploads\/2015\/06\/multitherm-110.jpg\",\"contentUrl\":\"https:\/\/www.mmlegnopiu.it\/porte-finestre-milano\/wp-content\/uploads\/2015\/06\/multitherm-110.jpg\",\"width\":800,\"height\":800},{\"@type\":\"BreadcrumbList\",\"@id\":\"https:\/\/www.mmlegnopiu.it\/porte-finestre-milano\/prodotto\/isolanti-termici-e-acustici-by-3therm\/#breadcrumb\",\"itemListElement\":[{\"@type\":\"ListItem\",\"position\":1,\"name\":\"Home\",\"item\":\"https:\/\/www.mmlegnopiu.it\/porte-finestre-milano\/\"},{\"@type\":\"ListItem\",\"position\":2,\"name\":\"Shop\",\"item\":\"https:\/\/www.mmlegnopiu.it\/porte-finestre-milano\/shop\/\"},{\"@type\":\"ListItem\",\"position\":3,\"name\":\"ISOLANTI TERMICI E ACUSTICI By 3Therm\"}]},{\"@type\":\"WebSite\",\"@id\":\"https:\/\/www.mmlegnopiu.it\/porte-finestre-milano\/#website\",\"url\":\"https:\/\/www.mmlegnopiu.it\/porte-finestre-milano\/\",\"name\":\"M&amp;M Legno Pi\u00f9\",\"description\":\"Finestre Milano, porte, scale.\",\"publisher\":{\"@id\":\"https:\/\/www.mmlegnopiu.it\/porte-finestre-milano\/#organization\"},\"potentialAction\":[{\"@type\":\"SearchAction\",\"target\":{\"@type\":\"EntryPoint\",\"urlTemplate\":\"https:\/\/www.mmlegnopiu.it\/porte-finestre-milano\/?s={search_term_string}\"},\"query-input\":{\"@type\":\"PropertyValueSpecification\",\"valueRequired\":true,\"valueName\":\"search_term_string\"}}],\"inLanguage\":\"it-IT\"},{\"@type\":\"Organization\",\"@id\":\"https:\/\/www.mmlegnopiu.it\/porte-finestre-milano\/#organization\",\"name\":\"M & M Legno Pi\u00f9\",\"url\":\"https:\/\/www.mmlegnopiu.it\/porte-finestre-milano\/\",\"logo\":{\"@type\":\"ImageObject\",\"inLanguage\":\"it-IT\",\"@id\":\"https:\/\/www.mmlegnopiu.it\/porte-finestre-milano\/#\/schema\/logo\/image\/\",\"url\":\"https:\/\/www.mmlegnopiu.it\/porte-finestre-milano\/wp-content\/uploads\/2015\/04\/logo.jpg\",\"contentUrl\":\"https:\/\/www.mmlegnopiu.it\/porte-finestre-milano\/wp-content\/uploads\/2015\/04\/logo.jpg\",\"width\":214,\"height\":219,\"caption\":\"M & M Legno Pi\u00f9\"},\"image\":{\"@id\":\"https:\/\/www.mmlegnopiu.it\/porte-finestre-milano\/#\/schema\/logo\/image\/\"}}]}<\/script>\n<!-- \/ Yoast SEO plugin. -->","yoast_head_json":{"title":"ISOLANTI TERMICI E ACUSTICI By 3Therm - M&amp;M Legno Pi\u00f9","robots":{"index":"index","follow":"follow","max-snippet":"max-snippet:-1","max-image-preview":"max-image-preview:large","max-video-preview":"max-video-preview:-1"},"canonical":"https:\/\/www.mmlegnopiu.it\/porte-finestre-milano\/prodotto\/isolanti-termici-e-acustici-by-3therm\/","og_locale":"it_IT","og_type":"article","og_title":"ISOLANTI TERMICI E ACUSTICI By 3Therm - M&amp;M Legno Pi\u00f9","og_description":"Pannelli in fibra di legno per l'isolamento termico e acustico.  La fibra di legno \u00e8 un materiale POLIVALENTE, poich\u00e9 offre ottime prestazioni riguardo i 4 princ\u00ecpi del comfort: - Comfort invernale (valori lambda a partire da 0.037 W\/mK) - Comfort estivo (elevata densit\u00e0 ed elevata capacit\u00e0 termica) - Comfort acustico (materiale fibroso) - Traspirabilit\u00e0 (valore \u03bc=3) Il processo produttivo \u201ca secco\u201d, permette di ottenere prodotti di elevato standard qualitativo, con migliori prestazioni e caratteristiche tecniche rispetto alla fibra di legno tradizionale prodotta \u201ca umido\u201d.  Grazie alla disponibilit\u00e0 di spessori da 4 a 24 cm MONOSTRATO, si riducono drasticamente le fasi di montaggio, con notevole risparmio di tempo e denaro.  Tutti i prodotti in fibra di legno best Wood Schneider, sono idrofughi in ogni loro parte! Perch\u00e9? Contrariamente a molti prodotti presenti sul mercato, che vengono resi idrofughi tramite la spalmatura di prodotti repellenti sulle facce, MULTITHERM ed i prodotti in fibra di legno best Wood Schneider sfruttano il principio della TENSIONE SUPERFICIALE.  &nbsp;  &nbsp;  &nbsp;","og_url":"https:\/\/www.mmlegnopiu.it\/porte-finestre-milano\/prodotto\/isolanti-termici-e-acustici-by-3therm\/","og_site_name":"M&amp;M Legno Pi\u00f9","article_modified_time":"2015-06-11T13:00:25+00:00","og_image":[{"width":800,"height":800,"url":"https:\/\/www.mmlegnopiu.it\/porte-finestre-milano\/wp-content\/uploads\/2015\/06\/multitherm-110.jpg","type":"image\/jpeg"}],"twitter_card":"summary_large_image","schema":{"@context":"https:\/\/schema.org","@graph":[{"@type":"WebPage","@id":"https:\/\/www.mmlegnopiu.it\/porte-finestre-milano\/prodotto\/isolanti-termici-e-acustici-by-3therm\/","url":"https:\/\/www.mmlegnopiu.it\/porte-finestre-milano\/prodotto\/isolanti-termici-e-acustici-by-3therm\/","name":"ISOLANTI TERMICI E ACUSTICI By 3Therm - M&amp;M Legno Pi\u00f9","isPartOf":{"@id":"https:\/\/www.mmlegnopiu.it\/porte-finestre-milano\/#website"},"primaryImageOfPage":{"@id":"https:\/\/www.mmlegnopiu.it\/porte-finestre-milano\/prodotto\/isolanti-termici-e-acustici-by-3therm\/#primaryimage"},"image":{"@id":"https:\/\/www.mmlegnopiu.it\/porte-finestre-milano\/prodotto\/isolanti-termici-e-acustici-by-3therm\/#primaryimage"},"thumbnailUrl":"https:\/\/www.mmlegnopiu.it\/porte-finestre-milano\/wp-content\/uploads\/2015\/06\/multitherm-110.jpg","datePublished":"2015-06-11T12:50:54+00:00","dateModified":"2015-06-11T13:00:25+00:00","breadcrumb":{"@id":"https:\/\/www.mmlegnopiu.it\/porte-finestre-milano\/prodotto\/isolanti-termici-e-acustici-by-3therm\/#breadcrumb"},"inLanguage":"it-IT","potentialAction":[{"@type":"ReadAction","target":["https:\/\/www.mmlegnopiu.it\/porte-finestre-milano\/prodotto\/isolanti-termici-e-acustici-by-3therm\/"]}]},{"@type":"ImageObject","inLanguage":"it-IT","@id":"https:\/\/www.mmlegnopiu.it\/porte-finestre-milano\/prodotto\/isolanti-termici-e-acustici-by-3therm\/#primaryimage","url":"https:\/\/www.mmlegnopiu.it\/porte-finestre-milano\/wp-content\/uploads\/2015\/06\/multitherm-110.jpg","contentUrl":"https:\/\/www.mmlegnopiu.it\/porte-finestre-milano\/wp-content\/uploads\/2015\/06\/multitherm-110.jpg","width":800,"height":800},{"@type":"BreadcrumbList","@id":"https:\/\/www.mmlegnopiu.it\/porte-finestre-milano\/prodotto\/isolanti-termici-e-acustici-by-3therm\/#breadcrumb","itemListElement":[{"@type":"ListItem","position":1,"name":"Home","item":"https:\/\/www.mmlegnopiu.it\/porte-finestre-milano\/"},{"@type":"ListItem","position":2,"name":"Shop","item":"https:\/\/www.mmlegnopiu.it\/porte-finestre-milano\/shop\/"},{"@type":"ListItem","position":3,"name":"ISOLANTI TERMICI E ACUSTICI By 3Therm"}]},{"@type":"WebSite","@id":"https:\/\/www.mmlegnopiu.it\/porte-finestre-milano\/#website","url":"https:\/\/www.mmlegnopiu.it\/porte-finestre-milano\/","name":"M&amp;M Legno Pi\u00f9","description":"Finestre Milano, porte, scale.","publisher":{"@id":"https:\/\/www.mmlegnopiu.it\/porte-finestre-milano\/#organization"},"potentialAction":[{"@type":"SearchAction","target":{"@type":"EntryPoint","urlTemplate":"https:\/\/www.mmlegnopiu.it\/porte-finestre-milano\/?s={search_term_string}"},"query-input":{"@type":"PropertyValueSpecification","valueRequired":true,"valueName":"search_term_string"}}],"inLanguage":"it-IT"},{"@type":"Organization","@id":"https:\/\/www.mmlegnopiu.it\/porte-finestre-milano\/#organization","name":"M & M Legno Pi\u00f9","url":"https:\/\/www.mmlegnopiu.it\/porte-finestre-milano\/","logo":{"@type":"ImageObject","inLanguage":"it-IT","@id":"https:\/\/www.mmlegnopiu.it\/porte-finestre-milano\/#\/schema\/logo\/image\/","url":"https:\/\/www.mmlegnopiu.it\/porte-finestre-milano\/wp-content\/uploads\/2015\/04\/logo.jpg","contentUrl":"https:\/\/www.mmlegnopiu.it\/porte-finestre-milano\/wp-content\/uploads\/2015\/04\/logo.jpg","width":214,"height":219,"caption":"M & M Legno Pi\u00f9"},"image":{"@id":"https:\/\/www.mmlegnopiu.it\/porte-finestre-milano\/#\/schema\/logo\/image\/"}}]}},"_links":{"self":[{"href":"https:\/\/www.mmlegnopiu.it\/porte-finestre-milano\/wp-json\/wp\/v2\/product\/4482","targetHints":{"allow":["GET"]}}],"collection":[{"href":"https:\/\/www.mmlegnopiu.it\/porte-finestre-milano\/wp-json\/wp\/v2\/product"}],"about":[{"href":"https:\/\/www.mmlegnopiu.it\/porte-finestre-milano\/wp-json\/wp\/v2\/types\/product"}],"wp:featuredmedia":[{"embeddable":true,"href":"https:\/\/www.mmlegnopiu.it\/porte-finestre-milano\/wp-json\/wp\/v2\/media\/4483"}],"wp:attachment":[{"href":"https:\/\/www.mmlegnopiu.it\/porte-finestre-milano\/wp-json\/wp\/v2\/media?parent=4482"}],"wp:term":[{"taxonomy":"product_brand","embeddable":true,"href":"https:\/\/www.mmlegnopiu.it\/porte-finestre-milano\/wp-json\/wp\/v2\/product_brand?post=4482"},{"taxonomy":"product_cat","embeddable":true,"href":"https:\/\/www.mmlegnopiu.it\/porte-finestre-milano\/wp-json\/wp\/v2\/product_cat?post=4482"},{"taxonomy":"product_tag","embeddable":true,"href":"https:\/\/www.mmlegnopiu.it\/porte-finestre-milano\/wp-json\/wp\/v2\/product_tag?post=4482"}],"curies":[{"name":"wp","href":"https:\/\/api.w.org\/{rel}","templated":true}]}}