{"id":6481,"date":"2016-12-10T09:22:09","date_gmt":"2016-12-10T08:22:09","guid":{"rendered":"http:\/\/www.mmlegnopiu.it\/porte-finestre-milano\/prodotto\/self-negozio-rimadesio-milano-e-provincia\/"},"modified":"2023-07-07T14:59:49","modified_gmt":"2023-07-07T12:59:49","slug":"self-negozio-rimadesio-milano-e-provincia","status":"publish","type":"product","link":"https:\/\/www.mmlegnopiu.it\/porte-finestre-milano\/prodotto\/self-negozio-rimadesio-milano-e-provincia\/","title":{"rendered":"Self Rimadesio Milano"},"content":{"rendered":"<p>&nbsp;<\/p>\n<p>&nbsp;<\/p>\n<p><img loading=\"lazy\" decoding=\"async\" class=\"alignnone size-full wp-image-10920\" src=\"http:\/\/www.mmlegnopiu.it\/porte-finestre-milano\/wp-content\/uploads\/2016\/12\/IMG_Self_08-1920x1080-1.jpg\" alt=\"\" width=\"1920\" height=\"1080\" srcset=\"https:\/\/www.mmlegnopiu.it\/porte-finestre-milano\/wp-content\/uploads\/2016\/12\/IMG_Self_08-1920x1080-1.jpg 1920w, https:\/\/www.mmlegnopiu.it\/porte-finestre-milano\/wp-content\/uploads\/2016\/12\/IMG_Self_08-1920x1080-1-400x225.jpg 400w, https:\/\/www.mmlegnopiu.it\/porte-finestre-milano\/wp-content\/uploads\/2016\/12\/IMG_Self_08-1920x1080-1-300x169.jpg 300w, https:\/\/www.mmlegnopiu.it\/porte-finestre-milano\/wp-content\/uploads\/2016\/12\/IMG_Self_08-1920x1080-1-1024x576.jpg 1024w, https:\/\/www.mmlegnopiu.it\/porte-finestre-milano\/wp-content\/uploads\/2016\/12\/IMG_Self_08-1920x1080-1-768x432.jpg 768w, https:\/\/www.mmlegnopiu.it\/porte-finestre-milano\/wp-content\/uploads\/2016\/12\/IMG_Self_08-1920x1080-1-1536x864.jpg 1536w\" sizes=\"auto, (max-width: 1920px) 100vw, 1920px\" \/><\/p>\n<h2><\/h2>\n<h2>Un sistema componibile per ogni zona della casa, che permette di creare madie mono e bifacciali, comodini, settimanali e composizioni sospese a parete.<\/h2>\n<h2>Un progetto che fa della versatilit\u00e0 la propria qualit\u00e0 principale, <a href=\"https:\/\/www.rimadesio.it\/it\/prodotto\/self\/\">Self<\/a> pu\u00f2 essere progettato nella massima libert\u00e0, con composizioni di modularit\u00e0 orizzontale o contenitori che si sviluppano in verticale.<\/h2>\n<h2>Con l&#8217;eccezionale variet\u00e0 dei 70 colori della collezione Ecolorsystem a disposizione, la collezione Self prevede soluzioni con anta battente, ante a ribalta, cassetti e vani a giorno.<\/h2>\n<p>&nbsp;<\/p>\n<p><img loading=\"lazy\" decoding=\"async\" class=\"alignnone size-full wp-image-10921\" src=\"http:\/\/www.mmlegnopiu.it\/porte-finestre-milano\/wp-content\/uploads\/2016\/12\/IMG_Self_05-1-1920x1080-1.jpg\" alt=\"\" width=\"1920\" height=\"1080\" srcset=\"https:\/\/www.mmlegnopiu.it\/porte-finestre-milano\/wp-content\/uploads\/2016\/12\/IMG_Self_05-1-1920x1080-1.jpg 1920w, https:\/\/www.mmlegnopiu.it\/porte-finestre-milano\/wp-content\/uploads\/2016\/12\/IMG_Self_05-1-1920x1080-1-400x225.jpg 400w, https:\/\/www.mmlegnopiu.it\/porte-finestre-milano\/wp-content\/uploads\/2016\/12\/IMG_Self_05-1-1920x1080-1-300x169.jpg 300w, https:\/\/www.mmlegnopiu.it\/porte-finestre-milano\/wp-content\/uploads\/2016\/12\/IMG_Self_05-1-1920x1080-1-1024x576.jpg 1024w, https:\/\/www.mmlegnopiu.it\/porte-finestre-milano\/wp-content\/uploads\/2016\/12\/IMG_Self_05-1-1920x1080-1-768x432.jpg 768w, https:\/\/www.mmlegnopiu.it\/porte-finestre-milano\/wp-content\/uploads\/2016\/12\/IMG_Self_05-1-1920x1080-1-1536x864.jpg 1536w\" sizes=\"auto, (max-width: 1920px) 100vw, 1920px\" \/><\/p>\n<p>&nbsp;<\/p>\n<p><a href=\"https:\/\/www.mmlegnopiu.it\/porte-finestre-milano\/contatti\/\">Per maggiori informazioni<\/a><\/p>\n<p>&nbsp;<\/p>\n<p>&nbsp;<\/p>\n<p>&nbsp;<\/p>\n<p>&nbsp;<\/p>\n","protected":false},"excerpt":{"rendered":"<h3><strong>SELF\u00a0Rimadesio Milano<\/strong><\/h3>\n<h3><\/h3>\n<h3>Self, il sistema componibile Rimadesio che permette di creare madie, mensole, comodini, composizioni a parete utilizzabili in tutta la casa.<\/h3>\n<h3>Con un&#8217;eccezionale variet\u00e0 di colori, ben 62, Self prevede soluzioni per qualsiasi esigenza.<\/h3>\n<p><a href=\"http:\/\/www.rimadesio.it\/ita\/catalogo_sistemi-giorno\/self-2.php\" target=\"_blank\" rel=\"noopener\">Per maggiori informazioni<\/a><\/p>\n","protected":false},"featured_media":6485,"template":"","meta":[],"product_brand":[],"product_cat":[755,752,751],"product_tag":[84,86,364],"class_list":{"0":"post-6481","1":"product","2":"type-product","3":"status-publish","4":"has-post-thumbnail","6":"product_cat-cassettiere-settimanali-secretaire-rimadesio","7":"product_cat-madie-rimadesio-milano","8":"product_cat-sistemi-componibili-rimadesio","9":"product_tag-arredo","10":"product_tag-complementi-darredo","11":"product_tag-rimadesio","13":"first","14":"instock","15":"shipping-taxable","16":"product-type-simple"},"yoast_head":"<!-- This site is optimized with the Yoast SEO plugin v26.8 - https:\/\/yoast.com\/product\/yoast-seo-wordpress\/ -->\n<title>SELF. Negozio Rimadesio milano e provincia<\/title>\n<meta name=\"description\" content=\"SELF SISTEMA COMPONIBILE RIMADESIO. Arredamento per interni. Rivenditore Rimadesio Milano. Negozio Rimadesio Milano e provincia\" \/>\n<meta name=\"robots\" content=\"index, follow, max-snippet:-1, max-image-preview:large, max-video-preview:-1\" \/>\n<link rel=\"canonical\" href=\"https:\/\/www.mmlegnopiu.it\/porte-finestre-milano\/prodotto\/self-negozio-rimadesio-milano-e-provincia\/\" \/>\n<meta property=\"og:locale\" content=\"it_IT\" \/>\n<meta property=\"og:type\" content=\"article\" \/>\n<meta property=\"og:title\" content=\"SELF. Negozio Rimadesio milano e provincia\" \/>\n<meta property=\"og:description\" content=\"SELF SISTEMA COMPONIBILE RIMADESIO. Arredamento per interni. Rivenditore Rimadesio Milano. Negozio Rimadesio Milano e provincia\" \/>\n<meta property=\"og:url\" content=\"https:\/\/www.mmlegnopiu.it\/porte-finestre-milano\/prodotto\/self-negozio-rimadesio-milano-e-provincia\/\" \/>\n<meta property=\"og:site_name\" content=\"M&amp;M Legno Pi\u00f9\" \/>\n<meta property=\"article:modified_time\" content=\"2023-07-07T12:59:49+00:00\" \/>\n<meta property=\"og:image\" content=\"http:\/\/www.mmlegnopiu.it\/porte-finestre-milano\/wp-content\/uploads\/2016\/12\/rimadesio-milano-8-1.jpg\" \/>\n\t<meta property=\"og:image:width\" content=\"478\" \/>\n\t<meta property=\"og:image:height\" content=\"478\" \/>\n\t<meta property=\"og:image:type\" content=\"image\/jpeg\" \/>\n<meta name=\"twitter:card\" content=\"summary_large_image\" \/>\n<meta name=\"twitter:label1\" content=\"Tempo di lettura stimato\" \/>\n\t<meta name=\"twitter:data1\" content=\"1 minuto\" \/>\n<script type=\"application\/ld+json\" class=\"yoast-schema-graph\">{\"@context\":\"https:\/\/schema.org\",\"@graph\":[{\"@type\":\"WebPage\",\"@id\":\"https:\/\/www.mmlegnopiu.it\/porte-finestre-milano\/prodotto\/self-negozio-rimadesio-milano-e-provincia\/\",\"url\":\"https:\/\/www.mmlegnopiu.it\/porte-finestre-milano\/prodotto\/self-negozio-rimadesio-milano-e-provincia\/\",\"name\":\"SELF. Negozio Rimadesio milano e provincia\",\"isPartOf\":{\"@id\":\"https:\/\/www.mmlegnopiu.it\/porte-finestre-milano\/#website\"},\"primaryImageOfPage\":{\"@id\":\"https:\/\/www.mmlegnopiu.it\/porte-finestre-milano\/prodotto\/self-negozio-rimadesio-milano-e-provincia\/#primaryimage\"},\"image\":{\"@id\":\"https:\/\/www.mmlegnopiu.it\/porte-finestre-milano\/prodotto\/self-negozio-rimadesio-milano-e-provincia\/#primaryimage\"},\"thumbnailUrl\":\"https:\/\/www.mmlegnopiu.it\/porte-finestre-milano\/wp-content\/uploads\/2016\/12\/rimadesio-milano-8-1.jpg\",\"datePublished\":\"2016-12-10T08:22:09+00:00\",\"dateModified\":\"2023-07-07T12:59:49+00:00\",\"description\":\"SELF SISTEMA COMPONIBILE RIMADESIO. Arredamento per interni. Rivenditore Rimadesio Milano. Negozio Rimadesio Milano e provincia\",\"breadcrumb\":{\"@id\":\"https:\/\/www.mmlegnopiu.it\/porte-finestre-milano\/prodotto\/self-negozio-rimadesio-milano-e-provincia\/#breadcrumb\"},\"inLanguage\":\"it-IT\",\"potentialAction\":[{\"@type\":\"ReadAction\",\"target\":[\"https:\/\/www.mmlegnopiu.it\/porte-finestre-milano\/prodotto\/self-negozio-rimadesio-milano-e-provincia\/\"]}]},{\"@type\":\"ImageObject\",\"inLanguage\":\"it-IT\",\"@id\":\"https:\/\/www.mmlegnopiu.it\/porte-finestre-milano\/prodotto\/self-negozio-rimadesio-milano-e-provincia\/#primaryimage\",\"url\":\"https:\/\/www.mmlegnopiu.it\/porte-finestre-milano\/wp-content\/uploads\/2016\/12\/rimadesio-milano-8-1.jpg\",\"contentUrl\":\"https:\/\/www.mmlegnopiu.it\/porte-finestre-milano\/wp-content\/uploads\/2016\/12\/rimadesio-milano-8-1.jpg\",\"width\":478,\"height\":478},{\"@type\":\"BreadcrumbList\",\"@id\":\"https:\/\/www.mmlegnopiu.it\/porte-finestre-milano\/prodotto\/self-negozio-rimadesio-milano-e-provincia\/#breadcrumb\",\"itemListElement\":[{\"@type\":\"ListItem\",\"position\":1,\"name\":\"Home\",\"item\":\"https:\/\/www.mmlegnopiu.it\/porte-finestre-milano\/\"},{\"@type\":\"ListItem\",\"position\":2,\"name\":\"Shop\",\"item\":\"https:\/\/www.mmlegnopiu.it\/porte-finestre-milano\/shop\/\"},{\"@type\":\"ListItem\",\"position\":3,\"name\":\"Self Rimadesio Milano\"}]},{\"@type\":\"WebSite\",\"@id\":\"https:\/\/www.mmlegnopiu.it\/porte-finestre-milano\/#website\",\"url\":\"https:\/\/www.mmlegnopiu.it\/porte-finestre-milano\/\",\"name\":\"M&amp;M Legno Pi\u00f9\",\"description\":\"Finestre Milano, porte, scale.\",\"publisher\":{\"@id\":\"https:\/\/www.mmlegnopiu.it\/porte-finestre-milano\/#organization\"},\"potentialAction\":[{\"@type\":\"SearchAction\",\"target\":{\"@type\":\"EntryPoint\",\"urlTemplate\":\"https:\/\/www.mmlegnopiu.it\/porte-finestre-milano\/?s={search_term_string}\"},\"query-input\":{\"@type\":\"PropertyValueSpecification\",\"valueRequired\":true,\"valueName\":\"search_term_string\"}}],\"inLanguage\":\"it-IT\"},{\"@type\":\"Organization\",\"@id\":\"https:\/\/www.mmlegnopiu.it\/porte-finestre-milano\/#organization\",\"name\":\"M & M Legno Pi\u00f9\",\"url\":\"https:\/\/www.mmlegnopiu.it\/porte-finestre-milano\/\",\"logo\":{\"@type\":\"ImageObject\",\"inLanguage\":\"it-IT\",\"@id\":\"https:\/\/www.mmlegnopiu.it\/porte-finestre-milano\/#\/schema\/logo\/image\/\",\"url\":\"https:\/\/www.mmlegnopiu.it\/porte-finestre-milano\/wp-content\/uploads\/2015\/04\/logo.jpg\",\"contentUrl\":\"https:\/\/www.mmlegnopiu.it\/porte-finestre-milano\/wp-content\/uploads\/2015\/04\/logo.jpg\",\"width\":214,\"height\":219,\"caption\":\"M & M Legno Pi\u00f9\"},\"image\":{\"@id\":\"https:\/\/www.mmlegnopiu.it\/porte-finestre-milano\/#\/schema\/logo\/image\/\"}}]}<\/script>\n<!-- \/ Yoast SEO plugin. -->","yoast_head_json":{"title":"SELF. Negozio Rimadesio milano e provincia","description":"SELF SISTEMA COMPONIBILE RIMADESIO. Arredamento per interni. Rivenditore Rimadesio Milano. Negozio Rimadesio Milano e provincia","robots":{"index":"index","follow":"follow","max-snippet":"max-snippet:-1","max-image-preview":"max-image-preview:large","max-video-preview":"max-video-preview:-1"},"canonical":"https:\/\/www.mmlegnopiu.it\/porte-finestre-milano\/prodotto\/self-negozio-rimadesio-milano-e-provincia\/","og_locale":"it_IT","og_type":"article","og_title":"SELF. Negozio Rimadesio milano e provincia","og_description":"SELF SISTEMA COMPONIBILE RIMADESIO. Arredamento per interni. Rivenditore Rimadesio Milano. Negozio Rimadesio Milano e provincia","og_url":"https:\/\/www.mmlegnopiu.it\/porte-finestre-milano\/prodotto\/self-negozio-rimadesio-milano-e-provincia\/","og_site_name":"M&amp;M Legno Pi\u00f9","article_modified_time":"2023-07-07T12:59:49+00:00","og_image":[{"width":478,"height":478,"url":"http:\/\/www.mmlegnopiu.it\/porte-finestre-milano\/wp-content\/uploads\/2016\/12\/rimadesio-milano-8-1.jpg","type":"image\/jpeg"}],"twitter_card":"summary_large_image","twitter_misc":{"Tempo di lettura stimato":"1 minuto"},"schema":{"@context":"https:\/\/schema.org","@graph":[{"@type":"WebPage","@id":"https:\/\/www.mmlegnopiu.it\/porte-finestre-milano\/prodotto\/self-negozio-rimadesio-milano-e-provincia\/","url":"https:\/\/www.mmlegnopiu.it\/porte-finestre-milano\/prodotto\/self-negozio-rimadesio-milano-e-provincia\/","name":"SELF. Negozio Rimadesio milano e provincia","isPartOf":{"@id":"https:\/\/www.mmlegnopiu.it\/porte-finestre-milano\/#website"},"primaryImageOfPage":{"@id":"https:\/\/www.mmlegnopiu.it\/porte-finestre-milano\/prodotto\/self-negozio-rimadesio-milano-e-provincia\/#primaryimage"},"image":{"@id":"https:\/\/www.mmlegnopiu.it\/porte-finestre-milano\/prodotto\/self-negozio-rimadesio-milano-e-provincia\/#primaryimage"},"thumbnailUrl":"https:\/\/www.mmlegnopiu.it\/porte-finestre-milano\/wp-content\/uploads\/2016\/12\/rimadesio-milano-8-1.jpg","datePublished":"2016-12-10T08:22:09+00:00","dateModified":"2023-07-07T12:59:49+00:00","description":"SELF SISTEMA COMPONIBILE RIMADESIO. Arredamento per interni. Rivenditore Rimadesio Milano. Negozio Rimadesio Milano e provincia","breadcrumb":{"@id":"https:\/\/www.mmlegnopiu.it\/porte-finestre-milano\/prodotto\/self-negozio-rimadesio-milano-e-provincia\/#breadcrumb"},"inLanguage":"it-IT","potentialAction":[{"@type":"ReadAction","target":["https:\/\/www.mmlegnopiu.it\/porte-finestre-milano\/prodotto\/self-negozio-rimadesio-milano-e-provincia\/"]}]},{"@type":"ImageObject","inLanguage":"it-IT","@id":"https:\/\/www.mmlegnopiu.it\/porte-finestre-milano\/prodotto\/self-negozio-rimadesio-milano-e-provincia\/#primaryimage","url":"https:\/\/www.mmlegnopiu.it\/porte-finestre-milano\/wp-content\/uploads\/2016\/12\/rimadesio-milano-8-1.jpg","contentUrl":"https:\/\/www.mmlegnopiu.it\/porte-finestre-milano\/wp-content\/uploads\/2016\/12\/rimadesio-milano-8-1.jpg","width":478,"height":478},{"@type":"BreadcrumbList","@id":"https:\/\/www.mmlegnopiu.it\/porte-finestre-milano\/prodotto\/self-negozio-rimadesio-milano-e-provincia\/#breadcrumb","itemListElement":[{"@type":"ListItem","position":1,"name":"Home","item":"https:\/\/www.mmlegnopiu.it\/porte-finestre-milano\/"},{"@type":"ListItem","position":2,"name":"Shop","item":"https:\/\/www.mmlegnopiu.it\/porte-finestre-milano\/shop\/"},{"@type":"ListItem","position":3,"name":"Self Rimadesio Milano"}]},{"@type":"WebSite","@id":"https:\/\/www.mmlegnopiu.it\/porte-finestre-milano\/#website","url":"https:\/\/www.mmlegnopiu.it\/porte-finestre-milano\/","name":"M&amp;M Legno Pi\u00f9","description":"Finestre Milano, porte, scale.","publisher":{"@id":"https:\/\/www.mmlegnopiu.it\/porte-finestre-milano\/#organization"},"potentialAction":[{"@type":"SearchAction","target":{"@type":"EntryPoint","urlTemplate":"https:\/\/www.mmlegnopiu.it\/porte-finestre-milano\/?s={search_term_string}"},"query-input":{"@type":"PropertyValueSpecification","valueRequired":true,"valueName":"search_term_string"}}],"inLanguage":"it-IT"},{"@type":"Organization","@id":"https:\/\/www.mmlegnopiu.it\/porte-finestre-milano\/#organization","name":"M & M Legno Pi\u00f9","url":"https:\/\/www.mmlegnopiu.it\/porte-finestre-milano\/","logo":{"@type":"ImageObject","inLanguage":"it-IT","@id":"https:\/\/www.mmlegnopiu.it\/porte-finestre-milano\/#\/schema\/logo\/image\/","url":"https:\/\/www.mmlegnopiu.it\/porte-finestre-milano\/wp-content\/uploads\/2015\/04\/logo.jpg","contentUrl":"https:\/\/www.mmlegnopiu.it\/porte-finestre-milano\/wp-content\/uploads\/2015\/04\/logo.jpg","width":214,"height":219,"caption":"M & M Legno Pi\u00f9"},"image":{"@id":"https:\/\/www.mmlegnopiu.it\/porte-finestre-milano\/#\/schema\/logo\/image\/"}}]}},"_links":{"self":[{"href":"https:\/\/www.mmlegnopiu.it\/porte-finestre-milano\/wp-json\/wp\/v2\/product\/6481","targetHints":{"allow":["GET"]}}],"collection":[{"href":"https:\/\/www.mmlegnopiu.it\/porte-finestre-milano\/wp-json\/wp\/v2\/product"}],"about":[{"href":"https:\/\/www.mmlegnopiu.it\/porte-finestre-milano\/wp-json\/wp\/v2\/types\/product"}],"wp:featuredmedia":[{"embeddable":true,"href":"https:\/\/www.mmlegnopiu.it\/porte-finestre-milano\/wp-json\/wp\/v2\/media\/6485"}],"wp:attachment":[{"href":"https:\/\/www.mmlegnopiu.it\/porte-finestre-milano\/wp-json\/wp\/v2\/media?parent=6481"}],"wp:term":[{"taxonomy":"product_brand","embeddable":true,"href":"https:\/\/www.mmlegnopiu.it\/porte-finestre-milano\/wp-json\/wp\/v2\/product_brand?post=6481"},{"taxonomy":"product_cat","embeddable":true,"href":"https:\/\/www.mmlegnopiu.it\/porte-finestre-milano\/wp-json\/wp\/v2\/product_cat?post=6481"},{"taxonomy":"product_tag","embeddable":true,"href":"https:\/\/www.mmlegnopiu.it\/porte-finestre-milano\/wp-json\/wp\/v2\/product_tag?post=6481"}],"curies":[{"name":"wp","href":"https:\/\/api.w.org\/{rel}","templated":true}]}}