{"id":6926,"date":"2017-04-05T09:35:25","date_gmt":"2017-04-05T07:35:25","guid":{"rendered":"http:\/\/www.mmlegnopiu.it\/porte-finestre-milano\/prodotto\/applauso-controtelai-scrigno-milano\/"},"modified":"2017-04-05T10:12:57","modified_gmt":"2017-04-05T08:12:57","slug":"applauso-controtelai-scrigno-milano","status":"publish","type":"product","link":"https:\/\/www.mmlegnopiu.it\/porte-finestre-milano\/prodotto\/applauso-controtelai-scrigno-milano\/","title":{"rendered":"SCRIGNO APPLAUSO"},"content":{"rendered":"<p><a href=\"http:\/\/www.mmlegnopiu.it\/porte-finestre-milano\/wp-content\/uploads\/2017\/04\/controtelai-scrigno-milano-2.jpeg\"><img loading=\"lazy\" decoding=\"async\" class=\"alignnone size-full wp-image-6929\" src=\"http:\/\/www.mmlegnopiu.it\/porte-finestre-milano\/wp-content\/uploads\/2017\/04\/controtelai-scrigno-milano-2.jpeg\" alt=\"\" width=\"576\" height=\"327\" srcset=\"https:\/\/www.mmlegnopiu.it\/porte-finestre-milano\/wp-content\/uploads\/2017\/04\/controtelai-scrigno-milano-2.jpeg 576w, https:\/\/www.mmlegnopiu.it\/porte-finestre-milano\/wp-content\/uploads\/2017\/04\/controtelai-scrigno-milano-2-400x227.jpeg 400w, https:\/\/www.mmlegnopiu.it\/porte-finestre-milano\/wp-content\/uploads\/2017\/04\/controtelai-scrigno-milano-2-300x170.jpeg 300w\" sizes=\"auto, (max-width: 576px) 100vw, 576px\" \/><\/a><\/p>\n<p>&nbsp;<\/p>\n<p>&nbsp;<\/p>\n<h2>Applauso \u00e8 un prodotto che permette di avere una porta scorrevole a scomparsa di dimensioni tradizionali anche quando, all\u2019interno della propria abitazione, lo spazio \u00e8 un problema. \u00c8 pertanto la scelta ottimale per coloro che, pur disponendo di ridotte dimensioni del muro che allogger\u00e0 il controtelaio, non vogliono rinunciare ad ampie aperture e ad un design e una qualit\u00e0 superiori.<\/h2>\n<h2><\/h2>\n<p>&nbsp;<\/p>\n<p>&nbsp;<\/p>\n<p>&nbsp;<\/p>\n<h1><\/h1>\n<p>&nbsp;<\/p>\n<h2><\/h2>\n<h2><\/h2>\n<p>&nbsp;<\/p>\n<p>&nbsp;<\/p>\n<p>&nbsp;<\/p>\n","protected":false},"excerpt":{"rendered":"<h1><\/h1>\n<h1><strong><span style=\"font-size: 140%;\">APPLAUSO<\/span><\/strong><br \/>\n<strong><span style=\"font-size: 140%;\">Controtelaio per Porta a Libro<\/span><\/strong><\/h1>\n<p>&nbsp;<\/p>\n<h2>Caratteristica principale del controtelaio Applauso sono le ante che si richiudono su loro stesse come un libro: i battenti della porta scorrevole si ripiegano con un ingombro del cassonetto minimo, mantenendo un\u2019apertura ampia e luminosa.<\/h2>\n<h2>Chiamaci al <strong><span style=\"color: #008000;\">02\/90003246<\/span><\/strong> per maggiori informazioni<\/h2>\n<h2><\/h2>\n","protected":false},"featured_media":6927,"template":"","meta":[],"product_brand":[],"product_cat":[465],"product_tag":[174,351,352,333],"class_list":{"0":"post-6926","1":"product","2":"type-product","3":"status-publish","4":"has-post-thumbnail","6":"product_cat-controtelai-scrigno-gold-milano","7":"product_tag-cassonetti","8":"product_tag-milano","9":"product_tag-pavia","10":"product_tag-scrigno","12":"first","13":"instock","14":"shipping-taxable","15":"product-type-simple"},"yoast_head":"<!-- This site is optimized with the Yoast SEO plugin v26.8 - https:\/\/yoast.com\/product\/yoast-seo-wordpress\/ -->\n<title>Controtelai per porte scorrevoli a scomparsa Scrigno. Controtelai Scrigno Milano<\/title>\n<meta name=\"description\" content=\"Nel nostro showroom alle porte di Milano potrete trovare una vasta esposizione di controtelai Scrigno Milano e Provincia.. Siamo rivenditori Scrigno Milano.\" \/>\n<meta name=\"robots\" content=\"index, follow, max-snippet:-1, max-image-preview:large, max-video-preview:-1\" \/>\n<link rel=\"canonical\" href=\"https:\/\/www.mmlegnopiu.it\/porte-finestre-milano\/prodotto\/applauso-controtelai-scrigno-milano\/\" \/>\n<meta property=\"og:locale\" content=\"it_IT\" \/>\n<meta property=\"og:type\" content=\"article\" \/>\n<meta property=\"og:title\" content=\"Controtelai per porte scorrevoli a scomparsa Scrigno. Controtelai Scrigno Milano\" \/>\n<meta property=\"og:description\" content=\"Nel nostro showroom alle porte di Milano potrete trovare una vasta esposizione di controtelai Scrigno Milano e Provincia.. Siamo rivenditori Scrigno Milano.\" \/>\n<meta property=\"og:url\" content=\"https:\/\/www.mmlegnopiu.it\/porte-finestre-milano\/prodotto\/applauso-controtelai-scrigno-milano\/\" \/>\n<meta property=\"og:site_name\" content=\"M&amp;M Legno Pi\u00f9\" \/>\n<meta property=\"article:modified_time\" content=\"2017-04-05T08:12:57+00:00\" \/>\n<meta property=\"og:image\" content=\"https:\/\/www.mmlegnopiu.it\/porte-finestre-milano\/wp-content\/uploads\/2017\/04\/controtelai-scrigno-milano-1.jpeg\" \/>\n\t<meta property=\"og:image:width\" content=\"1140\" \/>\n\t<meta property=\"og:image:height\" content=\"500\" \/>\n\t<meta property=\"og:image:type\" content=\"image\/jpeg\" \/>\n<meta name=\"twitter:card\" content=\"summary_large_image\" \/>\n<script type=\"application\/ld+json\" class=\"yoast-schema-graph\">{\"@context\":\"https:\/\/schema.org\",\"@graph\":[{\"@type\":\"WebPage\",\"@id\":\"https:\/\/www.mmlegnopiu.it\/porte-finestre-milano\/prodotto\/applauso-controtelai-scrigno-milano\/\",\"url\":\"https:\/\/www.mmlegnopiu.it\/porte-finestre-milano\/prodotto\/applauso-controtelai-scrigno-milano\/\",\"name\":\"Controtelai per porte scorrevoli a scomparsa Scrigno. Controtelai Scrigno Milano\",\"isPartOf\":{\"@id\":\"https:\/\/www.mmlegnopiu.it\/porte-finestre-milano\/#website\"},\"primaryImageOfPage\":{\"@id\":\"https:\/\/www.mmlegnopiu.it\/porte-finestre-milano\/prodotto\/applauso-controtelai-scrigno-milano\/#primaryimage\"},\"image\":{\"@id\":\"https:\/\/www.mmlegnopiu.it\/porte-finestre-milano\/prodotto\/applauso-controtelai-scrigno-milano\/#primaryimage\"},\"thumbnailUrl\":\"https:\/\/www.mmlegnopiu.it\/porte-finestre-milano\/wp-content\/uploads\/2017\/04\/controtelai-scrigno-milano-1.jpeg\",\"datePublished\":\"2017-04-05T07:35:25+00:00\",\"dateModified\":\"2017-04-05T08:12:57+00:00\",\"description\":\"Nel nostro showroom alle porte di Milano potrete trovare una vasta esposizione di controtelai Scrigno Milano e Provincia.. Siamo rivenditori Scrigno Milano.\",\"breadcrumb\":{\"@id\":\"https:\/\/www.mmlegnopiu.it\/porte-finestre-milano\/prodotto\/applauso-controtelai-scrigno-milano\/#breadcrumb\"},\"inLanguage\":\"it-IT\",\"potentialAction\":[{\"@type\":\"ReadAction\",\"target\":[\"https:\/\/www.mmlegnopiu.it\/porte-finestre-milano\/prodotto\/applauso-controtelai-scrigno-milano\/\"]}]},{\"@type\":\"ImageObject\",\"inLanguage\":\"it-IT\",\"@id\":\"https:\/\/www.mmlegnopiu.it\/porte-finestre-milano\/prodotto\/applauso-controtelai-scrigno-milano\/#primaryimage\",\"url\":\"https:\/\/www.mmlegnopiu.it\/porte-finestre-milano\/wp-content\/uploads\/2017\/04\/controtelai-scrigno-milano-1.jpeg\",\"contentUrl\":\"https:\/\/www.mmlegnopiu.it\/porte-finestre-milano\/wp-content\/uploads\/2017\/04\/controtelai-scrigno-milano-1.jpeg\",\"width\":1140,\"height\":500},{\"@type\":\"BreadcrumbList\",\"@id\":\"https:\/\/www.mmlegnopiu.it\/porte-finestre-milano\/prodotto\/applauso-controtelai-scrigno-milano\/#breadcrumb\",\"itemListElement\":[{\"@type\":\"ListItem\",\"position\":1,\"name\":\"Home\",\"item\":\"https:\/\/www.mmlegnopiu.it\/porte-finestre-milano\/\"},{\"@type\":\"ListItem\",\"position\":2,\"name\":\"Shop\",\"item\":\"https:\/\/www.mmlegnopiu.it\/porte-finestre-milano\/shop\/\"},{\"@type\":\"ListItem\",\"position\":3,\"name\":\"SCRIGNO APPLAUSO\"}]},{\"@type\":\"WebSite\",\"@id\":\"https:\/\/www.mmlegnopiu.it\/porte-finestre-milano\/#website\",\"url\":\"https:\/\/www.mmlegnopiu.it\/porte-finestre-milano\/\",\"name\":\"M&amp;M Legno Pi\u00f9\",\"description\":\"Finestre Milano, porte, scale.\",\"publisher\":{\"@id\":\"https:\/\/www.mmlegnopiu.it\/porte-finestre-milano\/#organization\"},\"potentialAction\":[{\"@type\":\"SearchAction\",\"target\":{\"@type\":\"EntryPoint\",\"urlTemplate\":\"https:\/\/www.mmlegnopiu.it\/porte-finestre-milano\/?s={search_term_string}\"},\"query-input\":{\"@type\":\"PropertyValueSpecification\",\"valueRequired\":true,\"valueName\":\"search_term_string\"}}],\"inLanguage\":\"it-IT\"},{\"@type\":\"Organization\",\"@id\":\"https:\/\/www.mmlegnopiu.it\/porte-finestre-milano\/#organization\",\"name\":\"M & M Legno Pi\u00f9\",\"url\":\"https:\/\/www.mmlegnopiu.it\/porte-finestre-milano\/\",\"logo\":{\"@type\":\"ImageObject\",\"inLanguage\":\"it-IT\",\"@id\":\"https:\/\/www.mmlegnopiu.it\/porte-finestre-milano\/#\/schema\/logo\/image\/\",\"url\":\"https:\/\/www.mmlegnopiu.it\/porte-finestre-milano\/wp-content\/uploads\/2015\/04\/logo.jpg\",\"contentUrl\":\"https:\/\/www.mmlegnopiu.it\/porte-finestre-milano\/wp-content\/uploads\/2015\/04\/logo.jpg\",\"width\":214,\"height\":219,\"caption\":\"M & M Legno Pi\u00f9\"},\"image\":{\"@id\":\"https:\/\/www.mmlegnopiu.it\/porte-finestre-milano\/#\/schema\/logo\/image\/\"}}]}<\/script>\n<!-- \/ Yoast SEO plugin. -->","yoast_head_json":{"title":"Controtelai per porte scorrevoli a scomparsa Scrigno. Controtelai Scrigno Milano","description":"Nel nostro showroom alle porte di Milano potrete trovare una vasta esposizione di controtelai Scrigno Milano e Provincia.. Siamo rivenditori Scrigno Milano.","robots":{"index":"index","follow":"follow","max-snippet":"max-snippet:-1","max-image-preview":"max-image-preview:large","max-video-preview":"max-video-preview:-1"},"canonical":"https:\/\/www.mmlegnopiu.it\/porte-finestre-milano\/prodotto\/applauso-controtelai-scrigno-milano\/","og_locale":"it_IT","og_type":"article","og_title":"Controtelai per porte scorrevoli a scomparsa Scrigno. Controtelai Scrigno Milano","og_description":"Nel nostro showroom alle porte di Milano potrete trovare una vasta esposizione di controtelai Scrigno Milano e Provincia.. Siamo rivenditori Scrigno Milano.","og_url":"https:\/\/www.mmlegnopiu.it\/porte-finestre-milano\/prodotto\/applauso-controtelai-scrigno-milano\/","og_site_name":"M&amp;M Legno Pi\u00f9","article_modified_time":"2017-04-05T08:12:57+00:00","og_image":[{"width":1140,"height":500,"url":"https:\/\/www.mmlegnopiu.it\/porte-finestre-milano\/wp-content\/uploads\/2017\/04\/controtelai-scrigno-milano-1.jpeg","type":"image\/jpeg"}],"twitter_card":"summary_large_image","schema":{"@context":"https:\/\/schema.org","@graph":[{"@type":"WebPage","@id":"https:\/\/www.mmlegnopiu.it\/porte-finestre-milano\/prodotto\/applauso-controtelai-scrigno-milano\/","url":"https:\/\/www.mmlegnopiu.it\/porte-finestre-milano\/prodotto\/applauso-controtelai-scrigno-milano\/","name":"Controtelai per porte scorrevoli a scomparsa Scrigno. Controtelai Scrigno Milano","isPartOf":{"@id":"https:\/\/www.mmlegnopiu.it\/porte-finestre-milano\/#website"},"primaryImageOfPage":{"@id":"https:\/\/www.mmlegnopiu.it\/porte-finestre-milano\/prodotto\/applauso-controtelai-scrigno-milano\/#primaryimage"},"image":{"@id":"https:\/\/www.mmlegnopiu.it\/porte-finestre-milano\/prodotto\/applauso-controtelai-scrigno-milano\/#primaryimage"},"thumbnailUrl":"https:\/\/www.mmlegnopiu.it\/porte-finestre-milano\/wp-content\/uploads\/2017\/04\/controtelai-scrigno-milano-1.jpeg","datePublished":"2017-04-05T07:35:25+00:00","dateModified":"2017-04-05T08:12:57+00:00","description":"Nel nostro showroom alle porte di Milano potrete trovare una vasta esposizione di controtelai Scrigno Milano e Provincia.. Siamo rivenditori Scrigno Milano.","breadcrumb":{"@id":"https:\/\/www.mmlegnopiu.it\/porte-finestre-milano\/prodotto\/applauso-controtelai-scrigno-milano\/#breadcrumb"},"inLanguage":"it-IT","potentialAction":[{"@type":"ReadAction","target":["https:\/\/www.mmlegnopiu.it\/porte-finestre-milano\/prodotto\/applauso-controtelai-scrigno-milano\/"]}]},{"@type":"ImageObject","inLanguage":"it-IT","@id":"https:\/\/www.mmlegnopiu.it\/porte-finestre-milano\/prodotto\/applauso-controtelai-scrigno-milano\/#primaryimage","url":"https:\/\/www.mmlegnopiu.it\/porte-finestre-milano\/wp-content\/uploads\/2017\/04\/controtelai-scrigno-milano-1.jpeg","contentUrl":"https:\/\/www.mmlegnopiu.it\/porte-finestre-milano\/wp-content\/uploads\/2017\/04\/controtelai-scrigno-milano-1.jpeg","width":1140,"height":500},{"@type":"BreadcrumbList","@id":"https:\/\/www.mmlegnopiu.it\/porte-finestre-milano\/prodotto\/applauso-controtelai-scrigno-milano\/#breadcrumb","itemListElement":[{"@type":"ListItem","position":1,"name":"Home","item":"https:\/\/www.mmlegnopiu.it\/porte-finestre-milano\/"},{"@type":"ListItem","position":2,"name":"Shop","item":"https:\/\/www.mmlegnopiu.it\/porte-finestre-milano\/shop\/"},{"@type":"ListItem","position":3,"name":"SCRIGNO APPLAUSO"}]},{"@type":"WebSite","@id":"https:\/\/www.mmlegnopiu.it\/porte-finestre-milano\/#website","url":"https:\/\/www.mmlegnopiu.it\/porte-finestre-milano\/","name":"M&amp;M Legno Pi\u00f9","description":"Finestre Milano, porte, scale.","publisher":{"@id":"https:\/\/www.mmlegnopiu.it\/porte-finestre-milano\/#organization"},"potentialAction":[{"@type":"SearchAction","target":{"@type":"EntryPoint","urlTemplate":"https:\/\/www.mmlegnopiu.it\/porte-finestre-milano\/?s={search_term_string}"},"query-input":{"@type":"PropertyValueSpecification","valueRequired":true,"valueName":"search_term_string"}}],"inLanguage":"it-IT"},{"@type":"Organization","@id":"https:\/\/www.mmlegnopiu.it\/porte-finestre-milano\/#organization","name":"M & M Legno Pi\u00f9","url":"https:\/\/www.mmlegnopiu.it\/porte-finestre-milano\/","logo":{"@type":"ImageObject","inLanguage":"it-IT","@id":"https:\/\/www.mmlegnopiu.it\/porte-finestre-milano\/#\/schema\/logo\/image\/","url":"https:\/\/www.mmlegnopiu.it\/porte-finestre-milano\/wp-content\/uploads\/2015\/04\/logo.jpg","contentUrl":"https:\/\/www.mmlegnopiu.it\/porte-finestre-milano\/wp-content\/uploads\/2015\/04\/logo.jpg","width":214,"height":219,"caption":"M & M Legno Pi\u00f9"},"image":{"@id":"https:\/\/www.mmlegnopiu.it\/porte-finestre-milano\/#\/schema\/logo\/image\/"}}]}},"_links":{"self":[{"href":"https:\/\/www.mmlegnopiu.it\/porte-finestre-milano\/wp-json\/wp\/v2\/product\/6926","targetHints":{"allow":["GET"]}}],"collection":[{"href":"https:\/\/www.mmlegnopiu.it\/porte-finestre-milano\/wp-json\/wp\/v2\/product"}],"about":[{"href":"https:\/\/www.mmlegnopiu.it\/porte-finestre-milano\/wp-json\/wp\/v2\/types\/product"}],"wp:featuredmedia":[{"embeddable":true,"href":"https:\/\/www.mmlegnopiu.it\/porte-finestre-milano\/wp-json\/wp\/v2\/media\/6927"}],"wp:attachment":[{"href":"https:\/\/www.mmlegnopiu.it\/porte-finestre-milano\/wp-json\/wp\/v2\/media?parent=6926"}],"wp:term":[{"taxonomy":"product_brand","embeddable":true,"href":"https:\/\/www.mmlegnopiu.it\/porte-finestre-milano\/wp-json\/wp\/v2\/product_brand?post=6926"},{"taxonomy":"product_cat","embeddable":true,"href":"https:\/\/www.mmlegnopiu.it\/porte-finestre-milano\/wp-json\/wp\/v2\/product_cat?post=6926"},{"taxonomy":"product_tag","embeddable":true,"href":"https:\/\/www.mmlegnopiu.it\/porte-finestre-milano\/wp-json\/wp\/v2\/product_tag?post=6926"}],"curies":[{"name":"wp","href":"https:\/\/api.w.org\/{rel}","templated":true}]}}