{"id":8945,"date":"2019-12-11T11:00:06","date_gmt":"2019-12-11T10:00:06","guid":{"rendered":"http:\/\/www.mmlegnopiu.it\/porte-finestre-milano\/?post_type=product&#038;p=8945"},"modified":"2019-12-11T11:03:57","modified_gmt":"2019-12-11T10:03:57","slug":"sidel-design-portone-in-legno-blindato-milano","status":"publish","type":"product","link":"https:\/\/www.mmlegnopiu.it\/porte-finestre-milano\/prodotto\/sidel-design-portone-in-legno-blindato-milano\/","title":{"rendered":"PORTONE serie DESIGN"},"content":{"rendered":"<h2><\/h2>\n<h2><img loading=\"lazy\" decoding=\"async\" class=\"size-full wp-image-8946 aligncenter\" src=\"http:\/\/www.mmlegnopiu.it\/porte-finestre-milano\/wp-content\/uploads\/2019\/12\/portone-ingresso-in-legno-blindato-7.jpg\" alt=\"\" width=\"306\" height=\"93\" srcset=\"https:\/\/www.mmlegnopiu.it\/porte-finestre-milano\/wp-content\/uploads\/2019\/12\/portone-ingresso-in-legno-blindato-7.jpg 306w, https:\/\/www.mmlegnopiu.it\/porte-finestre-milano\/wp-content\/uploads\/2019\/12\/portone-ingresso-in-legno-blindato-7-300x91.jpg 300w\" sizes=\"auto, (max-width: 306px) 100vw, 306px\" \/><\/h2>\n<h2><\/h2>\n<h2><\/h2>\n<h2><\/h2>\n<h2><a href=\"https:\/\/www.sidelsrl.it\/porthos-design-serie\/\">Porthos design<\/a> \u00e8 una linea pi\u00f9 vivace e giovanile, attuale al passo con chi vuole rendere la propria casa unica ed originale.<\/h2>\n<h2>L\u2019innovativa linea design vuole rimarcare il carattere sempre esclusivo e forte di Porthos; tenendo presente che ogni linea ed in particolare la linea design pu\u00f2 essere personalizzata e realizzata su disegno del cliente.<\/h2>\n<h2>I pannelli utilizzati hanno uno spessore di 20 mm se applicato lato esterno e di 12 mm se applicato lato interno.<\/h2>\n<h2>La serie design \u00e8 realizzabile in Rovere, Meranti, Okum\u00e8 e Pino come tutte le linee non ha limiti di misure n\u00e9 \u00e8 realizzata in misure standard.<\/h2>\n<p>&nbsp;<\/p>\n<h2><\/h2>\n<p>&nbsp;<\/p>\n<p><img loading=\"lazy\" decoding=\"async\" class=\"alignnone size-full wp-image-8928\" src=\"http:\/\/www.mmlegnopiu.it\/porte-finestre-milano\/wp-content\/uploads\/2019\/12\/porthos-fashion-8-scaled.jpg\" alt=\"\" width=\"2560\" height=\"1494\" srcset=\"https:\/\/www.mmlegnopiu.it\/porte-finestre-milano\/wp-content\/uploads\/2019\/12\/porthos-fashion-8-scaled.jpg 2560w, https:\/\/www.mmlegnopiu.it\/porte-finestre-milano\/wp-content\/uploads\/2019\/12\/porthos-fashion-8-scaled-400x233.jpg 400w, https:\/\/www.mmlegnopiu.it\/porte-finestre-milano\/wp-content\/uploads\/2019\/12\/porthos-fashion-8-300x175.jpg 300w, https:\/\/www.mmlegnopiu.it\/porte-finestre-milano\/wp-content\/uploads\/2019\/12\/porthos-fashion-8-1024x597.jpg 1024w, https:\/\/www.mmlegnopiu.it\/porte-finestre-milano\/wp-content\/uploads\/2019\/12\/porthos-fashion-8-768x448.jpg 768w, https:\/\/www.mmlegnopiu.it\/porte-finestre-milano\/wp-content\/uploads\/2019\/12\/porthos-fashion-8-1536x896.jpg 1536w, https:\/\/www.mmlegnopiu.it\/porte-finestre-milano\/wp-content\/uploads\/2019\/12\/porthos-fashion-8-2048x1195.jpg 2048w, https:\/\/www.mmlegnopiu.it\/porte-finestre-milano\/wp-content\/uploads\/2019\/12\/porthos-fashion-8-scaled-600x350.jpg 600w\" sizes=\"auto, (max-width: 2560px) 100vw, 2560px\" \/><\/p>\n<p>&nbsp;<\/p>\n<h2>Il Porthos design \u00e8 lo stile puro di Sidel, l\u2019unione del design e il massimo della sicurezza in un unico prodotto.<\/h2>\n<h2>Infinite possibilit\u00e0 e soluzioni personalizzabili su misura, porte blindate che garantiscono sempre i pi\u00f9 alti standard di sicurezza.<\/h2>\n<p>&nbsp;<\/p>\n<p>&nbsp;<\/p>\n<p><a href=\"https:\/\/www.mmlegnopiu.it\/porte-finestre-milano\/contatti\/\">Contattaci per avere maggiori informazioni<\/a><\/p>\n<p>&nbsp;<\/p>\n","protected":false},"excerpt":{"rendered":"<p>&nbsp;<\/p>\n<h2>Porthos \u00e8 il primo portone in legno lamellare che ha superato tutte le prove tecniche di laboratorio previste dalle normative vigenti per l\u2019ottenimento della Certificazione contro l\u2019Effrazione.<\/h2>\n<h2>Nella versione 2019 Porthos viene presentato con la nuova Certificazione contro l\u2019Effrazione in Classe RC4 \u2013 una categoria di anti-effrazione molto alta che garantisce prestazioni elevate e assicura resistenza e sicurezza alla propria casa.<\/h2>\n<p>&nbsp;<\/p>\n","protected":false},"featured_media":8953,"template":"","meta":[],"product_brand":[],"product_cat":[385],"product_tag":[351,352,362,60,61,141],"class_list":{"0":"post-8945","1":"product","2":"type-product","3":"status-publish","4":"has-post-thumbnail","6":"product_cat-porthos-porte-blindate-milano","7":"product_tag-milano","8":"product_tag-pavia","9":"product_tag-porte","10":"product_tag-porte-blindate","11":"product_tag-sicurezza-2","12":"product_tag-sidel","14":"first","15":"instock","16":"shipping-taxable","17":"product-type-simple"},"yoast_head":"<!-- This site is optimized with the Yoast SEO plugin v26.8 - https:\/\/yoast.com\/product\/yoast-seo-wordpress\/ -->\n<title>PORTHOS serie DESIGN. L&#039;unico portone il legno blindato a Milano<\/title>\n<meta name=\"description\" content=\"Porthos \u00e8 l\u2019unico portone d\u2019ingresso in legno interemente progettato e costruito in Italia che rientra nella categoria dei portoni in legno blindati.\" \/>\n<meta name=\"robots\" content=\"index, follow, max-snippet:-1, max-image-preview:large, max-video-preview:-1\" \/>\n<link rel=\"canonical\" href=\"https:\/\/www.mmlegnopiu.it\/porte-finestre-milano\/prodotto\/sidel-design-portone-in-legno-blindato-milano\/\" \/>\n<meta property=\"og:locale\" content=\"it_IT\" \/>\n<meta property=\"og:type\" content=\"article\" \/>\n<meta property=\"og:title\" content=\"PORTHOS serie DESIGN. L&#039;unico portone il legno blindato a Milano\" \/>\n<meta property=\"og:description\" content=\"Porthos \u00e8 l\u2019unico portone d\u2019ingresso in legno interemente progettato e costruito in Italia che rientra nella categoria dei portoni in legno blindati.\" \/>\n<meta property=\"og:url\" content=\"https:\/\/www.mmlegnopiu.it\/porte-finestre-milano\/prodotto\/sidel-design-portone-in-legno-blindato-milano\/\" \/>\n<meta property=\"og:site_name\" content=\"M&amp;M Legno Pi\u00f9\" \/>\n<meta property=\"article:modified_time\" content=\"2019-12-11T10:03:57+00:00\" \/>\n<meta property=\"og:image\" content=\"https:\/\/www.mmlegnopiu.it\/porte-finestre-milano\/wp-content\/uploads\/2019\/12\/portone-ingresso-in-legno-blindato-1.jpg\" \/>\n\t<meta property=\"og:image:width\" content=\"1200\" \/>\n\t<meta property=\"og:image:height\" content=\"800\" \/>\n\t<meta property=\"og:image:type\" content=\"image\/jpeg\" \/>\n<meta name=\"twitter:card\" content=\"summary_large_image\" \/>\n<meta name=\"twitter:label1\" content=\"Tempo di lettura stimato\" \/>\n\t<meta name=\"twitter:data1\" content=\"1 minuto\" \/>\n<script type=\"application\/ld+json\" class=\"yoast-schema-graph\">{\"@context\":\"https:\/\/schema.org\",\"@graph\":[{\"@type\":\"WebPage\",\"@id\":\"https:\/\/www.mmlegnopiu.it\/porte-finestre-milano\/prodotto\/sidel-design-portone-in-legno-blindato-milano\/\",\"url\":\"https:\/\/www.mmlegnopiu.it\/porte-finestre-milano\/prodotto\/sidel-design-portone-in-legno-blindato-milano\/\",\"name\":\"PORTHOS serie DESIGN. L'unico portone il legno blindato a Milano\",\"isPartOf\":{\"@id\":\"https:\/\/www.mmlegnopiu.it\/porte-finestre-milano\/#website\"},\"primaryImageOfPage\":{\"@id\":\"https:\/\/www.mmlegnopiu.it\/porte-finestre-milano\/prodotto\/sidel-design-portone-in-legno-blindato-milano\/#primaryimage\"},\"image\":{\"@id\":\"https:\/\/www.mmlegnopiu.it\/porte-finestre-milano\/prodotto\/sidel-design-portone-in-legno-blindato-milano\/#primaryimage\"},\"thumbnailUrl\":\"https:\/\/www.mmlegnopiu.it\/porte-finestre-milano\/wp-content\/uploads\/2019\/12\/portone-ingresso-in-legno-blindato-1.jpg\",\"datePublished\":\"2019-12-11T10:00:06+00:00\",\"dateModified\":\"2019-12-11T10:03:57+00:00\",\"description\":\"Porthos \u00e8 l\u2019unico portone d\u2019ingresso in legno interemente progettato e costruito in Italia che rientra nella categoria dei portoni in legno blindati.\",\"breadcrumb\":{\"@id\":\"https:\/\/www.mmlegnopiu.it\/porte-finestre-milano\/prodotto\/sidel-design-portone-in-legno-blindato-milano\/#breadcrumb\"},\"inLanguage\":\"it-IT\",\"potentialAction\":[{\"@type\":\"ReadAction\",\"target\":[\"https:\/\/www.mmlegnopiu.it\/porte-finestre-milano\/prodotto\/sidel-design-portone-in-legno-blindato-milano\/\"]}]},{\"@type\":\"ImageObject\",\"inLanguage\":\"it-IT\",\"@id\":\"https:\/\/www.mmlegnopiu.it\/porte-finestre-milano\/prodotto\/sidel-design-portone-in-legno-blindato-milano\/#primaryimage\",\"url\":\"https:\/\/www.mmlegnopiu.it\/porte-finestre-milano\/wp-content\/uploads\/2019\/12\/portone-ingresso-in-legno-blindato-1.jpg\",\"contentUrl\":\"https:\/\/www.mmlegnopiu.it\/porte-finestre-milano\/wp-content\/uploads\/2019\/12\/portone-ingresso-in-legno-blindato-1.jpg\",\"width\":1200,\"height\":800},{\"@type\":\"BreadcrumbList\",\"@id\":\"https:\/\/www.mmlegnopiu.it\/porte-finestre-milano\/prodotto\/sidel-design-portone-in-legno-blindato-milano\/#breadcrumb\",\"itemListElement\":[{\"@type\":\"ListItem\",\"position\":1,\"name\":\"Home\",\"item\":\"https:\/\/www.mmlegnopiu.it\/porte-finestre-milano\/\"},{\"@type\":\"ListItem\",\"position\":2,\"name\":\"Shop\",\"item\":\"https:\/\/www.mmlegnopiu.it\/porte-finestre-milano\/shop\/\"},{\"@type\":\"ListItem\",\"position\":3,\"name\":\"PORTONE serie DESIGN\"}]},{\"@type\":\"WebSite\",\"@id\":\"https:\/\/www.mmlegnopiu.it\/porte-finestre-milano\/#website\",\"url\":\"https:\/\/www.mmlegnopiu.it\/porte-finestre-milano\/\",\"name\":\"M&amp;M Legno Pi\u00f9\",\"description\":\"Finestre Milano, porte, scale.\",\"publisher\":{\"@id\":\"https:\/\/www.mmlegnopiu.it\/porte-finestre-milano\/#organization\"},\"potentialAction\":[{\"@type\":\"SearchAction\",\"target\":{\"@type\":\"EntryPoint\",\"urlTemplate\":\"https:\/\/www.mmlegnopiu.it\/porte-finestre-milano\/?s={search_term_string}\"},\"query-input\":{\"@type\":\"PropertyValueSpecification\",\"valueRequired\":true,\"valueName\":\"search_term_string\"}}],\"inLanguage\":\"it-IT\"},{\"@type\":\"Organization\",\"@id\":\"https:\/\/www.mmlegnopiu.it\/porte-finestre-milano\/#organization\",\"name\":\"M & M Legno Pi\u00f9\",\"url\":\"https:\/\/www.mmlegnopiu.it\/porte-finestre-milano\/\",\"logo\":{\"@type\":\"ImageObject\",\"inLanguage\":\"it-IT\",\"@id\":\"https:\/\/www.mmlegnopiu.it\/porte-finestre-milano\/#\/schema\/logo\/image\/\",\"url\":\"https:\/\/www.mmlegnopiu.it\/porte-finestre-milano\/wp-content\/uploads\/2015\/04\/logo.jpg\",\"contentUrl\":\"https:\/\/www.mmlegnopiu.it\/porte-finestre-milano\/wp-content\/uploads\/2015\/04\/logo.jpg\",\"width\":214,\"height\":219,\"caption\":\"M & M Legno Pi\u00f9\"},\"image\":{\"@id\":\"https:\/\/www.mmlegnopiu.it\/porte-finestre-milano\/#\/schema\/logo\/image\/\"}}]}<\/script>\n<!-- \/ Yoast SEO plugin. -->","yoast_head_json":{"title":"PORTHOS serie DESIGN. L'unico portone il legno blindato a Milano","description":"Porthos \u00e8 l\u2019unico portone d\u2019ingresso in legno interemente progettato e costruito in Italia che rientra nella categoria dei portoni in legno blindati.","robots":{"index":"index","follow":"follow","max-snippet":"max-snippet:-1","max-image-preview":"max-image-preview:large","max-video-preview":"max-video-preview:-1"},"canonical":"https:\/\/www.mmlegnopiu.it\/porte-finestre-milano\/prodotto\/sidel-design-portone-in-legno-blindato-milano\/","og_locale":"it_IT","og_type":"article","og_title":"PORTHOS serie DESIGN. L'unico portone il legno blindato a Milano","og_description":"Porthos \u00e8 l\u2019unico portone d\u2019ingresso in legno interemente progettato e costruito in Italia che rientra nella categoria dei portoni in legno blindati.","og_url":"https:\/\/www.mmlegnopiu.it\/porte-finestre-milano\/prodotto\/sidel-design-portone-in-legno-blindato-milano\/","og_site_name":"M&amp;M Legno Pi\u00f9","article_modified_time":"2019-12-11T10:03:57+00:00","og_image":[{"width":1200,"height":800,"url":"https:\/\/www.mmlegnopiu.it\/porte-finestre-milano\/wp-content\/uploads\/2019\/12\/portone-ingresso-in-legno-blindato-1.jpg","type":"image\/jpeg"}],"twitter_card":"summary_large_image","twitter_misc":{"Tempo di lettura stimato":"1 minuto"},"schema":{"@context":"https:\/\/schema.org","@graph":[{"@type":"WebPage","@id":"https:\/\/www.mmlegnopiu.it\/porte-finestre-milano\/prodotto\/sidel-design-portone-in-legno-blindato-milano\/","url":"https:\/\/www.mmlegnopiu.it\/porte-finestre-milano\/prodotto\/sidel-design-portone-in-legno-blindato-milano\/","name":"PORTHOS serie DESIGN. L'unico portone il legno blindato a Milano","isPartOf":{"@id":"https:\/\/www.mmlegnopiu.it\/porte-finestre-milano\/#website"},"primaryImageOfPage":{"@id":"https:\/\/www.mmlegnopiu.it\/porte-finestre-milano\/prodotto\/sidel-design-portone-in-legno-blindato-milano\/#primaryimage"},"image":{"@id":"https:\/\/www.mmlegnopiu.it\/porte-finestre-milano\/prodotto\/sidel-design-portone-in-legno-blindato-milano\/#primaryimage"},"thumbnailUrl":"https:\/\/www.mmlegnopiu.it\/porte-finestre-milano\/wp-content\/uploads\/2019\/12\/portone-ingresso-in-legno-blindato-1.jpg","datePublished":"2019-12-11T10:00:06+00:00","dateModified":"2019-12-11T10:03:57+00:00","description":"Porthos \u00e8 l\u2019unico portone d\u2019ingresso in legno interemente progettato e costruito in Italia che rientra nella categoria dei portoni in legno blindati.","breadcrumb":{"@id":"https:\/\/www.mmlegnopiu.it\/porte-finestre-milano\/prodotto\/sidel-design-portone-in-legno-blindato-milano\/#breadcrumb"},"inLanguage":"it-IT","potentialAction":[{"@type":"ReadAction","target":["https:\/\/www.mmlegnopiu.it\/porte-finestre-milano\/prodotto\/sidel-design-portone-in-legno-blindato-milano\/"]}]},{"@type":"ImageObject","inLanguage":"it-IT","@id":"https:\/\/www.mmlegnopiu.it\/porte-finestre-milano\/prodotto\/sidel-design-portone-in-legno-blindato-milano\/#primaryimage","url":"https:\/\/www.mmlegnopiu.it\/porte-finestre-milano\/wp-content\/uploads\/2019\/12\/portone-ingresso-in-legno-blindato-1.jpg","contentUrl":"https:\/\/www.mmlegnopiu.it\/porte-finestre-milano\/wp-content\/uploads\/2019\/12\/portone-ingresso-in-legno-blindato-1.jpg","width":1200,"height":800},{"@type":"BreadcrumbList","@id":"https:\/\/www.mmlegnopiu.it\/porte-finestre-milano\/prodotto\/sidel-design-portone-in-legno-blindato-milano\/#breadcrumb","itemListElement":[{"@type":"ListItem","position":1,"name":"Home","item":"https:\/\/www.mmlegnopiu.it\/porte-finestre-milano\/"},{"@type":"ListItem","position":2,"name":"Shop","item":"https:\/\/www.mmlegnopiu.it\/porte-finestre-milano\/shop\/"},{"@type":"ListItem","position":3,"name":"PORTONE serie DESIGN"}]},{"@type":"WebSite","@id":"https:\/\/www.mmlegnopiu.it\/porte-finestre-milano\/#website","url":"https:\/\/www.mmlegnopiu.it\/porte-finestre-milano\/","name":"M&amp;M Legno Pi\u00f9","description":"Finestre Milano, porte, scale.","publisher":{"@id":"https:\/\/www.mmlegnopiu.it\/porte-finestre-milano\/#organization"},"potentialAction":[{"@type":"SearchAction","target":{"@type":"EntryPoint","urlTemplate":"https:\/\/www.mmlegnopiu.it\/porte-finestre-milano\/?s={search_term_string}"},"query-input":{"@type":"PropertyValueSpecification","valueRequired":true,"valueName":"search_term_string"}}],"inLanguage":"it-IT"},{"@type":"Organization","@id":"https:\/\/www.mmlegnopiu.it\/porte-finestre-milano\/#organization","name":"M & M Legno Pi\u00f9","url":"https:\/\/www.mmlegnopiu.it\/porte-finestre-milano\/","logo":{"@type":"ImageObject","inLanguage":"it-IT","@id":"https:\/\/www.mmlegnopiu.it\/porte-finestre-milano\/#\/schema\/logo\/image\/","url":"https:\/\/www.mmlegnopiu.it\/porte-finestre-milano\/wp-content\/uploads\/2015\/04\/logo.jpg","contentUrl":"https:\/\/www.mmlegnopiu.it\/porte-finestre-milano\/wp-content\/uploads\/2015\/04\/logo.jpg","width":214,"height":219,"caption":"M & M Legno Pi\u00f9"},"image":{"@id":"https:\/\/www.mmlegnopiu.it\/porte-finestre-milano\/#\/schema\/logo\/image\/"}}]}},"_links":{"self":[{"href":"https:\/\/www.mmlegnopiu.it\/porte-finestre-milano\/wp-json\/wp\/v2\/product\/8945","targetHints":{"allow":["GET"]}}],"collection":[{"href":"https:\/\/www.mmlegnopiu.it\/porte-finestre-milano\/wp-json\/wp\/v2\/product"}],"about":[{"href":"https:\/\/www.mmlegnopiu.it\/porte-finestre-milano\/wp-json\/wp\/v2\/types\/product"}],"wp:featuredmedia":[{"embeddable":true,"href":"https:\/\/www.mmlegnopiu.it\/porte-finestre-milano\/wp-json\/wp\/v2\/media\/8953"}],"wp:attachment":[{"href":"https:\/\/www.mmlegnopiu.it\/porte-finestre-milano\/wp-json\/wp\/v2\/media?parent=8945"}],"wp:term":[{"taxonomy":"product_brand","embeddable":true,"href":"https:\/\/www.mmlegnopiu.it\/porte-finestre-milano\/wp-json\/wp\/v2\/product_brand?post=8945"},{"taxonomy":"product_cat","embeddable":true,"href":"https:\/\/www.mmlegnopiu.it\/porte-finestre-milano\/wp-json\/wp\/v2\/product_cat?post=8945"},{"taxonomy":"product_tag","embeddable":true,"href":"https:\/\/www.mmlegnopiu.it\/porte-finestre-milano\/wp-json\/wp\/v2\/product_tag?post=8945"}],"curies":[{"name":"wp","href":"https:\/\/api.w.org\/{rel}","templated":true}]}}