{"id":8968,"date":"2019-12-11T11:46:03","date_gmt":"2019-12-11T10:46:03","guid":{"rendered":"http:\/\/www.mmlegnopiu.it\/porte-finestre-milano\/?post_type=product&#038;p=8968"},"modified":"2019-12-11T12:00:53","modified_gmt":"2019-12-11T11:00:53","slug":"douglas-fir-legname-da-falegnameria-lombardia","status":"publish","type":"product","link":"https:\/\/www.mmlegnopiu.it\/porte-finestre-milano\/prodotto\/douglas-fir-legname-da-falegnameria-lombardia\/","title":{"rendered":"DOUGLAS FIR"},"content":{"rendered":"<h2><\/h2>\n<h2><strong><span style=\"color: #99cc00;\">CARATTERISTICHE E ASPETTO DEL LEGNO:<\/span><\/strong><\/h2>\n<ul>\n<li>\n<h2>massa volumica secca 470 kg\/m3<\/h2>\n<\/li>\n<li>\n<h2>durezza di Brinell 20 N\/mm2<\/h2>\n<\/li>\n<li>\n<h2>Alburno chiaro, poco esteso e nettamente separato dal durame<\/h2>\n<\/li>\n<\/ul>\n<p>&nbsp;<\/p>\n<p>&nbsp;<\/p>\n<p><img loading=\"lazy\" decoding=\"async\" class=\"size-full wp-image-8969\" src=\"http:\/\/www.mmlegnopiu.it\/porte-finestre-milano\/wp-content\/uploads\/2019\/12\/douglas-fir-3.jpg\" alt=\"\" width=\"750\" height=\"491\" srcset=\"https:\/\/www.mmlegnopiu.it\/porte-finestre-milano\/wp-content\/uploads\/2019\/12\/douglas-fir-3.jpg 750w, https:\/\/www.mmlegnopiu.it\/porte-finestre-milano\/wp-content\/uploads\/2019\/12\/douglas-fir-3-400x262.jpg 400w, https:\/\/www.mmlegnopiu.it\/porte-finestre-milano\/wp-content\/uploads\/2019\/12\/douglas-fir-3-300x196.jpg 300w, https:\/\/www.mmlegnopiu.it\/porte-finestre-milano\/wp-content\/uploads\/2019\/12\/douglas-fir-3-600x393.jpg 600w\" sizes=\"auto, (max-width: 750px) 100vw, 750px\" \/><\/p>\n<p>&nbsp;<\/p>\n<p>&nbsp;<\/p>\n<h2><strong><span style=\"color: #99cc00;\">LAVORABILIT\u00c0&#8217;<\/span><\/strong><\/h2>\n<h2>La lavorabilit\u00e0 dipende dalla larghezza degli anelli annuali.<\/h2>\n<h2>Il legno con anelli stretti \u00e8 facilmente lavorabile, quello con anelli spessi \u00e8 difficile da lavorare e si fende facilmente; una preforatura prima di inserirvi chiodi e viti \u00e8 assolutamente necessaria.<\/h2>\n<h2>Il legno \u00e8 di facile essiccazione (dopo la quale si consiglia una stagionatura quanto pi\u00f9 lunga possibile prima della lavorazione finale), si vernicia e si lucida bene.<\/h2>\n<p>&nbsp;<\/p>\n<p><em><span style=\"color: #339966;\"><a style=\"color: #339966;\" href=\"https:\/\/www.mmlegnopiu.it\/porte-finestre-milano\/contatti\/\">CONTATTACI PER AVERE MAGGIORI INFORMAZIONI circa il legname da falegnameria In Lombardia<\/a><\/span><\/em><\/p>\n<p>&nbsp;<\/p>\n<p>&nbsp;<\/p>\n<p><img loading=\"lazy\" decoding=\"async\" class=\"size-full wp-image-8970 aligncenter\" src=\"http:\/\/www.mmlegnopiu.it\/porte-finestre-milano\/wp-content\/uploads\/2019\/12\/douglas-fir-4.jpg\" alt=\"\" width=\"1200\" height=\"800\" srcset=\"https:\/\/www.mmlegnopiu.it\/porte-finestre-milano\/wp-content\/uploads\/2019\/12\/douglas-fir-4.jpg 1200w, https:\/\/www.mmlegnopiu.it\/porte-finestre-milano\/wp-content\/uploads\/2019\/12\/douglas-fir-4-400x267.jpg 400w, https:\/\/www.mmlegnopiu.it\/porte-finestre-milano\/wp-content\/uploads\/2019\/12\/douglas-fir-4-300x200.jpg 300w, https:\/\/www.mmlegnopiu.it\/porte-finestre-milano\/wp-content\/uploads\/2019\/12\/douglas-fir-4-1024x683.jpg 1024w, https:\/\/www.mmlegnopiu.it\/porte-finestre-milano\/wp-content\/uploads\/2019\/12\/douglas-fir-4-768x512.jpg 768w, https:\/\/www.mmlegnopiu.it\/porte-finestre-milano\/wp-content\/uploads\/2019\/12\/douglas-fir-4-600x400.jpg 600w\" sizes=\"auto, (max-width: 1200px) 100vw, 1200px\" \/><\/p>\n<p><a href=\"https:\/\/en.wikipedia.org\/wiki\/Tsuga\">Fonte Wikipedia<\/a><\/p>\n<p>&nbsp;<\/p>\n<p>&nbsp;<\/p>\n","protected":false},"excerpt":{"rendered":"<h3><\/h3>\n<h3><strong><span style=\"color: #339966;\">Denominazioni commerciali:<\/span><\/strong> abete di Douglas, douglasia costiera o anche pino dell&#8217;Oregon<\/h3>\n<h3><strong><span style=\"color: #339966;\">Areale di vegetazione naturale:<\/span><\/strong> regioni costiere del Nordamerica, dalla Columbia Britannica (Canada), alla California (Stati Uniti). Particolarmente diffusa negli stati di Washington e Oregon<\/h3>\n<h3><strong><span style=\"color: #339966;\">Principali impieghi<\/span><\/strong>: arche, ponti, case, carpenteria in genere, assi ferroviarie, proprio per la sua leggerezza, robustezza, elasticit\u00e0 e resistenza agli agenti atmosferici.<\/h3>\n<p>&nbsp;<\/p>\n","protected":false},"featured_media":8971,"template":"","meta":[],"product_brand":[],"product_cat":[599],"product_tag":[],"class_list":{"0":"post-8968","1":"product","2":"type-product","3":"status-publish","4":"has-post-thumbnail","6":"product_cat-legname-falegnameria-nord-america-conifere","8":"first","9":"instock","10":"shipping-taxable","11":"product-type-simple"},"yoast_head":"<!-- This site is optimized with the Yoast SEO plugin v26.8 - https:\/\/yoast.com\/product\/yoast-seo-wordpress\/ -->\n<title>Legname da falegnameria in Lombardia. Douglas Fir dal Nord America<\/title>\n<meta name=\"description\" content=\"Dal 1865 M&amp;M Legno Pi\u00f9 si occupa della distribuzione e vendita di legname da falegnameria e da costruzione in Lombardia. Legnami nazionali ed esotici.\" \/>\n<meta name=\"robots\" content=\"index, follow, max-snippet:-1, max-image-preview:large, max-video-preview:-1\" \/>\n<link rel=\"canonical\" href=\"https:\/\/www.mmlegnopiu.it\/porte-finestre-milano\/prodotto\/douglas-fir-legname-da-falegnameria-lombardia\/\" \/>\n<meta property=\"og:locale\" content=\"it_IT\" \/>\n<meta property=\"og:type\" content=\"article\" \/>\n<meta property=\"og:title\" content=\"Legname da falegnameria in Lombardia. Douglas Fir dal Nord America\" \/>\n<meta property=\"og:description\" content=\"Dal 1865 M&amp;M Legno Pi\u00f9 si occupa della distribuzione e vendita di legname da falegnameria e da costruzione in Lombardia. Legnami nazionali ed esotici.\" \/>\n<meta property=\"og:url\" content=\"https:\/\/www.mmlegnopiu.it\/porte-finestre-milano\/prodotto\/douglas-fir-legname-da-falegnameria-lombardia\/\" \/>\n<meta property=\"og:site_name\" content=\"M&amp;M Legno Pi\u00f9\" \/>\n<meta property=\"article:modified_time\" content=\"2019-12-11T11:00:53+00:00\" \/>\n<meta property=\"og:image\" content=\"https:\/\/www.mmlegnopiu.it\/porte-finestre-milano\/wp-content\/uploads\/2019\/12\/douglas-fir-2.jpg\" \/>\n\t<meta property=\"og:image:width\" content=\"2000\" \/>\n\t<meta property=\"og:image:height\" content=\"2000\" \/>\n\t<meta property=\"og:image:type\" content=\"image\/jpeg\" \/>\n<meta name=\"twitter:card\" content=\"summary_large_image\" \/>\n<meta name=\"twitter:label1\" content=\"Tempo di lettura stimato\" \/>\n\t<meta name=\"twitter:data1\" content=\"1 minuto\" \/>\n<script type=\"application\/ld+json\" class=\"yoast-schema-graph\">{\"@context\":\"https:\/\/schema.org\",\"@graph\":[{\"@type\":\"WebPage\",\"@id\":\"https:\/\/www.mmlegnopiu.it\/porte-finestre-milano\/prodotto\/douglas-fir-legname-da-falegnameria-lombardia\/\",\"url\":\"https:\/\/www.mmlegnopiu.it\/porte-finestre-milano\/prodotto\/douglas-fir-legname-da-falegnameria-lombardia\/\",\"name\":\"Legname da falegnameria in Lombardia. Douglas Fir dal Nord America\",\"isPartOf\":{\"@id\":\"https:\/\/www.mmlegnopiu.it\/porte-finestre-milano\/#website\"},\"primaryImageOfPage\":{\"@id\":\"https:\/\/www.mmlegnopiu.it\/porte-finestre-milano\/prodotto\/douglas-fir-legname-da-falegnameria-lombardia\/#primaryimage\"},\"image\":{\"@id\":\"https:\/\/www.mmlegnopiu.it\/porte-finestre-milano\/prodotto\/douglas-fir-legname-da-falegnameria-lombardia\/#primaryimage\"},\"thumbnailUrl\":\"https:\/\/www.mmlegnopiu.it\/porte-finestre-milano\/wp-content\/uploads\/2019\/12\/douglas-fir-2.jpg\",\"datePublished\":\"2019-12-11T10:46:03+00:00\",\"dateModified\":\"2019-12-11T11:00:53+00:00\",\"description\":\"Dal 1865 M&M Legno Pi\u00f9 si occupa della distribuzione e vendita di legname da falegnameria e da costruzione in Lombardia. Legnami nazionali ed esotici.\",\"breadcrumb\":{\"@id\":\"https:\/\/www.mmlegnopiu.it\/porte-finestre-milano\/prodotto\/douglas-fir-legname-da-falegnameria-lombardia\/#breadcrumb\"},\"inLanguage\":\"it-IT\",\"potentialAction\":[{\"@type\":\"ReadAction\",\"target\":[\"https:\/\/www.mmlegnopiu.it\/porte-finestre-milano\/prodotto\/douglas-fir-legname-da-falegnameria-lombardia\/\"]}]},{\"@type\":\"ImageObject\",\"inLanguage\":\"it-IT\",\"@id\":\"https:\/\/www.mmlegnopiu.it\/porte-finestre-milano\/prodotto\/douglas-fir-legname-da-falegnameria-lombardia\/#primaryimage\",\"url\":\"https:\/\/www.mmlegnopiu.it\/porte-finestre-milano\/wp-content\/uploads\/2019\/12\/douglas-fir-2.jpg\",\"contentUrl\":\"https:\/\/www.mmlegnopiu.it\/porte-finestre-milano\/wp-content\/uploads\/2019\/12\/douglas-fir-2.jpg\",\"width\":2000,\"height\":2000},{\"@type\":\"BreadcrumbList\",\"@id\":\"https:\/\/www.mmlegnopiu.it\/porte-finestre-milano\/prodotto\/douglas-fir-legname-da-falegnameria-lombardia\/#breadcrumb\",\"itemListElement\":[{\"@type\":\"ListItem\",\"position\":1,\"name\":\"Home\",\"item\":\"https:\/\/www.mmlegnopiu.it\/porte-finestre-milano\/\"},{\"@type\":\"ListItem\",\"position\":2,\"name\":\"Shop\",\"item\":\"https:\/\/www.mmlegnopiu.it\/porte-finestre-milano\/shop\/\"},{\"@type\":\"ListItem\",\"position\":3,\"name\":\"DOUGLAS FIR\"}]},{\"@type\":\"WebSite\",\"@id\":\"https:\/\/www.mmlegnopiu.it\/porte-finestre-milano\/#website\",\"url\":\"https:\/\/www.mmlegnopiu.it\/porte-finestre-milano\/\",\"name\":\"M&amp;M Legno Pi\u00f9\",\"description\":\"Finestre Milano, porte, scale.\",\"publisher\":{\"@id\":\"https:\/\/www.mmlegnopiu.it\/porte-finestre-milano\/#organization\"},\"potentialAction\":[{\"@type\":\"SearchAction\",\"target\":{\"@type\":\"EntryPoint\",\"urlTemplate\":\"https:\/\/www.mmlegnopiu.it\/porte-finestre-milano\/?s={search_term_string}\"},\"query-input\":{\"@type\":\"PropertyValueSpecification\",\"valueRequired\":true,\"valueName\":\"search_term_string\"}}],\"inLanguage\":\"it-IT\"},{\"@type\":\"Organization\",\"@id\":\"https:\/\/www.mmlegnopiu.it\/porte-finestre-milano\/#organization\",\"name\":\"M & M Legno Pi\u00f9\",\"url\":\"https:\/\/www.mmlegnopiu.it\/porte-finestre-milano\/\",\"logo\":{\"@type\":\"ImageObject\",\"inLanguage\":\"it-IT\",\"@id\":\"https:\/\/www.mmlegnopiu.it\/porte-finestre-milano\/#\/schema\/logo\/image\/\",\"url\":\"https:\/\/www.mmlegnopiu.it\/porte-finestre-milano\/wp-content\/uploads\/2015\/04\/logo.jpg\",\"contentUrl\":\"https:\/\/www.mmlegnopiu.it\/porte-finestre-milano\/wp-content\/uploads\/2015\/04\/logo.jpg\",\"width\":214,\"height\":219,\"caption\":\"M & M Legno Pi\u00f9\"},\"image\":{\"@id\":\"https:\/\/www.mmlegnopiu.it\/porte-finestre-milano\/#\/schema\/logo\/image\/\"}}]}<\/script>\n<!-- \/ Yoast SEO plugin. -->","yoast_head_json":{"title":"Legname da falegnameria in Lombardia. Douglas Fir dal Nord America","description":"Dal 1865 M&M Legno Pi\u00f9 si occupa della distribuzione e vendita di legname da falegnameria e da costruzione in Lombardia. Legnami nazionali ed esotici.","robots":{"index":"index","follow":"follow","max-snippet":"max-snippet:-1","max-image-preview":"max-image-preview:large","max-video-preview":"max-video-preview:-1"},"canonical":"https:\/\/www.mmlegnopiu.it\/porte-finestre-milano\/prodotto\/douglas-fir-legname-da-falegnameria-lombardia\/","og_locale":"it_IT","og_type":"article","og_title":"Legname da falegnameria in Lombardia. Douglas Fir dal Nord America","og_description":"Dal 1865 M&M Legno Pi\u00f9 si occupa della distribuzione e vendita di legname da falegnameria e da costruzione in Lombardia. Legnami nazionali ed esotici.","og_url":"https:\/\/www.mmlegnopiu.it\/porte-finestre-milano\/prodotto\/douglas-fir-legname-da-falegnameria-lombardia\/","og_site_name":"M&amp;M Legno Pi\u00f9","article_modified_time":"2019-12-11T11:00:53+00:00","og_image":[{"width":2000,"height":2000,"url":"https:\/\/www.mmlegnopiu.it\/porte-finestre-milano\/wp-content\/uploads\/2019\/12\/douglas-fir-2.jpg","type":"image\/jpeg"}],"twitter_card":"summary_large_image","twitter_misc":{"Tempo di lettura stimato":"1 minuto"},"schema":{"@context":"https:\/\/schema.org","@graph":[{"@type":"WebPage","@id":"https:\/\/www.mmlegnopiu.it\/porte-finestre-milano\/prodotto\/douglas-fir-legname-da-falegnameria-lombardia\/","url":"https:\/\/www.mmlegnopiu.it\/porte-finestre-milano\/prodotto\/douglas-fir-legname-da-falegnameria-lombardia\/","name":"Legname da falegnameria in Lombardia. Douglas Fir dal Nord America","isPartOf":{"@id":"https:\/\/www.mmlegnopiu.it\/porte-finestre-milano\/#website"},"primaryImageOfPage":{"@id":"https:\/\/www.mmlegnopiu.it\/porte-finestre-milano\/prodotto\/douglas-fir-legname-da-falegnameria-lombardia\/#primaryimage"},"image":{"@id":"https:\/\/www.mmlegnopiu.it\/porte-finestre-milano\/prodotto\/douglas-fir-legname-da-falegnameria-lombardia\/#primaryimage"},"thumbnailUrl":"https:\/\/www.mmlegnopiu.it\/porte-finestre-milano\/wp-content\/uploads\/2019\/12\/douglas-fir-2.jpg","datePublished":"2019-12-11T10:46:03+00:00","dateModified":"2019-12-11T11:00:53+00:00","description":"Dal 1865 M&M Legno Pi\u00f9 si occupa della distribuzione e vendita di legname da falegnameria e da costruzione in Lombardia. Legnami nazionali ed esotici.","breadcrumb":{"@id":"https:\/\/www.mmlegnopiu.it\/porte-finestre-milano\/prodotto\/douglas-fir-legname-da-falegnameria-lombardia\/#breadcrumb"},"inLanguage":"it-IT","potentialAction":[{"@type":"ReadAction","target":["https:\/\/www.mmlegnopiu.it\/porte-finestre-milano\/prodotto\/douglas-fir-legname-da-falegnameria-lombardia\/"]}]},{"@type":"ImageObject","inLanguage":"it-IT","@id":"https:\/\/www.mmlegnopiu.it\/porte-finestre-milano\/prodotto\/douglas-fir-legname-da-falegnameria-lombardia\/#primaryimage","url":"https:\/\/www.mmlegnopiu.it\/porte-finestre-milano\/wp-content\/uploads\/2019\/12\/douglas-fir-2.jpg","contentUrl":"https:\/\/www.mmlegnopiu.it\/porte-finestre-milano\/wp-content\/uploads\/2019\/12\/douglas-fir-2.jpg","width":2000,"height":2000},{"@type":"BreadcrumbList","@id":"https:\/\/www.mmlegnopiu.it\/porte-finestre-milano\/prodotto\/douglas-fir-legname-da-falegnameria-lombardia\/#breadcrumb","itemListElement":[{"@type":"ListItem","position":1,"name":"Home","item":"https:\/\/www.mmlegnopiu.it\/porte-finestre-milano\/"},{"@type":"ListItem","position":2,"name":"Shop","item":"https:\/\/www.mmlegnopiu.it\/porte-finestre-milano\/shop\/"},{"@type":"ListItem","position":3,"name":"DOUGLAS FIR"}]},{"@type":"WebSite","@id":"https:\/\/www.mmlegnopiu.it\/porte-finestre-milano\/#website","url":"https:\/\/www.mmlegnopiu.it\/porte-finestre-milano\/","name":"M&amp;M Legno Pi\u00f9","description":"Finestre Milano, porte, scale.","publisher":{"@id":"https:\/\/www.mmlegnopiu.it\/porte-finestre-milano\/#organization"},"potentialAction":[{"@type":"SearchAction","target":{"@type":"EntryPoint","urlTemplate":"https:\/\/www.mmlegnopiu.it\/porte-finestre-milano\/?s={search_term_string}"},"query-input":{"@type":"PropertyValueSpecification","valueRequired":true,"valueName":"search_term_string"}}],"inLanguage":"it-IT"},{"@type":"Organization","@id":"https:\/\/www.mmlegnopiu.it\/porte-finestre-milano\/#organization","name":"M & M Legno Pi\u00f9","url":"https:\/\/www.mmlegnopiu.it\/porte-finestre-milano\/","logo":{"@type":"ImageObject","inLanguage":"it-IT","@id":"https:\/\/www.mmlegnopiu.it\/porte-finestre-milano\/#\/schema\/logo\/image\/","url":"https:\/\/www.mmlegnopiu.it\/porte-finestre-milano\/wp-content\/uploads\/2015\/04\/logo.jpg","contentUrl":"https:\/\/www.mmlegnopiu.it\/porte-finestre-milano\/wp-content\/uploads\/2015\/04\/logo.jpg","width":214,"height":219,"caption":"M & M Legno Pi\u00f9"},"image":{"@id":"https:\/\/www.mmlegnopiu.it\/porte-finestre-milano\/#\/schema\/logo\/image\/"}}]}},"_links":{"self":[{"href":"https:\/\/www.mmlegnopiu.it\/porte-finestre-milano\/wp-json\/wp\/v2\/product\/8968","targetHints":{"allow":["GET"]}}],"collection":[{"href":"https:\/\/www.mmlegnopiu.it\/porte-finestre-milano\/wp-json\/wp\/v2\/product"}],"about":[{"href":"https:\/\/www.mmlegnopiu.it\/porte-finestre-milano\/wp-json\/wp\/v2\/types\/product"}],"wp:featuredmedia":[{"embeddable":true,"href":"https:\/\/www.mmlegnopiu.it\/porte-finestre-milano\/wp-json\/wp\/v2\/media\/8971"}],"wp:attachment":[{"href":"https:\/\/www.mmlegnopiu.it\/porte-finestre-milano\/wp-json\/wp\/v2\/media?parent=8968"}],"wp:term":[{"taxonomy":"product_brand","embeddable":true,"href":"https:\/\/www.mmlegnopiu.it\/porte-finestre-milano\/wp-json\/wp\/v2\/product_brand?post=8968"},{"taxonomy":"product_cat","embeddable":true,"href":"https:\/\/www.mmlegnopiu.it\/porte-finestre-milano\/wp-json\/wp\/v2\/product_cat?post=8968"},{"taxonomy":"product_tag","embeddable":true,"href":"https:\/\/www.mmlegnopiu.it\/porte-finestre-milano\/wp-json\/wp\/v2\/product_tag?post=8968"}],"curies":[{"name":"wp","href":"https:\/\/api.w.org\/{rel}","templated":true}]}}