{"id":9035,"date":"2019-12-13T17:21:30","date_gmt":"2019-12-13T16:21:30","guid":{"rendered":"http:\/\/www.mmlegnopiu.it\/porte-finestre-milano\/?post_type=product&#038;p=9035"},"modified":"2020-01-28T11:40:23","modified_gmt":"2020-01-28T10:40:23","slug":"vendita-tavole-abete-rosso-milano-lombardia","status":"publish","type":"product","link":"https:\/\/www.mmlegnopiu.it\/porte-finestre-milano\/prodotto\/vendita-tavole-abete-rosso-milano-lombardia\/","title":{"rendered":"Abete Rosso"},"content":{"rendered":"<h2><\/h2>\n<h2><img loading=\"lazy\" decoding=\"async\" class=\"size-full wp-image-9047 aligncenter\" src=\"http:\/\/www.mmlegnopiu.it\/porte-finestre-milano\/wp-content\/uploads\/2019\/12\/abete-rosso.jpg\" alt=\"\" width=\"1200\" height=\"800\" srcset=\"https:\/\/www.mmlegnopiu.it\/porte-finestre-milano\/wp-content\/uploads\/2019\/12\/abete-rosso.jpg 1200w, https:\/\/www.mmlegnopiu.it\/porte-finestre-milano\/wp-content\/uploads\/2019\/12\/abete-rosso-400x267.jpg 400w, https:\/\/www.mmlegnopiu.it\/porte-finestre-milano\/wp-content\/uploads\/2019\/12\/abete-rosso-300x200.jpg 300w, https:\/\/www.mmlegnopiu.it\/porte-finestre-milano\/wp-content\/uploads\/2019\/12\/abete-rosso-1024x683.jpg 1024w, https:\/\/www.mmlegnopiu.it\/porte-finestre-milano\/wp-content\/uploads\/2019\/12\/abete-rosso-768x512.jpg 768w, https:\/\/www.mmlegnopiu.it\/porte-finestre-milano\/wp-content\/uploads\/2019\/12\/abete-rosso-600x400.jpg 600w\" sizes=\"auto, (max-width: 1200px) 100vw, 1200px\" \/><\/h2>\n<p>&nbsp;<\/p>\n<h2><strong><span style=\"color: #99cc00;\">CARATTERISTICHE E ASPETTO DEL LEGNO:<\/span><\/strong><\/h2>\n<ul>\n<li>\n<h2>Il legno di abete rosso \u00e8 un legno bianco giallino, tendente al colore del miele, con venature dritte<\/h2>\n<\/li>\n<li>\n<h2>Il grande albero raggiunge altezze tra i 30 e 50 m, raramente 60 m, con porzioni di fusto prive di rami lunghe fino a 30 m e diametri fino ad 1,5 m.<\/h2>\n<\/li>\n<li>\n<h2>Con una quota di circa il 60 % nei boschi di produzione austriaci, l\u2019abete rosso \u00e8 la pi\u00f9 importante specie arborea nostrana<\/h2>\n<\/li>\n<\/ul>\n<h2><\/h2>\n<p>&nbsp;<\/p>\n<p>&nbsp;<\/p>\n<p>&nbsp;<\/p>\n<h2><strong><span style=\"color: #99cc00;\">LAVORABILIT\u00c0&#8217;<\/span><\/strong><\/h2>\n<h2>Il legno di abete \u00e8 facilmente lavorabile, si sfoglia e si taglia altrettanto facilmente fino a quando vi sono rami di piccole dimensioni e in numero contenuto. L\u2019essiccazione \u00e8 veloce e non problematica.<\/h2>\n<h2>Nel caso essa sia molto repentina si possono formare piccole crepe e nodi cadenti. Il trattamento della superficie non presenta problemi, sebbene le tasche di resina siano da trattare preventivamente.<\/h2>\n<p>&nbsp;<\/p>\n<p>&nbsp;<\/p>\n<p>&nbsp;<\/p>\n<p>&nbsp;<\/p>\n<p>&nbsp;<\/p>\n<h4>Dal 1865 M&amp;M Legno Pi\u00f9 si occupa della distribuzione e vendita di legname tra cui acero proveniente dal Nord America.<\/h4>\n<h4><a href=\"https:\/\/www.mmlegnopiu.it\/porte-finestre-milano\/contatti\/\">Contattaci per avere maggiori informazioni.<\/a><\/h4>\n<p>Fonte <a href=\"http:\/\/www.promolegno.com\/legno\/specielegnose\/abete-rosso\/\">Promo Legno<\/a><\/p>\n<p>&nbsp;<\/p>\n","protected":false},"excerpt":{"rendered":"<h3><strong><span style=\"color: #339966;\">Denominazioni commerciali:<\/span><\/strong><span style=\"color: #339966;\"><span style=\"color: #000000;\"> peccio<\/span><\/span><\/h3>\n<h3><strong><span style=\"color: #339966;\">Areale di vegetazione naturale:<\/span><\/strong> albero appartenente alla famiglia Pinaceae, ampiamente diffuso sulle Alpi, nonch\u00e9 nel resto d&#8217;Europa.<\/h3>\n<h3><strong><span style=\"color: #339966;\">Principali impieghi<\/span><\/strong>: il legno di abete \u00e8 versatile, \u00e8 il pi\u00f9 importante legno da costruzione, massiccio o lamellare<\/h3>\n","protected":false},"featured_media":9048,"template":"","meta":[],"product_brand":[],"product_cat":[604],"product_tag":[600,601,37,351],"class_list":{"0":"post-9035","1":"product","2":"type-product","3":"status-publish","4":"has-post-thumbnail","6":"product_cat-vendita-legname-europa-occidentale","7":"product_tag-legname","8":"product_tag-legname-da-falegnameria","9":"product_tag-legno","10":"product_tag-milano","12":"first","13":"instock","14":"shipping-taxable","15":"product-type-simple"},"yoast_head":"<!-- This site is optimized with the Yoast SEO plugin v26.8 - https:\/\/yoast.com\/product\/yoast-seo-wordpress\/ -->\n<title>Falegnameria in Lombardia specializzata nella vendita di abete rosso<\/title>\n<meta name=\"description\" content=\"Dal 1865 M&amp;M Legno Pi\u00f9 si occupa della distribuzione e vendita di legname da falegnameria tra cui abete rosso, a Milano ed in Lombardia.\" \/>\n<meta name=\"robots\" content=\"index, follow, max-snippet:-1, max-image-preview:large, max-video-preview:-1\" \/>\n<link rel=\"canonical\" href=\"https:\/\/www.mmlegnopiu.it\/porte-finestre-milano\/prodotto\/vendita-tavole-abete-rosso-milano-lombardia\/\" \/>\n<meta property=\"og:locale\" content=\"it_IT\" \/>\n<meta property=\"og:type\" content=\"article\" \/>\n<meta property=\"og:title\" content=\"Falegnameria in Lombardia specializzata nella vendita di abete rosso\" \/>\n<meta property=\"og:description\" content=\"Dal 1865 M&amp;M Legno Pi\u00f9 si occupa della distribuzione e vendita di legname da falegnameria tra cui abete rosso, a Milano ed in Lombardia.\" \/>\n<meta property=\"og:url\" content=\"https:\/\/www.mmlegnopiu.it\/porte-finestre-milano\/prodotto\/vendita-tavole-abete-rosso-milano-lombardia\/\" \/>\n<meta property=\"og:site_name\" content=\"M&amp;M Legno Pi\u00f9\" \/>\n<meta property=\"article:modified_time\" content=\"2020-01-28T10:40:23+00:00\" \/>\n<meta property=\"og:image\" content=\"https:\/\/www.mmlegnopiu.it\/porte-finestre-milano\/wp-content\/uploads\/2019\/12\/abete-rosso-4.jpg\" \/>\n\t<meta property=\"og:image:width\" content=\"550\" \/>\n\t<meta property=\"og:image:height\" content=\"584\" \/>\n\t<meta property=\"og:image:type\" content=\"image\/jpeg\" \/>\n<meta name=\"twitter:card\" content=\"summary_large_image\" \/>\n<meta name=\"twitter:label1\" content=\"Tempo di lettura stimato\" \/>\n\t<meta name=\"twitter:data1\" content=\"1 minuto\" \/>\n<script type=\"application\/ld+json\" class=\"yoast-schema-graph\">{\"@context\":\"https:\/\/schema.org\",\"@graph\":[{\"@type\":\"WebPage\",\"@id\":\"https:\/\/www.mmlegnopiu.it\/porte-finestre-milano\/prodotto\/vendita-tavole-abete-rosso-milano-lombardia\/\",\"url\":\"https:\/\/www.mmlegnopiu.it\/porte-finestre-milano\/prodotto\/vendita-tavole-abete-rosso-milano-lombardia\/\",\"name\":\"Falegnameria in Lombardia specializzata nella vendita di abete rosso\",\"isPartOf\":{\"@id\":\"https:\/\/www.mmlegnopiu.it\/porte-finestre-milano\/#website\"},\"primaryImageOfPage\":{\"@id\":\"https:\/\/www.mmlegnopiu.it\/porte-finestre-milano\/prodotto\/vendita-tavole-abete-rosso-milano-lombardia\/#primaryimage\"},\"image\":{\"@id\":\"https:\/\/www.mmlegnopiu.it\/porte-finestre-milano\/prodotto\/vendita-tavole-abete-rosso-milano-lombardia\/#primaryimage\"},\"thumbnailUrl\":\"https:\/\/www.mmlegnopiu.it\/porte-finestre-milano\/wp-content\/uploads\/2019\/12\/abete-rosso-4.jpg\",\"datePublished\":\"2019-12-13T16:21:30+00:00\",\"dateModified\":\"2020-01-28T10:40:23+00:00\",\"description\":\"Dal 1865 M&M Legno Pi\u00f9 si occupa della distribuzione e vendita di legname da falegnameria tra cui abete rosso, a Milano ed in Lombardia.\",\"breadcrumb\":{\"@id\":\"https:\/\/www.mmlegnopiu.it\/porte-finestre-milano\/prodotto\/vendita-tavole-abete-rosso-milano-lombardia\/#breadcrumb\"},\"inLanguage\":\"it-IT\",\"potentialAction\":[{\"@type\":\"ReadAction\",\"target\":[\"https:\/\/www.mmlegnopiu.it\/porte-finestre-milano\/prodotto\/vendita-tavole-abete-rosso-milano-lombardia\/\"]}]},{\"@type\":\"ImageObject\",\"inLanguage\":\"it-IT\",\"@id\":\"https:\/\/www.mmlegnopiu.it\/porte-finestre-milano\/prodotto\/vendita-tavole-abete-rosso-milano-lombardia\/#primaryimage\",\"url\":\"https:\/\/www.mmlegnopiu.it\/porte-finestre-milano\/wp-content\/uploads\/2019\/12\/abete-rosso-4.jpg\",\"contentUrl\":\"https:\/\/www.mmlegnopiu.it\/porte-finestre-milano\/wp-content\/uploads\/2019\/12\/abete-rosso-4.jpg\",\"width\":550,\"height\":584},{\"@type\":\"BreadcrumbList\",\"@id\":\"https:\/\/www.mmlegnopiu.it\/porte-finestre-milano\/prodotto\/vendita-tavole-abete-rosso-milano-lombardia\/#breadcrumb\",\"itemListElement\":[{\"@type\":\"ListItem\",\"position\":1,\"name\":\"Home\",\"item\":\"https:\/\/www.mmlegnopiu.it\/porte-finestre-milano\/\"},{\"@type\":\"ListItem\",\"position\":2,\"name\":\"Shop\",\"item\":\"https:\/\/www.mmlegnopiu.it\/porte-finestre-milano\/shop\/\"},{\"@type\":\"ListItem\",\"position\":3,\"name\":\"Abete Rosso\"}]},{\"@type\":\"WebSite\",\"@id\":\"https:\/\/www.mmlegnopiu.it\/porte-finestre-milano\/#website\",\"url\":\"https:\/\/www.mmlegnopiu.it\/porte-finestre-milano\/\",\"name\":\"M&amp;M Legno Pi\u00f9\",\"description\":\"Finestre Milano, porte, scale.\",\"publisher\":{\"@id\":\"https:\/\/www.mmlegnopiu.it\/porte-finestre-milano\/#organization\"},\"potentialAction\":[{\"@type\":\"SearchAction\",\"target\":{\"@type\":\"EntryPoint\",\"urlTemplate\":\"https:\/\/www.mmlegnopiu.it\/porte-finestre-milano\/?s={search_term_string}\"},\"query-input\":{\"@type\":\"PropertyValueSpecification\",\"valueRequired\":true,\"valueName\":\"search_term_string\"}}],\"inLanguage\":\"it-IT\"},{\"@type\":\"Organization\",\"@id\":\"https:\/\/www.mmlegnopiu.it\/porte-finestre-milano\/#organization\",\"name\":\"M & M Legno Pi\u00f9\",\"url\":\"https:\/\/www.mmlegnopiu.it\/porte-finestre-milano\/\",\"logo\":{\"@type\":\"ImageObject\",\"inLanguage\":\"it-IT\",\"@id\":\"https:\/\/www.mmlegnopiu.it\/porte-finestre-milano\/#\/schema\/logo\/image\/\",\"url\":\"https:\/\/www.mmlegnopiu.it\/porte-finestre-milano\/wp-content\/uploads\/2015\/04\/logo.jpg\",\"contentUrl\":\"https:\/\/www.mmlegnopiu.it\/porte-finestre-milano\/wp-content\/uploads\/2015\/04\/logo.jpg\",\"width\":214,\"height\":219,\"caption\":\"M & M Legno Pi\u00f9\"},\"image\":{\"@id\":\"https:\/\/www.mmlegnopiu.it\/porte-finestre-milano\/#\/schema\/logo\/image\/\"}}]}<\/script>\n<!-- \/ Yoast SEO plugin. -->","yoast_head_json":{"title":"Falegnameria in Lombardia specializzata nella vendita di abete rosso","description":"Dal 1865 M&M Legno Pi\u00f9 si occupa della distribuzione e vendita di legname da falegnameria tra cui abete rosso, a Milano ed in Lombardia.","robots":{"index":"index","follow":"follow","max-snippet":"max-snippet:-1","max-image-preview":"max-image-preview:large","max-video-preview":"max-video-preview:-1"},"canonical":"https:\/\/www.mmlegnopiu.it\/porte-finestre-milano\/prodotto\/vendita-tavole-abete-rosso-milano-lombardia\/","og_locale":"it_IT","og_type":"article","og_title":"Falegnameria in Lombardia specializzata nella vendita di abete rosso","og_description":"Dal 1865 M&M Legno Pi\u00f9 si occupa della distribuzione e vendita di legname da falegnameria tra cui abete rosso, a Milano ed in Lombardia.","og_url":"https:\/\/www.mmlegnopiu.it\/porte-finestre-milano\/prodotto\/vendita-tavole-abete-rosso-milano-lombardia\/","og_site_name":"M&amp;M Legno Pi\u00f9","article_modified_time":"2020-01-28T10:40:23+00:00","og_image":[{"width":550,"height":584,"url":"https:\/\/www.mmlegnopiu.it\/porte-finestre-milano\/wp-content\/uploads\/2019\/12\/abete-rosso-4.jpg","type":"image\/jpeg"}],"twitter_card":"summary_large_image","twitter_misc":{"Tempo di lettura stimato":"1 minuto"},"schema":{"@context":"https:\/\/schema.org","@graph":[{"@type":"WebPage","@id":"https:\/\/www.mmlegnopiu.it\/porte-finestre-milano\/prodotto\/vendita-tavole-abete-rosso-milano-lombardia\/","url":"https:\/\/www.mmlegnopiu.it\/porte-finestre-milano\/prodotto\/vendita-tavole-abete-rosso-milano-lombardia\/","name":"Falegnameria in Lombardia specializzata nella vendita di abete rosso","isPartOf":{"@id":"https:\/\/www.mmlegnopiu.it\/porte-finestre-milano\/#website"},"primaryImageOfPage":{"@id":"https:\/\/www.mmlegnopiu.it\/porte-finestre-milano\/prodotto\/vendita-tavole-abete-rosso-milano-lombardia\/#primaryimage"},"image":{"@id":"https:\/\/www.mmlegnopiu.it\/porte-finestre-milano\/prodotto\/vendita-tavole-abete-rosso-milano-lombardia\/#primaryimage"},"thumbnailUrl":"https:\/\/www.mmlegnopiu.it\/porte-finestre-milano\/wp-content\/uploads\/2019\/12\/abete-rosso-4.jpg","datePublished":"2019-12-13T16:21:30+00:00","dateModified":"2020-01-28T10:40:23+00:00","description":"Dal 1865 M&M Legno Pi\u00f9 si occupa della distribuzione e vendita di legname da falegnameria tra cui abete rosso, a Milano ed in Lombardia.","breadcrumb":{"@id":"https:\/\/www.mmlegnopiu.it\/porte-finestre-milano\/prodotto\/vendita-tavole-abete-rosso-milano-lombardia\/#breadcrumb"},"inLanguage":"it-IT","potentialAction":[{"@type":"ReadAction","target":["https:\/\/www.mmlegnopiu.it\/porte-finestre-milano\/prodotto\/vendita-tavole-abete-rosso-milano-lombardia\/"]}]},{"@type":"ImageObject","inLanguage":"it-IT","@id":"https:\/\/www.mmlegnopiu.it\/porte-finestre-milano\/prodotto\/vendita-tavole-abete-rosso-milano-lombardia\/#primaryimage","url":"https:\/\/www.mmlegnopiu.it\/porte-finestre-milano\/wp-content\/uploads\/2019\/12\/abete-rosso-4.jpg","contentUrl":"https:\/\/www.mmlegnopiu.it\/porte-finestre-milano\/wp-content\/uploads\/2019\/12\/abete-rosso-4.jpg","width":550,"height":584},{"@type":"BreadcrumbList","@id":"https:\/\/www.mmlegnopiu.it\/porte-finestre-milano\/prodotto\/vendita-tavole-abete-rosso-milano-lombardia\/#breadcrumb","itemListElement":[{"@type":"ListItem","position":1,"name":"Home","item":"https:\/\/www.mmlegnopiu.it\/porte-finestre-milano\/"},{"@type":"ListItem","position":2,"name":"Shop","item":"https:\/\/www.mmlegnopiu.it\/porte-finestre-milano\/shop\/"},{"@type":"ListItem","position":3,"name":"Abete Rosso"}]},{"@type":"WebSite","@id":"https:\/\/www.mmlegnopiu.it\/porte-finestre-milano\/#website","url":"https:\/\/www.mmlegnopiu.it\/porte-finestre-milano\/","name":"M&amp;M Legno Pi\u00f9","description":"Finestre Milano, porte, scale.","publisher":{"@id":"https:\/\/www.mmlegnopiu.it\/porte-finestre-milano\/#organization"},"potentialAction":[{"@type":"SearchAction","target":{"@type":"EntryPoint","urlTemplate":"https:\/\/www.mmlegnopiu.it\/porte-finestre-milano\/?s={search_term_string}"},"query-input":{"@type":"PropertyValueSpecification","valueRequired":true,"valueName":"search_term_string"}}],"inLanguage":"it-IT"},{"@type":"Organization","@id":"https:\/\/www.mmlegnopiu.it\/porte-finestre-milano\/#organization","name":"M & M Legno Pi\u00f9","url":"https:\/\/www.mmlegnopiu.it\/porte-finestre-milano\/","logo":{"@type":"ImageObject","inLanguage":"it-IT","@id":"https:\/\/www.mmlegnopiu.it\/porte-finestre-milano\/#\/schema\/logo\/image\/","url":"https:\/\/www.mmlegnopiu.it\/porte-finestre-milano\/wp-content\/uploads\/2015\/04\/logo.jpg","contentUrl":"https:\/\/www.mmlegnopiu.it\/porte-finestre-milano\/wp-content\/uploads\/2015\/04\/logo.jpg","width":214,"height":219,"caption":"M & M Legno Pi\u00f9"},"image":{"@id":"https:\/\/www.mmlegnopiu.it\/porte-finestre-milano\/#\/schema\/logo\/image\/"}}]}},"_links":{"self":[{"href":"https:\/\/www.mmlegnopiu.it\/porte-finestre-milano\/wp-json\/wp\/v2\/product\/9035","targetHints":{"allow":["GET"]}}],"collection":[{"href":"https:\/\/www.mmlegnopiu.it\/porte-finestre-milano\/wp-json\/wp\/v2\/product"}],"about":[{"href":"https:\/\/www.mmlegnopiu.it\/porte-finestre-milano\/wp-json\/wp\/v2\/types\/product"}],"wp:featuredmedia":[{"embeddable":true,"href":"https:\/\/www.mmlegnopiu.it\/porte-finestre-milano\/wp-json\/wp\/v2\/media\/9048"}],"wp:attachment":[{"href":"https:\/\/www.mmlegnopiu.it\/porte-finestre-milano\/wp-json\/wp\/v2\/media?parent=9035"}],"wp:term":[{"taxonomy":"product_brand","embeddable":true,"href":"https:\/\/www.mmlegnopiu.it\/porte-finestre-milano\/wp-json\/wp\/v2\/product_brand?post=9035"},{"taxonomy":"product_cat","embeddable":true,"href":"https:\/\/www.mmlegnopiu.it\/porte-finestre-milano\/wp-json\/wp\/v2\/product_cat?post=9035"},{"taxonomy":"product_tag","embeddable":true,"href":"https:\/\/www.mmlegnopiu.it\/porte-finestre-milano\/wp-json\/wp\/v2\/product_tag?post=9035"}],"curies":[{"name":"wp","href":"https:\/\/api.w.org\/{rel}","templated":true}]}}