{"id":9575,"date":"2020-11-11T10:48:11","date_gmt":"2020-11-11T09:48:11","guid":{"rendered":"http:\/\/www.mmlegnopiu.it\/porte-finestre-milano\/?post_type=product&#038;p=9575"},"modified":"2020-11-11T11:09:08","modified_gmt":"2020-11-11T10:09:08","slug":"ter-hurne-parquet-verniciato-milano","status":"publish","type":"product","link":"https:\/\/www.mmlegnopiu.it\/porte-finestre-milano\/prodotto\/ter-hurne-parquet-verniciato-milano\/","title":{"rendered":"Collezione Grand Velvet"},"content":{"rendered":"<h2>Questo parquet in vero legno di alta qualit\u00e0 \u00e8 disponibile in 13 versioni con tonalit\u00e0 di legno naturale prevalentemente chiaro, il cui scopo \u00e8 rendere pi\u00f9 luminosa e armonica la vostra casa.<\/h2>\n<h2>La collezione offre una vasta scelta di legni: oltre al classico parquet rovere, ci si pu\u00f2 lasciar sedurre dalle tavole di acero, faggio, noce o bamb\u00f9. Grazie alle diverse finiture delle superfici delle tavole e grazie ai differenti tipi di legno disponibili, non ci sono limiti alle possibilit\u00e0 di arredo della vostra casa. Infine, la superficie laccata rende il parquet della collezione ter H\u00fcrne Grand Velvet un gioiello dalla facile manutenzione.<\/h2>\n<h2>Ter H\u00fcrne \u00e8 un\u2019azienda leader nel settore e ha ricevuto negli anni diversi riconoscimenti e certificazioni per i suoi parquet a basse emissioni.<\/h2>\n<h2>I parquet della collezione Grand Velvet di ter H\u00fcrne soddisfano elevati standard ambientali, sanitari e prestazionali, come testimoniato dal marchio di qualit\u00e0 ecologica Blue Angel che li accompagna. Nonostante la composizione al 100% naturale della collezione, non dovrete preoccuparvi della robustezza e della longevit\u00e0 del vostro parquet. Potrete, invece, aspettarvi l\u2019eccellente qualit\u00e0 del \u201cMade in Germany\u201d ed una garanzia di fabbrica fino a 30 anni per l\u2019utilizzo in un ambiente residenziale.<\/h2>\n<h2>I parquet della collezione ter H\u00fcrne Grand Velvet sono dotati di un sistema di posa sicuro e facile da utilizzare da tutti, il sistema a click CLICKitEASY, che vi risparmia l\u2019utilizzo di colle nocive e costosi utensili.<\/h2>\n<h2>Si consiglia sempre di installare l\u2019isolamento acustico anti calpestio per garantire un ambiente tranquillo e rilassante. La bassa resistenza alla trasmissione termica del pavimento rende, infine, questo parquet compatibile con i sistemi di riscaldamento a pavimento ad acqua calda.<\/h2>\n<h2>Dite addio ai piedi freddi e lasciatevi viziare dalla collezione Grand Velvet!<\/h2>\n<p>&nbsp;<\/p>\n<h4><a href=\"https:\/\/www.mmlegnopiu.it\/porte-finestre-milano\/contatti\/\">Contattaci per avere maggiori informazioni.<\/a><\/h4>\n<p><a href=\"https:\/\/www.terhuerne.com\/Produkte\/Parkett\/Kollektionen\/Grand-Velvet-Collection\/\">Per maggiori informazioni <\/a><\/p>\n<p>&nbsp;<\/p>\n","protected":false},"excerpt":{"rendered":"<p>&nbsp;<\/p>\n<h2>La collezione ter H\u00fcrne Grand Velvet \u00e8 raffinata ed elegante.<\/h2>\n<h2>Il parquet si presenta in affascinanti tavole dal grande formato, che donano alla vostra casa uno stile senza tempo e un piacevole senso di benessere, e che ben si abbinano con quasi tutte le diverse scelte di arredo.<\/h2>\n","protected":false},"featured_media":9578,"template":"","meta":[],"product_brand":[],"product_cat":[628],"product_tag":[363,630],"class_list":{"0":"post-9575","1":"product","2":"type-product","3":"status-publish","4":"has-post-thumbnail","6":"product_cat-parquet-in-legno","7":"product_tag-parquet","8":"product_tag-ter-hurne","10":"first","11":"instock","12":"shipping-taxable","13":"product-type-simple"},"yoast_head":"<!-- This site is optimized with the Yoast SEO plugin v26.8 - https:\/\/yoast.com\/product\/yoast-seo-wordpress\/ -->\n<title>Parquet in legno artigianale e fatto a mano verniciato a Milano<\/title>\n<meta name=\"description\" content=\"Ter Hurne crea pavimenti in legno artigianali verniciati. Vieni a scoprirli nel nostro showroom alle porte di Milano\" \/>\n<meta name=\"robots\" content=\"index, follow, max-snippet:-1, max-image-preview:large, max-video-preview:-1\" \/>\n<link rel=\"canonical\" href=\"https:\/\/www.mmlegnopiu.it\/porte-finestre-milano\/prodotto\/ter-hurne-parquet-verniciato-milano\/\" \/>\n<meta property=\"og:locale\" content=\"it_IT\" \/>\n<meta property=\"og:type\" content=\"article\" \/>\n<meta property=\"og:title\" content=\"Parquet in legno artigianale e fatto a mano verniciato a Milano\" \/>\n<meta property=\"og:description\" content=\"Ter Hurne crea pavimenti in legno artigianali verniciati. Vieni a scoprirli nel nostro showroom alle porte di Milano\" \/>\n<meta property=\"og:url\" content=\"https:\/\/www.mmlegnopiu.it\/porte-finestre-milano\/prodotto\/ter-hurne-parquet-verniciato-milano\/\" \/>\n<meta property=\"og:site_name\" content=\"M&amp;M Legno Pi\u00f9\" \/>\n<meta property=\"article:modified_time\" content=\"2020-11-11T10:09:08+00:00\" \/>\n<meta property=\"og:image\" content=\"https:\/\/www.mmlegnopiu.it\/porte-finestre-milano\/wp-content\/uploads\/2020\/11\/parquet-verniciato-milano.jpg\" \/>\n\t<meta property=\"og:image:width\" content=\"1880\" \/>\n\t<meta property=\"og:image:height\" content=\"1040\" \/>\n\t<meta property=\"og:image:type\" content=\"image\/jpeg\" \/>\n<meta name=\"twitter:card\" content=\"summary_large_image\" \/>\n<meta name=\"twitter:label1\" content=\"Tempo di lettura stimato\" \/>\n\t<meta name=\"twitter:data1\" content=\"1 minuto\" \/>\n<script type=\"application\/ld+json\" class=\"yoast-schema-graph\">{\"@context\":\"https:\/\/schema.org\",\"@graph\":[{\"@type\":\"WebPage\",\"@id\":\"https:\/\/www.mmlegnopiu.it\/porte-finestre-milano\/prodotto\/ter-hurne-parquet-verniciato-milano\/\",\"url\":\"https:\/\/www.mmlegnopiu.it\/porte-finestre-milano\/prodotto\/ter-hurne-parquet-verniciato-milano\/\",\"name\":\"Parquet in legno artigianale e fatto a mano verniciato a Milano\",\"isPartOf\":{\"@id\":\"https:\/\/www.mmlegnopiu.it\/porte-finestre-milano\/#website\"},\"primaryImageOfPage\":{\"@id\":\"https:\/\/www.mmlegnopiu.it\/porte-finestre-milano\/prodotto\/ter-hurne-parquet-verniciato-milano\/#primaryimage\"},\"image\":{\"@id\":\"https:\/\/www.mmlegnopiu.it\/porte-finestre-milano\/prodotto\/ter-hurne-parquet-verniciato-milano\/#primaryimage\"},\"thumbnailUrl\":\"https:\/\/www.mmlegnopiu.it\/porte-finestre-milano\/wp-content\/uploads\/2020\/11\/parquet-verniciato-milano.jpg\",\"datePublished\":\"2020-11-11T09:48:11+00:00\",\"dateModified\":\"2020-11-11T10:09:08+00:00\",\"description\":\"Ter Hurne crea pavimenti in legno artigianali verniciati. Vieni a scoprirli nel nostro showroom alle porte di Milano\",\"breadcrumb\":{\"@id\":\"https:\/\/www.mmlegnopiu.it\/porte-finestre-milano\/prodotto\/ter-hurne-parquet-verniciato-milano\/#breadcrumb\"},\"inLanguage\":\"it-IT\",\"potentialAction\":[{\"@type\":\"ReadAction\",\"target\":[\"https:\/\/www.mmlegnopiu.it\/porte-finestre-milano\/prodotto\/ter-hurne-parquet-verniciato-milano\/\"]}]},{\"@type\":\"ImageObject\",\"inLanguage\":\"it-IT\",\"@id\":\"https:\/\/www.mmlegnopiu.it\/porte-finestre-milano\/prodotto\/ter-hurne-parquet-verniciato-milano\/#primaryimage\",\"url\":\"https:\/\/www.mmlegnopiu.it\/porte-finestre-milano\/wp-content\/uploads\/2020\/11\/parquet-verniciato-milano.jpg\",\"contentUrl\":\"https:\/\/www.mmlegnopiu.it\/porte-finestre-milano\/wp-content\/uploads\/2020\/11\/parquet-verniciato-milano.jpg\",\"width\":1880,\"height\":1040},{\"@type\":\"BreadcrumbList\",\"@id\":\"https:\/\/www.mmlegnopiu.it\/porte-finestre-milano\/prodotto\/ter-hurne-parquet-verniciato-milano\/#breadcrumb\",\"itemListElement\":[{\"@type\":\"ListItem\",\"position\":1,\"name\":\"Home\",\"item\":\"https:\/\/www.mmlegnopiu.it\/porte-finestre-milano\/\"},{\"@type\":\"ListItem\",\"position\":2,\"name\":\"Shop\",\"item\":\"https:\/\/www.mmlegnopiu.it\/porte-finestre-milano\/shop\/\"},{\"@type\":\"ListItem\",\"position\":3,\"name\":\"Collezione Grand Velvet\"}]},{\"@type\":\"WebSite\",\"@id\":\"https:\/\/www.mmlegnopiu.it\/porte-finestre-milano\/#website\",\"url\":\"https:\/\/www.mmlegnopiu.it\/porte-finestre-milano\/\",\"name\":\"M&amp;M Legno Pi\u00f9\",\"description\":\"Finestre Milano, porte, scale.\",\"publisher\":{\"@id\":\"https:\/\/www.mmlegnopiu.it\/porte-finestre-milano\/#organization\"},\"potentialAction\":[{\"@type\":\"SearchAction\",\"target\":{\"@type\":\"EntryPoint\",\"urlTemplate\":\"https:\/\/www.mmlegnopiu.it\/porte-finestre-milano\/?s={search_term_string}\"},\"query-input\":{\"@type\":\"PropertyValueSpecification\",\"valueRequired\":true,\"valueName\":\"search_term_string\"}}],\"inLanguage\":\"it-IT\"},{\"@type\":\"Organization\",\"@id\":\"https:\/\/www.mmlegnopiu.it\/porte-finestre-milano\/#organization\",\"name\":\"M & M Legno Pi\u00f9\",\"url\":\"https:\/\/www.mmlegnopiu.it\/porte-finestre-milano\/\",\"logo\":{\"@type\":\"ImageObject\",\"inLanguage\":\"it-IT\",\"@id\":\"https:\/\/www.mmlegnopiu.it\/porte-finestre-milano\/#\/schema\/logo\/image\/\",\"url\":\"https:\/\/www.mmlegnopiu.it\/porte-finestre-milano\/wp-content\/uploads\/2015\/04\/logo.jpg\",\"contentUrl\":\"https:\/\/www.mmlegnopiu.it\/porte-finestre-milano\/wp-content\/uploads\/2015\/04\/logo.jpg\",\"width\":214,\"height\":219,\"caption\":\"M & M Legno Pi\u00f9\"},\"image\":{\"@id\":\"https:\/\/www.mmlegnopiu.it\/porte-finestre-milano\/#\/schema\/logo\/image\/\"}}]}<\/script>\n<!-- \/ Yoast SEO plugin. -->","yoast_head_json":{"title":"Parquet in legno artigianale e fatto a mano verniciato a Milano","description":"Ter Hurne crea pavimenti in legno artigianali verniciati. Vieni a scoprirli nel nostro showroom alle porte di Milano","robots":{"index":"index","follow":"follow","max-snippet":"max-snippet:-1","max-image-preview":"max-image-preview:large","max-video-preview":"max-video-preview:-1"},"canonical":"https:\/\/www.mmlegnopiu.it\/porte-finestre-milano\/prodotto\/ter-hurne-parquet-verniciato-milano\/","og_locale":"it_IT","og_type":"article","og_title":"Parquet in legno artigianale e fatto a mano verniciato a Milano","og_description":"Ter Hurne crea pavimenti in legno artigianali verniciati. Vieni a scoprirli nel nostro showroom alle porte di Milano","og_url":"https:\/\/www.mmlegnopiu.it\/porte-finestre-milano\/prodotto\/ter-hurne-parquet-verniciato-milano\/","og_site_name":"M&amp;M Legno Pi\u00f9","article_modified_time":"2020-11-11T10:09:08+00:00","og_image":[{"width":1880,"height":1040,"url":"https:\/\/www.mmlegnopiu.it\/porte-finestre-milano\/wp-content\/uploads\/2020\/11\/parquet-verniciato-milano.jpg","type":"image\/jpeg"}],"twitter_card":"summary_large_image","twitter_misc":{"Tempo di lettura stimato":"1 minuto"},"schema":{"@context":"https:\/\/schema.org","@graph":[{"@type":"WebPage","@id":"https:\/\/www.mmlegnopiu.it\/porte-finestre-milano\/prodotto\/ter-hurne-parquet-verniciato-milano\/","url":"https:\/\/www.mmlegnopiu.it\/porte-finestre-milano\/prodotto\/ter-hurne-parquet-verniciato-milano\/","name":"Parquet in legno artigianale e fatto a mano verniciato a Milano","isPartOf":{"@id":"https:\/\/www.mmlegnopiu.it\/porte-finestre-milano\/#website"},"primaryImageOfPage":{"@id":"https:\/\/www.mmlegnopiu.it\/porte-finestre-milano\/prodotto\/ter-hurne-parquet-verniciato-milano\/#primaryimage"},"image":{"@id":"https:\/\/www.mmlegnopiu.it\/porte-finestre-milano\/prodotto\/ter-hurne-parquet-verniciato-milano\/#primaryimage"},"thumbnailUrl":"https:\/\/www.mmlegnopiu.it\/porte-finestre-milano\/wp-content\/uploads\/2020\/11\/parquet-verniciato-milano.jpg","datePublished":"2020-11-11T09:48:11+00:00","dateModified":"2020-11-11T10:09:08+00:00","description":"Ter Hurne crea pavimenti in legno artigianali verniciati. Vieni a scoprirli nel nostro showroom alle porte di Milano","breadcrumb":{"@id":"https:\/\/www.mmlegnopiu.it\/porte-finestre-milano\/prodotto\/ter-hurne-parquet-verniciato-milano\/#breadcrumb"},"inLanguage":"it-IT","potentialAction":[{"@type":"ReadAction","target":["https:\/\/www.mmlegnopiu.it\/porte-finestre-milano\/prodotto\/ter-hurne-parquet-verniciato-milano\/"]}]},{"@type":"ImageObject","inLanguage":"it-IT","@id":"https:\/\/www.mmlegnopiu.it\/porte-finestre-milano\/prodotto\/ter-hurne-parquet-verniciato-milano\/#primaryimage","url":"https:\/\/www.mmlegnopiu.it\/porte-finestre-milano\/wp-content\/uploads\/2020\/11\/parquet-verniciato-milano.jpg","contentUrl":"https:\/\/www.mmlegnopiu.it\/porte-finestre-milano\/wp-content\/uploads\/2020\/11\/parquet-verniciato-milano.jpg","width":1880,"height":1040},{"@type":"BreadcrumbList","@id":"https:\/\/www.mmlegnopiu.it\/porte-finestre-milano\/prodotto\/ter-hurne-parquet-verniciato-milano\/#breadcrumb","itemListElement":[{"@type":"ListItem","position":1,"name":"Home","item":"https:\/\/www.mmlegnopiu.it\/porte-finestre-milano\/"},{"@type":"ListItem","position":2,"name":"Shop","item":"https:\/\/www.mmlegnopiu.it\/porte-finestre-milano\/shop\/"},{"@type":"ListItem","position":3,"name":"Collezione Grand Velvet"}]},{"@type":"WebSite","@id":"https:\/\/www.mmlegnopiu.it\/porte-finestre-milano\/#website","url":"https:\/\/www.mmlegnopiu.it\/porte-finestre-milano\/","name":"M&amp;M Legno Pi\u00f9","description":"Finestre Milano, porte, scale.","publisher":{"@id":"https:\/\/www.mmlegnopiu.it\/porte-finestre-milano\/#organization"},"potentialAction":[{"@type":"SearchAction","target":{"@type":"EntryPoint","urlTemplate":"https:\/\/www.mmlegnopiu.it\/porte-finestre-milano\/?s={search_term_string}"},"query-input":{"@type":"PropertyValueSpecification","valueRequired":true,"valueName":"search_term_string"}}],"inLanguage":"it-IT"},{"@type":"Organization","@id":"https:\/\/www.mmlegnopiu.it\/porte-finestre-milano\/#organization","name":"M & M Legno Pi\u00f9","url":"https:\/\/www.mmlegnopiu.it\/porte-finestre-milano\/","logo":{"@type":"ImageObject","inLanguage":"it-IT","@id":"https:\/\/www.mmlegnopiu.it\/porte-finestre-milano\/#\/schema\/logo\/image\/","url":"https:\/\/www.mmlegnopiu.it\/porte-finestre-milano\/wp-content\/uploads\/2015\/04\/logo.jpg","contentUrl":"https:\/\/www.mmlegnopiu.it\/porte-finestre-milano\/wp-content\/uploads\/2015\/04\/logo.jpg","width":214,"height":219,"caption":"M & M Legno Pi\u00f9"},"image":{"@id":"https:\/\/www.mmlegnopiu.it\/porte-finestre-milano\/#\/schema\/logo\/image\/"}}]}},"_links":{"self":[{"href":"https:\/\/www.mmlegnopiu.it\/porte-finestre-milano\/wp-json\/wp\/v2\/product\/9575","targetHints":{"allow":["GET"]}}],"collection":[{"href":"https:\/\/www.mmlegnopiu.it\/porte-finestre-milano\/wp-json\/wp\/v2\/product"}],"about":[{"href":"https:\/\/www.mmlegnopiu.it\/porte-finestre-milano\/wp-json\/wp\/v2\/types\/product"}],"wp:featuredmedia":[{"embeddable":true,"href":"https:\/\/www.mmlegnopiu.it\/porte-finestre-milano\/wp-json\/wp\/v2\/media\/9578"}],"wp:attachment":[{"href":"https:\/\/www.mmlegnopiu.it\/porte-finestre-milano\/wp-json\/wp\/v2\/media?parent=9575"}],"wp:term":[{"taxonomy":"product_brand","embeddable":true,"href":"https:\/\/www.mmlegnopiu.it\/porte-finestre-milano\/wp-json\/wp\/v2\/product_brand?post=9575"},{"taxonomy":"product_cat","embeddable":true,"href":"https:\/\/www.mmlegnopiu.it\/porte-finestre-milano\/wp-json\/wp\/v2\/product_cat?post=9575"},{"taxonomy":"product_tag","embeddable":true,"href":"https:\/\/www.mmlegnopiu.it\/porte-finestre-milano\/wp-json\/wp\/v2\/product_tag?post=9575"}],"curies":[{"name":"wp","href":"https:\/\/api.w.org\/{rel}","templated":true}]}}