{"id":9579,"date":"2020-11-11T11:10:05","date_gmt":"2020-11-11T10:10:05","guid":{"rendered":"http:\/\/www.mmlegnopiu.it\/porte-finestre-milano\/?post_type=product&#038;p=9579"},"modified":"2020-11-11T11:17:05","modified_gmt":"2020-11-11T10:17:05","slug":"ter-hurne-parquet-pavia","status":"publish","type":"product","link":"https:\/\/www.mmlegnopiu.it\/porte-finestre-milano\/prodotto\/ter-hurne-parquet-pavia\/","title":{"rendered":"Collezione Pride of Nature"},"content":{"rendered":"<h2>Ogni tavola ha uno strato di usura robusto e resistente di 3,5 mm ed \u00e8 disponibile in dimensioni considerevoli di 2390 x 200 mm.<\/h2>\n<h2>Ter H\u00fcrne raggiunge una finitura ottica naturale e una piacevole sensazione sotto i piedi attraverso la superficie del parquet spazzolata e oleata naturalmente.<\/h2>\n<h2><\/h2>\n<h2>L&#8217;attenzione di questa collezione \u00e8 focalizzata su tavole di quercia stabili e selezionate in numerose tonalit\u00e0 di grigio e marrone, che possono essere utilizzate in una variet\u00e0 di stili.<\/h2>\n<h2><\/h2>\n<h2>Con questi pavimenti in parquet prefiniti ci si pu\u00f2 aspettare l&#8217;alta resistenza del legno e una lunga durata, per la quale l&#8217;esperto di pavimenti vi offre una garanzia del produttore fino a 30 anni per l&#8217;uso nella zona giorno.<\/h2>\n<h2>Con i pavimenti in parquet, Ter H\u00fcrne Pride, non solo si pu\u00f2 contare su una qualit\u00e0 di prima classe, ma anche sul rispetto per l&#8217;ambiente del nuovo parquet.<\/h2>\n<h2>L&#8217;azienda sostiene la silvicoltura sostenibile e porta il marchio dell&#8217;eco-Institut per i suoi pavimenti particolarmente sani e a basse emissioni.<\/h2>\n<p>&nbsp;<\/p>\n<p>&nbsp;<\/p>\n<h4><a href=\"https:\/\/www.mmlegnopiu.it\/porte-finestre-milano\/contatti\/\">Contattaci per avere un preventivo gratuito<\/a><\/h4>\n<p><a href=\"https:\/\/www.terhuerne.com\/Produkte\/Parkett\/Kollektionen\/Pride-Of-Nature-Collection\/\">Per maggiori informazioni <\/a><\/p>\n<p>&nbsp;<\/p>\n","protected":false},"excerpt":{"rendered":"<h2><\/h2>\n<h2>La collezione Pride of Nature Collection del produttore del M\u00fcnsterland Ter H\u00fcrne \u00e8 un mix di pavimenti in parquet di alta qualit\u00e0 con colori e texture autentici per un design d&#8217;interni molto individuale.<\/h2>\n<h2>Undici decori realizzati con tre specie di legno nobile contraddistinguono questa collezione orientata alla natura.<\/h2>\n","protected":false},"featured_media":9582,"template":"","meta":[],"product_brand":[],"product_cat":[628],"product_tag":[363,630],"class_list":{"0":"post-9579","1":"product","2":"type-product","3":"status-publish","4":"has-post-thumbnail","6":"product_cat-parquet-in-legno","7":"product_tag-parquet","8":"product_tag-ter-hurne","10":"first","11":"instock","12":"shipping-taxable","13":"product-type-simple"},"yoast_head":"<!-- This site is optimized with the Yoast SEO plugin v26.8 - https:\/\/yoast.com\/product\/yoast-seo-wordpress\/ -->\n<title>Parquet in legno artigianale e fatto a mano a Pavia<\/title>\n<meta name=\"description\" content=\"Ter Hurne crea pavimenti in legno artigianali verniciatin e oliati. Vieni a scoprirli nel nostro showroom alle porte di Pavia\" \/>\n<meta name=\"robots\" content=\"index, follow, max-snippet:-1, max-image-preview:large, max-video-preview:-1\" \/>\n<link rel=\"canonical\" href=\"https:\/\/www.mmlegnopiu.it\/porte-finestre-milano\/prodotto\/ter-hurne-parquet-pavia\/\" \/>\n<meta property=\"og:locale\" content=\"it_IT\" \/>\n<meta property=\"og:type\" content=\"article\" \/>\n<meta property=\"og:title\" content=\"Parquet in legno artigianale e fatto a mano a Pavia\" \/>\n<meta property=\"og:description\" content=\"Ter Hurne crea pavimenti in legno artigianali verniciatin e oliati. Vieni a scoprirli nel nostro showroom alle porte di Pavia\" \/>\n<meta property=\"og:url\" content=\"https:\/\/www.mmlegnopiu.it\/porte-finestre-milano\/prodotto\/ter-hurne-parquet-pavia\/\" \/>\n<meta property=\"og:site_name\" content=\"M&amp;M Legno Pi\u00f9\" \/>\n<meta property=\"article:modified_time\" content=\"2020-11-11T10:17:05+00:00\" \/>\n<meta property=\"og:image\" content=\"https:\/\/www.mmlegnopiu.it\/porte-finestre-milano\/wp-content\/uploads\/2020\/11\/parquet-pavia.jpg\" \/>\n\t<meta property=\"og:image:width\" content=\"1880\" \/>\n\t<meta property=\"og:image:height\" content=\"1040\" \/>\n\t<meta property=\"og:image:type\" content=\"image\/jpeg\" \/>\n<meta name=\"twitter:card\" content=\"summary_large_image\" \/>\n<meta name=\"twitter:label1\" content=\"Tempo di lettura stimato\" \/>\n\t<meta name=\"twitter:data1\" content=\"1 minuto\" \/>\n<script type=\"application\/ld+json\" class=\"yoast-schema-graph\">{\"@context\":\"https:\/\/schema.org\",\"@graph\":[{\"@type\":\"WebPage\",\"@id\":\"https:\/\/www.mmlegnopiu.it\/porte-finestre-milano\/prodotto\/ter-hurne-parquet-pavia\/\",\"url\":\"https:\/\/www.mmlegnopiu.it\/porte-finestre-milano\/prodotto\/ter-hurne-parquet-pavia\/\",\"name\":\"Parquet in legno artigianale e fatto a mano a Pavia\",\"isPartOf\":{\"@id\":\"https:\/\/www.mmlegnopiu.it\/porte-finestre-milano\/#website\"},\"primaryImageOfPage\":{\"@id\":\"https:\/\/www.mmlegnopiu.it\/porte-finestre-milano\/prodotto\/ter-hurne-parquet-pavia\/#primaryimage\"},\"image\":{\"@id\":\"https:\/\/www.mmlegnopiu.it\/porte-finestre-milano\/prodotto\/ter-hurne-parquet-pavia\/#primaryimage\"},\"thumbnailUrl\":\"https:\/\/www.mmlegnopiu.it\/porte-finestre-milano\/wp-content\/uploads\/2020\/11\/parquet-pavia.jpg\",\"datePublished\":\"2020-11-11T10:10:05+00:00\",\"dateModified\":\"2020-11-11T10:17:05+00:00\",\"description\":\"Ter Hurne crea pavimenti in legno artigianali verniciatin e oliati. Vieni a scoprirli nel nostro showroom alle porte di Pavia\",\"breadcrumb\":{\"@id\":\"https:\/\/www.mmlegnopiu.it\/porte-finestre-milano\/prodotto\/ter-hurne-parquet-pavia\/#breadcrumb\"},\"inLanguage\":\"it-IT\",\"potentialAction\":[{\"@type\":\"ReadAction\",\"target\":[\"https:\/\/www.mmlegnopiu.it\/porte-finestre-milano\/prodotto\/ter-hurne-parquet-pavia\/\"]}]},{\"@type\":\"ImageObject\",\"inLanguage\":\"it-IT\",\"@id\":\"https:\/\/www.mmlegnopiu.it\/porte-finestre-milano\/prodotto\/ter-hurne-parquet-pavia\/#primaryimage\",\"url\":\"https:\/\/www.mmlegnopiu.it\/porte-finestre-milano\/wp-content\/uploads\/2020\/11\/parquet-pavia.jpg\",\"contentUrl\":\"https:\/\/www.mmlegnopiu.it\/porte-finestre-milano\/wp-content\/uploads\/2020\/11\/parquet-pavia.jpg\",\"width\":1880,\"height\":1040},{\"@type\":\"BreadcrumbList\",\"@id\":\"https:\/\/www.mmlegnopiu.it\/porte-finestre-milano\/prodotto\/ter-hurne-parquet-pavia\/#breadcrumb\",\"itemListElement\":[{\"@type\":\"ListItem\",\"position\":1,\"name\":\"Home\",\"item\":\"https:\/\/www.mmlegnopiu.it\/porte-finestre-milano\/\"},{\"@type\":\"ListItem\",\"position\":2,\"name\":\"Shop\",\"item\":\"https:\/\/www.mmlegnopiu.it\/porte-finestre-milano\/shop\/\"},{\"@type\":\"ListItem\",\"position\":3,\"name\":\"Collezione Pride of Nature\"}]},{\"@type\":\"WebSite\",\"@id\":\"https:\/\/www.mmlegnopiu.it\/porte-finestre-milano\/#website\",\"url\":\"https:\/\/www.mmlegnopiu.it\/porte-finestre-milano\/\",\"name\":\"M&amp;M Legno Pi\u00f9\",\"description\":\"Finestre Milano, porte, scale.\",\"publisher\":{\"@id\":\"https:\/\/www.mmlegnopiu.it\/porte-finestre-milano\/#organization\"},\"potentialAction\":[{\"@type\":\"SearchAction\",\"target\":{\"@type\":\"EntryPoint\",\"urlTemplate\":\"https:\/\/www.mmlegnopiu.it\/porte-finestre-milano\/?s={search_term_string}\"},\"query-input\":{\"@type\":\"PropertyValueSpecification\",\"valueRequired\":true,\"valueName\":\"search_term_string\"}}],\"inLanguage\":\"it-IT\"},{\"@type\":\"Organization\",\"@id\":\"https:\/\/www.mmlegnopiu.it\/porte-finestre-milano\/#organization\",\"name\":\"M & M Legno Pi\u00f9\",\"url\":\"https:\/\/www.mmlegnopiu.it\/porte-finestre-milano\/\",\"logo\":{\"@type\":\"ImageObject\",\"inLanguage\":\"it-IT\",\"@id\":\"https:\/\/www.mmlegnopiu.it\/porte-finestre-milano\/#\/schema\/logo\/image\/\",\"url\":\"https:\/\/www.mmlegnopiu.it\/porte-finestre-milano\/wp-content\/uploads\/2015\/04\/logo.jpg\",\"contentUrl\":\"https:\/\/www.mmlegnopiu.it\/porte-finestre-milano\/wp-content\/uploads\/2015\/04\/logo.jpg\",\"width\":214,\"height\":219,\"caption\":\"M & M Legno Pi\u00f9\"},\"image\":{\"@id\":\"https:\/\/www.mmlegnopiu.it\/porte-finestre-milano\/#\/schema\/logo\/image\/\"}}]}<\/script>\n<!-- \/ Yoast SEO plugin. -->","yoast_head_json":{"title":"Parquet in legno artigianale e fatto a mano a Pavia","description":"Ter Hurne crea pavimenti in legno artigianali verniciatin e oliati. Vieni a scoprirli nel nostro showroom alle porte di Pavia","robots":{"index":"index","follow":"follow","max-snippet":"max-snippet:-1","max-image-preview":"max-image-preview:large","max-video-preview":"max-video-preview:-1"},"canonical":"https:\/\/www.mmlegnopiu.it\/porte-finestre-milano\/prodotto\/ter-hurne-parquet-pavia\/","og_locale":"it_IT","og_type":"article","og_title":"Parquet in legno artigianale e fatto a mano a Pavia","og_description":"Ter Hurne crea pavimenti in legno artigianali verniciatin e oliati. Vieni a scoprirli nel nostro showroom alle porte di Pavia","og_url":"https:\/\/www.mmlegnopiu.it\/porte-finestre-milano\/prodotto\/ter-hurne-parquet-pavia\/","og_site_name":"M&amp;M Legno Pi\u00f9","article_modified_time":"2020-11-11T10:17:05+00:00","og_image":[{"width":1880,"height":1040,"url":"https:\/\/www.mmlegnopiu.it\/porte-finestre-milano\/wp-content\/uploads\/2020\/11\/parquet-pavia.jpg","type":"image\/jpeg"}],"twitter_card":"summary_large_image","twitter_misc":{"Tempo di lettura stimato":"1 minuto"},"schema":{"@context":"https:\/\/schema.org","@graph":[{"@type":"WebPage","@id":"https:\/\/www.mmlegnopiu.it\/porte-finestre-milano\/prodotto\/ter-hurne-parquet-pavia\/","url":"https:\/\/www.mmlegnopiu.it\/porte-finestre-milano\/prodotto\/ter-hurne-parquet-pavia\/","name":"Parquet in legno artigianale e fatto a mano a Pavia","isPartOf":{"@id":"https:\/\/www.mmlegnopiu.it\/porte-finestre-milano\/#website"},"primaryImageOfPage":{"@id":"https:\/\/www.mmlegnopiu.it\/porte-finestre-milano\/prodotto\/ter-hurne-parquet-pavia\/#primaryimage"},"image":{"@id":"https:\/\/www.mmlegnopiu.it\/porte-finestre-milano\/prodotto\/ter-hurne-parquet-pavia\/#primaryimage"},"thumbnailUrl":"https:\/\/www.mmlegnopiu.it\/porte-finestre-milano\/wp-content\/uploads\/2020\/11\/parquet-pavia.jpg","datePublished":"2020-11-11T10:10:05+00:00","dateModified":"2020-11-11T10:17:05+00:00","description":"Ter Hurne crea pavimenti in legno artigianali verniciatin e oliati. Vieni a scoprirli nel nostro showroom alle porte di Pavia","breadcrumb":{"@id":"https:\/\/www.mmlegnopiu.it\/porte-finestre-milano\/prodotto\/ter-hurne-parquet-pavia\/#breadcrumb"},"inLanguage":"it-IT","potentialAction":[{"@type":"ReadAction","target":["https:\/\/www.mmlegnopiu.it\/porte-finestre-milano\/prodotto\/ter-hurne-parquet-pavia\/"]}]},{"@type":"ImageObject","inLanguage":"it-IT","@id":"https:\/\/www.mmlegnopiu.it\/porte-finestre-milano\/prodotto\/ter-hurne-parquet-pavia\/#primaryimage","url":"https:\/\/www.mmlegnopiu.it\/porte-finestre-milano\/wp-content\/uploads\/2020\/11\/parquet-pavia.jpg","contentUrl":"https:\/\/www.mmlegnopiu.it\/porte-finestre-milano\/wp-content\/uploads\/2020\/11\/parquet-pavia.jpg","width":1880,"height":1040},{"@type":"BreadcrumbList","@id":"https:\/\/www.mmlegnopiu.it\/porte-finestre-milano\/prodotto\/ter-hurne-parquet-pavia\/#breadcrumb","itemListElement":[{"@type":"ListItem","position":1,"name":"Home","item":"https:\/\/www.mmlegnopiu.it\/porte-finestre-milano\/"},{"@type":"ListItem","position":2,"name":"Shop","item":"https:\/\/www.mmlegnopiu.it\/porte-finestre-milano\/shop\/"},{"@type":"ListItem","position":3,"name":"Collezione Pride of Nature"}]},{"@type":"WebSite","@id":"https:\/\/www.mmlegnopiu.it\/porte-finestre-milano\/#website","url":"https:\/\/www.mmlegnopiu.it\/porte-finestre-milano\/","name":"M&amp;M Legno Pi\u00f9","description":"Finestre Milano, porte, scale.","publisher":{"@id":"https:\/\/www.mmlegnopiu.it\/porte-finestre-milano\/#organization"},"potentialAction":[{"@type":"SearchAction","target":{"@type":"EntryPoint","urlTemplate":"https:\/\/www.mmlegnopiu.it\/porte-finestre-milano\/?s={search_term_string}"},"query-input":{"@type":"PropertyValueSpecification","valueRequired":true,"valueName":"search_term_string"}}],"inLanguage":"it-IT"},{"@type":"Organization","@id":"https:\/\/www.mmlegnopiu.it\/porte-finestre-milano\/#organization","name":"M & M Legno Pi\u00f9","url":"https:\/\/www.mmlegnopiu.it\/porte-finestre-milano\/","logo":{"@type":"ImageObject","inLanguage":"it-IT","@id":"https:\/\/www.mmlegnopiu.it\/porte-finestre-milano\/#\/schema\/logo\/image\/","url":"https:\/\/www.mmlegnopiu.it\/porte-finestre-milano\/wp-content\/uploads\/2015\/04\/logo.jpg","contentUrl":"https:\/\/www.mmlegnopiu.it\/porte-finestre-milano\/wp-content\/uploads\/2015\/04\/logo.jpg","width":214,"height":219,"caption":"M & M Legno Pi\u00f9"},"image":{"@id":"https:\/\/www.mmlegnopiu.it\/porte-finestre-milano\/#\/schema\/logo\/image\/"}}]}},"_links":{"self":[{"href":"https:\/\/www.mmlegnopiu.it\/porte-finestre-milano\/wp-json\/wp\/v2\/product\/9579","targetHints":{"allow":["GET"]}}],"collection":[{"href":"https:\/\/www.mmlegnopiu.it\/porte-finestre-milano\/wp-json\/wp\/v2\/product"}],"about":[{"href":"https:\/\/www.mmlegnopiu.it\/porte-finestre-milano\/wp-json\/wp\/v2\/types\/product"}],"wp:featuredmedia":[{"embeddable":true,"href":"https:\/\/www.mmlegnopiu.it\/porte-finestre-milano\/wp-json\/wp\/v2\/media\/9582"}],"wp:attachment":[{"href":"https:\/\/www.mmlegnopiu.it\/porte-finestre-milano\/wp-json\/wp\/v2\/media?parent=9579"}],"wp:term":[{"taxonomy":"product_brand","embeddable":true,"href":"https:\/\/www.mmlegnopiu.it\/porte-finestre-milano\/wp-json\/wp\/v2\/product_brand?post=9579"},{"taxonomy":"product_cat","embeddable":true,"href":"https:\/\/www.mmlegnopiu.it\/porte-finestre-milano\/wp-json\/wp\/v2\/product_cat?post=9579"},{"taxonomy":"product_tag","embeddable":true,"href":"https:\/\/www.mmlegnopiu.it\/porte-finestre-milano\/wp-json\/wp\/v2\/product_tag?post=9579"}],"curies":[{"name":"wp","href":"https:\/\/api.w.org\/{rel}","templated":true}]}}