{"id":9723,"date":"2021-02-23T15:42:09","date_gmt":"2021-02-23T14:42:09","guid":{"rendered":"http:\/\/www.mmlegnopiu.it\/porte-finestre-milano\/?post_type=product&#038;p=9723"},"modified":"2025-02-21T10:20:44","modified_gmt":"2025-02-21T09:20:44","slug":"confort-finestre-pvc-isolamento-termico","status":"publish","type":"product","link":"https:\/\/www.mmlegnopiu.it\/porte-finestre-milano\/prodotto\/confort-finestre-pvc-isolamento-termico\/","title":{"rendered":"COMFORT, la soluzione ideale per aspettative pi\u00f9 esigenti"},"content":{"rendered":"<p>&nbsp;<\/p>\n<h2>Comfort: la finestra che unisce prestazioni, durata e design<\/h2>\n<h2>Comfort \u00e8 la finestra ideale per chi cerca stabilit\u00e0, isolamento e durata nel tempo. Realizzata in PVC di alta qualit\u00e0, combina resistenza e tecnologia avanzata per garantire un ambiente confortevole in ogni stagione.<\/h2>\n<h2>Il suo robusto telaio e l\u2019anta da 82 mm sono progettati per ospitare il triplo vetro, assicurando eccellenti prestazioni termiche e acustiche. Grazie all\u2019isolamento avanzato, Comfort mantiene la temperatura ideale in casa, proteggendo dal freddo invernale e dal caldo estivo, riducendo i consumi energetici.<\/h2>\n<h2>L\u2019isolamento acustico aiuta a creare un\u2019oasi di tranquillit\u00e0, bloccando i rumori esterni e offrendo un ambiente pi\u00f9 silenzioso e rilassante.<\/h2>\n<h2>Dal design moderno e minimalista, Comfort \u00e8 la scelta perfetta per chi desidera una finestra performante, affidabile ed esteticamente elegante.<\/h2>\n<p>&nbsp;<\/p>\n<h4><\/h4>\n<h4><\/h4>\n<h4><a href=\"https:\/\/www.mmlegnopiu.it\/porte-finestre-milano\/contatti\/\">Contattaci per avere un preventivo gratuito<\/a><\/h4>\n<p><a href=\"https:\/\/www.cosmetinfissi.it\/prodotto.php?idProdotto=18\">Per maggiori informazioni <\/a><\/p>\n<p>&nbsp;<\/p>\n","protected":false},"excerpt":{"rendered":"<h3>Comfort, la finestra che garantisce stabilit\u00e0 e durata nel tempo, oltre ad un perfetto isolamento termico ed acustico.<\/h3>\n<h3>Comfort permette di mantenere temperature confortevoli all\u2019interno dell\u2019abitazione.<\/h3>\n<h3>Particolarmente adatto all\u2019alloggio del triplo vetro, offre tra le pi\u00f9 alte prestazioni termiche ed acustiche.<\/h3>\n<h3><\/h3>\n","protected":false},"featured_media":11671,"template":"","meta":[],"product_brand":[],"product_cat":[638],"product_tag":[639,117,304],"class_list":{"0":"post-9723","1":"product","2":"type-product","3":"status-publish","4":"has-post-thumbnail","6":"product_cat-serramenti-pvc-cosmet","7":"product_tag-cosmet","8":"product_tag-pvc","9":"product_tag-serramenti-in-pvc","11":"first","12":"instock","13":"shipping-taxable","14":"product-type-simple"},"yoast_head":"<!-- This site is optimized with the Yoast SEO plugin v26.8 - https:\/\/yoast.com\/product\/yoast-seo-wordpress\/ -->\n<title>COMFORT finestre in pvc ad alto isolamento termico<\/title>\n<meta name=\"description\" content=\"Linea COMFORT di Cosmet Group, Finestre in PVC made in Italy ad alto isolamento termico. La soluzione ideale per aspettative pi\u00f9 esigenti\" \/>\n<meta name=\"robots\" content=\"index, follow, max-snippet:-1, max-image-preview:large, max-video-preview:-1\" \/>\n<link rel=\"canonical\" href=\"https:\/\/www.mmlegnopiu.it\/porte-finestre-milano\/prodotto\/confort-finestre-pvc-isolamento-termico\/\" \/>\n<meta property=\"og:locale\" content=\"it_IT\" \/>\n<meta property=\"og:type\" content=\"article\" \/>\n<meta property=\"og:title\" content=\"COMFORT finestre in pvc ad alto isolamento termico\" \/>\n<meta property=\"og:description\" content=\"Linea COMFORT di Cosmet Group, Finestre in PVC made in Italy ad alto isolamento termico. La soluzione ideale per aspettative pi\u00f9 esigenti\" \/>\n<meta property=\"og:url\" content=\"https:\/\/www.mmlegnopiu.it\/porte-finestre-milano\/prodotto\/confort-finestre-pvc-isolamento-termico\/\" \/>\n<meta property=\"og:site_name\" content=\"M&amp;M Legno Pi\u00f9\" \/>\n<meta property=\"article:modified_time\" content=\"2025-02-21T09:20:44+00:00\" \/>\n<meta property=\"og:image\" content=\"http:\/\/www.mmlegnopiu.it\/porte-finestre-milano\/wp-content\/uploads\/2021\/02\/comfort.jpg\" \/>\n\t<meta property=\"og:image:width\" content=\"1000\" \/>\n\t<meta property=\"og:image:height\" content=\"1000\" \/>\n\t<meta property=\"og:image:type\" content=\"image\/jpeg\" \/>\n<meta name=\"twitter:card\" content=\"summary_large_image\" \/>\n<meta name=\"twitter:label1\" content=\"Tempo di lettura stimato\" \/>\n\t<meta name=\"twitter:data1\" content=\"1 minuto\" \/>\n<script type=\"application\/ld+json\" class=\"yoast-schema-graph\">{\"@context\":\"https:\/\/schema.org\",\"@graph\":[{\"@type\":\"WebPage\",\"@id\":\"https:\/\/www.mmlegnopiu.it\/porte-finestre-milano\/prodotto\/confort-finestre-pvc-isolamento-termico\/\",\"url\":\"https:\/\/www.mmlegnopiu.it\/porte-finestre-milano\/prodotto\/confort-finestre-pvc-isolamento-termico\/\",\"name\":\"COMFORT finestre in pvc ad alto isolamento termico\",\"isPartOf\":{\"@id\":\"https:\/\/www.mmlegnopiu.it\/porte-finestre-milano\/#website\"},\"primaryImageOfPage\":{\"@id\":\"https:\/\/www.mmlegnopiu.it\/porte-finestre-milano\/prodotto\/confort-finestre-pvc-isolamento-termico\/#primaryimage\"},\"image\":{\"@id\":\"https:\/\/www.mmlegnopiu.it\/porte-finestre-milano\/prodotto\/confort-finestre-pvc-isolamento-termico\/#primaryimage\"},\"thumbnailUrl\":\"https:\/\/www.mmlegnopiu.it\/porte-finestre-milano\/wp-content\/uploads\/2021\/02\/comfort.jpg\",\"datePublished\":\"2021-02-23T14:42:09+00:00\",\"dateModified\":\"2025-02-21T09:20:44+00:00\",\"description\":\"Linea COMFORT di Cosmet Group, Finestre in PVC made in Italy ad alto isolamento termico. La soluzione ideale per aspettative pi\u00f9 esigenti\",\"breadcrumb\":{\"@id\":\"https:\/\/www.mmlegnopiu.it\/porte-finestre-milano\/prodotto\/confort-finestre-pvc-isolamento-termico\/#breadcrumb\"},\"inLanguage\":\"it-IT\",\"potentialAction\":[{\"@type\":\"ReadAction\",\"target\":[\"https:\/\/www.mmlegnopiu.it\/porte-finestre-milano\/prodotto\/confort-finestre-pvc-isolamento-termico\/\"]}]},{\"@type\":\"ImageObject\",\"inLanguage\":\"it-IT\",\"@id\":\"https:\/\/www.mmlegnopiu.it\/porte-finestre-milano\/prodotto\/confort-finestre-pvc-isolamento-termico\/#primaryimage\",\"url\":\"https:\/\/www.mmlegnopiu.it\/porte-finestre-milano\/wp-content\/uploads\/2021\/02\/comfort.jpg\",\"contentUrl\":\"https:\/\/www.mmlegnopiu.it\/porte-finestre-milano\/wp-content\/uploads\/2021\/02\/comfort.jpg\",\"width\":1000,\"height\":1000,\"caption\":\"finestre pvc alto isolamento termico\"},{\"@type\":\"BreadcrumbList\",\"@id\":\"https:\/\/www.mmlegnopiu.it\/porte-finestre-milano\/prodotto\/confort-finestre-pvc-isolamento-termico\/#breadcrumb\",\"itemListElement\":[{\"@type\":\"ListItem\",\"position\":1,\"name\":\"Home\",\"item\":\"https:\/\/www.mmlegnopiu.it\/porte-finestre-milano\/\"},{\"@type\":\"ListItem\",\"position\":2,\"name\":\"Shop\",\"item\":\"https:\/\/www.mmlegnopiu.it\/porte-finestre-milano\/shop\/\"},{\"@type\":\"ListItem\",\"position\":3,\"name\":\"COMFORT, la soluzione ideale per aspettative pi\u00f9 esigenti\"}]},{\"@type\":\"WebSite\",\"@id\":\"https:\/\/www.mmlegnopiu.it\/porte-finestre-milano\/#website\",\"url\":\"https:\/\/www.mmlegnopiu.it\/porte-finestre-milano\/\",\"name\":\"M&amp;M Legno Pi\u00f9\",\"description\":\"Finestre Milano, porte, scale.\",\"publisher\":{\"@id\":\"https:\/\/www.mmlegnopiu.it\/porte-finestre-milano\/#organization\"},\"potentialAction\":[{\"@type\":\"SearchAction\",\"target\":{\"@type\":\"EntryPoint\",\"urlTemplate\":\"https:\/\/www.mmlegnopiu.it\/porte-finestre-milano\/?s={search_term_string}\"},\"query-input\":{\"@type\":\"PropertyValueSpecification\",\"valueRequired\":true,\"valueName\":\"search_term_string\"}}],\"inLanguage\":\"it-IT\"},{\"@type\":\"Organization\",\"@id\":\"https:\/\/www.mmlegnopiu.it\/porte-finestre-milano\/#organization\",\"name\":\"M & M Legno Pi\u00f9\",\"url\":\"https:\/\/www.mmlegnopiu.it\/porte-finestre-milano\/\",\"logo\":{\"@type\":\"ImageObject\",\"inLanguage\":\"it-IT\",\"@id\":\"https:\/\/www.mmlegnopiu.it\/porte-finestre-milano\/#\/schema\/logo\/image\/\",\"url\":\"https:\/\/www.mmlegnopiu.it\/porte-finestre-milano\/wp-content\/uploads\/2015\/04\/logo.jpg\",\"contentUrl\":\"https:\/\/www.mmlegnopiu.it\/porte-finestre-milano\/wp-content\/uploads\/2015\/04\/logo.jpg\",\"width\":214,\"height\":219,\"caption\":\"M & M Legno Pi\u00f9\"},\"image\":{\"@id\":\"https:\/\/www.mmlegnopiu.it\/porte-finestre-milano\/#\/schema\/logo\/image\/\"}}]}<\/script>\n<!-- \/ Yoast SEO plugin. -->","yoast_head_json":{"title":"COMFORT finestre in pvc ad alto isolamento termico","description":"Linea COMFORT di Cosmet Group, Finestre in PVC made in Italy ad alto isolamento termico. La soluzione ideale per aspettative pi\u00f9 esigenti","robots":{"index":"index","follow":"follow","max-snippet":"max-snippet:-1","max-image-preview":"max-image-preview:large","max-video-preview":"max-video-preview:-1"},"canonical":"https:\/\/www.mmlegnopiu.it\/porte-finestre-milano\/prodotto\/confort-finestre-pvc-isolamento-termico\/","og_locale":"it_IT","og_type":"article","og_title":"COMFORT finestre in pvc ad alto isolamento termico","og_description":"Linea COMFORT di Cosmet Group, Finestre in PVC made in Italy ad alto isolamento termico. La soluzione ideale per aspettative pi\u00f9 esigenti","og_url":"https:\/\/www.mmlegnopiu.it\/porte-finestre-milano\/prodotto\/confort-finestre-pvc-isolamento-termico\/","og_site_name":"M&amp;M Legno Pi\u00f9","article_modified_time":"2025-02-21T09:20:44+00:00","og_image":[{"width":1000,"height":1000,"url":"http:\/\/www.mmlegnopiu.it\/porte-finestre-milano\/wp-content\/uploads\/2021\/02\/comfort.jpg","type":"image\/jpeg"}],"twitter_card":"summary_large_image","twitter_misc":{"Tempo di lettura stimato":"1 minuto"},"schema":{"@context":"https:\/\/schema.org","@graph":[{"@type":"WebPage","@id":"https:\/\/www.mmlegnopiu.it\/porte-finestre-milano\/prodotto\/confort-finestre-pvc-isolamento-termico\/","url":"https:\/\/www.mmlegnopiu.it\/porte-finestre-milano\/prodotto\/confort-finestre-pvc-isolamento-termico\/","name":"COMFORT finestre in pvc ad alto isolamento termico","isPartOf":{"@id":"https:\/\/www.mmlegnopiu.it\/porte-finestre-milano\/#website"},"primaryImageOfPage":{"@id":"https:\/\/www.mmlegnopiu.it\/porte-finestre-milano\/prodotto\/confort-finestre-pvc-isolamento-termico\/#primaryimage"},"image":{"@id":"https:\/\/www.mmlegnopiu.it\/porte-finestre-milano\/prodotto\/confort-finestre-pvc-isolamento-termico\/#primaryimage"},"thumbnailUrl":"https:\/\/www.mmlegnopiu.it\/porte-finestre-milano\/wp-content\/uploads\/2021\/02\/comfort.jpg","datePublished":"2021-02-23T14:42:09+00:00","dateModified":"2025-02-21T09:20:44+00:00","description":"Linea COMFORT di Cosmet Group, Finestre in PVC made in Italy ad alto isolamento termico. La soluzione ideale per aspettative pi\u00f9 esigenti","breadcrumb":{"@id":"https:\/\/www.mmlegnopiu.it\/porte-finestre-milano\/prodotto\/confort-finestre-pvc-isolamento-termico\/#breadcrumb"},"inLanguage":"it-IT","potentialAction":[{"@type":"ReadAction","target":["https:\/\/www.mmlegnopiu.it\/porte-finestre-milano\/prodotto\/confort-finestre-pvc-isolamento-termico\/"]}]},{"@type":"ImageObject","inLanguage":"it-IT","@id":"https:\/\/www.mmlegnopiu.it\/porte-finestre-milano\/prodotto\/confort-finestre-pvc-isolamento-termico\/#primaryimage","url":"https:\/\/www.mmlegnopiu.it\/porte-finestre-milano\/wp-content\/uploads\/2021\/02\/comfort.jpg","contentUrl":"https:\/\/www.mmlegnopiu.it\/porte-finestre-milano\/wp-content\/uploads\/2021\/02\/comfort.jpg","width":1000,"height":1000,"caption":"finestre pvc alto isolamento termico"},{"@type":"BreadcrumbList","@id":"https:\/\/www.mmlegnopiu.it\/porte-finestre-milano\/prodotto\/confort-finestre-pvc-isolamento-termico\/#breadcrumb","itemListElement":[{"@type":"ListItem","position":1,"name":"Home","item":"https:\/\/www.mmlegnopiu.it\/porte-finestre-milano\/"},{"@type":"ListItem","position":2,"name":"Shop","item":"https:\/\/www.mmlegnopiu.it\/porte-finestre-milano\/shop\/"},{"@type":"ListItem","position":3,"name":"COMFORT, la soluzione ideale per aspettative pi\u00f9 esigenti"}]},{"@type":"WebSite","@id":"https:\/\/www.mmlegnopiu.it\/porte-finestre-milano\/#website","url":"https:\/\/www.mmlegnopiu.it\/porte-finestre-milano\/","name":"M&amp;M Legno Pi\u00f9","description":"Finestre Milano, porte, scale.","publisher":{"@id":"https:\/\/www.mmlegnopiu.it\/porte-finestre-milano\/#organization"},"potentialAction":[{"@type":"SearchAction","target":{"@type":"EntryPoint","urlTemplate":"https:\/\/www.mmlegnopiu.it\/porte-finestre-milano\/?s={search_term_string}"},"query-input":{"@type":"PropertyValueSpecification","valueRequired":true,"valueName":"search_term_string"}}],"inLanguage":"it-IT"},{"@type":"Organization","@id":"https:\/\/www.mmlegnopiu.it\/porte-finestre-milano\/#organization","name":"M & M Legno Pi\u00f9","url":"https:\/\/www.mmlegnopiu.it\/porte-finestre-milano\/","logo":{"@type":"ImageObject","inLanguage":"it-IT","@id":"https:\/\/www.mmlegnopiu.it\/porte-finestre-milano\/#\/schema\/logo\/image\/","url":"https:\/\/www.mmlegnopiu.it\/porte-finestre-milano\/wp-content\/uploads\/2015\/04\/logo.jpg","contentUrl":"https:\/\/www.mmlegnopiu.it\/porte-finestre-milano\/wp-content\/uploads\/2015\/04\/logo.jpg","width":214,"height":219,"caption":"M & M Legno Pi\u00f9"},"image":{"@id":"https:\/\/www.mmlegnopiu.it\/porte-finestre-milano\/#\/schema\/logo\/image\/"}}]}},"_links":{"self":[{"href":"https:\/\/www.mmlegnopiu.it\/porte-finestre-milano\/wp-json\/wp\/v2\/product\/9723","targetHints":{"allow":["GET"]}}],"collection":[{"href":"https:\/\/www.mmlegnopiu.it\/porte-finestre-milano\/wp-json\/wp\/v2\/product"}],"about":[{"href":"https:\/\/www.mmlegnopiu.it\/porte-finestre-milano\/wp-json\/wp\/v2\/types\/product"}],"wp:featuredmedia":[{"embeddable":true,"href":"https:\/\/www.mmlegnopiu.it\/porte-finestre-milano\/wp-json\/wp\/v2\/media\/11671"}],"wp:attachment":[{"href":"https:\/\/www.mmlegnopiu.it\/porte-finestre-milano\/wp-json\/wp\/v2\/media?parent=9723"}],"wp:term":[{"taxonomy":"product_brand","embeddable":true,"href":"https:\/\/www.mmlegnopiu.it\/porte-finestre-milano\/wp-json\/wp\/v2\/product_brand?post=9723"},{"taxonomy":"product_cat","embeddable":true,"href":"https:\/\/www.mmlegnopiu.it\/porte-finestre-milano\/wp-json\/wp\/v2\/product_cat?post=9723"},{"taxonomy":"product_tag","embeddable":true,"href":"https:\/\/www.mmlegnopiu.it\/porte-finestre-milano\/wp-json\/wp\/v2\/product_tag?post=9723"}],"curies":[{"name":"wp","href":"https:\/\/api.w.org\/{rel}","templated":true}]}}